{"id":75407,"date":"2025-07-29T10:48:43","date_gmt":"2025-07-29T10:48:43","guid":{"rendered":"https:\/\/fv6qoy3ls0.wpdns.site\/product\/smallrig-4757-mango-superior-pequeno\/"},"modified":"2026-01-22T17:02:18","modified_gmt":"2026-01-22T17:02:18","slug":"smallrig-4757-mango-superior-pequeno","status":"publish","type":"product","link":"https:\/\/hi-techwonder.com\/es\/producto\/smallrig-4757-mango-superior-pequeno\/","title":{"rendered":"SMALLRIG 4757 Mango superior peque\u00f1o"},"content":{"rendered":"<p><b>SMALLRIG 4757 Mango superior peque\u00f1o<\/b><\/p>\n<p>Este agarre presenta un dise\u00f1o aerodin\u00e1mico que se enfoca en la comodidad al eliminar los orificios de los tornillos de montaje innecesarios que pueden obstruir su agarre. El mango est\u00e1 recubierto de pl\u00e1stico de ingenier\u00eda de alta resistencia, lo que garantiza un tacto suave incluso en entornos de baja temperatura. <\/p>\n<p><b>Funciones:<\/b><\/p>\n<p>1. Interfaz de ubicaci\u00f3n ARRI compatible con jaulas de c\u00e1mara con interfaces ARRI en la parte superior.<\/p>\n<p>2. Dise\u00f1o ligero que pesa solo 113 g.<\/p>\n<p>3. Encapsulado en pl\u00e1stico de ingenier\u00eda de alta resistencia para un agarre c\u00f3modo incluso en condiciones de baja temperatura.<\/p>\n<p>4. Equipado con una interfaz ARRI y dos soportes de zapata fr\u00eda para ampliar las opciones de montaje para monitores y micr\u00f3fonos.<\/p>\n<p>Compatible con todos los armazones de c\u00e1mara con interfaces de extensi\u00f3n ARRI en la parte superior.<\/p>\n<p><\/p>\n<p><b>Caracter\u00edsticas t\u00e9cnicas:<\/b><\/p>\n<p>Material: aleaci\u00f3n de aluminio, nailon<\/p>\n<p>Dimensiones: 126 x 72 x 23 mm<\/p>\n<p>Capacidad de carga: 15,0 kg<\/p>\n<p>Interfaz de conexi\u00f3n: Interfaces de expansi\u00f3n ARRI<\/p>\n<p>Interfaz de expansi\u00f3n ARRI x 1; Soporte de zapata fr\u00eda x 2<\/p>\n","protected":false},"excerpt":{"rendered":"<p>SMALLRIG 4757 Mango superior peque\u00f1o Este agarre presenta un dise\u00f1o aerodin\u00e1mico que se enfoca en la comodidad al eliminar los<\/p>\n","protected":false},"featured_media":67863,"comment_status":"closed","ping_status":"open","template":"","meta":{"_acf_changed":false},"product_brand":[2550],"product_cat":[1108],"product_tag":[],"class_list":{"0":"post-75407","1":"product","2":"type-product","3":"status-publish","4":"has-post-thumbnail","6":"product_brand-smallrig-es","7":"product_cat-empunaduras-cages","9":"first","10":"instock","11":"taxable","12":"shipping-taxable","13":"purchasable","14":"product-type-simple"},"bundled_by":[],"bundle_stock_status":"instock","bundle_stock_quantity":1,"bundle_virtual":false,"bundle_layout":"","bundle_add_to_cart_form_location":"","bundle_editable_in_cart":false,"bundle_sold_individually_context":"","bundle_item_grouping":"","bundle_min_size":"","bundle_max_size":"","bundle_price":[],"bundled_items":[],"bundle_sell_ids":[],"acf":[],"_links":{"self":[{"href":"https:\/\/hi-techwonder.com\/es\/wp-json\/wp\/v2\/product\/75407","targetHints":{"allow":["GET"]}}],"collection":[{"href":"https:\/\/hi-techwonder.com\/es\/wp-json\/wp\/v2\/product"}],"about":[{"href":"https:\/\/hi-techwonder.com\/es\/wp-json\/wp\/v2\/types\/product"}],"replies":[{"embeddable":true,"href":"https:\/\/hi-techwonder.com\/es\/wp-json\/wp\/v2\/comments?post=75407"}],"wp:featuredmedia":[{"embeddable":true,"href":"https:\/\/hi-techwonder.com\/es\/wp-json\/wp\/v2\/media\/67863"}],"wp:attachment":[{"href":"https:\/\/hi-techwonder.com\/es\/wp-json\/wp\/v2\/media?parent=75407"}],"wp:term":[{"taxonomy":"product_brand","embeddable":true,"href":"https:\/\/hi-techwonder.com\/es\/wp-json\/wp\/v2\/product_brand?post=75407"},{"taxonomy":"product_cat","embeddable":true,"href":"https:\/\/hi-techwonder.com\/es\/wp-json\/wp\/v2\/product_cat?post=75407"},{"taxonomy":"product_tag","embeddable":true,"href":"https:\/\/hi-techwonder.com\/es\/wp-json\/wp\/v2\/product_tag?post=75407"}],"curies":[{"name":"wp","href":"https:\/\/api.w.org\/{rel}","templated":true}]}}