{"id":75408,"date":"2025-07-29T10:48:54","date_gmt":"2025-07-29T10:48:54","guid":{"rendered":"https:\/\/fv6qoy3ls0.wpdns.site\/product\/smallrig-4755-mini-mango-lateral\/"},"modified":"2026-01-22T17:02:18","modified_gmt":"2026-01-22T17:02:18","slug":"smallrig-4755-mini-mango-lateral","status":"publish","type":"product","link":"https:\/\/hi-techwonder.com\/es\/producto\/smallrig-4755-mini-mango-lateral\/","title":{"rendered":"SMALLRIG 4755 Mini Mango Lateral"},"content":{"rendered":"<h3 data-start=\"138\" data-end=\"177\" class=\"\"><strong data-start=\"142\" data-end=\"177\">SMALLRIG 4755 Mini Mango Lateral<\/strong><\/h3>\n<h3 data-start=\"138\" data-end=\"177\" class=\"\"><strong data-start=\"142\" data-end=\"177\"><br \/><\/strong><\/h3>\n<h3 data-start=\"189\" data-end=\"228\" class=\"\">\n<\/h3>\n<p data-start=\"179\" data-end=\"210\" class=\"\"><strong data-start=\"179\" data-end=\"210\">Caracter\u00edsticas principales:<\/strong><\/p>\n<ul data-start=\"212\" data-end=\"639\">\n<li data-start=\"212\" data-end=\"260\" class=\"\">\n<p data-start=\"214\" data-end=\"260\" class=\"\">Mango lateral compacto para el armaz\u00f3n de la c\u00e1mara<\/p>\n<\/li>\n<li data-start=\"261\" data-end=\"326\" class=\"\">\n<p data-start=\"263\" data-end=\"326\" class=\"\">Fijaci\u00f3n mediante dos tornillos de mariposa de 1\/4&#8243;-20<\/p>\n<\/li>\n<li data-start=\"327\" data-end=\"380\" class=\"\">\n<p data-start=\"329\" data-end=\"380\" class=\"\">Admite uso con la mano derecha o izquierda<\/p>\n<\/li>\n<li data-start=\"381\" data-end=\"439\" class=\"\">\n<p data-start=\"383\" data-end=\"439\" class=\"\">Rosca de montaje adicional de 1\/4&#8243;-20 para accesorios<\/p>\n<\/li>\n<li data-start=\"440\" data-end=\"490\" class=\"\">\n<p data-start=\"442\" data-end=\"490\" class=\"\">Soporta hasta 5 kg de carga, con ajuste vertical<\/p>\n<\/li>\n<li data-start=\"491\" data-end=\"538\" class=\"\">\n<p data-start=\"493\" data-end=\"538\" class=\"\">Tornillos con espaciado de 0,7&#8243; (17,8 mm)<\/p>\n<\/li>\n<li data-start=\"539\" data-end=\"583\" class=\"\">\n<p data-start=\"541\" data-end=\"583\" class=\"\">Llave hexagonal integrada en la base del mango<\/p>\n<\/li>\n<li data-start=\"584\" data-end=\"639\" class=\"\">\n<p data-start=\"586\" data-end=\"639\" class=\"\">Construcci\u00f3n ligera y duradera de aluminio y pl\u00e1stico<\/p>\n<\/li>\n<\/ul>\n<p data-start=\"641\" data-end=\"949\" class=\"\"><\/p>\n<p data-start=\"641\" data-end=\"949\" class=\"\">A\u00f1ade un mango c\u00f3modo y conveniente a tu configuraci\u00f3n con el <strong data-start=\"700\" data-end=\"776\">SmallRig 1\/4&#8243;-20 Lightweight Dual Screw Holder Mini Side Handle<\/strong>. Con solo 113 g, esta empu\u00f1adura ultracompacta se adapta tanto a usuarios diestros como zurdos, ofreciendo una soluci\u00f3n vers\u00e1til para el montaje en jaulas o equipos de c\u00e1mara. <\/p>\n<p data-start=\"951\" data-end=\"1397\" class=\"\">El mango se fija a la jaula mediante dos tornillos de 1\/4&#8243;-20 con un espaciado de 0,7&#8243; y se puede ajustar verticalmente hasta 3 cm, lo que le permite encontrar la posici\u00f3n ideal para el manejo. Incluye una rosca de 1\/4&#8243;-20 con sistema antitorsi\u00f3n y una zapata fr\u00eda en la parte superior, ideal para a\u00f1adir luces, micr\u00f3fonos, monitores u otros accesorios. Para mayor comodidad, la llave hexagonal necesaria para los ajustes est\u00e1 integrada en la base del mango.  <\/p>\n<h3 data-start=\"1399\" data-end=\"1422\" class=\"\"><strong data-start=\"1403\" data-end=\"1422\"><br \/><\/strong><\/h3>\n<h3 data-start=\"1399\" data-end=\"1422\" class=\"\"><strong data-start=\"1403\" data-end=\"1422\">Compatibilidad<\/strong><\/h3>\n<h3 data-start=\"189\" data-end=\"228\" class=\"\">\n<\/h3>\n<p data-start=\"1424\" data-end=\"1453\" class=\"\">Compatible con, entre otros:<\/p>\n<ul data-start=\"1455\" data-end=\"1633\">\n<li data-start=\"1455\" data-end=\"1504\" class=\"\">\n<p data-start=\"1457\" data-end=\"1504\" class=\"\">Soporte de monitor ajustable SmallRig 2905B<\/p>\n<\/li>\n<li data-start=\"1505\" data-end=\"1557\" class=\"\">\n<p data-start=\"1507\" data-end=\"1557\" class=\"\">SmallRig Magic Arm con cabezas esf\u00e9ricas 3875<\/p>\n<\/li>\n<li data-start=\"1558\" data-end=\"1593\" class=\"\">\n<p data-start=\"1560\" data-end=\"1593\" class=\"\">Luz de video LED SmallRig 3286B<\/p>\n<\/li>\n<li data-start=\"1594\" data-end=\"1633\" class=\"\">\n<p data-start=\"1596\" data-end=\"1633\" class=\"\">SmallRig 3468 Micr\u00f3fono de c\u00e1mara<\/p>\n<\/li>\n<\/ul>\n<h3 data-start=\"1635\" data-end=\"1651\" class=\"\"><strong data-start=\"1639\" data-end=\"1651\"><br \/><\/strong><\/h3>\n<h3 data-start=\"1635\" data-end=\"1651\" class=\"\"><strong data-start=\"1639\" data-end=\"1651\">Montura<\/strong><\/h3>\n<h3 data-start=\"189\" data-end=\"228\" class=\"\">\n<\/h3>\n<p data-start=\"1653\" data-end=\"1723\" class=\"\"><strong data-start=\"1653\" data-end=\"1675\">M\u00e9todo de fijaci\u00f3n:<\/strong><br data-start=\"1675\" data-end=\"1678\">A trav\u00e9s de tornillos empotrados de 2 1\/4&#8243;-20<\/p>\n<p data-start=\"1725\" data-end=\"1772\" class=\"\"><strong data-start=\"1725\" data-end=\"1751\">Rosca para accesorios:<\/strong><br data-start=\"1751\" data-end=\"1754\">1x Rosca de 1\/4&#8243;-20<\/p>\n<p data-start=\"1774\" data-end=\"1822\" class=\"\"><strong data-start=\"1774\" data-end=\"1800\">Zapata fr\u00eda integrada:<\/strong><br data-start=\"1800\" data-end=\"1803\">1x Ranura para zapata<\/p>\n<p data-start=\"1824\" data-end=\"1851\" class=\"\"><strong data-start=\"1824\" data-end=\"1836\">Rosetones:<\/strong><br data-start=\"1836\" data-end=\"1839\">\u00bfQu\u00e9 no est\u00e1 incluido?<\/p>\n<p data-start=\"1853\" data-end=\"1894\" class=\"\"><strong data-start=\"1853\" data-end=\"1875\">Montaje en riel:<\/strong><br data-start=\"1875\" data-end=\"1878\">No compatible<\/p>\n<h3 data-start=\"1896\" data-end=\"1925\" class=\"\"><strong data-start=\"1900\" data-end=\"1925\"><br \/><\/strong><\/h3>\n<h3 data-start=\"1896\" data-end=\"1925\" class=\"\"><strong data-start=\"1900\" data-end=\"1925\">Especificaciones generales<\/strong><\/h3>\n<h3 data-start=\"189\" data-end=\"228\" class=\"\">\n<\/h3>\n<p data-start=\"1927\" data-end=\"1960\" class=\"\"><strong data-start=\"1927\" data-end=\"1951\">Capacidad de carga: <\/strong>5 kg<\/p>\n<p data-start=\"1962\" data-end=\"1999\" class=\"\"><strong data-start=\"1962\" data-end=\"1976\">Materiales: <\/strong>Aluminio, Pl\u00e1stico<\/p>\n<p data-start=\"2001\" data-end=\"2038\" class=\"\"><strong data-start=\"2001\" data-end=\"2015\">Dimensiones: <\/strong>103 x 79,5 x 46 mm<\/p>\n<p data-start=\"2040\" data-end=\"2059\" class=\"\"><strong data-start=\"2040\" data-end=\"2049\">Peso: <\/strong>116 g<\/p>\n","protected":false},"excerpt":{"rendered":"<p>SMALLRIG 4755 Mini Mango Lateral Caracter\u00edsticas principales: Mango lateral compacto para el armaz\u00f3n de la c\u00e1mara Fijaci\u00f3n mediante dos tornillos<\/p>\n","protected":false},"featured_media":67876,"comment_status":"closed","ping_status":"open","template":"","meta":{"_acf_changed":false},"product_brand":[2550],"product_cat":[1108],"product_tag":[],"class_list":{"0":"post-75408","1":"product","2":"type-product","3":"status-publish","4":"has-post-thumbnail","6":"product_brand-smallrig-es","7":"product_cat-empunaduras-cages","9":"first","10":"instock","11":"taxable","12":"shipping-taxable","13":"purchasable","14":"product-type-simple"},"bundled_by":[],"bundle_stock_status":"instock","bundle_stock_quantity":1,"bundle_virtual":false,"bundle_layout":"","bundle_add_to_cart_form_location":"","bundle_editable_in_cart":false,"bundle_sold_individually_context":"","bundle_item_grouping":"","bundle_min_size":"","bundle_max_size":"","bundle_price":[],"bundled_items":[],"bundle_sell_ids":[],"acf":[],"_links":{"self":[{"href":"https:\/\/hi-techwonder.com\/es\/wp-json\/wp\/v2\/product\/75408","targetHints":{"allow":["GET"]}}],"collection":[{"href":"https:\/\/hi-techwonder.com\/es\/wp-json\/wp\/v2\/product"}],"about":[{"href":"https:\/\/hi-techwonder.com\/es\/wp-json\/wp\/v2\/types\/product"}],"replies":[{"embeddable":true,"href":"https:\/\/hi-techwonder.com\/es\/wp-json\/wp\/v2\/comments?post=75408"}],"wp:featuredmedia":[{"embeddable":true,"href":"https:\/\/hi-techwonder.com\/es\/wp-json\/wp\/v2\/media\/67876"}],"wp:attachment":[{"href":"https:\/\/hi-techwonder.com\/es\/wp-json\/wp\/v2\/media?parent=75408"}],"wp:term":[{"taxonomy":"product_brand","embeddable":true,"href":"https:\/\/hi-techwonder.com\/es\/wp-json\/wp\/v2\/product_brand?post=75408"},{"taxonomy":"product_cat","embeddable":true,"href":"https:\/\/hi-techwonder.com\/es\/wp-json\/wp\/v2\/product_cat?post=75408"},{"taxonomy":"product_tag","embeddable":true,"href":"https:\/\/hi-techwonder.com\/es\/wp-json\/wp\/v2\/product_tag?post=75408"}],"curies":[{"name":"wp","href":"https:\/\/api.w.org\/{rel}","templated":true}]}}