{"id":75409,"date":"2025-07-29T10:45:26","date_gmt":"2025-07-29T10:45:26","guid":{"rendered":"https:\/\/fv6qoy3ls0.wpdns.site\/product\/smallrig-4794-cable-de-datos-hdmi-4k-ultradelgado-a-a-a-1-m\/"},"modified":"2026-01-29T17:46:38","modified_gmt":"2026-01-29T17:46:38","slug":"smallrig-4794-cable-de-datos-hdmi-4k-ultradelgado-a-a-a-1-m","status":"publish","type":"product","link":"https:\/\/hi-techwonder.com\/es\/producto\/smallrig-4794-cable-de-datos-hdmi-4k-ultradelgado-a-a-a-1-m\/","title":{"rendered":"SMALLRIG 4794 Cable de datos HDMI 4K ultradelgado (A a A) &#8211; 1 m"},"content":{"rendered":"<p><\/p>\n<p><b>Cable HDMI que admite una resoluci\u00f3n de hasta 4K UHD a 60 Hz de dise\u00f1o ultradelgado y de 100 cm.<\/b><\/p>\n<p><\/p>\n<p>Cable HDMI de alta calidad para DSLR, monitor y transmisor y receptor de video inal\u00e1mbrico, etc. com puertos HDMI de tama\u00f1o completo.<\/p>\n<p><\/p>\n<p>HDMI 2.0 y admite hasta 4K@60HZ resoluci\u00f3n.<\/p>\n<p><\/p>\n<p>El dise\u00f1o ultradelgado con un di\u00e1metro exterior de 3,6 mm lo hace m\u00e1s delgado y suave que un cable HDMI normal.<\/p>\n<p><\/p>\n<p>Longitud de cable de 100 cm, perfecto para un equipo de c\u00e1mara.<\/p>\n<p><\/p>\n<p>Viene con una brida para la organizaci\u00f3n de cables.<\/p>\n","protected":false},"excerpt":{"rendered":"<p>Cable HDMI que admite una resoluci\u00f3n de hasta 4K UHD a 60 Hz de dise\u00f1o ultradelgado y de 100 cm.<\/p>\n","protected":false},"featured_media":67048,"comment_status":"closed","ping_status":"open","template":"","meta":{"_acf_changed":false},"product_brand":[2550],"product_cat":[1102],"product_tag":[],"class_list":{"0":"post-75409","1":"product","2":"type-product","3":"status-publish","4":"has-post-thumbnail","6":"product_brand-smallrig-es","7":"product_cat-cables-y-conversores","9":"first","10":"instock","11":"taxable","12":"shipping-taxable","13":"purchasable","14":"product-type-simple"},"bundled_by":[],"bundle_stock_status":"instock","bundle_stock_quantity":1,"bundle_virtual":false,"bundle_layout":"","bundle_add_to_cart_form_location":"","bundle_editable_in_cart":false,"bundle_sold_individually_context":"","bundle_item_grouping":"","bundle_min_size":"","bundle_max_size":"","bundle_price":[],"bundled_items":[],"bundle_sell_ids":[],"acf":[],"_links":{"self":[{"href":"https:\/\/hi-techwonder.com\/es\/wp-json\/wp\/v2\/product\/75409","targetHints":{"allow":["GET"]}}],"collection":[{"href":"https:\/\/hi-techwonder.com\/es\/wp-json\/wp\/v2\/product"}],"about":[{"href":"https:\/\/hi-techwonder.com\/es\/wp-json\/wp\/v2\/types\/product"}],"replies":[{"embeddable":true,"href":"https:\/\/hi-techwonder.com\/es\/wp-json\/wp\/v2\/comments?post=75409"}],"wp:featuredmedia":[{"embeddable":true,"href":"https:\/\/hi-techwonder.com\/es\/wp-json\/wp\/v2\/media\/67048"}],"wp:attachment":[{"href":"https:\/\/hi-techwonder.com\/es\/wp-json\/wp\/v2\/media?parent=75409"}],"wp:term":[{"taxonomy":"product_brand","embeddable":true,"href":"https:\/\/hi-techwonder.com\/es\/wp-json\/wp\/v2\/product_brand?post=75409"},{"taxonomy":"product_cat","embeddable":true,"href":"https:\/\/hi-techwonder.com\/es\/wp-json\/wp\/v2\/product_cat?post=75409"},{"taxonomy":"product_tag","embeddable":true,"href":"https:\/\/hi-techwonder.com\/es\/wp-json\/wp\/v2\/product_tag?post=75409"}],"curies":[{"name":"wp","href":"https:\/\/api.w.org\/{rel}","templated":true}]}}