{"id":75414,"date":"2025-07-29T10:19:17","date_gmt":"2025-07-29T10:19:17","guid":{"rendered":"https:\/\/fv6qoy3ls0.wpdns.site\/product\/walimex-pro-paraguas-reflectante-blanco-180cm\/"},"modified":"2025-07-29T10:19:17","modified_gmt":"2025-07-29T10:19:17","slug":"walimex-pro-paraguas-reflectante-blanco-180cm","status":"publish","type":"product","link":"https:\/\/hi-techwonder.com\/es\/producto\/walimex-pro-paraguas-reflectante-blanco-180cm\/","title":{"rendered":"WALIMEX Pro Paraguas Reflectante Blanco 180cm"},"content":{"rendered":"<p><strong>Sombrilla Parab\u00f3lica Reflectante Walimex Pro Blanco &#8211; 180cm<\/strong><\/p>\n<p><strong>Contenido del paquete:<\/strong><\/p>\n<ul>\n<li>1x Sombrilla Reflectante Parab\u00f3lica Walimex Pro Blanco &#8211; 180cm<\/li>\n<li>1x bolsa de transporte<\/li>\n<\/ul>\n<p>Las sombrillas fotogr\u00e1ficas son una opci\u00f3n port\u00e1til y econ\u00f3mica para modificar una fuente de luz para obtener el resultado deseado. Un paraguas se puede usar con casi cualquier estilo de luz, speedlite, flash de estudio o fuentes de luz continua. <br \/>&nbsp;<br \/>Cuando se utilizan<strong> sombrillas reflectantes<\/strong>, los fot\u00f3grafos apuntan la fuente de luz lejos del sujeto y directamente a la sombrilla para reflejar la luz de nuevo sobre el sujeto, lo que com\u00fanmente se conoce como \u00abluz que rebota\u00bb.<br \/>Las sombrillas reflectantes est\u00e1n dise\u00f1adas para maximizar la salida de luz y dirigirla, a diferencia de las sombrillas difusoras, estas brindan a los fot\u00f3grafos la capacidad de alejar la fuente de luz del sujeto, manteniendo la salida de luz con la misma eficiencia.<br \/>En ciertos casos, las sombrillas reflectantes se pueden usar junto con un difusor, suavizando a\u00fan m\u00e1s la luz, logrando una apariencia similar a una caja de luz octogonal.<\/p>\n<p><strong>Las sombrillas reflectantes blancas <\/strong>son ideales para crear una luz de aspecto m\u00e1s suave, aunque son las que tienen m\u00e1s p\u00e9rdida de luz. Estas sombrillas son ideales para fot\u00f3grafos que desean una luz menos dram\u00e1tica y m\u00e1s neutra, con un aspecto similar al de una caja de luz. Perfecto para crear retratos que se vean naturales y suaves.  <\/p>\n<p><strong>&nbsp;<\/strong><strong> Las sombrillas parab\u00f3licas<\/strong> se parecen a las sombrillas normales, pero tienen un perfil m\u00e1s redondeado. Estas sombrillas, que suelen ser m\u00e1s grandes que las normales, y su construcci\u00f3n m\u00e1s profunda con m\u00e1s paneles producen un punto focal de luz. A su vez, la luz producida por estas sombrillas tiene una cualidad envolvente distintiva que puede parecer m\u00e1s natural que la luz de las sombrillas con otras formas.  <\/p>\n","protected":false},"excerpt":{"rendered":"<p>Sombrilla Parab\u00f3lica Reflectante Walimex Pro Blanco &#8211; 180cm Contenido del paquete: 1x Sombrilla Reflectante Parab\u00f3lica Walimex Pro Blanco &#8211; 180cm<\/p>\n","protected":false},"featured_media":61639,"comment_status":"closed","ping_status":"open","template":"","meta":{"_acf_changed":false},"product_brand":[2553],"product_cat":[1017],"product_tag":[],"class_list":{"0":"post-75414","1":"product","2":"type-product","3":"status-publish","4":"has-post-thumbnail","6":"product_brand-walimex-es","7":"product_cat-reflectoras-es","9":"first","10":"instock","11":"taxable","12":"shipping-taxable","13":"purchasable","14":"product-type-simple"},"bundled_by":[],"bundle_stock_status":"instock","bundle_stock_quantity":1,"bundle_virtual":false,"bundle_layout":"","bundle_add_to_cart_form_location":"","bundle_editable_in_cart":false,"bundle_sold_individually_context":"","bundle_item_grouping":"","bundle_min_size":"","bundle_max_size":"","bundle_price":[],"bundled_items":[],"bundle_sell_ids":[],"acf":[],"_links":{"self":[{"href":"https:\/\/hi-techwonder.com\/es\/wp-json\/wp\/v2\/product\/75414","targetHints":{"allow":["GET"]}}],"collection":[{"href":"https:\/\/hi-techwonder.com\/es\/wp-json\/wp\/v2\/product"}],"about":[{"href":"https:\/\/hi-techwonder.com\/es\/wp-json\/wp\/v2\/types\/product"}],"replies":[{"embeddable":true,"href":"https:\/\/hi-techwonder.com\/es\/wp-json\/wp\/v2\/comments?post=75414"}],"wp:featuredmedia":[{"embeddable":true,"href":"https:\/\/hi-techwonder.com\/es\/wp-json\/wp\/v2\/media\/61639"}],"wp:attachment":[{"href":"https:\/\/hi-techwonder.com\/es\/wp-json\/wp\/v2\/media?parent=75414"}],"wp:term":[{"taxonomy":"product_brand","embeddable":true,"href":"https:\/\/hi-techwonder.com\/es\/wp-json\/wp\/v2\/product_brand?post=75414"},{"taxonomy":"product_cat","embeddable":true,"href":"https:\/\/hi-techwonder.com\/es\/wp-json\/wp\/v2\/product_cat?post=75414"},{"taxonomy":"product_tag","embeddable":true,"href":"https:\/\/hi-techwonder.com\/es\/wp-json\/wp\/v2\/product_tag?post=75414"}],"curies":[{"name":"wp","href":"https:\/\/api.w.org\/{rel}","templated":true}]}}