{"id":75415,"date":"2025-07-29T10:18:43","date_gmt":"2025-07-29T10:18:43","guid":{"rendered":"https:\/\/fv6qoy3ls0.wpdns.site\/product\/walimex-pro-paraguas-difusor-translucido-180cm\/"},"modified":"2025-07-29T10:18:43","modified_gmt":"2025-07-29T10:18:43","slug":"walimex-pro-paraguas-difusor-translucido-180cm","status":"publish","type":"product","link":"https:\/\/hi-techwonder.com\/es\/producto\/walimex-pro-paraguas-difusor-translucido-180cm\/","title":{"rendered":"WALIMEX Pro Paraguas difusor transl\u00facido 180cm"},"content":{"rendered":"<p><strong>Paraguas Parab\u00f3lico Parab\u00f3lico Walimex Pro Difusor Transl\u00facido &#8211; 180cm<\/strong><br \/><strong><br \/>Contenido del paquete:<\/strong><\/p>\n<ul>\n<li>1x Sombrilla Parab\u00f3lica Walimex Pro Difusor Transl\u00facido &#8211; 180cm<\/li>\n<li>1x bolsa de transporte<\/li>\n<\/ul>\n<p>Las<strong>hombreras difusoras<\/strong> son muy vers\u00e1tiles. Dado que estas sombrillas distribuyen la salida de luz unos 180 grados, creando una luz m\u00e1s amplia y suave, se pueden colocar cerca de un solo sujeto o lejos para iluminar a un grupo. Sin embargo, como estas sombrillas est\u00e1n dise\u00f1adas para dispersar la luz y no maximizarla, muchos fot\u00f3grafos tienen que usar 2 o 3 flashes speedlite, o aumentar la potencia del flash para obtener la potencia lum\u00ednica necesaria para fotografiar un grupo o producto grande.<br \/>En ciertos casos, las sombrillas difusoras se pueden utilizar junto con un reflector trasero, cerrando la sombrilla y proyectando toda la luz hacia adelante, evitando as\u00ed la p\u00e9rdida de luz o la contaminaci\u00f3n. Algunos modelos vienen con el reflector cosido a la sombrilla para este prop\u00f3sito.   <\/p>\n<p><strong>Los paraguas difusores<\/strong> crean una fuente de luz amplia y extremadamente suave. Estas sombrillas son ideales para iluminar grandes \u00e1reas o grupos de personas. Estas sombrillas no son tan eficientes en la salida de luz y, a menudo, es necesario aumentar la configuraci\u00f3n de potencia de su luz cuando las usa.  <\/p>\n<p><strong>Las sombrillas parab\u00f3licas<\/strong> se parecen a las sombrillas normales, pero tienen un perfil m\u00e1s redondeado. Estas sombrillas, que suelen ser m\u00e1s grandes que las normales, y su construcci\u00f3n m\u00e1s profunda con m\u00e1s paneles producen un punto focal de luz. A su vez, la luz producida por estas sombrillas tiene una cualidad envolvente distintiva que puede parecer m\u00e1s natural que la luz de las sombrillas con otras formas.  <\/p>\n","protected":false},"excerpt":{"rendered":"<p>Paraguas Parab\u00f3lico Parab\u00f3lico Walimex Pro Difusor Transl\u00facido &#8211; 180cmContenido del paquete: 1x Sombrilla Parab\u00f3lica Walimex Pro Difusor Transl\u00facido &#8211; 180cm<\/p>\n","protected":false},"featured_media":61522,"comment_status":"closed","ping_status":"open","template":"","meta":{"_acf_changed":false},"product_brand":[2553],"product_cat":[1018],"product_tag":[],"class_list":{"0":"post-75415","1":"product","2":"type-product","3":"status-publish","4":"has-post-thumbnail","6":"product_brand-walimex-es","7":"product_cat-translucidas-es","9":"first","10":"instock","11":"taxable","12":"shipping-taxable","13":"purchasable","14":"product-type-simple"},"bundled_by":[],"bundle_stock_status":"instock","bundle_stock_quantity":1,"bundle_virtual":false,"bundle_layout":"","bundle_add_to_cart_form_location":"","bundle_editable_in_cart":false,"bundle_sold_individually_context":"","bundle_item_grouping":"","bundle_min_size":"","bundle_max_size":"","bundle_price":[],"bundled_items":[],"bundle_sell_ids":[],"acf":[],"_links":{"self":[{"href":"https:\/\/hi-techwonder.com\/es\/wp-json\/wp\/v2\/product\/75415","targetHints":{"allow":["GET"]}}],"collection":[{"href":"https:\/\/hi-techwonder.com\/es\/wp-json\/wp\/v2\/product"}],"about":[{"href":"https:\/\/hi-techwonder.com\/es\/wp-json\/wp\/v2\/types\/product"}],"replies":[{"embeddable":true,"href":"https:\/\/hi-techwonder.com\/es\/wp-json\/wp\/v2\/comments?post=75415"}],"wp:featuredmedia":[{"embeddable":true,"href":"https:\/\/hi-techwonder.com\/es\/wp-json\/wp\/v2\/media\/61522"}],"wp:attachment":[{"href":"https:\/\/hi-techwonder.com\/es\/wp-json\/wp\/v2\/media?parent=75415"}],"wp:term":[{"taxonomy":"product_brand","embeddable":true,"href":"https:\/\/hi-techwonder.com\/es\/wp-json\/wp\/v2\/product_brand?post=75415"},{"taxonomy":"product_cat","embeddable":true,"href":"https:\/\/hi-techwonder.com\/es\/wp-json\/wp\/v2\/product_cat?post=75415"},{"taxonomy":"product_tag","embeddable":true,"href":"https:\/\/hi-techwonder.com\/es\/wp-json\/wp\/v2\/product_tag?post=75415"}],"curies":[{"name":"wp","href":"https:\/\/api.w.org\/{rel}","templated":true}]}}