{"id":75416,"date":"2025-07-28T23:43:01","date_gmt":"2025-07-28T23:43:01","guid":{"rendered":"https:\/\/fv6qoy3ls0.wpdns.site\/product\/walimex-pro-barra-jirafa-con-2-abrazaderas-100cm\/"},"modified":"2025-12-23T15:02:55","modified_gmt":"2025-12-23T15:02:55","slug":"walimex-pro-barra-jirafa-con-2-abrazaderas-100cm","status":"publish","type":"product","link":"https:\/\/hi-techwonder.com\/es\/producto\/walimex-pro-barra-jirafa-con-2-abrazaderas-100cm\/","title":{"rendered":"WALIMEX Pro Barra Jirafa con 2 Abrazaderas 100cm"},"content":{"rendered":"<p><span style=\"font-family: verdana,geneva;\"><strong>Barra de jirafa Walimex Pro con 2 abrazaderas &#8211; 100cm<\/strong><\/p>\n<p><\/span><\/p>\n<div><span style=\"font-family: verdana,geneva;\">Junto con un tr\u00edpode, esta barra es una soluci\u00f3n econ\u00f3mica, para colocar una luz incidente o, en general, para iluminar desde arriba.<\/p>\n<p>Esta barra es extremadamente resistente, permite montar cabezales de flash o luces continuas, con un peso m\u00e1ximo de 10kg. <\/p>\n<p>Se puede acoplar a cualquier tr\u00edpode, debido a su estanqueidad. <\/p>\n<p><strong>Especificaciones t\u00e9cnicas:<\/strong> <br \/>Peso: 1610g<br \/>Carga m\u00e1xima: 10kg<br \/>Conexi\u00f3n: 5\/8&#8243;<br \/>Material: Metal<\/span><\/div>\n","protected":false},"excerpt":{"rendered":"<p>Barra de jirafa Walimex Pro con 2 abrazaderas &#8211; 100cm Junto con un tr\u00edpode, esta barra es una soluci\u00f3n econ\u00f3mica,<\/p>\n","protected":false},"featured_media":26660,"comment_status":"closed","ping_status":"open","template":"","meta":{"_acf_changed":false},"product_brand":[2553],"product_cat":[969],"product_tag":[],"class_list":{"0":"post-75416","1":"product","2":"type-product","3":"status-publish","4":"has-post-thumbnail","6":"product_brand-walimex-es","7":"product_cat-jirafas","9":"first","10":"pre-order","11":"taxable","12":"shipping-taxable","13":"purchasable","14":"product-type-simple"},"bundled_by":[],"bundle_stock_status":"pre-order","bundle_stock_quantity":null,"bundle_virtual":false,"bundle_layout":"","bundle_add_to_cart_form_location":"","bundle_editable_in_cart":false,"bundle_sold_individually_context":"","bundle_item_grouping":"","bundle_min_size":"","bundle_max_size":"","bundle_price":[],"bundled_items":[],"bundle_sell_ids":[],"acf":[],"_links":{"self":[{"href":"https:\/\/hi-techwonder.com\/es\/wp-json\/wp\/v2\/product\/75416","targetHints":{"allow":["GET"]}}],"collection":[{"href":"https:\/\/hi-techwonder.com\/es\/wp-json\/wp\/v2\/product"}],"about":[{"href":"https:\/\/hi-techwonder.com\/es\/wp-json\/wp\/v2\/types\/product"}],"replies":[{"embeddable":true,"href":"https:\/\/hi-techwonder.com\/es\/wp-json\/wp\/v2\/comments?post=75416"}],"wp:featuredmedia":[{"embeddable":true,"href":"https:\/\/hi-techwonder.com\/es\/wp-json\/wp\/v2\/media\/26660"}],"wp:attachment":[{"href":"https:\/\/hi-techwonder.com\/es\/wp-json\/wp\/v2\/media?parent=75416"}],"wp:term":[{"taxonomy":"product_brand","embeddable":true,"href":"https:\/\/hi-techwonder.com\/es\/wp-json\/wp\/v2\/product_brand?post=75416"},{"taxonomy":"product_cat","embeddable":true,"href":"https:\/\/hi-techwonder.com\/es\/wp-json\/wp\/v2\/product_cat?post=75416"},{"taxonomy":"product_tag","embeddable":true,"href":"https:\/\/hi-techwonder.com\/es\/wp-json\/wp\/v2\/product_tag?post=75416"}],"curies":[{"name":"wp","href":"https:\/\/api.w.org\/{rel}","templated":true}]}}