{"id":75418,"date":"2025-07-28T23:40:42","date_gmt":"2025-07-28T23:40:42","guid":{"rendered":"https:\/\/fv6qoy3ls0.wpdns.site\/product\/walimex-xxl-soporte-de-fondo-190-465cm\/"},"modified":"2025-09-04T07:48:45","modified_gmt":"2025-09-04T07:48:45","slug":"walimex-xxl-soporte-de-fondo-190-465cm","status":"publish","type":"product","link":"https:\/\/hi-techwonder.com\/es\/producto\/walimex-xxl-soporte-de-fondo-190-465cm\/","title":{"rendered":"WALIMEX XXL Soporte de fondo 190-465cm"},"content":{"rendered":"<p><span style=\"font-family: verdana,geneva;\"><strong>Sistema de monedero Walimex XXL 190-465cm<\/strong><\/p>\n<p>Sistema de pedalier, especialmente adecuado para salas altas o fondos grandes.  <\/p>\n<p>Contiene 5 barras, que encajan entre s\u00ed, que se pueden agrupar como se desee, a una distancia de entre 190 cm y 465 cm.  <\/p>\n<p>Soporta fondos de tela pesados o fondos de papel sin curvarse.  <\/p>\n<p>Incluye 2 tr\u00edpodes con colch\u00f3n de aire con una altura m\u00e1xima de 4 m.  <\/p>\n<p><strong>Especificaciones t\u00e9cnicas<\/strong> <br \/>Barras telesc\u00f3picas (juego) <br \/>Longitud: aprox. 190cm &#8211; 465cm<br \/>Peso: 2840g<br \/>Material: Aluminio <\/p>\n<p><strong>Tr\u00edpodes<\/strong> <br \/>Altura m\u00e1xima: 400cm<br \/>Altura cerrada: 116cm<br \/>Capacidad de carga: 5kg<br \/>Peso: 2700kg<br \/>Material: Aluminio<\/p>\n<p><strong>Peso total:<\/strong> aprox. 8,24 kg <\/span><\/p>\n","protected":false},"excerpt":{"rendered":"<p>Sistema de monedero Walimex XXL 190-465cm Sistema de pedalier, especialmente adecuado para salas altas o fondos grandes. Contiene 5 barras,<\/p>\n","protected":false},"featured_media":26035,"comment_status":"closed","ping_status":"open","template":"","meta":{"_acf_changed":false},"product_brand":[2553],"product_cat":[962],"product_tag":[],"class_list":{"0":"post-75418","1":"product","2":"type-product","3":"status-publish","4":"has-post-thumbnail","6":"product_brand-walimex-es","7":"product_cat-para-fondos","9":"first","10":"onbackorder","11":"taxable","12":"shipping-taxable","13":"purchasable","14":"product-type-simple"},"bundled_by":[],"bundle_stock_status":"onbackorder","bundle_stock_quantity":null,"bundle_virtual":false,"bundle_layout":"","bundle_add_to_cart_form_location":"","bundle_editable_in_cart":false,"bundle_sold_individually_context":"","bundle_item_grouping":"","bundle_min_size":"","bundle_max_size":"","bundle_price":[],"bundled_items":[],"bundle_sell_ids":[],"acf":[],"_links":{"self":[{"href":"https:\/\/hi-techwonder.com\/es\/wp-json\/wp\/v2\/product\/75418","targetHints":{"allow":["GET"]}}],"collection":[{"href":"https:\/\/hi-techwonder.com\/es\/wp-json\/wp\/v2\/product"}],"about":[{"href":"https:\/\/hi-techwonder.com\/es\/wp-json\/wp\/v2\/types\/product"}],"replies":[{"embeddable":true,"href":"https:\/\/hi-techwonder.com\/es\/wp-json\/wp\/v2\/comments?post=75418"}],"wp:featuredmedia":[{"embeddable":true,"href":"https:\/\/hi-techwonder.com\/es\/wp-json\/wp\/v2\/media\/26035"}],"wp:attachment":[{"href":"https:\/\/hi-techwonder.com\/es\/wp-json\/wp\/v2\/media?parent=75418"}],"wp:term":[{"taxonomy":"product_brand","embeddable":true,"href":"https:\/\/hi-techwonder.com\/es\/wp-json\/wp\/v2\/product_brand?post=75418"},{"taxonomy":"product_cat","embeddable":true,"href":"https:\/\/hi-techwonder.com\/es\/wp-json\/wp\/v2\/product_cat?post=75418"},{"taxonomy":"product_tag","embeddable":true,"href":"https:\/\/hi-techwonder.com\/es\/wp-json\/wp\/v2\/product_tag?post=75418"}],"curies":[{"name":"wp","href":"https:\/\/api.w.org\/{rel}","templated":true}]}}