{"id":75435,"date":"2025-07-28T23:40:04","date_gmt":"2025-07-28T23:40:04","guid":{"rendered":"https:\/\/fv6qoy3ls0.wpdns.site\/product\/walimex-tarjeta-de-calibracion-gris\/"},"modified":"2025-12-22T10:58:04","modified_gmt":"2025-12-22T10:58:04","slug":"walimex-tarjeta-de-calibracion-gris","status":"publish","type":"product","link":"https:\/\/hi-techwonder.com\/es\/producto\/walimex-tarjeta-de-calibracion-gris\/","title":{"rendered":"WALIMEX Tarjeta de calibraci\u00f3n gris"},"content":{"rendered":"<p>Cart\u00f3n gris (18%) plegable.<span style=\"font-size: small;\"> <span style=\"font-size: small;\">  <\/span><\/span><\/p>\n<div style=\"text-align: justify;\"><span style=\"font-family: verdana,geneva;\">Se utiliza como valor de referencia para su posterior correcci\u00f3n con un editor de im\u00e1genes.<\/span><span style=\"font-size: small;\"><br \/>  El reverso de la tarjeta en blanco se puede utilizar como reflector.<br \/>  Tama\u00f1o 32x32cm, 15cm plegado<\/span><\/div>\n<p><span style=\"font-size: small;\"> <\/span><\/p>\n<div style=\"text-align: justify;\"> <span style=\"font-family: verdana,geneva;\">Se suministra con bolsa.<\/span><\/div>\n","protected":false},"excerpt":{"rendered":"<p>Cart\u00f3n gris (18%) plegable. Se utiliza como valor de referencia para su posterior correcci\u00f3n con un editor de im\u00e1genes. El<\/p>\n","protected":false},"featured_media":25797,"comment_status":"closed","ping_status":"open","template":"","meta":{"_acf_changed":false},"product_brand":[2553],"product_cat":[939],"product_tag":[],"class_list":{"0":"post-75435","1":"product","2":"type-product","3":"status-publish","4":"has-post-thumbnail","6":"product_brand-walimex-es","7":"product_cat-calibradores-es","9":"first","10":"onbackorder","11":"taxable","12":"shipping-taxable","13":"purchasable","14":"product-type-simple"},"bundled_by":[],"bundle_stock_status":"onbackorder","bundle_stock_quantity":null,"bundle_virtual":false,"bundle_layout":"","bundle_add_to_cart_form_location":"","bundle_editable_in_cart":false,"bundle_sold_individually_context":"","bundle_item_grouping":"","bundle_min_size":"","bundle_max_size":"","bundle_price":[],"bundled_items":[],"bundle_sell_ids":[],"acf":[],"_links":{"self":[{"href":"https:\/\/hi-techwonder.com\/es\/wp-json\/wp\/v2\/product\/75435","targetHints":{"allow":["GET"]}}],"collection":[{"href":"https:\/\/hi-techwonder.com\/es\/wp-json\/wp\/v2\/product"}],"about":[{"href":"https:\/\/hi-techwonder.com\/es\/wp-json\/wp\/v2\/types\/product"}],"replies":[{"embeddable":true,"href":"https:\/\/hi-techwonder.com\/es\/wp-json\/wp\/v2\/comments?post=75435"}],"wp:featuredmedia":[{"embeddable":true,"href":"https:\/\/hi-techwonder.com\/es\/wp-json\/wp\/v2\/media\/25797"}],"wp:attachment":[{"href":"https:\/\/hi-techwonder.com\/es\/wp-json\/wp\/v2\/media?parent=75435"}],"wp:term":[{"taxonomy":"product_brand","embeddable":true,"href":"https:\/\/hi-techwonder.com\/es\/wp-json\/wp\/v2\/product_brand?post=75435"},{"taxonomy":"product_cat","embeddable":true,"href":"https:\/\/hi-techwonder.com\/es\/wp-json\/wp\/v2\/product_cat?post=75435"},{"taxonomy":"product_tag","embeddable":true,"href":"https:\/\/hi-techwonder.com\/es\/wp-json\/wp\/v2\/product_tag?post=75435"}],"curies":[{"name":"wp","href":"https:\/\/api.w.org\/{rel}","templated":true}]}}