{"id":75436,"date":"2025-07-29T00:04:02","date_gmt":"2025-07-29T00:04:02","guid":{"rendered":"https:\/\/fv6qoy3ls0.wpdns.site\/product\/walimex-xl-bolsa-para-tripode\/"},"modified":"2026-01-08T16:50:40","modified_gmt":"2026-01-08T16:50:40","slug":"walimex-xl-bolsa-para-tripode","status":"publish","type":"product","link":"https:\/\/hi-techwonder.com\/es\/producto\/walimex-xl-bolsa-para-tripode\/","title":{"rendered":"WALIMEX XL Bolsa para tr\u00edpode"},"content":{"rendered":"<p><img decoding=\"async\" src=\"https:\/\/niobo.pt\/shop\/images\/logos\/walimex.gif\" alt=\"\" border=\"0\"> <\/p>\n<p><span style=\"font-size: small;\"><strong>Bolsa de tr\u00edpode Walimex XL<br \/><\/strong><br \/>Tres compartimentos para guardar tr\u00edpodes<br \/>y otros tipos de fijaciones grandes (por ejemplo, soportes traseros).<\/p>\n<p>Longitud m\u00e1xima Capacidad de transporte de 108cm.   <\/span><\/p>\n","protected":false},"excerpt":{"rendered":"<p>Bolsa de tr\u00edpode Walimex XLTres compartimentos para guardar tr\u00edpodesy otros tipos de fijaciones grandes (por ejemplo, soportes traseros). Longitud m\u00e1xima<\/p>\n","protected":false},"featured_media":32861,"comment_status":"closed","ping_status":"open","template":"","meta":{"_acf_changed":false},"product_brand":[2553],"product_cat":[911],"product_tag":[],"class_list":{"0":"post-75436","1":"product","2":"type-product","3":"status-publish","4":"has-post-thumbnail","6":"product_brand-walimex-es","7":"product_cat-para-estudio-es","9":"first","10":"instock","11":"taxable","12":"shipping-taxable","13":"purchasable","14":"product-type-simple"},"bundled_by":[],"bundle_stock_status":"instock","bundle_stock_quantity":1,"bundle_virtual":false,"bundle_layout":"","bundle_add_to_cart_form_location":"","bundle_editable_in_cart":false,"bundle_sold_individually_context":"","bundle_item_grouping":"","bundle_min_size":"","bundle_max_size":"","bundle_price":[],"bundled_items":[],"bundle_sell_ids":[],"acf":[],"_links":{"self":[{"href":"https:\/\/hi-techwonder.com\/es\/wp-json\/wp\/v2\/product\/75436","targetHints":{"allow":["GET"]}}],"collection":[{"href":"https:\/\/hi-techwonder.com\/es\/wp-json\/wp\/v2\/product"}],"about":[{"href":"https:\/\/hi-techwonder.com\/es\/wp-json\/wp\/v2\/types\/product"}],"replies":[{"embeddable":true,"href":"https:\/\/hi-techwonder.com\/es\/wp-json\/wp\/v2\/comments?post=75436"}],"wp:featuredmedia":[{"embeddable":true,"href":"https:\/\/hi-techwonder.com\/es\/wp-json\/wp\/v2\/media\/32861"}],"wp:attachment":[{"href":"https:\/\/hi-techwonder.com\/es\/wp-json\/wp\/v2\/media?parent=75436"}],"wp:term":[{"taxonomy":"product_brand","embeddable":true,"href":"https:\/\/hi-techwonder.com\/es\/wp-json\/wp\/v2\/product_brand?post=75436"},{"taxonomy":"product_cat","embeddable":true,"href":"https:\/\/hi-techwonder.com\/es\/wp-json\/wp\/v2\/product_cat?post=75436"},{"taxonomy":"product_tag","embeddable":true,"href":"https:\/\/hi-techwonder.com\/es\/wp-json\/wp\/v2\/product_tag?post=75436"}],"curies":[{"name":"wp","href":"https:\/\/api.w.org\/{rel}","templated":true}]}}