{"id":75437,"date":"2025-07-29T08:51:32","date_gmt":"2025-07-29T08:51:32","guid":{"rendered":"https:\/\/fv6qoy3ls0.wpdns.site\/product\/walimex-brazo-telescopico-de-estudio-con-mango\/"},"modified":"2026-01-08T16:50:40","modified_gmt":"2026-01-08T16:50:40","slug":"walimex-brazo-telescopico-de-estudio-con-mango","status":"publish","type":"product","link":"https:\/\/hi-techwonder.com\/es\/producto\/walimex-brazo-telescopico-de-estudio-con-mango\/","title":{"rendered":"WALIMEX Brazo telesc\u00f3pico de estudio con mango"},"content":{"rendered":"<p><span style=\"font-family: verdana,geneva;\"><strong>Walimex Brazo telesc\u00f3pico de estudio con mango<\/strong><\/span><\/p>\n<p><span style=\"font-family: verdana,geneva;\">Este brazo extensible es una excelente soluci\u00f3n para posicionar la iluminaci\u00f3n con flashes compactos, con o sin cajas de luz.<\/span><\/p>\n<div><span style=\"font-family: verdana,geneva;\"><br \/>Permite una extensi\u00f3n en 2 secciones, con una longitud de 63cm a 163cm. La longitud dise\u00f1ada se puede ajustar f\u00e1cilmente con 2 cierres r\u00e1pidos.   <\/p>\n<p>Debido a su tama\u00f1o compacto y peso ligero, es una excelente opci\u00f3n para usar en tus sesiones de calle.  <\/p>\n<p>Las 2 asas est\u00e1n acolchadas con espuma y tienen una forma ergon\u00f3mica para su mano.<\/span><\/div>\n<p><span style=\"font-family: verdana,geneva;\"><strong><br \/>Funciones:<\/strong><br \/><\/span><\/p>\n<ul>\n<li><span style=\"font-family: verdana,geneva;\">Compacto y ligero  <\/span><\/li>\n<li><span style=\"font-family: verdana,geneva;\">Extremadamente robusto y estable  <\/span><\/li>\n<li><span style=\"font-family: verdana,geneva;\">Con asas ergon\u00f3micas  <\/span><\/li>\n<li><span style=\"font-family: verdana,geneva;\">Con una tija de sill\u00edn de 5\/8 y una cabeza de rosca de 1\/4&#8243;  <\/span><\/li>\n<li><span style=\"font-family: verdana,geneva;\">Capacidad de carga m\u00e1xima aprox. 1,5 kg (extendida)   <\/span><\/li>\n<\/ul>\n<p><span style=\"font-family: verdana,geneva;\"><strong>Especificaciones t\u00e9cnicas:<\/strong><br \/>Longitud m\u00e1xima: 163cm<br \/>Longitud m\u00ednima: 63cm<br \/>Di\u00e1metro del tubo: 2,5 cm<br \/>Capacidad de carga: 1,5 kg<br \/>Conexi\u00f3n: Grifo de 5\/8&#8243; | Cabezal de rosca de 1\/4&#8243;<br \/>Peso: aprox. 290 g<br \/>Material: Aluminio y espuma <\/span><\/p>\n","protected":false},"excerpt":{"rendered":"<p>Walimex Brazo telesc\u00f3pico de estudio con mango Este brazo extensible es una excelente soluci\u00f3n para posicionar la iluminaci\u00f3n con flashes<\/p>\n","protected":false},"featured_media":41852,"comment_status":"closed","ping_status":"open","template":"","meta":{"_acf_changed":false},"product_brand":[2553],"product_cat":[926],"product_tag":[],"class_list":{"0":"post-75437","1":"product","2":"type-product","3":"status-publish","4":"has-post-thumbnail","6":"product_brand-walimex-es","7":"product_cat-acessorios-accion-360o","9":"first","10":"instock","11":"taxable","12":"shipping-taxable","13":"purchasable","14":"product-type-simple"},"bundled_by":[],"bundle_stock_status":"instock","bundle_stock_quantity":1,"bundle_virtual":false,"bundle_layout":"","bundle_add_to_cart_form_location":"","bundle_editable_in_cart":false,"bundle_sold_individually_context":"","bundle_item_grouping":"","bundle_min_size":"","bundle_max_size":"","bundle_price":[],"bundled_items":[],"bundle_sell_ids":[],"acf":[],"_links":{"self":[{"href":"https:\/\/hi-techwonder.com\/es\/wp-json\/wp\/v2\/product\/75437","targetHints":{"allow":["GET"]}}],"collection":[{"href":"https:\/\/hi-techwonder.com\/es\/wp-json\/wp\/v2\/product"}],"about":[{"href":"https:\/\/hi-techwonder.com\/es\/wp-json\/wp\/v2\/types\/product"}],"replies":[{"embeddable":true,"href":"https:\/\/hi-techwonder.com\/es\/wp-json\/wp\/v2\/comments?post=75437"}],"wp:featuredmedia":[{"embeddable":true,"href":"https:\/\/hi-techwonder.com\/es\/wp-json\/wp\/v2\/media\/41852"}],"wp:attachment":[{"href":"https:\/\/hi-techwonder.com\/es\/wp-json\/wp\/v2\/media?parent=75437"}],"wp:term":[{"taxonomy":"product_brand","embeddable":true,"href":"https:\/\/hi-techwonder.com\/es\/wp-json\/wp\/v2\/product_brand?post=75437"},{"taxonomy":"product_cat","embeddable":true,"href":"https:\/\/hi-techwonder.com\/es\/wp-json\/wp\/v2\/product_cat?post=75437"},{"taxonomy":"product_tag","embeddable":true,"href":"https:\/\/hi-techwonder.com\/es\/wp-json\/wp\/v2\/product_tag?post=75437"}],"curies":[{"name":"wp","href":"https:\/\/api.w.org\/{rel}","templated":true}]}}