{"id":75442,"date":"2025-07-28T23:41:01","date_gmt":"2025-07-28T23:41:01","guid":{"rendered":"https:\/\/fv6qoy3ls0.wpdns.site\/product\/walimex-corner-bar-4-luces-led\/"},"modified":"2026-01-08T16:50:40","modified_gmt":"2026-01-08T16:50:40","slug":"walimex-corner-bar-4-luces-led","status":"publish","type":"product","link":"https:\/\/hi-techwonder.com\/es\/producto\/walimex-corner-bar-4-luces-led\/","title":{"rendered":"WALIMEX Corner Bar 4 Luces Led"},"content":{"rendered":"<p><span style=\"font-family: verdana,geneva;\"><strong>Barra de esquina Walimex para 4 luces LED<\/strong><\/p>\n<p>Este soporte proporciona la flexibilidad necesaria para las luces led. Te permite montar hasta 4 luces led, d\u00e1ndote as\u00ed m\u00e1s opciones. <\/span><\/p>\n","protected":false},"excerpt":{"rendered":"<p>Barra de esquina Walimex para 4 luces LED Este soporte proporciona la flexibilidad necesaria para las luces led. Te permite<\/p>\n","protected":false},"featured_media":26141,"comment_status":"closed","ping_status":"open","template":"","meta":{"_acf_changed":false},"product_brand":[2553],"product_cat":[963],"product_tag":[],"class_list":{"0":"post-75442","1":"product","2":"type-product","3":"status-publish","4":"has-post-thumbnail","6":"product_brand-walimex-es","7":"product_cat-para-speedlites-es","9":"first","10":"instock","11":"taxable","12":"shipping-taxable","13":"purchasable","14":"product-type-simple"},"bundled_by":[],"bundle_stock_status":"instock","bundle_stock_quantity":1,"bundle_virtual":false,"bundle_layout":"","bundle_add_to_cart_form_location":"","bundle_editable_in_cart":false,"bundle_sold_individually_context":"","bundle_item_grouping":"","bundle_min_size":"","bundle_max_size":"","bundle_price":[],"bundled_items":[],"bundle_sell_ids":[],"acf":[],"_links":{"self":[{"href":"https:\/\/hi-techwonder.com\/es\/wp-json\/wp\/v2\/product\/75442","targetHints":{"allow":["GET"]}}],"collection":[{"href":"https:\/\/hi-techwonder.com\/es\/wp-json\/wp\/v2\/product"}],"about":[{"href":"https:\/\/hi-techwonder.com\/es\/wp-json\/wp\/v2\/types\/product"}],"replies":[{"embeddable":true,"href":"https:\/\/hi-techwonder.com\/es\/wp-json\/wp\/v2\/comments?post=75442"}],"wp:featuredmedia":[{"embeddable":true,"href":"https:\/\/hi-techwonder.com\/es\/wp-json\/wp\/v2\/media\/26141"}],"wp:attachment":[{"href":"https:\/\/hi-techwonder.com\/es\/wp-json\/wp\/v2\/media?parent=75442"}],"wp:term":[{"taxonomy":"product_brand","embeddable":true,"href":"https:\/\/hi-techwonder.com\/es\/wp-json\/wp\/v2\/product_brand?post=75442"},{"taxonomy":"product_cat","embeddable":true,"href":"https:\/\/hi-techwonder.com\/es\/wp-json\/wp\/v2\/product_cat?post=75442"},{"taxonomy":"product_tag","embeddable":true,"href":"https:\/\/hi-techwonder.com\/es\/wp-json\/wp\/v2\/product_tag?post=75442"}],"curies":[{"name":"wp","href":"https:\/\/api.w.org\/{rel}","templated":true}]}}