{"id":75450,"date":"2025-07-24T09:26:03","date_gmt":"2025-07-24T09:26:03","guid":{"rendered":"https:\/\/fv6qoy3ls0.wpdns.site\/product\/ttartisan-100mm-f-2-8-macro-2x-2\/"},"modified":"2026-04-06T12:18:26","modified_gmt":"2026-04-06T11:18:26","slug":"ttartisan-100mm-f-2-8-macro-2x-2","status":"publish","type":"product","link":"https:\/\/hi-techwonder.com\/es\/producto\/ttartisan-100mm-f-2-8-macro-2x-2\/","title":{"rendered":"TTArtisan 100mm f\/2.8 Macro 2x"},"content":{"rendered":"<h3><strong>TTArtisan 100mm f\/2.8 Macro 2x<\/strong><\/h3>\n<p>El nuevo objetivo TTArtisan 100mm f\/2.8 Macro 2x es la elecci\u00f3n perfecta para el aficionado a la fotograf\u00eda macro. Con una distancia focal de teleobjetivo media y una apertura m\u00e1xima brillante de f\/2.8, tambi\u00e9n es una excelente opci\u00f3n para la fotograf\u00eda de retratos y productos. Con su cobertura de sensor de fotograma completo y un dise\u00f1o \u00f3ptico con 14 elementos en 10 grupos (con 6 elementos de alta refracci\u00f3n), la calidad de imagen no se ver\u00e1 afectada, incluso a un precio reducido.  <\/p>\n<p>Este objetivo es capaz de aumentos de 2x que le permiten llegar m\u00e1s lejos y obtener todos los detalles y texturas de plantas, insectos y hongos, y con la impresionante calidad \u00f3ptica, garantiza im\u00e1genes de alta definici\u00f3n, incluso en los sensores m\u00e1s exigentes.<\/p>\n<h4>Caracter\u00edsticas principales<\/h4>\n<ul>\n<li>El aumento m\u00e1ximo de 2x, con una distancia m\u00ednima de enfoque de 25 cm, le permite acercarse al sujeto;<\/li>\n<li>Dise\u00f1o \u00f3ptico mejorado para im\u00e1genes de alta resoluci\u00f3n;<\/li>\n<li>La entrada de 4 tornillos en la parte frontal de la lente permite una gran versatilidad, lo que le permite montar una montura ligera o de zapata fr\u00eda (incluida);<\/li>\n<li>La gran apertura de f\/2.8 le permite mantener una alta calidad en entornos m\u00e1s oscuros, as\u00ed como crear una separaci\u00f3n entre el enfoque y el fondo, creando un bokeh suave;<\/li>\n<li>Cuerpo met\u00e1lico, lo que garantiza la mayor durabilidad, as\u00ed como un tacto y textura distintivos.<\/li>\n<\/ul>\n<h4>Caracter\u00edsticas t\u00e9cnicas<\/h4>\n<table width=\"670\">\n<tbody>\n<tr>\n<td width=\"255\">M\u00e1xima<\/td>\n<p> apertura<\/p>\n<td>f\/2.8<\/td>\n<\/tr>\n<tr>\n<td width=\"255\">Apertura m\u00ednima<\/td>\n<td>f\/22<\/td>\n<\/tr>\n<tr>\n<td width=\"255\">Montura de lente<\/td>\n<td>Sony E | Nikon Z | RF de Canon | Montura L | Fujifilm X | Fujifilm GFX | Nikon F | Canon EF<\/td>\n<\/tr>\n<tr>\n<td width=\"255\">Cobertura de la forma de la lente<\/td>\n<td>Fotograma completo<\/td>\n<\/tr>\n<tr>\n<td width=\"255\">Distancia m\u00ednima de enfoque<\/td>\n<td>25cm<\/td>\n<\/tr>\n<tr>\n<td width=\"255\">\u00c1ngulo de visi\u00f3n<\/td>\n<td>24<\/td>\n<\/tr>\n<tr>\n<td width=\"255\">Dise\u00f1o \u00f3ptico<\/td>\n<td>14 elementos en 10 grupos<\/td>\n<\/tr>\n<tr>\n<td width=\"255\">Hojas de diafragma<\/td>\n<td>12<\/td>\n<\/tr>\n<tr>\n<td width=\"255\">Tipo de enfoque<\/td>\n<td>Enfoque manual<\/td>\n<\/tr>\n<tr>\n<td width=\"255\">Estabilizaci\u00f3n de imagen<\/td>\n<td>No<\/td>\n<\/tr>\n<tr>\n<td width=\"255\">Filtro<\/td>\n<p> frontal<\/p>\n<td>67 mil\u00edmetros<\/td>\n<\/tr>\n<tr>\n<td width=\"255\">Dimensiones (L x D)<\/td>\n<td>Sony E | Fuji X: 15 x 7,2 cm<br \/>\nNikon Z: 14,9 x 7,2 cm<\/p>\n<p>Canon RF: 14,8 x 7,2 con<\/p>\n<p>montura L: 14,7 x 7,2 cm<\/p>\n<p>Fuji GFX: 14,1 x 7,7 cm<\/p>\n<p>Nikon F: 12,1 x 7,2 cm<\/p>\n<p>Canon EF: 12,4 x 7,2 cm\n<\/td>\n<\/tr>\n<tr>\n<td width=\"255\">Peso<\/td>\n<td>700 ~ 748g<\/td>\n<\/tr>\n<\/tbody>\n<\/table>\n<p>&nbsp;<\/p>\n","protected":false},"excerpt":{"rendered":"<ul>\n<li>Aumento macro m\u00e1ximo 2:1<\/li>\n<li>Formato de fotograma completo<\/li>\n<li>Apertura m\u00e1xima brillante de f\/2.8<\/li>\n<li>6 elementos de alta refracci\u00f3n<\/li>\n<li>Distancia m\u00ednima de enfoque de 25 cm<\/li>\n<li>4 ranuras para tornillos aumentan la versatilidad de la lente<\/li>\n<\/ul>\n","protected":false},"featured_media":15826,"comment_status":"closed","ping_status":"closed","template":"","meta":{"_acf_changed":false},"product_brand":[2545],"product_cat":[1062,1063],"product_tag":[],"class_list":{"0":"post-75450","1":"product","2":"type-product","3":"status-publish","4":"has-post-thumbnail","6":"product_brand-ttartisan-es","7":"product_cat-mirrorless-objectivos","8":"product_cat-slr-es","9":"pa_abertura-maxima-f-2-8-es","10":"pa_cor-negro","11":"pa_designs-especiais-macro-es","12":"pa_diametro-67mm-es","13":"pa_estabilizacao-de-imagem-no","14":"pa_montagem-da-objetiva-canon-ef-es","15":"pa_montagem-da-objetiva-canon-rf-es","16":"pa_montagem-da-objetiva-fujifilm-g-es","17":"pa_montagem-da-objetiva-fujifilm-x-es","18":"pa_montagem-da-objetiva-l-mount-es","19":"pa_montagem-da-objetiva-nikon-f-es","20":"pa_montagem-da-objetiva-nikon-z-es","21":"pa_montagem-da-objetiva-sony-e-es","22":"pa_sensor-aps-c-es","23":"pa_sensor-formato-medio","24":"pa_sensor-fotograma-completo","25":"pa_tipo-de-foco-enfoque-manual","26":"pa_tipo-de-objetiva-teleobjetivo","27":"pa_zoom-fixa-fijo","29":"first","30":"instock","31":"taxable","32":"shipping-taxable","33":"purchasable","34":"product-type-variable"},"bundled_by":[],"bundle_stock_status":"instock","bundle_stock_quantity":null,"bundle_virtual":false,"bundle_layout":"","bundle_add_to_cart_form_location":"","bundle_editable_in_cart":false,"bundle_sold_individually_context":"","bundle_item_grouping":"","bundle_min_size":"","bundle_max_size":"","bundle_price":[],"bundled_items":[],"bundle_sell_ids":[],"acf":[],"_links":{"self":[{"href":"https:\/\/hi-techwonder.com\/es\/wp-json\/wp\/v2\/product\/75450","targetHints":{"allow":["GET"]}}],"collection":[{"href":"https:\/\/hi-techwonder.com\/es\/wp-json\/wp\/v2\/product"}],"about":[{"href":"https:\/\/hi-techwonder.com\/es\/wp-json\/wp\/v2\/types\/product"}],"replies":[{"embeddable":true,"href":"https:\/\/hi-techwonder.com\/es\/wp-json\/wp\/v2\/comments?post=75450"}],"wp:featuredmedia":[{"embeddable":true,"href":"https:\/\/hi-techwonder.com\/es\/wp-json\/wp\/v2\/media\/15826"}],"wp:attachment":[{"href":"https:\/\/hi-techwonder.com\/es\/wp-json\/wp\/v2\/media?parent=75450"}],"wp:term":[{"taxonomy":"product_brand","embeddable":true,"href":"https:\/\/hi-techwonder.com\/es\/wp-json\/wp\/v2\/product_brand?post=75450"},{"taxonomy":"product_cat","embeddable":true,"href":"https:\/\/hi-techwonder.com\/es\/wp-json\/wp\/v2\/product_cat?post=75450"},{"taxonomy":"product_tag","embeddable":true,"href":"https:\/\/hi-techwonder.com\/es\/wp-json\/wp\/v2\/product_tag?post=75450"}],"curies":[{"name":"wp","href":"https:\/\/api.w.org\/{rel}","templated":true}]}}