{"id":75454,"date":"2025-07-29T00:04:02","date_gmt":"2025-07-29T00:04:02","guid":{"rendered":"https:\/\/fv6qoy3ls0.wpdns.site\/product\/think-tank-carro-stand-manager-52\/"},"modified":"2025-09-04T07:53:25","modified_gmt":"2025-09-04T07:53:25","slug":"think-tank-carro-stand-manager-52","status":"publish","type":"product","link":"https:\/\/hi-techwonder.com\/es\/producto\/think-tank-carro-stand-manager-52\/","title":{"rendered":"THINK TANK Carro Stand Manager 52"},"content":{"rendered":"<p><strong>Gerente de stand del Think Tank 52<\/strong><\/p>\n<p><strong>Caracter\u00edsticas principales:<\/strong><\/p>\n<p>Malet\u00edn con ruedas para transportar accesorios de iluminaci\u00f3n y equipos de estudio (paraguas, cajas de luz, etc.)<\/p>\n<p>Gran bolsillo interior con tapa.<\/p>\n<p>Correas de amarre internas.<\/p>\n<p>&nbsp;Interior largo de 52&#8243;\/1,32 m.<\/p>\n<p>4 asas exteriores (una asa superior, una asa inferior y una asa a lo largo de cada lado).<\/p>\n<p>Materiales: Nylon, Poli\u00e9ster, Pol\u00edmero, Poliuretano.<\/p>\n<p>Dimensiones internas: 30,5 x 132 x 10,1-19 cm<\/p>\n<p>Dimensiones externas: 31,8 x 137,1 x 11,4 a 20,3 cm<\/p>\n<p>Construcci\u00f3n de nailon resistente a la intemperie con fondo recubierto de poliuretano<\/p>\n<p>Peso: 5,5 kg<\/p>\n","protected":false},"excerpt":{"rendered":"<p>Gerente de stand del Think Tank 52 Caracter\u00edsticas principales: Malet\u00edn con ruedas para transportar accesorios de iluminaci\u00f3n y equipos de<\/p>\n","protected":false},"featured_media":32842,"comment_status":"closed","ping_status":"open","template":"","meta":{"_acf_changed":false},"product_brand":[2645],"product_cat":[911],"product_tag":[],"class_list":{"0":"post-75454","1":"product","2":"type-product","3":"status-publish","4":"has-post-thumbnail","6":"product_brand-think-tank-es","7":"product_cat-para-estudio-es","9":"first","10":"onbackorder","11":"taxable","12":"shipping-taxable","13":"purchasable","14":"product-type-simple"},"bundled_by":[],"bundle_stock_status":"onbackorder","bundle_stock_quantity":null,"bundle_virtual":false,"bundle_layout":"","bundle_add_to_cart_form_location":"","bundle_editable_in_cart":false,"bundle_sold_individually_context":"","bundle_item_grouping":"","bundle_min_size":"","bundle_max_size":"","bundle_price":[],"bundled_items":[],"bundle_sell_ids":[],"acf":[],"_links":{"self":[{"href":"https:\/\/hi-techwonder.com\/es\/wp-json\/wp\/v2\/product\/75454","targetHints":{"allow":["GET"]}}],"collection":[{"href":"https:\/\/hi-techwonder.com\/es\/wp-json\/wp\/v2\/product"}],"about":[{"href":"https:\/\/hi-techwonder.com\/es\/wp-json\/wp\/v2\/types\/product"}],"replies":[{"embeddable":true,"href":"https:\/\/hi-techwonder.com\/es\/wp-json\/wp\/v2\/comments?post=75454"}],"wp:featuredmedia":[{"embeddable":true,"href":"https:\/\/hi-techwonder.com\/es\/wp-json\/wp\/v2\/media\/32842"}],"wp:attachment":[{"href":"https:\/\/hi-techwonder.com\/es\/wp-json\/wp\/v2\/media?parent=75454"}],"wp:term":[{"taxonomy":"product_brand","embeddable":true,"href":"https:\/\/hi-techwonder.com\/es\/wp-json\/wp\/v2\/product_brand?post=75454"},{"taxonomy":"product_cat","embeddable":true,"href":"https:\/\/hi-techwonder.com\/es\/wp-json\/wp\/v2\/product_cat?post=75454"},{"taxonomy":"product_tag","embeddable":true,"href":"https:\/\/hi-techwonder.com\/es\/wp-json\/wp\/v2\/product_tag?post=75454"}],"curies":[{"name":"wp","href":"https:\/\/api.w.org\/{rel}","templated":true}]}}