{"id":75458,"date":"2025-07-29T00:05:43","date_gmt":"2025-07-29T00:05:43","guid":{"rendered":"https:\/\/fv6qoy3ls0.wpdns.site\/product\/think-tank-carro-gerente-de-logistica-30-v2\/"},"modified":"2026-04-20T22:18:47","modified_gmt":"2026-04-20T21:18:47","slug":"think-tank-carro-gerente-de-logistica-30-v2","status":"publish","type":"product","link":"https:\/\/hi-techwonder.com\/es\/producto\/think-tank-carro-gerente-de-logistica-30-v2\/","title":{"rendered":"THINK TANK Carro Gerente de Log\u00edstica 30 V2"},"content":{"rendered":"<p><strong>Think Tank Carro Gerente de Log\u00edstica 30 V2<\/p>\n<p><\/strong><\/p>\n<p><strong>Caracter\u00edsticas principales:<\/strong><\/p>\n<ul>\n<li>Dise\u00f1o duradero, ligero y semirr\u00edgido.<\/li>\n<li>Sostiene soportes, DSLR, lentes, accesorios.<\/li>\n<li>Dimensiones internas 35,5 W x 68,6 H x 21\u201325 D cm.<\/li>\n<li>Forro acolchado con divisores reforzados.<\/li>\n<li>Revestimiento y rieles de armadura de nailon bal\u00edstico.<\/li>\n<li>Asa de remolque telesc\u00f3pica con ruedas grandes.<\/li>\n<li>Gran bolsillo frontal con cremallera.<\/li>\n<li>Soporte de luz\/tr\u00edpode en el lateral.<\/li>\n<li>Bolsillos organizadores internos de malla.<\/li>\n<li>Cable de seguridad y cerradura de combinaci\u00f3n.<\/li>\n<li>Peso: 7,6 kg.<\/li>\n<\/ul>\n<p style=\"text-align: justify;\"><img loading=\"lazy\" decoding=\"async\" src=\"https:\/\/www.thinktankphoto.com\/cdn\/shop\/files\/Ben_Garrett_CAM4137_2048x.jpg?v=1643826704\" width=\"600\" height=\"400\" alt=\"\"><\/p>\n<p style=\"text-align: justify;\">Bas\u00e1ndose en el \u00e9xito del modelo anterior, el <em>malet\u00edn de engranajes rodantes Think Tank Photo Logistics Manager 30 V2<\/em> ha actualizado las ruedas, los materiales exteriores, los paneles frontales y laterales y los estilos de los pies, todo mientras reduce el peso. El estuche ha sido cuidadosamente dise\u00f1ado de acuerdo con las necesidades de los equipos de producci\u00f3n, que necesitan estuches resistentes y port\u00e1tiles para transportar sus equipos hacia y desde los sitios. Este estuche le permite identificar claramente sus contenidos, carg\u00e1ndolos y descarg\u00e1ndolos r\u00e1pidamente sin problemas y es resistente al uso y abuso diario. Desde el nailon bal\u00edstico reforzado hasta las ruedas amortiguadoras y el gran interior acolchado personalizable, esta \u00faltima versi\u00f3n del Logistics Manager 30 est\u00e1 dise\u00f1ada para trabajar tan duro como su equipo.   <\/p>\n<p><iframe loading=\"lazy\" style=\"min-height: 500px; width: 100%; height: auto;\" src=\"https:\/\/www.youtube.com\/embed\/U9jK9UnWAoY\" width=\"560\" height=\"314\" allowfullscreen=\"allowfullscreen\"><\/iframe><strong>Actualizaciones de la nueva versi\u00f3n:<\/strong><\/p>\n<ul>\n<li>Ruedas mejoradas con absorci\u00f3n de impactos integrada.<\/li>\n<li>Se agreg\u00f3 un panel de identificaci\u00f3n personalizable \/ m\u00f3vil.<\/li>\n<li>Peso reducido.<\/li>\n<li>Paneles frontales y laterales actualizados.<\/li>\n<li>&#8211; Material el\u00e1stico reemplazado en los bolsillos laterales, para tela bal\u00edstica con agarre de bloqueo de escalera.<\/li>\n<li>Estilo de pie actualizado.<\/li>\n<\/ul>\n<p><strong>Interior:<\/strong><\/p>\n<ul>\n<li>Dimensiones: 35,5 W x 68,6 H x 21 D (ampliable hasta 25 cm).<\/li>\n<li>Tiene capacidad para diferentes cuerpos de c\u00e1mara, lentes de hasta 800 mm f\/4, flashes, fuentes de alimentaci\u00f3n, micr\u00f3fonos y muchos accesorios, incluidos peque\u00f1os soportes para luces.<\/li>\n<li>M\u00faltiples bolsillos organizadores transparentes con cremallera, dentro de la tapa para cables, cordones, cintas, bater\u00edas y m\u00e1s.<\/li>\n<li>El forro acolchado protege el equipo de los impactos.<\/li>\n<li>El conjunto de particiones largas y cortas permite un almacenamiento y organizaci\u00f3n personalizados de los equipos, con la capacidad de eliminarlos por completo para un acceso completo al interior.<\/li>\n<li>Las correas de la tapa ajustables y extra\u00edbles mantienen la bolsa abierta y accesible.<\/li>\n<\/ul>\n<p><img loading=\"lazy\" decoding=\"async\" src=\"https:\/\/www.thinktankphoto.com\/cdn\/shop\/files\/Logistics-Manager-30-Gear-Insert-hero-edit.jpg?v=1641861887\" width=\"600\" height=\"600\" alt=\"\"><\/p>\n<p><strong>Exterior<\/strong><\/p>\n<ul>\n<li>El exterior de nailon bal\u00edstico es resistente a cortes, pinchazos y agua.<\/li>\n<li>El revestimiento de pl\u00e1stico reforzado y los rieles deslizantes mejoran la resistencia al desgaste en los puntos vulnerables.<\/li>\n<li>El acceso con cremallera al compartimento principal envuelve tres lados para un acceso completo al interior.<\/li>\n<li>Gran bolsillo con cremallera en la parte delantera de la tapa para reflectores, paraguas, extensiones, cables, etc.<\/li>\n<li>Bolsillo deslizante con correas de retenci\u00f3n para soportes de luz o tr\u00edpodes.<\/li>\n<li>Los paneles de identificaci\u00f3n personalizables muestran el contenido de un vistazo en la parte superior y lateral de la bolsa.<\/li>\n<li>El cable de seguridad incluido y el candado de combinaci\u00f3n le permiten bloquear la cremallera en el compartimento principal y sujetar la bolsa a un objeto fijo.<\/li>\n<\/ul>\n<p><strong>Carga y env\u00edo<\/strong><\/p>\n<ul>\n<li>Asa de remolque telesc\u00f3pica.<\/li>\n<li>Grandes correas acolchadas para los hombros en la parte delantera y lateral para facilitar el transporte y la elevaci\u00f3n por parte de una o dos personas.<\/li>\n<li>Las ruedas grandes de deslizamiento suave est\u00e1n bien separadas para una estabilidad que absorbe los golpes.<\/li>\n<li>Pesa 17 kilos.<\/li>\n<\/ul>\n<p><strong>Especificaciones Think Tank Trolley Logistic Manager 30 V2<\/strong><\/p>\n<p><strong>General<\/strong><\/p>\n<table style=\"border-collapse: collapse; width: 99.9795%;\" border=\"1\">\n<tbody>\n<tr>\n<td style=\"width: 49.1758%;\">Materiales exteriores:<\/td>\n<td style=\"width: 49.1758%;\"> Nylon bal\u00edstico<\/td>\n<\/tr>\n<tr>\n<td style=\"width: 49.1758%;\">Interior acolchado<\/td>\n<td style=\"width: 49.1758%;\">S\u00ed<\/td>\n<\/tr>\n<tr>\n<td style=\"width: 49.1758%;\">Dimensiones<\/td>\n<td style=\"width: 49.1758%;\">\n<p><strong>Exterior<\/strong><\/p>\n<p>76 x 40,1 x 32 cm<\/p>\n<p><img loading=\"lazy\" decoding=\"async\" src=\"https:\/\/www.thinktankphoto.com\/cdn\/shop\/files\/dimensions-Logistics-Manager-30-V2.png?v=1643826636\" width=\"416\" height=\"587\" alt=\"\"><\/p>\n<p><strong>Interior<\/strong><\/p>\n<p>68,6 x 35,5 x 21 cm<\/p>\n<\/td>\n<\/tr>\n<tr>\n<td style=\"width: 49.1758%;\">Peso<\/td>\n<td style=\"width: 49.1758%;\">7,6 kg<\/td>\n<\/tr>\n<\/tbody>\n<\/table>\n","protected":false},"excerpt":{"rendered":"<p>Think Tank Carro Gerente de Log\u00edstica 30 V2 Caracter\u00edsticas principales: Dise\u00f1o duradero, ligero y semirr\u00edgido. Sostiene soportes, DSLR, lentes, accesorios.<\/p>\n","protected":false},"featured_media":33475,"comment_status":"closed","ping_status":"open","template":"","meta":{"_acf_changed":false},"product_brand":[2645],"product_cat":[915],"product_tag":[],"class_list":{"0":"post-75458","1":"product","2":"type-product","3":"status-publish","4":"has-post-thumbnail","6":"product_brand-think-tank-es","7":"product_cat-trolleys-es","9":"first","10":"instock","11":"taxable","12":"shipping-taxable","13":"purchasable","14":"product-type-simple"},"bundled_by":[],"bundle_stock_status":"instock","bundle_stock_quantity":1,"bundle_virtual":false,"bundle_layout":"","bundle_add_to_cart_form_location":"","bundle_editable_in_cart":false,"bundle_sold_individually_context":"","bundle_item_grouping":"","bundle_min_size":"","bundle_max_size":"","bundle_price":[],"bundled_items":[],"bundle_sell_ids":[],"acf":[],"_links":{"self":[{"href":"https:\/\/hi-techwonder.com\/es\/wp-json\/wp\/v2\/product\/75458","targetHints":{"allow":["GET"]}}],"collection":[{"href":"https:\/\/hi-techwonder.com\/es\/wp-json\/wp\/v2\/product"}],"about":[{"href":"https:\/\/hi-techwonder.com\/es\/wp-json\/wp\/v2\/types\/product"}],"replies":[{"embeddable":true,"href":"https:\/\/hi-techwonder.com\/es\/wp-json\/wp\/v2\/comments?post=75458"}],"wp:featuredmedia":[{"embeddable":true,"href":"https:\/\/hi-techwonder.com\/es\/wp-json\/wp\/v2\/media\/33475"}],"wp:attachment":[{"href":"https:\/\/hi-techwonder.com\/es\/wp-json\/wp\/v2\/media?parent=75458"}],"wp:term":[{"taxonomy":"product_brand","embeddable":true,"href":"https:\/\/hi-techwonder.com\/es\/wp-json\/wp\/v2\/product_brand?post=75458"},{"taxonomy":"product_cat","embeddable":true,"href":"https:\/\/hi-techwonder.com\/es\/wp-json\/wp\/v2\/product_cat?post=75458"},{"taxonomy":"product_tag","embeddable":true,"href":"https:\/\/hi-techwonder.com\/es\/wp-json\/wp\/v2\/product_tag?post=75458"}],"curies":[{"name":"wp","href":"https:\/\/api.w.org\/{rel}","templated":true}]}}