{"id":75467,"date":"2025-07-29T10:57:36","date_gmt":"2025-07-29T10:57:36","guid":{"rendered":"https:\/\/fv6qoy3ls0.wpdns.site\/product\/soporte-para-monitor-smallrig-3026-dji-rs2-rs3-rs4-pro\/"},"modified":"2026-02-23T12:58:56","modified_gmt":"2026-02-23T12:58:56","slug":"smallrig-soporte-para-monitor-smallrig-3026-dji-rs2-rs3-rs4-pro","status":"publish","type":"product","link":"https:\/\/hi-techwonder.com\/es\/producto\/smallrig-soporte-para-monitor-smallrig-3026-dji-rs2-rs3-rs4-pro\/","title":{"rendered":"Soporte para monitor SMALLRIG 3026 DJI RS2 \/ RS3 \/ RS4 PRO"},"content":{"rendered":"<p>A trav\u00e9s de un soporte NATO incorporado, este soporte para monitor SmallRig se conecta al riel NATO en el costado del card\u00e1n DJI RS 2, RS 3, RS4 y RS 3 Pro, RS4 Pro, y ofrece m\u00faltiples opciones de montaje para expandir o card\u00e1n en ambos lados, en una soluci\u00f3n de liberaci\u00f3n r\u00e1pida. Creado con una superficie mate y no reflectante para que coincida con la est\u00e9tica del gis y tiene una construcci\u00f3n de aluminio con un pasador de construcci\u00f3n de ubicaci\u00f3n resistente en el soporte NATO para una construcci\u00f3n de ubicaci\u00f3n segura. Entre todos los puntos de montaje, puede conectar un monitor y accesorios como luces, micr\u00f3fonos, receptores de audio y brazos m\u00e1gicos.  <\/p>\n<p><img loading=\"lazy\" decoding=\"async\" src=\"https:\/\/cdn11.bigcommerce.com\/s-1zvaiaywbz\/content\/images\/detail\/3026\/03.jpg\" alt=\"\" width=\"800\" height=\"378\"><img loading=\"lazy\" decoding=\"async\" src=\"https:\/\/cdn11.bigcommerce.com\/s-1zvaiaywbz\/content\/images\/detail\/3026\/06.jpg\" alt=\"\" width=\"800\" height=\"378\"><\/p>\n<p><img loading=\"lazy\" decoding=\"async\" src=\"https:\/\/cdn11.bigcommerce.com\/s-1zvaiaywbz\/content\/images\/detail\/3026\/05.jpg\" alt=\"\" width=\"800\" height=\"378\"><img loading=\"lazy\" decoding=\"async\" src=\"https:\/\/cdn11.bigcommerce.com\/s-1zvaiaywbz\/content\/images\/detail\/3026\/04.jpg\" alt=\"\" width=\"800\" height=\"378\"><\/p>\n<p><strong>Caracter\u00edsticas principales:<\/strong><\/p>\n<p>1. Dise\u00f1ado para DJI RS 2, RS 3, RS4 y RS 3 PRO, estabilizador RS4 PRO<\/p>\n<p>2. M\u00faltiples opciones de montaje para conectar un monitor, c\u00e1mara de acci\u00f3n y receptor de sonido, etc.<\/p>\n<p>3. El monitor se puede ajustar con un \u00e1ngulo de inclinaci\u00f3n de aproximadamente 165 \u00b0 y se puede detener en cualquier \u00e1ngulo sin herramientas.<\/p>\n<p>4. Orificios roscados incorporados de 1\/4 \u00ab-20, doble zapata fr\u00eda.<\/p>\n<p>5. Bucles a cada lado de RS 2 y RSC 2 a trav\u00e9s de abrazadera NATO de liberaci\u00f3n r\u00e1pida con pasador anti-extracci\u00f3n.<\/p>\n<p>6. La superficie mate combina perfectamente con el dise\u00f1o industrial del estabilizador.<\/p>\n<p>El soporte para monitor SmallRig con brazalete NATO para DJI RS 2\/RSC 2 3026 est\u00e1 dise\u00f1ado para agregar accesorios en ambos lados del estabilizador, como monitor, luz, receptor de sonido, dispositivo inal\u00e1mbrico, c\u00e1mara de acci\u00f3n, etc. Hay dos orificios roscados de 1\/4&#8243;-20 en la parte superior del soporte del monitor y un orificio roscado de 1\/4 en el lateral, que se puede conectar con el Magic Arm 2163 para c\u00e1maras de acci\u00f3n u otros equipos. En la parte superior e inferior, hay un soporte de zapata fr\u00eda que se puede conectar con un receptor de sonido, micr\u00f3fono, luz, etc. El soporte del monitor es ajustable en 165\u00b0 y se puede detener en cualquier \u00e1ngulo. Con su estructura compacta y su dise\u00f1o consistente para que coincida con RS 2, es una combinaci\u00f3n perfecta con el estabilizador.    <\/p>\n<p><strong>Advertencia:<\/strong> m\u00e1x. Carga \u00fatil 1,5 kg <\/p>\n<p><strong>Compatibilidad:<\/strong><\/p>\n<ul>\n<li>DJI RS 2<\/li>\n<li>DJI RSC 2<\/li>\n<\/ul>\n<p><strong>Lista de empaque:<\/strong><\/p>\n<p>1 x Soporte para monitor<\/p>\n<p>1 x Llave Allen<\/p>\n<p><strong>Dimensiones del producto:<\/strong> 134 x 42 x 52,5 mm<\/p>\n<p><strong>Dimensiones del paquete:<\/strong> 185 x 55 x 55 mm<\/p>\n<p><strong>Peso neto:<\/strong> 113g<\/p>\n<p><strong>Peso del paquete:<\/strong> 161g<\/p>\n<p><strong>Material:<\/strong> aleaci\u00f3n de aluminio<\/p>\n","protected":false},"excerpt":{"rendered":"<p>A trav\u00e9s de un soporte NATO incorporado, este soporte para monitor SmallRig se conecta al riel NATO en el costado<\/p>\n","protected":false},"featured_media":70042,"comment_status":"closed","ping_status":"open","template":"","meta":{"_acf_changed":false},"product_brand":[2550],"product_cat":[1113],"product_tag":[],"class_list":{"0":"post-75467","1":"product","2":"type-product","3":"status-publish","4":"has-post-thumbnail","6":"product_brand-smallrig-es","7":"product_cat-accesorios-gimbals-video","9":"first","10":"pre-order","11":"taxable","12":"shipping-taxable","13":"purchasable","14":"product-type-simple"},"bundled_by":[],"bundle_stock_status":"pre-order","bundle_stock_quantity":null,"bundle_virtual":false,"bundle_layout":"","bundle_add_to_cart_form_location":"","bundle_editable_in_cart":false,"bundle_sold_individually_context":"","bundle_item_grouping":"","bundle_min_size":"","bundle_max_size":"","bundle_price":[],"bundled_items":[],"bundle_sell_ids":[],"acf":[],"_links":{"self":[{"href":"https:\/\/hi-techwonder.com\/es\/wp-json\/wp\/v2\/product\/75467","targetHints":{"allow":["GET"]}}],"collection":[{"href":"https:\/\/hi-techwonder.com\/es\/wp-json\/wp\/v2\/product"}],"about":[{"href":"https:\/\/hi-techwonder.com\/es\/wp-json\/wp\/v2\/types\/product"}],"replies":[{"embeddable":true,"href":"https:\/\/hi-techwonder.com\/es\/wp-json\/wp\/v2\/comments?post=75467"}],"wp:featuredmedia":[{"embeddable":true,"href":"https:\/\/hi-techwonder.com\/es\/wp-json\/wp\/v2\/media\/70042"}],"wp:attachment":[{"href":"https:\/\/hi-techwonder.com\/es\/wp-json\/wp\/v2\/media?parent=75467"}],"wp:term":[{"taxonomy":"product_brand","embeddable":true,"href":"https:\/\/hi-techwonder.com\/es\/wp-json\/wp\/v2\/product_brand?post=75467"},{"taxonomy":"product_cat","embeddable":true,"href":"https:\/\/hi-techwonder.com\/es\/wp-json\/wp\/v2\/product_cat?post=75467"},{"taxonomy":"product_tag","embeddable":true,"href":"https:\/\/hi-techwonder.com\/es\/wp-json\/wp\/v2\/product_tag?post=75467"}],"curies":[{"name":"wp","href":"https:\/\/api.w.org\/{rel}","templated":true}]}}