{"id":75469,"date":"2025-07-29T10:57:36","date_gmt":"2025-07-29T10:57:36","guid":{"rendered":"https:\/\/fv6qoy3ls0.wpdns.site\/product\/smallrig-3031b-placa-de-liberacion-rapida-extendida-dji-rs2-3-3pro\/"},"modified":"2025-07-29T10:57:36","modified_gmt":"2025-07-29T10:57:36","slug":"smallrig-3031b-placa-de-liberacion-rapida-extendida-dji-rs2-3-3pro","status":"publish","type":"product","link":"https:\/\/hi-techwonder.com\/es\/producto\/smallrig-3031b-placa-de-liberacion-rapida-extendida-dji-rs2-3-3pro\/","title":{"rendered":"SMALLRIG 3031B Placa de liberaci\u00f3n r\u00e1pida extendida DJI RS2\/3\/3Pro"},"content":{"rendered":"<p>Monta una c\u00e1mara m\u00e1s grande en tu card\u00e1n DJI RS 2 con la placa de liberaci\u00f3n r\u00e1pida extendida SmallRig. La placa mide 4 cm m\u00e1s que la placa RS 2 original para proporcionar m\u00e1s espacio para c\u00e1maras m\u00e1s grandes y para montar componentes opcionales, como un soporte de riel para un motor de enfoque de seguimiento, un motor de zoom o una montura de lente. <\/p>\n<p>Hay una rosca de 1\/4&#8243;-20 en la parte inferior trasera de la placa para agregar un contrapeso opcional. La placa cuenta con tornillos de montaje de c\u00e1mara de 3\/8&#8243;-16 y 1\/4&#8243;-20 para montar una variedad de c\u00e1maras. El acolchado en la parte superior de la placa protege su c\u00e1mara de torceduras o ara\u00f1azos. Las marcas de medici\u00f3n en el lateral le permiten rastrear la mejor posici\u00f3n de equilibrio de la placa para su c\u00e1mara.  <\/p>\n<p>Compatibilidad<\/p>\n<ul>\n<li>DJI RS 2<\/li>\n<li>DJI RS 3<\/li>\n<li>DJI RS3 Pro<\/li>\n<\/ul>\n<p>Compatible con, pero no limitado a:<\/p>\n<ul>\n<li>Soporte de motor SmallRig Focus 2851<\/li>\n<li>Kit de contrapeso SmallRig 3125<\/li>\n<li>Contrapeso SmallRig AAW2284<\/li>\n<li>Contrapeso SmallRig AAW2285<\/li>\n<li>Soporte de lente SmallRig 2850<\/li>\n<\/ul>\n","protected":false},"excerpt":{"rendered":"<p>Monta una c\u00e1mara m\u00e1s grande en tu card\u00e1n DJI RS 2 con la placa de liberaci\u00f3n r\u00e1pida extendida SmallRig. La<\/p>\n","protected":false},"featured_media":70033,"comment_status":"closed","ping_status":"open","template":"","meta":{"_acf_changed":false},"product_brand":[2550],"product_cat":[1113],"product_tag":[],"class_list":{"0":"post-75469","1":"product","2":"type-product","3":"status-publish","4":"has-post-thumbnail","6":"product_brand-smallrig-es","7":"product_cat-accesorios-gimbals-video","9":"first","10":"onbackorder","11":"taxable","12":"shipping-taxable","13":"purchasable","14":"product-type-simple"},"bundled_by":[],"bundle_stock_status":"onbackorder","bundle_stock_quantity":0,"bundle_virtual":false,"bundle_layout":"","bundle_add_to_cart_form_location":"","bundle_editable_in_cart":false,"bundle_sold_individually_context":"","bundle_item_grouping":"","bundle_min_size":"","bundle_max_size":"","bundle_price":[],"bundled_items":[],"bundle_sell_ids":[],"acf":[],"_links":{"self":[{"href":"https:\/\/hi-techwonder.com\/es\/wp-json\/wp\/v2\/product\/75469","targetHints":{"allow":["GET"]}}],"collection":[{"href":"https:\/\/hi-techwonder.com\/es\/wp-json\/wp\/v2\/product"}],"about":[{"href":"https:\/\/hi-techwonder.com\/es\/wp-json\/wp\/v2\/types\/product"}],"replies":[{"embeddable":true,"href":"https:\/\/hi-techwonder.com\/es\/wp-json\/wp\/v2\/comments?post=75469"}],"wp:featuredmedia":[{"embeddable":true,"href":"https:\/\/hi-techwonder.com\/es\/wp-json\/wp\/v2\/media\/70033"}],"wp:attachment":[{"href":"https:\/\/hi-techwonder.com\/es\/wp-json\/wp\/v2\/media?parent=75469"}],"wp:term":[{"taxonomy":"product_brand","embeddable":true,"href":"https:\/\/hi-techwonder.com\/es\/wp-json\/wp\/v2\/product_brand?post=75469"},{"taxonomy":"product_cat","embeddable":true,"href":"https:\/\/hi-techwonder.com\/es\/wp-json\/wp\/v2\/product_cat?post=75469"},{"taxonomy":"product_tag","embeddable":true,"href":"https:\/\/hi-techwonder.com\/es\/wp-json\/wp\/v2\/product_tag?post=75469"}],"curies":[{"name":"wp","href":"https:\/\/api.w.org\/{rel}","templated":true}]}}