{"id":75473,"date":"2025-07-29T10:57:47","date_gmt":"2025-07-29T10:57:47","guid":{"rendered":"https:\/\/fv6qoy3ls0.wpdns.site\/product\/smallrig-3027-doble-empunadura-para-dji-rs2-rs3-rs4-pro\/"},"modified":"2026-01-24T23:01:56","modified_gmt":"2026-01-24T23:01:56","slug":"smallrig-3027-doble-empunadura-para-dji-rs2-rs3-rs4-pro","status":"publish","type":"product","link":"https:\/\/hi-techwonder.com\/es\/producto\/smallrig-3027-doble-empunadura-para-dji-rs2-rs3-rs4-pro\/","title":{"rendered":"SMALLRIG 3027 Doble empu\u00f1adura para DJI RS2 \/ RS3 \/ RS4 Pro"},"content":{"rendered":"<p>Trabaja con un poco m\u00e1s de comodidad y estabilidad al disparar con tu estabilizador DJI RS2\/RS3\/RS4 con la empu\u00f1adura dual del SmallRig. Le permite no sostener su card\u00e1n con ambas manos, este agarre est\u00e1 dise\u00f1ado para reducir la fatiga del brazo, especialmente durante largas sesiones de tiro. <\/p>\n<p><img loading=\"lazy\" decoding=\"async\" src=\"https:\/\/cdn11.bigcommerce.com\/s-1zvaiaywbz\/content\/images\/detail\/3027\/03.jpg\" alt=\"\" width=\"800\" height=\"377\"><img loading=\"lazy\" decoding=\"async\" src=\"https:\/\/cdn11.bigcommerce.com\/s-1zvaiaywbz\/content\/images\/detail\/3027\/04.jpg\" alt=\"\" width=\"800\" height=\"377\"><img loading=\"lazy\" decoding=\"async\" src=\"https:\/\/cdn11.bigcommerce.com\/s-1zvaiaywbz\/content\/images\/detail\/3027\/05.jpg\" alt=\"\" width=\"800\" height=\"376\"><img loading=\"lazy\" decoding=\"async\" src=\"https:\/\/cdn11.bigcommerce.com\/s-1zvaiaywbz\/content\/images\/detail\/3027\/06.jpg\" alt=\"\" width=\"800\" height=\"380\"><img loading=\"lazy\" decoding=\"async\" src=\"https:\/\/cdn11.bigcommerce.com\/s-1zvaiaywbz\/content\/images\/detail\/3027\/07.jpg\" alt=\"\" width=\"800\" height=\"377\"><\/p>\n<p><strong>Caracter\u00edstica clave:<\/strong><\/p>\n<p>1. Dise\u00f1ado para card\u00e1n DJI RS2 \/ RS3 \/ RS4 simple y PRO.<\/p>\n<p>2. Viene con zapatas fr\u00edas, soportes para accesorios de 1\/4&#8243;-20 y ARRI 3\/8&#8243;-16.<\/p>\n<p>3. Sujeci\u00f3n horizontal ajustable y al rev\u00e9s.<\/p>\n<p>4. Rieles NATO duales, liberaci\u00f3n r\u00e1pida y fijaci\u00f3n cuando se dispara en modo invertido.<\/p>\n<p>5. Pasador anti-extracci\u00f3n para evitar que el accesorio se caiga accidentalmente.<\/p>\n<p>6. La superficie mate combina perfectamente con el dise\u00f1o industrial del estabilizador.<\/p>\n<p>El SmallRig Dual Grip para DJI RS 2\/RSC 2 3027 est\u00e1 dise\u00f1ado para reducir la fatiga del brazo durante el disparo y proporcionar ricos soportes para accesorios. Est\u00e1 unido al riel de la OTAN a cada lado del card\u00e1n, f\u00e1cil de desmontar y ahorra tiempo. La empu\u00f1adura est\u00e1 dise\u00f1ada con rieles NATO de dos lados, que no solo son ajustables horizontalmente, sino que tambi\u00e9n son f\u00e1ciles de desmontar y apoyar el disparo en modo invertido. M\u00faltiples orificios roscados incorporados de 1\/4&#8243;-20 y ARRI 3\/8&#8243;-16 pueden conectar el Magic Arm 2115 al monitor. Los puertos de zapata fr\u00eda se pueden usar para el soporte de monitor 2905, go inal\u00e1mbrico, micr\u00f3fono, receptor de sonido, etc. Se desmonta en cuatro partes para facilitar su almacenamiento y transporte.     <\/p>\n<p><strong style=\"color: rgb(224, 62, 45);\">Notar:<\/strong> Instale en la direcci\u00f3n indicada por la flecha en el producto.<\/p>\n<p><strong>Compatibilidad:<\/strong><\/p>\n<p><\/p>\n<p><strong>Lista de empaque:<\/strong><\/p>\n<p>1 x Doble asa<\/p>\n<p><strong>Dimensiones del producto:<\/strong> 406 x 155 x 46 mm<\/p>\n<p><strong>Dimensiones del paquete:<\/strong> 215 x 115 x 65 mm<\/p>\n<p><strong>Peso neto:<\/strong> 551 g \u00b1 5 g<\/p>\n<p><strong>Peso del paquete:<\/strong> 670 g \u00b1 5 g<\/p>\n<p><strong>Material(es):<\/strong> Aleaci\u00f3n de aluminio, silicio<\/p>\n","protected":false},"excerpt":{"rendered":"<p>Trabaja con un poco m\u00e1s de comodidad y estabilidad al disparar con tu estabilizador DJI RS2\/RS3\/RS4 con la empu\u00f1adura dual<\/p>\n","protected":false},"featured_media":70063,"comment_status":"closed","ping_status":"open","template":"","meta":{"_acf_changed":false},"product_brand":[2550],"product_cat":[1113],"product_tag":[],"class_list":{"0":"post-75473","1":"product","2":"type-product","3":"status-publish","4":"has-post-thumbnail","6":"product_brand-smallrig-es","7":"product_cat-accesorios-gimbals-video","9":"first","10":"instock","11":"taxable","12":"shipping-taxable","13":"purchasable","14":"product-type-simple"},"bundled_by":[],"bundle_stock_status":"instock","bundle_stock_quantity":1,"bundle_virtual":false,"bundle_layout":"","bundle_add_to_cart_form_location":"","bundle_editable_in_cart":false,"bundle_sold_individually_context":"","bundle_item_grouping":"","bundle_min_size":"","bundle_max_size":"","bundle_price":[],"bundled_items":[],"bundle_sell_ids":[],"acf":[],"_links":{"self":[{"href":"https:\/\/hi-techwonder.com\/es\/wp-json\/wp\/v2\/product\/75473","targetHints":{"allow":["GET"]}}],"collection":[{"href":"https:\/\/hi-techwonder.com\/es\/wp-json\/wp\/v2\/product"}],"about":[{"href":"https:\/\/hi-techwonder.com\/es\/wp-json\/wp\/v2\/types\/product"}],"replies":[{"embeddable":true,"href":"https:\/\/hi-techwonder.com\/es\/wp-json\/wp\/v2\/comments?post=75473"}],"wp:featuredmedia":[{"embeddable":true,"href":"https:\/\/hi-techwonder.com\/es\/wp-json\/wp\/v2\/media\/70063"}],"wp:attachment":[{"href":"https:\/\/hi-techwonder.com\/es\/wp-json\/wp\/v2\/media?parent=75473"}],"wp:term":[{"taxonomy":"product_brand","embeddable":true,"href":"https:\/\/hi-techwonder.com\/es\/wp-json\/wp\/v2\/product_brand?post=75473"},{"taxonomy":"product_cat","embeddable":true,"href":"https:\/\/hi-techwonder.com\/es\/wp-json\/wp\/v2\/product_cat?post=75473"},{"taxonomy":"product_tag","embeddable":true,"href":"https:\/\/hi-techwonder.com\/es\/wp-json\/wp\/v2\/product_tag?post=75473"}],"curies":[{"name":"wp","href":"https:\/\/api.w.org\/{rel}","templated":true}]}}