{"id":75476,"date":"2025-07-29T10:52:21","date_gmt":"2025-07-29T10:52:21","guid":{"rendered":"https:\/\/fv6qoy3ls0.wpdns.site\/product\/smallrig-851-tubos-2-piezas-fibra-de-carbono-15mm-300mm\/"},"modified":"2025-07-29T10:52:21","modified_gmt":"2025-07-29T10:52:21","slug":"smallrig-851-tubos-2-piezas-fibra-de-carbono-15mm-300mm","status":"publish","type":"product","link":"https:\/\/hi-techwonder.com\/es\/producto\/smallrig-851-tubos-2-piezas-fibra-de-carbono-15mm-300mm\/","title":{"rendered":"SMALLRIG 851 Tubos (2 piezas) fibra de carbono 15mm \/300mm"},"content":{"rendered":"<p style=\"box-sizing: border-box; color: #4b4b4b; font-family: 'open sans', sans-serif; font-size: 14.4px; text-align: justify;\">Este conjunto de tuber\u00eda de fibra de carbono de 15 mm de di\u00e1metro de SmallRig le permite conectar accesorios montados en varillas de 15 mm a su plataforma.<\/p>\n<p style=\"box-sizing: border-box; color: #4b4b4b; font-family: 'open sans', sans-serif; font-size: 14.4px; text-align: justify;\">Miden 30 cm (6&#8243;) de largo y, con la placa base adecuada, cumplir\u00e1n con el est\u00e1ndar de varilla LWS de 15 mm para el montaje de accesorios. La construcci\u00f3n de fibra de carbono le da a estos tubos ligereza mientras mantiene la rigidez necesaria para el soporte de accesorios. <\/p>\n<p style=\"box-sizing: border-box; color: #4b4b4b; font-family: 'open sans', sans-serif; font-size: 14.4px; text-align: justify;\">Le permiten conectar una amplia variedad de accesorios disponibles, como follow focus, matte boxes y m\u00e1s.<\/p>\n<p style=\"box-sizing: border-box; color: #4b4b4b; font-family: 'open sans', sans-serif; font-size: 14.4px; text-align: justify;\"><strong style=\"box-sizing: border-box;\">Caracter\u00edsticas principales:<\/strong><\/p>\n<ul>\n<li style=\"box-sizing: border-box; color: #4b4b4b; font-family: 'open sans', sans-serif; font-size: 14.4px; text-align: justify;\">Luz<\/li>\n<li style=\"box-sizing: border-box; color: #4b4b4b; font-family: 'open sans', sans-serif; font-size: 14.4px; text-align: justify;\">Extremadamente r\u00edgido y duradero<\/li>\n<li style=\"box-sizing: border-box; color: #4b4b4b; font-family: 'open sans', sans-serif; font-size: 14.4px; text-align: justify;\">Resistente a la corrosi\u00f3n<\/li>\n<\/ul>\n<p style=\"box-sizing: border-box; color: #4b4b4b; font-family: 'open sans', sans-serif; font-size: 14.4px; text-align: justify;\"><strong style=\"box-sizing: border-box;\">Compatibilidad:<\/strong><\/p>\n<ul>\n<li style=\"box-sizing: border-box; color: #4b4b4b; font-family: 'open sans', sans-serif; font-size: 14.4px; text-align: justify;\">Sistema de soporte de 15 mm<\/li>\n<\/ul>\n<p style=\"box-sizing: border-box; color: #4b4b4b; font-family: 'open sans', sans-serif; font-size: 14.4px; text-align: justify;\">Contenido del paquete:<\/p>\n<ul>\n<li style=\"box-sizing: border-box; color: #4b4b4b; font-family: 'open sans', sans-serif; font-size: 14.4px; text-align: justify;\">2 tubos de fibra de carbono de 30 cm de largo y 1,5 cm de di\u00e1metro<\/li>\n<\/ul>\n","protected":false},"excerpt":{"rendered":"<p>Este conjunto de tuber\u00eda de fibra de carbono de 15 mm de di\u00e1metro de SmallRig le permite conectar accesorios montados<\/p>\n","protected":false},"featured_media":68676,"comment_status":"closed","ping_status":"open","template":"","meta":{"_acf_changed":false},"product_brand":[2550],"product_cat":[1101],"product_tag":[],"class_list":{"0":"post-75476","1":"product","2":"type-product","3":"status-publish","4":"has-post-thumbnail","6":"product_brand-smallrig-es","7":"product_cat-tubos-rieles","9":"first","10":"onbackorder","11":"taxable","12":"shipping-taxable","13":"purchasable","14":"product-type-simple"},"bundled_by":[],"bundle_stock_status":"onbackorder","bundle_stock_quantity":0,"bundle_virtual":false,"bundle_layout":"","bundle_add_to_cart_form_location":"","bundle_editable_in_cart":false,"bundle_sold_individually_context":"","bundle_item_grouping":"","bundle_min_size":"","bundle_max_size":"","bundle_price":[],"bundled_items":[],"bundle_sell_ids":[],"acf":[],"_links":{"self":[{"href":"https:\/\/hi-techwonder.com\/es\/wp-json\/wp\/v2\/product\/75476","targetHints":{"allow":["GET"]}}],"collection":[{"href":"https:\/\/hi-techwonder.com\/es\/wp-json\/wp\/v2\/product"}],"about":[{"href":"https:\/\/hi-techwonder.com\/es\/wp-json\/wp\/v2\/types\/product"}],"replies":[{"embeddable":true,"href":"https:\/\/hi-techwonder.com\/es\/wp-json\/wp\/v2\/comments?post=75476"}],"wp:featuredmedia":[{"embeddable":true,"href":"https:\/\/hi-techwonder.com\/es\/wp-json\/wp\/v2\/media\/68676"}],"wp:attachment":[{"href":"https:\/\/hi-techwonder.com\/es\/wp-json\/wp\/v2\/media?parent=75476"}],"wp:term":[{"taxonomy":"product_brand","embeddable":true,"href":"https:\/\/hi-techwonder.com\/es\/wp-json\/wp\/v2\/product_brand?post=75476"},{"taxonomy":"product_cat","embeddable":true,"href":"https:\/\/hi-techwonder.com\/es\/wp-json\/wp\/v2\/product_cat?post=75476"},{"taxonomy":"product_tag","embeddable":true,"href":"https:\/\/hi-techwonder.com\/es\/wp-json\/wp\/v2\/product_tag?post=75476"}],"curies":[{"name":"wp","href":"https:\/\/api.w.org\/{rel}","templated":true}]}}