{"id":75477,"date":"2025-07-29T10:49:59","date_gmt":"2025-07-29T10:49:59","guid":{"rendered":"https:\/\/fv6qoy3ls0.wpdns.site\/product\/smallrig-3093-np-f-adaptador-de-bateria-lite-para-bmpcc-4k-y-6k\/"},"modified":"2025-07-29T10:49:59","modified_gmt":"2025-07-29T10:49:59","slug":"smallrig-3093-np-f-adaptador-de-bateria-lite-para-bmpcc-4k-y-6k","status":"publish","type":"product","link":"https:\/\/hi-techwonder.com\/es\/producto\/smallrig-3093-np-f-adaptador-de-bateria-lite-para-bmpcc-4k-y-6k\/","title":{"rendered":"SMALLRIG 3093 NP-F Adaptador de bater\u00eda Lite para BMPCC 4K y 6K"},"content":{"rendered":"<p>Monta una bater\u00eda de la serie L en su jaula para alimentar tu c\u00e1mara y accesorios con esta zapata adaptadora de bater\u00eda SmallRig L-Series Lite. Esta placa de bater\u00eda de aluminio acepta una bater\u00eda de alta capacidad de la serie Sony NP-F\/L disponible para proporcionar hasta 12V o 7.4V de alta capacidad para su c\u00e1mara o accesorios. <\/p>\n<p> <strong>Caracter\u00edsticas principales:<\/strong><\/p>\n<p>  1. La placa se adapta a las bater\u00edas de tipo NP-F de Sony para proporcionar una mayor duraci\u00f3n de la bater\u00eda para BMPCC 4K y 6K.<\/p>\n<p>  2. Proporciona diferentes puertos de salida, incluido un puerto de salida de 12 V CC y un puerto de salida de 7,4 V CC.<\/p>\n<p>  3. Indicador LED para advertencia de bater\u00eda baja.<\/p>\n<p>  4. Almohadillas de goma en la parte inferior para una instalaci\u00f3n m\u00e1s estable.<\/p>\n<p>  5. Dos cables de carga: cable de bater\u00eda ficticio LP-E6 y un cable LEMO DC a 2 pines.<\/p>\n<p>  La placa adaptadora de bater\u00eda SmallRig NP-F Lite para BMPCC 4K y 6K 3093 est\u00e1 dise\u00f1ada para proporcionar una mayor duraci\u00f3n de la bater\u00eda para BMPCC 4K, 6K u otros dispositivos a trav\u00e9s de una bater\u00eda Sony NP-F. Proporciona diferentes puertos de salida, incluido un puerto de salida de 12 V CC (5,5 \/ 2,5 mm) y un puerto de salida de 7,4 V CC (5,5 \/ 2,1 mm). Tiene un indicador LED que se volver\u00e1 rojo cuando el nivel de la bater\u00eda sea inferior al 30%. Cuando el indicador parpadea, significa que el nivel de la bater\u00eda es inferior al 10% y necesita reemplazar la bater\u00eda. La placa tiene una almohadilla de goma en la parte inferior para una instalaci\u00f3n m\u00e1s estable. Viene con un cable de bater\u00eda LP-E6 ficticio y un cable LEMO DC a 2 pines.     <\/p>\n<p> <strong>Observaci\u00f3n:<\/strong><\/p>\n<p>  1. No lo use en un ambiente h\u00famedo para evitar un cortocircuito.<\/p>\n<p>  2. Este producto NO incluye una bater\u00eda NP-F.<\/p>\n<p>  3. Conecte el cable a la salida de CC correspondiente: LP-E6 a 7,4 V, DC-2 pines a 12 V;<\/p>\n<p>  4. Tenga en cuenta que el producto no tiene una bater\u00eda incorporada.<\/p>\n<p>  5. Longitud del cable de la bater\u00eda ficticia LP-E6: 60 cm.<\/p>\n<p>  6. Longitud del cable LEMO DC a 2 pines: 40 cm.<\/p>\n<p> <strong>Compatibilidad:<\/strong><\/p>\n<ul>\n<li>  C\u00e1mara BMPCC 4K, 6K<\/li>\n<li>  Bater\u00eda Sony NP-F<\/li>\n<\/ul>\n<p> <strong>El paquete incluye:<\/strong><\/p>\n<p>  1 x Placa adaptadora de bater\u00eda NP-F<\/p>\n<p>  1 x Cable de bater\u00eda ficticio LP-E6<\/p>\n<p>  1 x cable de CC a LEMO de 2 pines<\/p>\n<p>  2 x 1\/4&#8243;-20 Tornillo de montaje<\/p>\n<p>  1 x Llave Allen<\/p>\n<p> <strong>Dimensiones del producto:<\/strong> 94 x 18,7 x 45,9 mm<\/p>\n<p> <strong>Dimensiones del paquete:<\/strong> 120,7 x 103,7 x 43,7 mm<\/p>\n<p> <strong>Peso neto:<\/strong> 100 g \u00b1 5 g<\/p>\n<p> <strong>Peso del paquete:<\/strong> 158 g \u00b1 5 g<\/p>\n<p> <strong>Material(es):<\/strong> ABS+PC<\/p>\n","protected":false},"excerpt":{"rendered":"<p>Monta una bater\u00eda de la serie L en su jaula para alimentar tu c\u00e1mara y accesorios con esta zapata adaptadora<\/p>\n","protected":false},"featured_media":68165,"comment_status":"closed","ping_status":"open","template":"","meta":{"_acf_changed":false},"product_brand":[2550],"product_cat":[1104],"product_tag":[],"class_list":{"0":"post-75477","1":"product","2":"type-product","3":"status-publish","4":"has-post-thumbnail","6":"product_brand-smallrig-es","7":"product_cat-accesorios-cages","9":"first","10":"onbackorder","11":"taxable","12":"shipping-taxable","13":"purchasable","14":"product-type-simple"},"bundled_by":[],"bundle_stock_status":"onbackorder","bundle_stock_quantity":0,"bundle_virtual":false,"bundle_layout":"","bundle_add_to_cart_form_location":"","bundle_editable_in_cart":false,"bundle_sold_individually_context":"","bundle_item_grouping":"","bundle_min_size":"","bundle_max_size":"","bundle_price":[],"bundled_items":[],"bundle_sell_ids":[],"acf":[],"_links":{"self":[{"href":"https:\/\/hi-techwonder.com\/es\/wp-json\/wp\/v2\/product\/75477","targetHints":{"allow":["GET"]}}],"collection":[{"href":"https:\/\/hi-techwonder.com\/es\/wp-json\/wp\/v2\/product"}],"about":[{"href":"https:\/\/hi-techwonder.com\/es\/wp-json\/wp\/v2\/types\/product"}],"replies":[{"embeddable":true,"href":"https:\/\/hi-techwonder.com\/es\/wp-json\/wp\/v2\/comments?post=75477"}],"wp:featuredmedia":[{"embeddable":true,"href":"https:\/\/hi-techwonder.com\/es\/wp-json\/wp\/v2\/media\/68165"}],"wp:attachment":[{"href":"https:\/\/hi-techwonder.com\/es\/wp-json\/wp\/v2\/media?parent=75477"}],"wp:term":[{"taxonomy":"product_brand","embeddable":true,"href":"https:\/\/hi-techwonder.com\/es\/wp-json\/wp\/v2\/product_brand?post=75477"},{"taxonomy":"product_cat","embeddable":true,"href":"https:\/\/hi-techwonder.com\/es\/wp-json\/wp\/v2\/product_cat?post=75477"},{"taxonomy":"product_tag","embeddable":true,"href":"https:\/\/hi-techwonder.com\/es\/wp-json\/wp\/v2\/product_tag?post=75477"}],"curies":[{"name":"wp","href":"https:\/\/api.w.org\/{rel}","templated":true}]}}