{"id":75480,"date":"2025-07-29T10:51:17","date_gmt":"2025-07-29T10:51:17","guid":{"rendered":"https:\/\/fv6qoy3ls0.wpdns.site\/product\/smallrig-3204-placa-adaptadora-de-bateria-v-mount-con-brazo\/"},"modified":"2025-07-29T10:51:17","modified_gmt":"2025-07-29T10:51:17","slug":"smallrig-3204-placa-adaptadora-de-bateria-v-mount-con-brazo","status":"publish","type":"product","link":"https:\/\/hi-techwonder.com\/es\/producto\/smallrig-3204-placa-adaptadora-de-bateria-v-mount-con-brazo\/","title":{"rendered":"SMALLRIG 3204 Placa Adaptadora de Bater\u00eda V-Mount con Brazo"},"content":{"rendered":"<p>Alimenta tu c\u00e1mara y una variedad de accesorios de montaje con una sola bater\u00eda de alta capacidad con el adaptador SmallRig 15mm L Press-Clamp V y el brazo de montaje WS.<\/p>\n<p><strong>Caracter\u00edsticas principales:<\/strong><\/p>\n<ul>\n<li>Alimenta tu equipo con una bater\u00eda V-Mount<\/li>\n<li>Salidas USB de 14,8 D-Tap y 5V\/2A<\/li>\n<li>1 x 8 VDC y 2 x 12 salidas de barril VDC<\/li>\n<li>Brazo ajustable con abrazadera de varilla LWS de 15 mm<\/li>\n<li>Roscas de montaje de 1\/4&#8243;-20 en placa\/abrazadera<\/li>\n<li>Construcci\u00f3n de aluminio duradero<\/li>\n<\/ul>\n<p>Alimenta tu c\u00e1mara y una variedad de accesorios con una sola bater\u00eda de alta capacidad con montura en V con la placa adaptadora de bater\u00eda de montaje en V LWS de 15 mm de SmallRig y el brazo ajustable. La placa de la bater\u00eda proporciona una montura en V para una sola bater\u00eda de montura en V y una salida D-Tap de 14,8 V, una salida USB de 5 V\/2 A, una salida de barril de 8 V CC y dos salidas de barril de 12 V CC en los lados de la placa. <\/p>\n<p>La placa de aluminio tiene m\u00faltiples roscas de 1\/4&#8243;-20 en la parte posterior para montarla en una variedad de brazos, jaulas, abrazaderas o plataformas. La abrazadera de varilla LWS le permite montar el conjunto en varillas LWS est\u00e1ndar de 15 mm, disponibles por separado, utilizando palancas de bloqueo. La abrazadera de varilla tambi\u00e9n cuenta con m\u00faltiples roscas de montaje de accesorios de 1\/4&#8243;-20 para opciones de montaje adicionales. La placa tiene un bot\u00f3n de encendido en el lateral para que puedas cortar r\u00e1pidamente la bater\u00eda. <\/p>\n<p><strong>Compatibilidad<\/strong><\/p>\n<p>Una bater\u00eda V-mount (excepto las bater\u00edas V-mount de la serie PAGlink y la bater\u00eda Patona Premium para BP-190WS)<\/p>\n<p>Varillas LWS est\u00e1ndar de 15 mm<\/p>\n<div class=\"title_vdXF96s7fO\" style=\"box-sizing: inherit; padding: 2.8125rem 0px; text-transform: capitalize; font-family: OpenSans, 'Segoe UI', Helvetica, Roboto, Arial, sans-serif; font-size: 16px; background-color: #ffffff;\">\n<h2 class=\"text_v_wGSQBcdt comfy_v_wGSQBcdt sizeTitle1_v_wGSQBcdt weightNormal_v_wGSQBcdt primary_aEALyqkgyT\" style=\"box-sizing: inherit; margin: 0px; font-size: 2rem; font-weight: 400; line-height: 2.5rem;\" data-selenium=\"specsItemTitle\"><strong>Especificaciones de SmallRig 3204<\/strong><\/h2>\n<\/div>\n<div class=\"group_3sxa25I0gg\" style=\"box-sizing: inherit; margin-bottom: 2.1875rem; font-family: OpenSans, 'Segoe UI', Helvetica, Roboto, Arial, sans-serif; font-size: 16px; background-color: #ffffff;\">\n<div class=\"name_3sxa25I0gg firstGroupInItem_3sxa25I0gg\" style=\"box-sizing: inherit; border-bottom: 0.125rem solid #cdcdcd; color: #769e2d; font-size: 2rem; line-height: 2rem; padding: 0px 0px 0.875rem;\" data-selenium=\"specsItemGroupName\">Poder<\/div>\n<table class=\"table_3sxa25I0gg\" style=\"box-sizing: inherit; width: 981.75px;\" data-selenium=\"specsItemGroupTable\">\n<tbody style=\"box-sizing: inherit;\">\n<tr class=\"pair_3sxa25I0gg\" style=\"box-sizing: inherit; border-bottom: 0.0625rem solid #e7e7e7;\" data-selenium=\"specsItemGroupTableRow\">\n<td class=\"label_3sxa25I0gg \" style=\"box-sizing: inherit; border-top: none; padding: 1.25rem 0px; width: 373.062px; color: #666666; font-size: 1.125rem; line-height: 1.375rem; vertical-align: baseline;\" data-selenium=\"specsItemGroupTableColumnLabel\">Potencia de salida<\/td>\n<td class=\"value_3sxa25I0gg \" style=\"box-sizing: inherit; color: #666666; font-size: 1.125rem; line-height: 1.375rem; vertical-align: baseline; padding: 1.25rem 0px 1.25rem 2.5rem;\" data-selenium=\"specsItemGroupTableColumnValue\">Toma D: 14,8 V CC<br style=\"box-sizing: inherit;\">USB tipo A: 5 V CC a 2 A<br style=\"box-sizing: inherit;\">Conector de CC: 8 VDC<br style=\"box-sizing: inherit;\">Conector de CC: 12 V CC<\/td>\n<\/tr>\n<\/tbody>\n<\/table>\n<\/div>\n<div class=\"group_3sxa25I0gg\" style=\"box-sizing: inherit; margin-bottom: 2.1875rem; font-family: OpenSans, 'Segoe UI', Helvetica, Roboto, Arial, sans-serif; font-size: 16px; background-color: #ffffff;\">\n<div class=\"name_3sxa25I0gg\" style=\"box-sizing: inherit; border-bottom: 0.125rem solid #cdcdcd; color: #769e2d; font-size: 2rem; line-height: 2rem; padding: 1rem 0px 0.875rem;\" data-selenium=\"specsItemGroupName\">Generalmente<\/div>\n<table class=\"table_3sxa25I0gg\" style=\"box-sizing: inherit; width: 981.75px;\" data-selenium=\"specsItemGroupTable\">\n<tbody style=\"box-sizing: inherit;\">\n<tr class=\"pair_3sxa25I0gg\" style=\"box-sizing: inherit; border-bottom: 0.0625rem solid #e7e7e7;\" data-selenium=\"specsItemGroupTableRow\">\nM\u00e9todo de alimentaci\u00f3n <\/p>\n<td class=\"label_3sxa25I0gg \" style=\"box-sizing: inherit; border-top: none; padding: 1.25rem 0px; width: 373.062px; color: #666666; font-size: 1.125rem; line-height: 1.375rem; vertical-align: baseline;\" data-selenium=\"specsItemGroupTableColumnLabel\">de la c\u00e1mara<\/td>\n<td class=\"value_3sxa25I0gg \" style=\"box-sizing: inherit; color: #666666; font-size: 1.125rem; line-height: 1.375rem; vertical-align: baseline; padding: 1.25rem 0px 1.25rem 2.5rem;\" data-selenium=\"specsItemGroupTableColumnValue\">Conector<\/td>\n<\/tr>\n<tr class=\"pair_3sxa25I0gg\" style=\"box-sizing: inherit; border-bottom: 0.0625rem solid #e7e7e7;\" data-selenium=\"specsItemGroupTableRow\">\n<td class=\"label_3sxa25I0gg\" style=\"box-sizing: inherit; border-top: none; padding: 1.25rem 0px; width: 373.062px; color: #666666; font-size: 1.125rem; line-height: 1.375rem; vertical-align: baseline;\" data-selenium=\"specsItemGroupTableColumnLabel\">Conectores<\/td>\n<td class=\"value_3sxa25I0gg\" style=\"box-sizing: inherit; color: #666666; font-size: 1.125rem; line-height: 1.375rem; vertical-align: baseline; padding: 1.25rem 0px 1.25rem 2.5rem;\" data-selenium=\"specsItemGroupTableColumnValue\">1 x D-Touch<br style=\"box-sizing: inherit;\">1 x USB tipo A<br style=\"box-sizing: inherit;\">3 x conector de CC<\/td>\n<\/tr>\n<tr class=\"pair_3sxa25I0gg\" style=\"box-sizing: inherit; border-bottom: 0.0625rem solid #e7e7e7;\" data-selenium=\"specsItemGroupTableRow\">\n<td class=\"label_3sxa25I0gg\" style=\"box-sizing: inherit; border-top: none; padding: 1.25rem 0px; width: 373.062px; color: #666666; font-size: 1.125rem; line-height: 1.375rem; vertical-align: baseline;\" data-selenium=\"specsItemGroupTableColumnLabel\">Placa frontal \/ soporte<\/td>\n<p> de bater\u00eda<\/p>\n<td class=\"value_3sxa25I0gg\" style=\"box-sizing: inherit; color: #666666; font-size: 1.125rem; line-height: 1.375rem; vertical-align: baseline; padding: 1.25rem 0px 1.25rem 2.5rem;\" data-selenium=\"specsItemGroupTableColumnValue\">Montura en V<\/td>\n<\/tr>\n<tr class=\"pair_3sxa25I0gg\" style=\"box-sizing: inherit; border-bottom: 0.0625rem solid #e7e7e7;\" data-selenium=\"specsItemGroupTableRow\">\nPlaca <\/p>\n<td class=\"label_3sxa25I0gg\" style=\"box-sizing: inherit; border-top: none; padding: 1.25rem 0px; width: 373.062px; color: #666666; font-size: 1.125rem; line-height: 1.375rem; vertical-align: baseline;\" data-selenium=\"specsItemGroupTableColumnLabel\">de montaje trasera<\/td>\n<td class=\"value_3sxa25I0gg\" style=\"box-sizing: inherit; color: #666666; font-size: 1.125rem; line-height: 1.375rem; vertical-align: baseline; padding: 1.25rem 0px 1.25rem 2.5rem;\" data-selenium=\"specsItemGroupTableColumnValue\">1\/4&#8243;-20 hembra, abrazadera de varilla de 15 mm<\/td>\n<\/tr>\n<tr class=\"pair_3sxa25I0gg\" style=\"box-sizing: inherit; border-bottom: 0.0625rem solid #e7e7e7;\" data-selenium=\"specsItemGroupTableRow\">\n<td class=\"label_3sxa25I0gg\" style=\"box-sizing: inherit; border-top: none; padding: 1.25rem 0px; width: 373.062px; color: #666666; font-size: 1.125rem; line-height: 1.375rem; vertical-align: baseline;\" data-selenium=\"specsItemGroupTableColumnLabel\">N\u00famero de<\/td>\n<p> compartimentos de bater\u00eda <\/p>\n<td class=\"value_3sxa25I0gg\" style=\"box-sizing: inherit; color: #666666; font-size: 1.125rem; line-height: 1.375rem; vertical-align: baseline; padding: 1.25rem 0px 1.25rem 2.5rem;\" data-selenium=\"specsItemGroupTableColumnValue\">1<\/td>\n<\/tr>\n<tr class=\"pair_3sxa25I0gg\" style=\"box-sizing: inherit; border-bottom: 0.0625rem solid #e7e7e7;\" data-selenium=\"specsItemGroupTableRow\">\n<td class=\"label_3sxa25I0gg\" style=\"box-sizing: inherit; border-top: none; padding: 1.25rem 0px; width: 373.062px; color: #666666; font-size: 1.125rem; line-height: 1.375rem; vertical-align: baseline;\" data-selenium=\"specsItemGroupTableColumnLabel\">Accesorios<\/td>\n<p> de montaje<\/p>\n<td class=\"value_3sxa25I0gg\" style=\"box-sizing: inherit; color: #666666; font-size: 1.125rem; line-height: 1.375rem; vertical-align: baseline; padding: 1.25rem 0px 1.25rem 2.5rem;\" data-selenium=\"specsItemGroupTableColumnValue\">1\/4&#8243;-20 Hembra<\/td>\n<\/tr>\n<tr class=\"pair_3sxa25I0gg\" style=\"box-sizing: inherit; border-bottom: 0.0625rem solid #e7e7e7;\" data-selenium=\"specsItemGroupTableRow\">\n<td class=\"label_3sxa25I0gg\" style=\"box-sizing: inherit; border-top: none; padding: 1.25rem 0px; width: 373.062px; color: #666666; font-size: 1.125rem; line-height: 1.375rem; vertical-align: baseline;\" data-selenium=\"specsItemGroupTableColumnLabel\">Material de construcci\u00f3n<\/td>\n<td class=\"value_3sxa25I0gg\" style=\"box-sizing: inherit; color: #666666; font-size: 1.125rem; line-height: 1.375rem; vertical-align: baseline; padding: 1.25rem 0px 1.25rem 2.5rem;\" data-selenium=\"specsItemGroupTableColumnValue\">Aluminio<\/td>\n<\/tr>\n<tr class=\"pair_3sxa25I0gg\" style=\"box-sizing: inherit; border-bottom: 0.0625rem solid #e7e7e7;\" data-selenium=\"specsItemGroupTableRow\">\n<td class=\"label_3sxa25I0gg\" style=\"box-sizing: inherit; border-top: none; padding: 1.25rem 0px; width: 373.062px; color: #666666; font-size: 1.125rem; line-height: 1.375rem; vertical-align: baseline;\" data-selenium=\"specsItemGroupTableColumnLabel\">Dimensiones<\/td>\n<td class=\"value_3sxa25I0gg\" style=\"box-sizing: inherit; color: #666666; font-size: 1.125rem; line-height: 1.375rem; vertical-align: baseline; padding: 1.25rem 0px 1.25rem 2.5rem;\" data-selenium=\"specsItemGroupTableColumnValue\">16,87 x 10,8 x 6,13 cm<\/td>\n<\/tr>\n<tr class=\"pair_3sxa25I0gg\" style=\"box-sizing: inherit; border-bottom: 0.0625rem solid #e7e7e7;\" data-selenium=\"specsItemGroupTableRow\">\n<td class=\"label_3sxa25I0gg\" style=\"box-sizing: inherit; border-top: none; padding: 1.25rem 0px; width: 373.062px; color: #666666; font-size: 1.125rem; line-height: 1.375rem; vertical-align: baseline;\" data-selenium=\"specsItemGroupTableColumnLabel\">Peso<\/td>\n<td class=\"value_3sxa25I0gg\" style=\"box-sizing: inherit; color: #666666; font-size: 1.125rem; line-height: 1.375rem; vertical-align: baseline; padding: 1.25rem 0px 1.25rem 2.5rem;\" data-selenium=\"specsItemGroupTableColumnValue\">404 gramos<\/td>\n<\/tr>\n<\/tbody>\n<\/table>\n<\/div>\n<p><strong>En la caja:<\/strong><\/p>\n<ul>\n<li>Placa adaptadora de bater\u00eda SmallRig V-mount con abrazadera de varilla LWS de 15 mm y brazo ajustable<\/li>\n<li>Soporte de varilla LWS s\u00faper ligero SmallRig 942 de 15mm v3<\/li>\n<li>Brazo ajustable<\/li>\n<\/ul>\n","protected":false},"excerpt":{"rendered":"<p>Alimenta tu c\u00e1mara y una variedad de accesorios de montaje con una sola bater\u00eda de alta capacidad con el adaptador<\/p>\n","protected":false},"featured_media":68449,"comment_status":"closed","ping_status":"open","template":"","meta":{"_acf_changed":false},"product_brand":[2550],"product_cat":[1097],"product_tag":[],"class_list":{"0":"post-75480","1":"product","2":"type-product","3":"status-publish","4":"has-post-thumbnail","6":"product_brand-smallrig-es","7":"product_cat-bases-zapatas","9":"first","10":"onbackorder","11":"taxable","12":"shipping-taxable","13":"purchasable","14":"product-type-simple"},"bundled_by":[],"bundle_stock_status":"onbackorder","bundle_stock_quantity":0,"bundle_virtual":false,"bundle_layout":"","bundle_add_to_cart_form_location":"","bundle_editable_in_cart":false,"bundle_sold_individually_context":"","bundle_item_grouping":"","bundle_min_size":"","bundle_max_size":"","bundle_price":[],"bundled_items":[],"bundle_sell_ids":[],"acf":[],"_links":{"self":[{"href":"https:\/\/hi-techwonder.com\/es\/wp-json\/wp\/v2\/product\/75480","targetHints":{"allow":["GET"]}}],"collection":[{"href":"https:\/\/hi-techwonder.com\/es\/wp-json\/wp\/v2\/product"}],"about":[{"href":"https:\/\/hi-techwonder.com\/es\/wp-json\/wp\/v2\/types\/product"}],"replies":[{"embeddable":true,"href":"https:\/\/hi-techwonder.com\/es\/wp-json\/wp\/v2\/comments?post=75480"}],"wp:featuredmedia":[{"embeddable":true,"href":"https:\/\/hi-techwonder.com\/es\/wp-json\/wp\/v2\/media\/68449"}],"wp:attachment":[{"href":"https:\/\/hi-techwonder.com\/es\/wp-json\/wp\/v2\/media?parent=75480"}],"wp:term":[{"taxonomy":"product_brand","embeddable":true,"href":"https:\/\/hi-techwonder.com\/es\/wp-json\/wp\/v2\/product_brand?post=75480"},{"taxonomy":"product_cat","embeddable":true,"href":"https:\/\/hi-techwonder.com\/es\/wp-json\/wp\/v2\/product_cat?post=75480"},{"taxonomy":"product_tag","embeddable":true,"href":"https:\/\/hi-techwonder.com\/es\/wp-json\/wp\/v2\/product_tag?post=75480"}],"curies":[{"name":"wp","href":"https:\/\/api.w.org\/{rel}","templated":true}]}}