{"id":75482,"date":"2025-07-29T10:52:12","date_gmt":"2025-07-29T10:52:12","guid":{"rendered":"https:\/\/fv6qoy3ls0.wpdns.site\/product\/smallrig-3411-soporte-de-cana-15mm-para-caja-mate-2660\/"},"modified":"2025-12-30T18:13:41","modified_gmt":"2025-12-30T18:13:41","slug":"smallrig-3411-soporte-de-cana-15mm-para-caja-mate-2660","status":"publish","type":"product","link":"https:\/\/hi-techwonder.com\/es\/producto\/smallrig-3411-soporte-de-cana-15mm-para-caja-mate-2660\/","title":{"rendered":"SMALLRIG 3411 Soporte de ca\u00f1a 15mm para caja mate 2660"},"content":{"rendered":"<p><strong>Descripci\u00f3n<\/strong><\/p>\n<p>Este portaca\u00f1as est\u00e1 dise\u00f1ado para sujetar el Matte Box 2660 a un sistema de soporte de riel de 15 mm. Se conecta al orificio roscado inferior de la Matte Box 2660 mediante un tornillo de 1\/4\u00bb-20, es segura y estable y cuenta con una abrazadera de v\u00e1stago semiabierta para montarse r\u00e1pidamente en el sistema de soporte del riel sin desmontar otros accesorios. Cuenta con un tornillo y una perilla, que se pueden ajustar 20,5 mm verticalmente para permitir una distancia de 80-100,5 mm entre el centro de la patilla doble y el centro de la lente.  <\/p>\n<p><strong>Funciones:<\/strong><\/p>\n<ul>\n<li>Soporte de ca\u00f1a doble dedicado, para SmallRig Matte Box 2660.<\/li>\n<li>La abrazadera de varilla semiabierta est\u00e1 dise\u00f1ada con un conjunto a presi\u00f3n sin herramientas.<\/li>\n<li>Se adhiere a la carcasa mate mediante un perno de 1\/4&#8243;-20 y cuenta con una estructura antitorsi\u00f3n para garantizar la estabilidad.<\/li>\n<li>20,5 mm ajustable verticalmente para permitir una distancia de 80-100,5 mm entre el centro de la patilla doble y el centro de la lente.<\/li>\n<\/ul>\n<p>Compatibilidad: SmallRig Matte Box 2660<\/p>\n<p><strong>Contenido del paquete:&nbsp;<\/strong><\/p>\n<ul>\n<li>1 x Soporte de ca\u00f1a doble<\/li>\n<li>1 x Llave Allen<\/li>\n<\/ul>\n<p><strong>Dimensiones:<\/strong> 102,5 x 48 x 47 mm<\/p>\n<p><strong>Material:<\/strong> aleaci\u00f3n de aluminio, acero inoxidable<\/p>\n","protected":false},"excerpt":{"rendered":"<p>Descripci\u00f3n Este portaca\u00f1as est\u00e1 dise\u00f1ado para sujetar el Matte Box 2660 a un sistema de soporte de riel de 15<\/p>\n","protected":false},"featured_media":68666,"comment_status":"closed","ping_status":"open","template":"","meta":{"_acf_changed":false},"product_brand":[2550],"product_cat":[1101],"product_tag":[],"class_list":{"0":"post-75482","1":"product","2":"type-product","3":"status-publish","4":"has-post-thumbnail","6":"product_brand-smallrig-es","7":"product_cat-tubos-rieles","9":"first","10":"instock","11":"taxable","12":"shipping-taxable","13":"purchasable","14":"product-type-simple"},"bundled_by":[],"bundle_stock_status":"instock","bundle_stock_quantity":2,"bundle_virtual":false,"bundle_layout":"","bundle_add_to_cart_form_location":"","bundle_editable_in_cart":false,"bundle_sold_individually_context":"","bundle_item_grouping":"","bundle_min_size":"","bundle_max_size":"","bundle_price":[],"bundled_items":[],"bundle_sell_ids":[],"acf":[],"_links":{"self":[{"href":"https:\/\/hi-techwonder.com\/es\/wp-json\/wp\/v2\/product\/75482","targetHints":{"allow":["GET"]}}],"collection":[{"href":"https:\/\/hi-techwonder.com\/es\/wp-json\/wp\/v2\/product"}],"about":[{"href":"https:\/\/hi-techwonder.com\/es\/wp-json\/wp\/v2\/types\/product"}],"replies":[{"embeddable":true,"href":"https:\/\/hi-techwonder.com\/es\/wp-json\/wp\/v2\/comments?post=75482"}],"wp:featuredmedia":[{"embeddable":true,"href":"https:\/\/hi-techwonder.com\/es\/wp-json\/wp\/v2\/media\/68666"}],"wp:attachment":[{"href":"https:\/\/hi-techwonder.com\/es\/wp-json\/wp\/v2\/media?parent=75482"}],"wp:term":[{"taxonomy":"product_brand","embeddable":true,"href":"https:\/\/hi-techwonder.com\/es\/wp-json\/wp\/v2\/product_brand?post=75482"},{"taxonomy":"product_cat","embeddable":true,"href":"https:\/\/hi-techwonder.com\/es\/wp-json\/wp\/v2\/product_cat?post=75482"},{"taxonomy":"product_tag","embeddable":true,"href":"https:\/\/hi-techwonder.com\/es\/wp-json\/wp\/v2\/product_tag?post=75482"}],"curies":[{"name":"wp","href":"https:\/\/api.w.org\/{rel}","templated":true}]}}