{"id":75486,"date":"2025-07-29T10:23:36","date_gmt":"2025-07-29T10:23:36","guid":{"rendered":"https:\/\/fv6qoy3ls0.wpdns.site\/product\/wimberley-wh-200-ii-gimbal-panoramico\/"},"modified":"2025-09-11T09:36:20","modified_gmt":"2025-09-11T09:36:20","slug":"wimberley-wh-200-ii-gimbal-panoramico","status":"publish","type":"product","link":"https:\/\/hi-techwonder.com\/es\/producto\/wimberley-wh-200-ii-gimbal-panoramico\/","title":{"rendered":"WIMBERLEY WH-200 II Gimbal panor\u00e1mico"},"content":{"rendered":"<h3><strong>WIMBERLEY WH-200 II Gimbal panor\u00e1mico<\/strong><\/h3>\n<ul>\n<li>Cabezal de tr\u00edpode de card\u00e1n<\/li>\n<li>Admite lentes anchos, medianos y teleobjetivos<\/li>\n<li>Base de liberaci\u00f3n r\u00e1pida compatible con el tipo Arca<\/li>\n<li>Placa QR requerida disponible por separado<\/li>\n<li>Pesa 1,45 kg<\/li>\n<\/ul>\n<p>El cabezal de card\u00e1n Wimberley WH-200 II con base de liberaci\u00f3n r\u00e1pida es un cabezal de tr\u00edpode tipo card\u00e1n que incorpora un mecanismo de inclinaci\u00f3n elevado y una plataforma ajustable para hacer que el centro de gravedad de la c\u00e1mara \/ lente y el eje de inclinaci\u00f3n del cabezal est\u00e9n perfectamente alineados.<\/p>\n<p>Las cosas que alguna vez se consideraron imposibles con una cabeza esf\u00e9rica son nada menos que mundanas con un Wimberley, porque una combinaci\u00f3n pesada de c\u00e1mara \/ lente (incluso un 600 mm f \/ 4 con un cuerpo grande) se puede controlar literalmente con un dedo. Apunte el equipo hacia donde lo desee y retire la mano, y se quedar\u00e1 exactamente donde lo puso. <\/p>\n<p>El cabezal Version II es m\u00e1s compacto y liviano, cuenta con una base de panor\u00e1mica redise\u00f1ada, botones de \u00abtacto suave\u00bb e incluye una base de liberaci\u00f3n r\u00e1pida integrada compatible con el tipo Arca.  <strong>Se requiere una placa de liberaci\u00f3n r\u00e1pida tipo Arca y est\u00e1 disponible por separado.<\/strong><\/p>\n<ul>\n<li>La base de liberaci\u00f3n r\u00e1pida compatible con el tipo Arca lo hace compatible con las muchas placas disponibles de Arca-Swiss, Acratech, Kirk, Wimberly, Really Right Stuff, Foba, etc.<\/li>\n<li>El cabezal no tiene controles separados para tensi\u00f3n y bloqueo, pero los controles de bloqueo proporcionan una resistencia suave con un deslizamiento de palanca disminuido.<\/li>\n<li>La altura total de la cabeza es de 23,5 cm, con la plataforma de la lente ajustable de 8,9 a 18 cm. La l\u00ednea central de una lente equilibrada estar\u00e1 aproximadamente a 21 cm por encima de la parte inferior de la cabeza. <\/li>\n<li>Distancia desde la superficie de montaje de la plataforma hasta el eje de inclinaci\u00f3n: Ajustable de 2,8 a 12,2 cm.<\/li>\n<li>La base de panor\u00e1mica redise\u00f1ada de la cabeza no tiene juego y la perilla de bloqueo de panor\u00e1mica se ha movido hacia el costado de la cabeza; Esto permite al usuario operar f\u00e1cilmente ambos botones con la misma mano.<\/li>\n<li>Los botones \u00absuaves al tacto\u00bb con l\u00f3bulos proporcionan un agarre m\u00e1s c\u00f3modo y un mejor rendimiento cuando se usan guantes.<\/li>\n<li>Recubrimiento en polvo\/acabado anodizado.<\/li>\n<li>Hecho en los Estados Unidos.<\/li>\n<\/ul>\n<p><strong>Caracter\u00edsticas t\u00e9cnicas<\/strong><\/p>\n<p><em>Cabeza<\/em><\/p>\n<ul>\n<li>Tipo de cabeza: card\u00e1n panor\u00e1mico&nbsp;<\/li>\n<li>Montaje en base: 3\/8&#8243;-16 hembra<\/li>\n<li>Placa de liberaci\u00f3n r\u00e1pida: tipo Arca<\/li>\n<li>N\u00famero de niveles de burbuja: Ninguno<\/li>\n<li>Control de fricci\u00f3n: S\u00ed<\/li>\n<\/ul>\n<p><em>Generalmente<\/em><\/p>\n<ul>\n<li>Capacidad de carga: &gt;45kg<\/li>\n<li>Peso: 1,4 kg<\/li>\n<\/ul>\n","protected":false},"excerpt":{"rendered":"<p>WIMBERLEY WH-200 II Gimbal panor\u00e1mico Cabezal de tr\u00edpode de card\u00e1n Admite lentes anchos, medianos y teleobjetivos Base de liberaci\u00f3n r\u00e1pida<\/p>\n","protected":false},"featured_media":62655,"comment_status":"closed","ping_status":"open","template":"","meta":{"_acf_changed":false},"product_brand":[2687],"product_cat":[1076],"product_tag":[],"class_list":{"0":"post-75486","1":"product","2":"type-product","3":"status-publish","4":"has-post-thumbnail","6":"product_brand-wimberley-es","7":"product_cat-gimbals-es","9":"first","10":"pre-order","11":"taxable","12":"shipping-taxable","13":"purchasable","14":"product-type-simple"},"bundled_by":[],"bundle_stock_status":"pre-order","bundle_stock_quantity":null,"bundle_virtual":false,"bundle_layout":"","bundle_add_to_cart_form_location":"","bundle_editable_in_cart":false,"bundle_sold_individually_context":"","bundle_item_grouping":"","bundle_min_size":"","bundle_max_size":"","bundle_price":[],"bundled_items":[],"bundle_sell_ids":[],"acf":[],"_links":{"self":[{"href":"https:\/\/hi-techwonder.com\/es\/wp-json\/wp\/v2\/product\/75486","targetHints":{"allow":["GET"]}}],"collection":[{"href":"https:\/\/hi-techwonder.com\/es\/wp-json\/wp\/v2\/product"}],"about":[{"href":"https:\/\/hi-techwonder.com\/es\/wp-json\/wp\/v2\/types\/product"}],"replies":[{"embeddable":true,"href":"https:\/\/hi-techwonder.com\/es\/wp-json\/wp\/v2\/comments?post=75486"}],"wp:featuredmedia":[{"embeddable":true,"href":"https:\/\/hi-techwonder.com\/es\/wp-json\/wp\/v2\/media\/62655"}],"wp:attachment":[{"href":"https:\/\/hi-techwonder.com\/es\/wp-json\/wp\/v2\/media?parent=75486"}],"wp:term":[{"taxonomy":"product_brand","embeddable":true,"href":"https:\/\/hi-techwonder.com\/es\/wp-json\/wp\/v2\/product_brand?post=75486"},{"taxonomy":"product_cat","embeddable":true,"href":"https:\/\/hi-techwonder.com\/es\/wp-json\/wp\/v2\/product_cat?post=75486"},{"taxonomy":"product_tag","embeddable":true,"href":"https:\/\/hi-techwonder.com\/es\/wp-json\/wp\/v2\/product_tag?post=75486"}],"curies":[{"name":"wp","href":"https:\/\/api.w.org\/{rel}","templated":true}]}}