{"id":75488,"date":"2025-07-29T10:37:59","date_gmt":"2025-07-29T10:37:59","guid":{"rendered":"https:\/\/fv6qoy3ls0.wpdns.site\/product\/tripode-sirui-traveler-carbon-5cx-b-00k\/"},"modified":"2026-01-31T01:30:44","modified_gmt":"2026-01-31T01:30:44","slug":"sirui-tripode-sirui-traveler-carbon-5cx-b-00k","status":"publish","type":"product","link":"https:\/\/hi-techwonder.com\/es\/producto\/sirui-tripode-sirui-traveler-carbon-5cx-b-00k\/","title":{"rendered":"Tr\u00edpode SIRUI Traveler Carbon 5CX + B-00K"},"content":{"rendered":"<p><strong>Tr\u00edpode de carbono SIRUI Traveler 5CX + cabezal de ca\u00f1a B-00K<\/strong><\/p>\n<p><strong>Contenido del paquete:<\/strong><\/p>\n<ul>\n<li>Tr\u00edpode de carbono Traveler 5CX&nbsp;<\/li>\n<li>Cabeza de varilla B-00K<\/li>\n<li>Zapato universal Arca-Swiss TY-C10<\/li>\n<li>Estuche de almacenamiento<\/li>\n<\/ul>\n<p><strong>Especificaciones Tr\u00edpode de carbono con cabeza de varilla:<\/strong><\/p>\n<ul>\n<li>Secciones: 5<\/li>\n<li>Altura m\u00ednima: 16 cm<\/li>\n<li>Altura m\u00ednima con columna central elevada: 138 cm&nbsp;&nbsp;<\/li>\n<li>Dimensiones del paquete: 33 cm<\/li>\n<li>Di\u00e1metro del tubo: 10 &#8211; 22 mm<\/li>\n<li>Peso: 0,85 kg<\/li>\n<li>Capacidad: 4 kg<\/li>\n<li>Material: Fibra de carbono<\/li>\n<li>Color: Negro<\/li>\n<\/ul>\n<p><strong>Especificaciones R\u00f3tula:<\/strong><\/p>\n<ul>\n<li>Altura: 7,3 cm<\/li>\n<li>Di\u00e1metro de la base: 4,2 cm<\/li>\n<li>Peso: 215 g<\/li>\n<li>Zapata con sistema Arca-Swiss<\/li>\n<li>Material: Aluminio&nbsp;<\/li>\n<li>Color: Negro<\/li>\n<\/ul>\n","protected":false},"excerpt":{"rendered":"<p>Tr\u00edpode de carbono SIRUI Traveler 5CX + cabezal de ca\u00f1a B-00K Contenido del paquete: Tr\u00edpode de carbono Traveler 5CX&nbsp; Cabeza<\/p>\n","protected":false},"featured_media":65366,"comment_status":"closed","ping_status":"open","template":"","meta":{"_acf_changed":false},"product_brand":[2597],"product_cat":[1092],"product_tag":[],"class_list":{"0":"post-75488","1":"product","2":"type-product","3":"status-publish","4":"has-post-thumbnail","6":"product_brand-sirui-es","7":"product_cat-kits-foto-es","9":"first","10":"instock","11":"taxable","12":"shipping-taxable","13":"purchasable","14":"product-type-simple"},"bundled_by":[],"bundle_stock_status":"instock","bundle_stock_quantity":2,"bundle_virtual":false,"bundle_layout":"","bundle_add_to_cart_form_location":"","bundle_editable_in_cart":false,"bundle_sold_individually_context":"","bundle_item_grouping":"","bundle_min_size":"","bundle_max_size":"","bundle_price":[],"bundled_items":[],"bundle_sell_ids":[],"acf":[],"_links":{"self":[{"href":"https:\/\/hi-techwonder.com\/es\/wp-json\/wp\/v2\/product\/75488","targetHints":{"allow":["GET"]}}],"collection":[{"href":"https:\/\/hi-techwonder.com\/es\/wp-json\/wp\/v2\/product"}],"about":[{"href":"https:\/\/hi-techwonder.com\/es\/wp-json\/wp\/v2\/types\/product"}],"replies":[{"embeddable":true,"href":"https:\/\/hi-techwonder.com\/es\/wp-json\/wp\/v2\/comments?post=75488"}],"wp:featuredmedia":[{"embeddable":true,"href":"https:\/\/hi-techwonder.com\/es\/wp-json\/wp\/v2\/media\/65366"}],"wp:attachment":[{"href":"https:\/\/hi-techwonder.com\/es\/wp-json\/wp\/v2\/media?parent=75488"}],"wp:term":[{"taxonomy":"product_brand","embeddable":true,"href":"https:\/\/hi-techwonder.com\/es\/wp-json\/wp\/v2\/product_brand?post=75488"},{"taxonomy":"product_cat","embeddable":true,"href":"https:\/\/hi-techwonder.com\/es\/wp-json\/wp\/v2\/product_cat?post=75488"},{"taxonomy":"product_tag","embeddable":true,"href":"https:\/\/hi-techwonder.com\/es\/wp-json\/wp\/v2\/product_tag?post=75488"}],"curies":[{"name":"wp","href":"https:\/\/api.w.org\/{rel}","templated":true}]}}