{"id":75492,"date":"2025-07-29T10:38:29","date_gmt":"2025-07-29T10:38:29","guid":{"rendered":"https:\/\/fv6qoy3ls0.wpdns.site\/product\/tripode-sirui-svs75-pro-rapid-carbono\/"},"modified":"2026-04-24T09:28:02","modified_gmt":"2026-04-24T08:28:02","slug":"sirui-tripode-sirui-svs75-pro-rapid-carbono","status":"publish","type":"product","link":"https:\/\/hi-techwonder.com\/es\/producto\/sirui-tripode-sirui-svs75-pro-rapid-carbono\/","title":{"rendered":"Tr\u00edpode SIRUI SVS75 Pro Rapid Carbono"},"content":{"rendered":"<h3><strong> <\/strong><b>Tr\u00edpode Sirui SVS75 Pro Rapid Fibra de Carbono<\/b><\/h3>\n<hr>\n<h3><strong>Funciones<\/strong><\/h3>\n<ul>\n<li>\n<p><strong>Construcci\u00f3n de fibra de carbono<\/strong><br \/>El SVS75 Pro Rapid est\u00e1 fabricado en fibra de carbono de alta calidad, lo que garantiza una estructura ultraligera y resistente al mismo tiempo. Las patas de 40 mm de di\u00e1metro soportan configuraciones de video pesadas. <\/p>\n<\/li>\n<li>\n<p><strong>Montaje y desmontaje r\u00e1pidos<\/strong><br \/>El sistema de despliegue r\u00e1pido le permite configurar el tr\u00edpode en unos momentos, asegurando que no se pierda ning\u00fan momento importante.<\/p>\n<\/li>\n<li>\n<p><strong>R\u00f3tula de media bola de 75 mm<\/strong><br \/>Compatible con una amplia gama de cabezales de video, permite movimientos suaves de giro e inclinaci\u00f3n, una necesidad para im\u00e1genes estables y de aspecto cinematogr\u00e1fico.<\/p>\n<\/li>\n<li>\n<p><strong>Capacidad de carga de hasta 25 kg<\/strong><br \/>El dise\u00f1o resistente sostiene f\u00e1cilmente c\u00e1maras y accesorios pesados, lo que lo hace adecuado para producciones profesionales con equipos grandes.<\/p>\n<\/li>\n<li>\n<p><strong>Ajuste de altura vers\u00e1til (21 a 155 cm)<\/strong><br \/>Var\u00ede el \u00e1ngulo de disparo entre primeros planos cerca del suelo (21 cm) y tomas m\u00e1s altas (hasta 155 cm), lo que permite una variedad de configuraciones creativas.<\/p>\n<\/li>\n<li>\n<p><strong>Compacto y port\u00e1til<\/strong><br \/>Con 75 cm de largo cuando se recoge y un peso de solo 4,1 kg, se puede transportar f\u00e1cilmente. Incluye un asa integrada, que facilita su manejo y movimiento. <\/p>\n<\/li>\n<li>\n<p><strong>Esparcidor de nivel medio<\/strong><br \/>Un espaciador interno proporciona estabilidad adicional, asegurando que las patas se abran uniformemente en terrenos irregulares.<\/p>\n<\/li>\n<li>\n<p><strong>Base de nivelaci\u00f3n de liberaci\u00f3n r\u00e1pida<\/strong><br \/>La montura de 3\/8&#8243; permite realizar ajustes de nivelaci\u00f3n simples y precisos, manteniendo el tr\u00edpode en perfecto equilibrio para tomas de alta precisi\u00f3n.<\/p>\n<\/li>\n<li>\n<p><strong>Pies de doble funci\u00f3n<\/strong><br \/>Tiene puntas de metal para superficies blandas y una base de goma para pisos duros. Adem\u00e1s, es compatible con el dolly Sirui DT-06, proporcionando a\u00fan m\u00e1s movilidad y versatilidad. <\/p>\n<\/li>\n<li>\n<p><strong>Ideal para profesionales<\/strong><br \/>Desarrollado para satisfacer las demandas de cineastas y vide\u00f3grafos, promoviendo la estabilidad y la confiabilidad para sesiones de filmaci\u00f3n prolongadas.<\/p>\n<p><iframe loading=\"lazy\" frameborder=\"0\" src=\"https:\/\/www.youtube.com\/embed\/o2rzD7RS6W4\" width=\"640\" height=\"360\"><\/iframe><\/p>\n<\/li>\n<\/ul>\n<hr>\n<h3><strong>Contenido del paquete<\/strong><\/h3>\n<ul>\n<li><strong>1Un.<\/strong>  Tr\u00edpode r\u00e1pido Sirui SVS75 Pro (fibra de carbono)<\/li>\n<li><strong>1Un.<\/strong>  Esparcidor de nivel medio (montado)<\/li>\n<li><strong>1Un.<\/strong>  Pies con puntas y bases de goma<\/li>\n<li><strong>1Un.<\/strong>  Manual de usuario<\/li>\n<\/ul>\n<p><em>(La c\u00e1mara, el cabezal de video, la plataforma rodante y otros accesorios no est\u00e1n incluidos).<\/em><\/p>\n<hr>\n<h3><strong>Descripci\u00f3n detallada<\/strong><\/h3>\n<p>El <strong>tr\u00edpode de video profesional Sirui SVS75 Pro Rapid en fibra de carbono<\/strong> est\u00e1 dise\u00f1ado para ofrecer estabilidad y movilidad superior en producciones de video. Las patas de fibra de carbono de 40 mm de di\u00e1metro combinan ligereza y resistencia, lo que garantiza la fiabilidad incluso cuando soportan cargas de hasta 25 kg. Con un sistema de despliegue r\u00e1pido, el tr\u00edpode se puede configurar en unos segundos, lo que permite al usuario concentrarse en lo esencial: disparar.  <\/p>\n<p>Para un control fluido de los movimientos de la c\u00e1mara, el SVS75 Pro Rapid cuenta con una media esfera de 75 mm, compatible con m\u00faltiples cabezales de video profesionales, lo que garantiza transiciones de giro e inclinaci\u00f3n sin sacudidas. El rango de altura entre 21 cm y 155 cm ampl\u00eda las opciones de encuadre, desde disparos cerca del suelo hasta panor\u00e1micas elevadas. <\/p>\n<p>Gracias a su dise\u00f1o compacto (75 cm cuando est\u00e1 plegado) y su peso de solo 4,1 kg, el transporte y el almacenamiento son sencillos. El mango incorporado y el espaciador de nivel medio refuerzan la practicidad y la estabilidad, esenciales en superficies irregulares. Sus pies de doble funci\u00f3n (p\u00faas para terrenos blandos y goma en superficies duras) hacen de este tr\u00edpode una soluci\u00f3n vers\u00e1til, y tambi\u00e9n se puede acoplar al carro Sirui DT-06 para una locomoci\u00f3n m\u00e1s pr\u00e1ctica.  <\/p>\n<hr>\n<h3><strong>Especificaciones t\u00e9cnicas<\/strong><\/h3>\n<ul>\n<li><strong>Modelo:<\/strong> SVS75 Pro R\u00e1pido<\/li>\n<li><strong>Material:<\/strong> Fibra de carbono<\/li>\n<li><strong>Altura m\u00ednima:<\/strong> 21 cm<\/li>\n<li><strong>Altura m\u00e1xima:<\/strong> 155 cm<\/li>\n<li><strong>Longitud (plegada):<\/strong> 75 cm<\/li>\n<li><strong>Peso:<\/strong> 4,1 kg<\/li>\n<li><strong>Capacidad de carga m\u00e1xima:<\/strong> 25 kg<\/li>\n<li><strong>Di\u00e1metro de la pata:<\/strong> 40 mm<\/li>\n<li><strong>Tipo de accesorio:<\/strong> Media bola de 75 mm<\/li>\n<li><strong>Compatibilidad de cabezales:<\/strong> Cabezales de v\u00eddeo con semiesfera de 75 mm<\/li>\n<li><strong>Base de nivelaci\u00f3n:<\/strong> Ajuste r\u00e1pido a trav\u00e9s de 3\/8&#8243;<\/li>\n<li><strong>Pies:<\/strong> Doble funci\u00f3n (tijas de sill\u00edn + goma)<\/li>\n<li><strong>Esparcir:<\/strong> Nivel medio para mayor estabilidad<\/li>\n<\/ul>\n<p><em>(Para obtener m\u00e1s detalles u otras variaciones, consulte el sitio web del fabricante).<\/em><\/p>\n<hr>\n<h3><strong>Informaci\u00f3n adicional<\/strong><\/h3>\n<p>Nota: Im\u00e1genes ilustrativas. Equipo adicional no incluido. Consulte el contenido y las especificaciones del paquete para obtener m\u00e1s detalles.  <\/p>\n","protected":false},"excerpt":{"rendered":"<p>Tr\u00edpode Sirui SVS75 Pro Rapid Fibra de Carbono Funciones Construcci\u00f3n de fibra de carbonoEl SVS75 Pro Rapid est\u00e1 fabricado en<\/p>\n","protected":false},"featured_media":65548,"comment_status":"closed","ping_status":"closed","template":"","meta":{"_acf_changed":false},"product_brand":[2597],"product_cat":[1094],"product_tag":[],"class_list":{"0":"post-75492","1":"product","2":"type-product","3":"status-publish","4":"has-post-thumbnail","6":"product_brand-sirui-es","7":"product_cat-piernas-de-tripode","9":"first","10":"instock","11":"taxable","12":"shipping-taxable","13":"purchasable","14":"product-type-simple"},"bundled_by":[],"bundle_stock_status":"instock","bundle_stock_quantity":1,"bundle_virtual":false,"bundle_layout":"","bundle_add_to_cart_form_location":"","bundle_editable_in_cart":false,"bundle_sold_individually_context":"","bundle_item_grouping":"","bundle_min_size":"","bundle_max_size":"","bundle_price":[],"bundled_items":[],"bundle_sell_ids":[],"acf":[],"_links":{"self":[{"href":"https:\/\/hi-techwonder.com\/es\/wp-json\/wp\/v2\/product\/75492","targetHints":{"allow":["GET"]}}],"collection":[{"href":"https:\/\/hi-techwonder.com\/es\/wp-json\/wp\/v2\/product"}],"about":[{"href":"https:\/\/hi-techwonder.com\/es\/wp-json\/wp\/v2\/types\/product"}],"replies":[{"embeddable":true,"href":"https:\/\/hi-techwonder.com\/es\/wp-json\/wp\/v2\/comments?post=75492"}],"wp:featuredmedia":[{"embeddable":true,"href":"https:\/\/hi-techwonder.com\/es\/wp-json\/wp\/v2\/media\/65548"}],"wp:attachment":[{"href":"https:\/\/hi-techwonder.com\/es\/wp-json\/wp\/v2\/media?parent=75492"}],"wp:term":[{"taxonomy":"product_brand","embeddable":true,"href":"https:\/\/hi-techwonder.com\/es\/wp-json\/wp\/v2\/product_brand?post=75492"},{"taxonomy":"product_cat","embeddable":true,"href":"https:\/\/hi-techwonder.com\/es\/wp-json\/wp\/v2\/product_cat?post=75492"},{"taxonomy":"product_tag","embeddable":true,"href":"https:\/\/hi-techwonder.com\/es\/wp-json\/wp\/v2\/product_tag?post=75492"}],"curies":[{"name":"wp","href":"https:\/\/api.w.org\/{rel}","templated":true}]}}