{"id":75495,"date":"2025-07-29T10:47:22","date_gmt":"2025-07-29T10:47:22","guid":{"rendered":"https:\/\/fv6qoy3ls0.wpdns.site\/product\/smallrig-4902-jaula-s1r-ii-s5-ii-s5-iix-g9-ii\/"},"modified":"2025-12-30T18:15:08","modified_gmt":"2025-12-30T18:15:08","slug":"smallrig-4902-jaula-s1r-ii-s5-ii-s5-iix-g9-ii","status":"publish","type":"product","link":"https:\/\/hi-techwonder.com\/es\/producto\/smallrig-4902-jaula-s1r-ii-s5-ii-s5-iix-g9-ii\/","title":{"rendered":"SMALLRIG 4902 Jaula S1R II \/ S5 II \/ S5 IIX \/ G9 II"},"content":{"rendered":"<h3><strong>Jaula SmallRig para Panasonic Lumix S1R II \/ S5 II \/ S5 IIX \/ G9 II (ID 4902)<\/strong><\/h3>\n<hr>\n<h3><strong>Funciones<\/strong><\/h3>\n<ul>\n<li>\n<p><strong>Estructura ligera y resistente<\/strong><br \/>Fabricado en aleaci\u00f3n de aluminio de alta calidad, cuenta con refuerzos de acero inoxidable en los puntos de mayor tensi\u00f3n, asegurando durabilidad y ligereza al mismo tiempo.<\/p>\n<\/li>\n<li>\n<p><strong>Compatibilidad amplificada<\/strong><br \/>Dise\u00f1ado para encajar perfectamente con las c\u00e1maras Panasonic Lumix S1R II, S5 II, S5 IIX y G9 II, proporcionando un ajuste seguro y manteniendo el libre acceso a los botones, ranuras para tarjetas, compartimentos de bater\u00edas y puertos.<\/p>\n<\/li>\n<li>\n<p><strong>Instalaciones de montaje<\/strong><br \/>Cuenta con varios puntos de montaje de 1\/4&#8243;-20 y 3\/8&#8243;\u201316 (con orificios estilo ARRI), lo que permite acoplar accesorios como monitores, brazos articulados (brazos m\u00e1gicos), micr\u00f3fonos, LEDs, entre otros.<\/p>\n<\/li>\n<li>\n<p><strong>Alivio de presi\u00f3n del cable<\/strong><br \/>La jaula incluye huecos y espacios adecuados para acomodar HDMI, USB-C o enrutamiento de cables de audio, lo que ayuda a minimizar el da\u00f1o a las conexiones durante sesiones intensas de grabaci\u00f3n o fotograf\u00eda.<\/p>\n<\/li>\n<li>\n<p><strong>Dise\u00f1o ergon\u00f3mico<\/strong><br \/>El contorno anat\u00f3mico y una empu\u00f1adura lateral de silicona favorecen un manejo c\u00f3modo y firme de la c\u00e1mara, ayudando a reducir la fatiga en un uso prolongado.<\/p>\n<\/li>\n<li>\n<p><strong>Acceso completo<\/strong><br \/>Maneja f\u00e1cilmente el compartimento de la bater\u00eda y los controles de la c\u00e1mara principal, sin tener que quitar el armaz\u00f3n.<\/p>\n<\/li>\n<\/ul>\n<hr>\n<h3><strong>Contenido del paquete<\/strong><\/h3>\n<ul>\n<li><strong>1Un.<\/strong>  Jaula SmallRig 4902<\/li>\n<li><strong>1Un.<\/strong>  Manual de operaciones<\/li>\n<li><strong>1Un.<\/strong>  Tarjeta de garant\u00eda<\/li>\n<\/ul>\n<p><em>(Los accesorios adicionales, como zapatos, manijas, llaves Allen o tornillos de repuesto, pueden variar seg\u00fan el kit).<\/em><\/p>\n<hr>\n<h3><strong>Descripci\u00f3n detallada<\/strong><\/h3>\n<p>La <strong>jaula SmallRig para Panasonic Lumix S1R II \/ S5 II \/ S5 IIX \/ G9 II (ID 4902)<\/strong> ofrece una protecci\u00f3n esencial para la c\u00e1mara al tiempo que aumenta la versatilidad de las configuraciones profesionales de video y fotos. Fabricada en aluminio anodizado de grado aeron\u00e1utico, la jaula garantiza la resistencia contra impactos y ara\u00f1azos. Gracias a los diversos puntos de montaje (1\/4&#8243;-20, 3\/8&#8243;-16 y estilo ARRI), es posible conectar de forma segura monitores externos, luminarias LED, transmisores inal\u00e1mbricos, entre otros accesorios esenciales. El cuerpo est\u00e1 dise\u00f1ado para un ajuste preciso en los modelos S1R II, S5 II, S5 IIX y G9 II, al tiempo que mantiene abierto el acceso a los puertos y controles, as\u00ed como a la pantalla de la c\u00e1mara trasera (incluidas las funciones de inclinaci\u00f3n o giro de la pantalla LCD).   <\/p>\n<p>El dise\u00f1o ergon\u00f3mico contribuye a un control m\u00e1s intuitivo y estable, incluso durante sesiones prolongadas. Adem\u00e1s, la jaula incluye recortes para permitir un flujo de aire eficiente, evitando el calentamiento no deseado, lo que mejora la estabilidad del rendimiento de la c\u00e1mara. Es ideal para aquellos que desean transformar su c\u00e1mara en una plataforma m\u00e1s robusta y modular, lista para la producci\u00f3n de pel\u00edculas o grabaciones de eventos complejos.  <\/p>\n<hr>\n<h3><strong>Especificaciones t\u00e9cnicas<\/strong><\/h3>\n<ul>\n<li><strong>Producto:<\/strong> Jaula SmallRig 4902<\/li>\n<li><strong>Compatibilidad:<\/strong> Panasonic Lumix S1R II, S5 II, S5 IIX, G9 II<\/li>\n<li><strong>Material:<\/strong> Aleaci\u00f3n de aluminio, acero inoxidable, silicona<\/li>\n<li><strong>Dimensiones (aprox.):<\/strong> 184,4 \u00d7 59,7 \u00d7 118,8 mm<\/li>\n<li><strong>Peso (aprox.):<\/strong> 164 \u00b1 5 g (producto), 266 \u00b1 5 g (embalaje)<\/li>\n<li><strong>Aberturas y monturas:<\/strong>\n<ul>\n<li>Agujeros 1\/4&#8243;-20 y 3\/8&#8243;-16<\/li>\n<li>Agujeros tipo ARRI<\/li>\n<\/ul>\n<\/li>\n<li><strong>Color:<\/strong> Negro (con acabados de silicona en la empu\u00f1adura lateral)<\/li>\n<\/ul>\n<p><em>(Siempre consulte con el fabricante para conocer las posibles variaciones o actualizaciones del firmware y los accesorios).<\/em><\/p>\n<hr>\n<h3><strong>Informaci\u00f3n adicional<\/strong><\/h3>\n<p>Nota: Im\u00e1genes ilustrativas. Equipo adicional no incluido. Consulte el contenido y las especificaciones del paquete para obtener m\u00e1s detalles.  <\/p>\n","protected":false},"excerpt":{"rendered":"<p>Jaula SmallRig para Panasonic Lumix S1R II \/ S5 II \/ S5 IIX \/ G9 II (ID 4902) Funciones Estructura<\/p>\n","protected":false},"featured_media":67537,"comment_status":"closed","ping_status":"open","template":"","meta":{"_acf_changed":false},"product_brand":[2550],"product_cat":[1105],"product_tag":[],"class_list":{"0":"post-75495","1":"product","2":"type-product","3":"status-publish","4":"has-post-thumbnail","6":"product_brand-smallrig-es","7":"product_cat-cages-cages-es","9":"first","10":"instock","11":"taxable","12":"shipping-taxable","13":"purchasable","14":"product-type-simple"},"bundled_by":[],"bundle_stock_status":"instock","bundle_stock_quantity":2,"bundle_virtual":false,"bundle_layout":"","bundle_add_to_cart_form_location":"","bundle_editable_in_cart":false,"bundle_sold_individually_context":"","bundle_item_grouping":"","bundle_min_size":"","bundle_max_size":"","bundle_price":[],"bundled_items":[],"bundle_sell_ids":[],"acf":[],"_links":{"self":[{"href":"https:\/\/hi-techwonder.com\/es\/wp-json\/wp\/v2\/product\/75495","targetHints":{"allow":["GET"]}}],"collection":[{"href":"https:\/\/hi-techwonder.com\/es\/wp-json\/wp\/v2\/product"}],"about":[{"href":"https:\/\/hi-techwonder.com\/es\/wp-json\/wp\/v2\/types\/product"}],"replies":[{"embeddable":true,"href":"https:\/\/hi-techwonder.com\/es\/wp-json\/wp\/v2\/comments?post=75495"}],"wp:featuredmedia":[{"embeddable":true,"href":"https:\/\/hi-techwonder.com\/es\/wp-json\/wp\/v2\/media\/67537"}],"wp:attachment":[{"href":"https:\/\/hi-techwonder.com\/es\/wp-json\/wp\/v2\/media?parent=75495"}],"wp:term":[{"taxonomy":"product_brand","embeddable":true,"href":"https:\/\/hi-techwonder.com\/es\/wp-json\/wp\/v2\/product_brand?post=75495"},{"taxonomy":"product_cat","embeddable":true,"href":"https:\/\/hi-techwonder.com\/es\/wp-json\/wp\/v2\/product_cat?post=75495"},{"taxonomy":"product_tag","embeddable":true,"href":"https:\/\/hi-techwonder.com\/es\/wp-json\/wp\/v2\/product_tag?post=75495"}],"curies":[{"name":"wp","href":"https:\/\/api.w.org\/{rel}","templated":true}]}}