{"id":75497,"date":"2025-07-29T10:47:31","date_gmt":"2025-07-29T10:47:31","guid":{"rendered":"https:\/\/fv6qoy3ls0.wpdns.site\/product\/jaula-smallrig-4903-lumix-s1r-ii-s5-ii-s5-iix-g9-ii\/"},"modified":"2026-01-31T01:27:00","modified_gmt":"2026-01-31T01:27:00","slug":"smallrig-jaula-smallrig-4903-lumix-s1r-ii-s5-ii-s5-iix-g9-ii","status":"publish","type":"product","link":"https:\/\/hi-techwonder.com\/es\/producto\/smallrig-jaula-smallrig-4903-lumix-s1r-ii-s5-ii-s5-iix-g9-ii\/","title":{"rendered":"Jaula SMALLRIG 4903 LUMIX S1R II \/ S5 II \/ S5 IIX \/ G9 II"},"content":{"rendered":"<h3><strong>Jaula SmallRig <\/strong>4903 <strong style=\"color: inherit;--darkreader-inline-color: inherit\" data-darkreader-inline-color=\"\">LUMIX S1R II \/ S5 II \/ S5 IIX \/ G9 II<\/strong><\/h3>\n<hr>\n<h3><strong>Funciones<\/strong><\/h3>\n<ul>\n<li>\n<p><strong>Dise\u00f1o resistente y ligero<\/strong><br \/>Construido con aluminio de alta calidad, tambi\u00e9n combina detalles de acero inoxidable y silicona en las \u00e1reas de mayor contacto, proporcionando una protecci\u00f3n robusta con un peso m\u00ednimo.<\/p>\n<\/li>\n<li>\n<p><strong>Compatibilidad integral<\/strong><br \/>Ajuste perfecto para las c\u00e1maras Panasonic LUMIX S1R II, S5 II, S5 IIX y G9 II. <\/p>\n<\/li>\n<li>\n<p><strong>Puntos de montaje vers\u00e1tiles<\/strong><br \/>Cuenta con orificios roscados de 1\/4&#8243;-20 y 3\/8&#8243;-16 (incluidos los orificios estilo ARRI), lo que proporciona una f\u00e1cil conexi\u00f3n a accesorios como iluminadores LED, monitores externos, brazos m\u00e1gicos, micr\u00f3fonos o transmisores inal\u00e1mbricos.<\/p>\n<\/li>\n<li>\n<p><strong>Ergonom\u00eda y comodidad<\/strong><br \/>El mango de silicona y la forma ergon\u00f3mica garantizan un uso estable y seguro, incluso en sesiones de disparo prolongadas, lo que reduce la fatiga y aumenta la precisi\u00f3n del encuadre.<\/p>\n<\/li>\n<li>\n<p><strong>Acceso gratuito a la bater\u00eda y los puertos<\/strong><br \/>No es necesario desmontar la jaula para cambiar la bater\u00eda o acceder a los puertos de conexi\u00f3n. Esto mantiene el flujo de trabajo r\u00e1pido y eficiente, tanto en im\u00e1genes fijas como en video. <\/p>\n<\/li>\n<\/ul>\n<hr>\n<h3><strong>Contenido del paquete<\/strong><\/h3>\n<ol>\n<li><strong>1Un.<\/strong>  Jaula SmallRig (ID 4903)<\/li>\n<li><strong>1Un.<\/strong>  Manual<\/li>\n<li><strong>1Un.<\/strong>  Tarjeta de garant\u00eda<\/li>\n<\/ol>\n<p><em>(Los accesorios adicionales pueden variar seg\u00fan el paquete\/kit.)<\/em><\/p>\n<hr>\n<h3><strong>Descripci\u00f3n detallada<\/strong><\/h3>\n<p>El <strong>kit de jaula SmallRig para Panasonic LUMIX S1R II \/ S5 II \/ S5 IIX \/ G9 II (ID 4903)<\/strong> proporciona una estructura de protecci\u00f3n robusta, ideal para transformar la c\u00e1mara en una plataforma m\u00e1s completa y modular. El dise\u00f1o adaptado le permite mantener un acceso completo a las funciones del cuerpo de la c\u00e1mara (pantalla de alternancia, controles, compartimiento de la bater\u00eda y ranuras para tarjetas), al tiempo que agrega m\u00faltiples puntos de fijaci\u00f3n para accesorios. <\/p>\n<p>Hecho de aleaci\u00f3n de aluminio y reforzado con acero inoxidable, el armaz\u00f3n es liviano y duradero. Cuenta con orificios (1\/4&#8243;-20, 3\/8&#8243;-16 y estilo ARRI) estrat\u00e9gicamente colocados para el montaje de monitores, micr\u00f3fonos, empu\u00f1aduras adicionales o l\u00e1mparas de video, ofreciendo soluciones vers\u00e1tiles para la filmaci\u00f3n profesional. El recubrimiento de silicona en la zona de contacto mejora la comodidad durante la manipulaci\u00f3n, ayudando a prevenir posibles vibraciones o resbalones.  <\/p>\n<p>Adem\u00e1s, la jaula ha sido dise\u00f1ada para evitar el sobrecalentamiento, asegurando el paso del aire y minimizando cualquier obstrucci\u00f3n de las salidas de ventilaci\u00f3n natural de la c\u00e1mara. Es ideal para aplicaciones de estudio, rodaje de eventos, streaming, entre otras producciones que requieren configuraciones sofisticadas. <\/p>\n<hr>\n<h3><strong>Especificaciones t\u00e9cnicas<\/strong><\/h3>\n<ul>\n<li><strong>Modelo:<\/strong> Kit de jaula SmallRig (ID 4903)<\/li>\n<li><strong>Compatibilidad de la c\u00e1mara:<\/strong> Panasonic LUMIX S1R II, S5 II, S5 IIX, G9 II<\/li>\n<li><strong>Dimensiones del producto:<\/strong> Aprox. 184,4 \u00d7 59,7 \u00d7 118,8 mm <\/li>\n<li><strong>Dimensiones del embalaje:<\/strong> Aprox. 180,0 \u00d7 138,0 \u00d7 67,0 mm <\/li>\n<li><strong>Peso neto (jaula):<\/strong> 164 g \u00b15 g<\/li>\n<li><strong>Peso bruto (embalaje):<\/strong> 266 g \u00b15 g<\/li>\n<li><strong>Material:<\/strong> Aleaci\u00f3n de aluminio, acero inoxidable, silicona<\/li>\n<li><strong>Orificios de montaje:<\/strong> 1\/4&#8243;-20, 3\/8&#8243;-16, estilo ARRI<\/li>\n<li><strong>Color\/Acabado:<\/strong> Negro (acabado anodizado)<\/li>\n<\/ul>\n<p><em>(Confirme los detalles exactos con el fabricante, as\u00ed como las compatibilidades opcionales y los accesorios correspondientes).<\/em><\/p>\n<hr>\n<h3><strong>Informaci\u00f3n adicional<\/strong><\/h3>\n<p>Nota: Im\u00e1genes ilustrativas. Equipo adicional no incluido. Consulte el contenido y las especificaciones del paquete para obtener m\u00e1s detalles.  <\/p>\n","protected":false},"excerpt":{"rendered":"<p>Jaula SmallRig 4903 LUMIX S1R II \/ S5 II \/ S5 IIX \/ G9 II Funciones Dise\u00f1o resistente y ligeroConstruido<\/p>\n","protected":false},"featured_media":67548,"comment_status":"closed","ping_status":"open","template":"","meta":{"_acf_changed":false},"product_brand":[2550],"product_cat":[1105],"product_tag":[],"class_list":{"0":"post-75497","1":"product","2":"type-product","3":"status-publish","4":"has-post-thumbnail","6":"product_brand-smallrig-es","7":"product_cat-cages-cages-es","9":"first","10":"instock","11":"taxable","12":"shipping-taxable","13":"purchasable","14":"product-type-simple"},"bundled_by":[],"bundle_stock_status":"instock","bundle_stock_quantity":1,"bundle_virtual":false,"bundle_layout":"","bundle_add_to_cart_form_location":"","bundle_editable_in_cart":false,"bundle_sold_individually_context":"","bundle_item_grouping":"","bundle_min_size":"","bundle_max_size":"","bundle_price":[],"bundled_items":[],"bundle_sell_ids":[],"acf":[],"_links":{"self":[{"href":"https:\/\/hi-techwonder.com\/es\/wp-json\/wp\/v2\/product\/75497","targetHints":{"allow":["GET"]}}],"collection":[{"href":"https:\/\/hi-techwonder.com\/es\/wp-json\/wp\/v2\/product"}],"about":[{"href":"https:\/\/hi-techwonder.com\/es\/wp-json\/wp\/v2\/types\/product"}],"replies":[{"embeddable":true,"href":"https:\/\/hi-techwonder.com\/es\/wp-json\/wp\/v2\/comments?post=75497"}],"wp:featuredmedia":[{"embeddable":true,"href":"https:\/\/hi-techwonder.com\/es\/wp-json\/wp\/v2\/media\/67548"}],"wp:attachment":[{"href":"https:\/\/hi-techwonder.com\/es\/wp-json\/wp\/v2\/media?parent=75497"}],"wp:term":[{"taxonomy":"product_brand","embeddable":true,"href":"https:\/\/hi-techwonder.com\/es\/wp-json\/wp\/v2\/product_brand?post=75497"},{"taxonomy":"product_cat","embeddable":true,"href":"https:\/\/hi-techwonder.com\/es\/wp-json\/wp\/v2\/product_cat?post=75497"},{"taxonomy":"product_tag","embeddable":true,"href":"https:\/\/hi-techwonder.com\/es\/wp-json\/wp\/v2\/product_tag?post=75497"}],"curies":[{"name":"wp","href":"https:\/\/api.w.org\/{rel}","templated":true}]}}