{"id":75498,"date":"2025-07-29T10:45:20","date_gmt":"2025-07-29T10:45:20","guid":{"rendered":"https:\/\/fv6qoy3ls0.wpdns.site\/product\/smallrig-3043b-cable-micro-hdmi-4k-ultra-delgado-a-hdmi-55cm\/"},"modified":"2026-04-08T11:44:10","modified_gmt":"2026-04-08T10:44:10","slug":"smallrig-3043b-cable-micro-hdmi-4k-ultra-delgado-a-hdmi-55cm","status":"publish","type":"product","link":"https:\/\/hi-techwonder.com\/es\/producto\/smallrig-3043b-cable-micro-hdmi-4k-ultra-delgado-a-hdmi-55cm\/","title":{"rendered":"SMALLRIG 3043B Cable Micro-HDMI 4K Ultra Delgado a HDMI 55cm"},"content":{"rendered":"<p>Smallrig 3042 &#8211; Cable Micro-HDMI a HDMI de 55 cm<\/p>\n<p><strong>Caracter\u00edsticas principales:<\/strong><\/p>\n<ul>\n<li>Soporta 4K UHD @ 60Hz<\/li>\n<li>Cubierta de PVC<\/li>\n<li>Adecuado para su uso en equipos de c\u00e1mara<\/li>\n<li>Incluye brida para cables para una instalaci\u00f3n limpia<\/li>\n<\/ul>\n<p>Conecta tu monitor a tu c\u00e1mara sin problemas con este cable Micro-HDMI a HDMI SmallRig de 55 cm. Admite resoluciones de hasta 4K UHD y tiene un di\u00e1metro exterior delgado de 3,6 mm, lo que lo hace lo suficientemente maleable para su uso en equipos de c\u00e1mara. Se incluye una brida para ayudar a mantener limpio su equipo.  <\/p>\n<ul>\n<li>El delgado di\u00e1metro exterior de 3,6 mm hace que este cable sea m\u00e1s delgado y suave que los cables HDMI tradicionales<\/li>\n<li>Longitud adecuada para el equipo de c\u00e1mara<\/li>\n<li>Incluye brida para ayudar a que su instalaci\u00f3n est\u00e9 ordenada<\/li>\n<\/ul>\n<div class=\"name_3sxa25I0gg firstGroupInItem_3sxa25I0gg\" style=\"box-sizing: inherit; border-bottom: 0.125rem solid #cdcdcd; color: #769e2d; font-size: 2rem; line-height: 2rem; padding: 0px 0px 0.875rem; font-family: OpenSans, 'Segoe UI', Helvetica, Roboto, Arial, sans-serif; background-color: #ffffff;\" data-selenium=\"specsItemGroupName\">Generalmente<\/div>\n<table class=\"table_3sxa25I0gg\" style=\"box-sizing: inherit; width: 981.75px; font-family: OpenSans, 'Segoe UI', Helvetica, Roboto, Arial, sans-serif; font-size: 16px; background-color: #ffffff;\" data-selenium=\"specsItemGroupTable\">\n<tbody style=\"box-sizing: inherit;\">\n<tr class=\"pair_3sxa25I0gg\" style=\"box-sizing: inherit; border-bottom: 0.0625rem solid #e7e7e7;\" data-selenium=\"specsItemGroupTableRow\">\n<td class=\"label_3sxa25I0gg \" style=\"box-sizing: inherit; border-top: none; padding: 1.25rem 0px; width: 373.062px; color: #666666; font-size: 1.125rem; line-height: 1.375rem; vertical-align: baseline;\" data-selenium=\"specsItemGroupTableColumnLabel\">Conector 1<\/td>\n<td class=\"value_3sxa25I0gg \" style=\"box-sizing: inherit; color: #666666; font-size: 1.125rem; line-height: 1.375rem; vertical-align: baseline; padding: 1.25rem 0px 1.25rem 2.5rem;\" data-selenium=\"specsItemGroupTableColumnValue\"><span style=\"box-sizing: inherit; font-weight: bolder;\">1 x Micro-HDMI macho<\/span><\/td>\n<\/tr>\n<tr class=\"pair_3sxa25I0gg\" style=\"box-sizing: inherit; border-bottom: 0.0625rem solid #e7e7e7;\" data-selenium=\"specsItemGroupTableRow\">\n<td class=\"label_3sxa25I0gg\" style=\"box-sizing: inherit; border-top: none; padding: 1.25rem 0px; width: 373.062px; color: #666666; font-size: 1.125rem; line-height: 1.375rem; vertical-align: baseline;\" data-selenium=\"specsItemGroupTableColumnLabel\">Conector 2<\/td>\n<td class=\"value_3sxa25I0gg\" style=\"box-sizing: inherit; color: #666666; font-size: 1.125rem; line-height: 1.375rem; vertical-align: baseline; padding: 1.25rem 0px 1.25rem 2.5rem;\" data-selenium=\"specsItemGroupTableColumnValue\"><span style=\"box-sizing: inherit; font-weight: bolder;\">1 x HDMI macho<\/span><\/td>\n<\/tr>\n<tr class=\"pair_3sxa25I0gg\" style=\"box-sizing: inherit; border-bottom: 0.0625rem solid #e7e7e7;\" data-selenium=\"specsItemGroupTableRow\">\n<td class=\"label_3sxa25I0gg\" style=\"box-sizing: inherit; border-top: none; padding: 1.25rem 0px; width: 373.062px; color: #666666; font-size: 1.125rem; line-height: 1.375rem; vertical-align: baseline;\" data-selenium=\"specsItemGroupTableColumnLabel\">Longitud del cable<\/td>\n<td class=\"value_3sxa25I0gg\" style=\"box-sizing: inherit; color: #666666; font-size: 1.125rem; line-height: 1.375rem; vertical-align: baseline; padding: 1.25rem 0px 1.25rem 2.5rem;\" data-selenium=\"specsItemGroupTableColumnValue\">55 cm<\/td>\n<\/tr>\n<tr class=\"pair_3sxa25I0gg\" style=\"box-sizing: inherit; border-bottom: 0.0625rem solid #e7e7e7;\" data-selenium=\"specsItemGroupTableRow\">\nVersi\u00f3n <\/p>\n<td class=\"label_3sxa25I0gg\" style=\"box-sizing: inherit; border-top: none; padding: 1.25rem 0px; width: 373.062px; color: #666666; font-size: 1.125rem; line-height: 1.375rem; vertical-align: baseline;\" data-selenium=\"specsItemGroupTableColumnLabel\">HDMI<\/td>\n<td class=\"value_3sxa25I0gg\" style=\"box-sizing: inherit; color: #666666; font-size: 1.125rem; line-height: 1.375rem; vertical-align: baseline; padding: 1.25rem 0px 1.25rem 2.5rem;\" data-selenium=\"specsItemGroupTableColumnValue\">2.0<\/td>\n<\/tr>\n<tr class=\"pair_3sxa25I0gg\" style=\"box-sizing: inherit; border-bottom: 0.0625rem solid #e7e7e7;\" data-selenium=\"specsItemGroupTableRow\">\n<td class=\"label_3sxa25I0gg\" style=\"box-sizing: inherit; border-top: none; padding: 1.25rem 0px; width: 373.062px; color: #666666; font-size: 1.125rem; line-height: 1.375rem; vertical-align: baseline;\" data-selenium=\"specsItemGroupTableColumnLabel\">Tipo de chaqueta<\/td>\n<td class=\"value_3sxa25I0gg\" style=\"box-sizing: inherit; color: #666666; font-size: 1.125rem; line-height: 1.375rem; vertical-align: baseline; padding: 1.25rem 0px 1.25rem 2.5rem;\" data-selenium=\"specsItemGroupTableColumnValue\">Cloruro de polivinilo (PVC)<\/td>\n<\/tr>\n<tr class=\"pair_3sxa25I0gg\" style=\"box-sizing: inherit; border-bottom: 0.0625rem solid #e7e7e7;\" data-selenium=\"specsItemGroupTableRow\">\n<td class=\"label_3sxa25I0gg\" style=\"box-sizing: inherit; border-top: none; padding: 1.25rem 0px; width: 373.062px; color: #666666; font-size: 1.125rem; line-height: 1.375rem; vertical-align: baseline;\" data-selenium=\"specsItemGroupTableColumnLabel\">Di\u00e1metro exterior<\/td>\n<td class=\"value_3sxa25I0gg\" style=\"box-sizing: inherit; color: #666666; font-size: 1.125rem; line-height: 1.375rem; vertical-align: baseline; padding: 1.25rem 0px 1.25rem 2.5rem;\" data-selenium=\"specsItemGroupTableColumnValue\">3,6 mil\u00edmetros<\/td>\n<\/tr>\n<tr class=\"pair_3sxa25I0gg\" style=\"box-sizing: inherit; border-bottom: 0.0625rem solid #e7e7e7;\" data-selenium=\"specsItemGroupTableRow\">\n<td class=\"label_3sxa25I0gg\" style=\"box-sizing: inherit; border-top: none; padding: 1.25rem 0px; width: 373.062px; color: #666666; font-size: 1.125rem; line-height: 1.375rem; vertical-align: baseline;\" data-selenium=\"specsItemGroupTableColumnLabel\">Peso<\/td>\n<td class=\"value_3sxa25I0gg\" style=\"box-sizing: inherit; color: #666666; font-size: 1.125rem; line-height: 1.375rem; vertical-align: baseline; padding: 1.25rem 0px 1.25rem 2.5rem;\" data-selenium=\"specsItemGroupTableColumnValue\">16g<\/td>\n<\/tr>\n<\/tbody>\n<\/table>\n","protected":false},"excerpt":{"rendered":"<p>Smallrig 3042 &#8211; Cable Micro-HDMI a HDMI de 55 cm Caracter\u00edsticas principales: Soporta 4K UHD @ 60Hz Cubierta de PVC<\/p>\n","protected":false},"featured_media":67041,"comment_status":"closed","ping_status":"open","template":"","meta":{"_acf_changed":false},"product_brand":[2550],"product_cat":[1102],"product_tag":[],"class_list":{"0":"post-75498","1":"product","2":"type-product","3":"status-publish","4":"has-post-thumbnail","6":"product_brand-smallrig-es","7":"product_cat-cables-y-conversores","9":"first","10":"instock","11":"taxable","12":"shipping-taxable","13":"purchasable","14":"product-type-simple"},"bundled_by":[],"bundle_stock_status":"instock","bundle_stock_quantity":2,"bundle_virtual":false,"bundle_layout":"","bundle_add_to_cart_form_location":"","bundle_editable_in_cart":false,"bundle_sold_individually_context":"","bundle_item_grouping":"","bundle_min_size":"","bundle_max_size":"","bundle_price":[],"bundled_items":[],"bundle_sell_ids":[],"acf":[],"_links":{"self":[{"href":"https:\/\/hi-techwonder.com\/es\/wp-json\/wp\/v2\/product\/75498","targetHints":{"allow":["GET"]}}],"collection":[{"href":"https:\/\/hi-techwonder.com\/es\/wp-json\/wp\/v2\/product"}],"about":[{"href":"https:\/\/hi-techwonder.com\/es\/wp-json\/wp\/v2\/types\/product"}],"replies":[{"embeddable":true,"href":"https:\/\/hi-techwonder.com\/es\/wp-json\/wp\/v2\/comments?post=75498"}],"wp:featuredmedia":[{"embeddable":true,"href":"https:\/\/hi-techwonder.com\/es\/wp-json\/wp\/v2\/media\/67041"}],"wp:attachment":[{"href":"https:\/\/hi-techwonder.com\/es\/wp-json\/wp\/v2\/media?parent=75498"}],"wp:term":[{"taxonomy":"product_brand","embeddable":true,"href":"https:\/\/hi-techwonder.com\/es\/wp-json\/wp\/v2\/product_brand?post=75498"},{"taxonomy":"product_cat","embeddable":true,"href":"https:\/\/hi-techwonder.com\/es\/wp-json\/wp\/v2\/product_cat?post=75498"},{"taxonomy":"product_tag","embeddable":true,"href":"https:\/\/hi-techwonder.com\/es\/wp-json\/wp\/v2\/product_tag?post=75498"}],"curies":[{"name":"wp","href":"https:\/\/api.w.org\/{rel}","templated":true}]}}