{"id":75503,"date":"2025-07-29T10:48:54","date_gmt":"2025-07-29T10:48:54","guid":{"rendered":"https:\/\/fv6qoy3ls0.wpdns.site\/product\/smallrig-4840-mini-nato-mango-lateral\/"},"modified":"2026-04-14T15:31:38","modified_gmt":"2026-04-14T14:31:38","slug":"smallrig-4840-mini-nato-mango-lateral","status":"publish","type":"product","link":"https:\/\/hi-techwonder.com\/es\/producto\/smallrig-4840-mini-nato-mango-lateral\/","title":{"rendered":"SMALLRIG 4840 Mini NATO Mango lateral"},"content":{"rendered":"<p><b><br \/><\/b><\/p>\n<p><b>SMALLRIG 4840 Mini Mango lateral Nato<\/b><\/p>\n<p>La empu\u00f1adura lateral NATO 4840 de la SmallRig mini est\u00e1 dise\u00f1ada para aumentar la estabilidad en el disparo sin tr\u00edpode, ayudando con movimientos suaves de la c\u00e1mara y ofreciendo interfaces de expansi\u00f3n esenciales, y se puede montar r\u00e1pidamente en el costado de una jaula con rieles NATO integrados.<\/p>\n<p>Para jaulas <b>sin<\/b> orugas NATO, <b>los rieles NATO extra\u00edbles ( <\/b> por ejemplo, Smallrig 1409) se pueden comprar por separado.<\/p>\n<p>Fabricada con precisi\u00f3n ergon\u00f3mica, esta empu\u00f1adura cuenta con un revestimiento de silicona antideslizante y agradable para la piel, lo que permite un intercambio perfecto entre los lados izquierdo y derecho para una experiencia de disparo c\u00f3moda. Con un rango de ajuste vertical de 43 mm, permite una colocaci\u00f3n \u00f3ptima de la empu\u00f1adura en funci\u00f3n del tama\u00f1o de la c\u00e1mara. <\/p>\n<p>Tiene orificios roscados integrados de 1\/4&#8243;-20 para fijar accesorios como abrazaderas de banco de energ\u00eda o brazos m\u00e1gicos. Adem\u00e1s, tiene un soporte de zapata fr\u00eda incorporado para colocar accesorios como soportes para monitores, luces LED y micr\u00f3fonos para mejorar su experiencia de disparo. La llave Allen magn\u00e9tica integrada facilita el ajuste del adaptador de la empu\u00f1adura.  <\/p>\n<p><b>Funciones:<\/b><\/p>\n<p>Dise\u00f1o ergon\u00f3mico para uso intercambiable entre los lados izquierdo y derecho.<\/p>\n<p>Revestimiento de silicona antideslizante y anticongelante para un agarre c\u00f3modo.<\/p>\n<p>Ajustable verticalmente a 43 mm \/ 1,7 pulg. permite la posici\u00f3n \u00f3ptima de agarre en funci\u00f3n del tama\u00f1o de la c\u00e1mara. <\/p>\n<p>Equipado con orificios roscados incorporados de 1\/4&#8243;-20 y soporte de zapata fr\u00eda para satisfacer diversas necesidades de expansi\u00f3n en varios escenarios.<\/p>\n<p>Llave Allen magn\u00e9tica integrada en la parte inferior para un montaje y desmontaje convenientes.<\/p>\n<p>La capacidad de carga m\u00e1xima del mango es de 6 kg.<\/p>\n<p>2. Para las jaulas que no tienen rieles de la OTAN, los rieles de la OTAN desmontables se pueden comprar por separado.<\/p>\n<p><\/p>\n<p><b>Contenido del paquete:&nbsp;<\/b><\/p>\n<p>Asa lateral x 1<\/p>\n<p>Adaptador de correa x 1<\/p>\n<p><\/p>\n<p><b>Informaci\u00f3n t\u00e9cnica:<\/b><\/p>\n<p>Dimensiones: 105,5 x 68,0 x 53,8 mm<\/p>\n<p>Peso: 155 g (aprox.)<\/p>\n<p><\/p>\n","protected":false},"excerpt":{"rendered":"<p>SMALLRIG 4840 Mini Mango lateral Nato La empu\u00f1adura lateral NATO 4840 de la SmallRig mini est\u00e1 dise\u00f1ada para aumentar la<\/p>\n","protected":false},"featured_media":67879,"comment_status":"closed","ping_status":"open","template":"","meta":{"_acf_changed":false},"product_brand":[2550],"product_cat":[1108],"product_tag":[],"class_list":{"0":"post-75503","1":"product","2":"type-product","3":"status-publish","4":"has-post-thumbnail","6":"product_brand-smallrig-es","7":"product_cat-empunaduras-cages","9":"first","10":"instock","11":"taxable","12":"shipping-taxable","13":"purchasable","14":"product-type-simple"},"bundled_by":[],"bundle_stock_status":"instock","bundle_stock_quantity":2,"bundle_virtual":false,"bundle_layout":"","bundle_add_to_cart_form_location":"","bundle_editable_in_cart":false,"bundle_sold_individually_context":"","bundle_item_grouping":"","bundle_min_size":"","bundle_max_size":"","bundle_price":[],"bundled_items":[],"bundle_sell_ids":[],"acf":[],"_links":{"self":[{"href":"https:\/\/hi-techwonder.com\/es\/wp-json\/wp\/v2\/product\/75503","targetHints":{"allow":["GET"]}}],"collection":[{"href":"https:\/\/hi-techwonder.com\/es\/wp-json\/wp\/v2\/product"}],"about":[{"href":"https:\/\/hi-techwonder.com\/es\/wp-json\/wp\/v2\/types\/product"}],"replies":[{"embeddable":true,"href":"https:\/\/hi-techwonder.com\/es\/wp-json\/wp\/v2\/comments?post=75503"}],"wp:featuredmedia":[{"embeddable":true,"href":"https:\/\/hi-techwonder.com\/es\/wp-json\/wp\/v2\/media\/67879"}],"wp:attachment":[{"href":"https:\/\/hi-techwonder.com\/es\/wp-json\/wp\/v2\/media?parent=75503"}],"wp:term":[{"taxonomy":"product_brand","embeddable":true,"href":"https:\/\/hi-techwonder.com\/es\/wp-json\/wp\/v2\/product_brand?post=75503"},{"taxonomy":"product_cat","embeddable":true,"href":"https:\/\/hi-techwonder.com\/es\/wp-json\/wp\/v2\/product_cat?post=75503"},{"taxonomy":"product_tag","embeddable":true,"href":"https:\/\/hi-techwonder.com\/es\/wp-json\/wp\/v2\/product_tag?post=75503"}],"curies":[{"name":"wp","href":"https:\/\/api.w.org\/{rel}","templated":true}]}}