{"id":75504,"date":"2025-07-29T10:49:12","date_gmt":"2025-07-29T10:49:12","guid":{"rendered":"https:\/\/fv6qoy3ls0.wpdns.site\/product\/smallrig-3234b-kit-de-jaula-black-mamba-para-eos-r5-w-r5-r6\/"},"modified":"2026-02-16T15:02:11","modified_gmt":"2026-02-16T15:02:11","slug":"smallrig-3234b-kit-de-jaula-black-mamba-para-eos-r5-w-r5-r6","status":"publish","type":"product","link":"https:\/\/hi-techwonder.com\/es\/producto\/smallrig-3234b-kit-de-jaula-black-mamba-para-eos-r5-w-r5-r6\/","title":{"rendered":"SMALLRIG 3234B Kit de jaula \u00abBlack Mamba\u00bb para EOS R5 W\/ R5 \/ R6"},"content":{"rendered":"<p><strong>SMALLRIG 3234B Kit de jaula \u00abBlack Mamba\u00bb para EOS R5 W\/ R5 \/ R6<\/strong><\/p>\n<p><strong>Funciones:<\/strong><\/p>\n<ul>\n<li>Kit port\u00e1til para Canon EOS R5 C\/R5\/R6 para una experiencia de disparo c\u00f3moda y estable.<\/li>\n<li>Mantiene el acceso completo a los controles de la C\u00e1mara.<\/li>\n<li>La brida HDMI y USB-C con tornillo de mariposa garantiza una transmisi\u00f3n de datos sin problemas.<\/li>\n<li>Soportes de accesorios con entradas roscadas de 1\/4&#8243;, entradas roscadas ARRI de 3\/8&#8243; y soportes de zapata.<\/li>\n<li>La zapata Arca-Swiss en la parte inferior es compatible con DJI RS 2 \/ RSC 2 \/ RS 3 \/ RS 3 Pro.<\/li>\n<li>Pesa solo 313 g<\/li>\n<\/ul>\n<p><strong>Contenido del paquete:<\/strong><\/p>\n<ul>\n<li>1 x jaula<\/li>\n<li>1 x abrazadera de cable<\/li>\n<li>1 x Asa \/ Asa superior<\/li>\n<li>1 x Llave hexagonal&nbsp;<\/li>\n<\/ul>\n<p>La jaula \u00abBlack Mamba\u00bb ofrece acceso completo a los controles de la c\u00e1mara e incluye varios soportes para accesorios, con entradas de rosca de 1\/4&#8243; y entradas de rosca de localizaci\u00f3n ARRI de 3\/8&#8243;, soportes de zapata en la empu\u00f1adura \/ mango superior, lateral al brazo m\u00e1gico, soporte para monitor, luz LED, etc. La zapata Arca-Swiss permite el montaje en estabilizadores DJI RS 2 \/ RSC 2 \/ RS 3 \/ RS 3 Pro y en tr\u00edpodes de montaje en zapata del sistema Arca-Swiss para permitir un cambio r\u00e1pido entre estabilizador y tr\u00edpode. La brida HDMI y USB-C con tornillo le permite evitar la desconexi\u00f3n accidental y garantizar una transmisi\u00f3n de se\u00f1al estable; La empu\u00f1adura superior liviana de ARRI, que pesa solo 122 g, tiene un dise\u00f1o ergon\u00f3mico para un agarre c\u00f3modo y firme. El kit pesa solo 313 g para que el usuario reduzca la carga y el peso en los brazos durante las sesiones de fotos o grabaciones de video.   <\/p>\n<p><strong>Compatibilidad:<\/strong><\/p>\n<ul>\n<li>Canon EOS R5 C<\/li>\n<li>Canon EOS R5<\/li>\n<li>Canon EOS R6<\/li>\n<\/ul>\n<p><strong>Caracter\u00edsticas t\u00e9cnicas:<\/strong><\/p>\n<ul>\n<li>Peso neto: 313 \u00b1 5g<\/li>\n<li>Peso del paquete: 435 \u00b1 5g<\/li>\n<li>Material: aleaci\u00f3n de aluminio<\/li>\n<\/ul>\n","protected":false},"excerpt":{"rendered":"<p>SMALLRIG 3234B Kit de jaula \u00abBlack Mamba\u00bb para EOS R5 W\/ R5 \/ R6 Funciones: Kit port\u00e1til para Canon EOS<\/p>\n","protected":false},"featured_media":67984,"comment_status":"closed","ping_status":"open","template":"","meta":{"_acf_changed":false},"product_brand":[2550],"product_cat":[1106],"product_tag":[],"class_list":{"0":"post-75504","1":"product","2":"type-product","3":"status-publish","4":"has-post-thumbnail","6":"product_brand-smallrig-es","7":"product_cat-kits-cages-es","9":"first","10":"onbackorder","11":"sale","12":"taxable","13":"shipping-taxable","14":"purchasable","15":"product-type-simple"},"bundled_by":[],"bundle_stock_status":"onbackorder","bundle_stock_quantity":null,"bundle_virtual":false,"bundle_layout":"","bundle_add_to_cart_form_location":"","bundle_editable_in_cart":false,"bundle_sold_individually_context":"","bundle_item_grouping":"","bundle_min_size":"","bundle_max_size":"","bundle_price":[],"bundled_items":[],"bundle_sell_ids":[],"acf":[],"_links":{"self":[{"href":"https:\/\/hi-techwonder.com\/es\/wp-json\/wp\/v2\/product\/75504","targetHints":{"allow":["GET"]}}],"collection":[{"href":"https:\/\/hi-techwonder.com\/es\/wp-json\/wp\/v2\/product"}],"about":[{"href":"https:\/\/hi-techwonder.com\/es\/wp-json\/wp\/v2\/types\/product"}],"replies":[{"embeddable":true,"href":"https:\/\/hi-techwonder.com\/es\/wp-json\/wp\/v2\/comments?post=75504"}],"wp:featuredmedia":[{"embeddable":true,"href":"https:\/\/hi-techwonder.com\/es\/wp-json\/wp\/v2\/media\/67984"}],"wp:attachment":[{"href":"https:\/\/hi-techwonder.com\/es\/wp-json\/wp\/v2\/media?parent=75504"}],"wp:term":[{"taxonomy":"product_brand","embeddable":true,"href":"https:\/\/hi-techwonder.com\/es\/wp-json\/wp\/v2\/product_brand?post=75504"},{"taxonomy":"product_cat","embeddable":true,"href":"https:\/\/hi-techwonder.com\/es\/wp-json\/wp\/v2\/product_cat?post=75504"},{"taxonomy":"product_tag","embeddable":true,"href":"https:\/\/hi-techwonder.com\/es\/wp-json\/wp\/v2\/product_tag?post=75504"}],"curies":[{"name":"wp","href":"https:\/\/api.w.org\/{rel}","templated":true}]}}