{"id":75506,"date":"2025-07-29T10:00:56","date_gmt":"2025-07-29T10:00:56","guid":{"rendered":"https:\/\/fv6qoy3ls0.wpdns.site\/product\/walimex-ring-softbox-para-flash-compacto\/"},"modified":"2026-01-08T16:50:43","modified_gmt":"2026-01-08T16:50:43","slug":"walimex-ring-softbox-para-flash-compacto","status":"publish","type":"product","link":"https:\/\/hi-techwonder.com\/es\/producto\/walimex-ring-softbox-para-flash-compacto\/","title":{"rendered":"WALIMEX Ring Softbox para flash compacto"},"content":{"rendered":"<p><strong>Walimex Pro Roundlight &#8211; Caja de luz de anillo para flash compacto<\/strong><\/p>\n<p>46cm de di\u00e1metro<br \/>No se requiere soporte ni cable de alimentaci\u00f3n<br \/>F\u00e1cil de plegar y almacenar<br \/>Iluminaci\u00f3n extremadamente uniforme y suave<br \/>Ideal para la fotograf\u00eda de retratos: crea reflejos circulares alrededor de los ojos, lo que crea un efecto muy especial<br \/>Se puede usar con lentes<br \/>Montaje extremadamente f\u00e1cil mediante zapata de flash<br \/>Se permiten tomas horizontales y verticales<\/p>\n<p><strong>Difusor para flash de anillo plegable<\/strong><br \/>Utilice este accesorio a trav\u00e9s de la zapata de flash. F\u00e1cil de montar esta caja de luz en su c\u00e1mara, estar\u00e1 listo para usar en solo unos segundos.<\/p>\n<p><strong>Iluminaci\u00f3n sin sombras<\/strong><br \/>Con solo 46 cm de di\u00e1metro, es perfecto como difusor. Crea una iluminaci\u00f3n suave y uniforme, sin las sombras habituales que produce su lente.  <br \/>El resultado conseguido es espectacular.<\/p>\n<p> <strong>Reflexiones circulares<\/strong><br \/>Cuando usas esta caja de luz en fotograf\u00eda de retratos, crea reflejos circulares alrededor de los ojos del modelo, creando un efecto muy especial.<\/p>\n<p> <strong>\u00daselo con la mayor\u00eda de los lentes<\/strong><br \/>Puedes usarlo con la mayor\u00eda de las lentes, siempre que tengan hasta 10 cm de di\u00e1metro.<br \/>Es muy recomendable utilizarlo en fotograf\u00eda de retrato profesional.<\/p>\n<p> <strong>Disparo horizontal y vertical<\/strong><br \/>Puedes utilizar este accesorio para disparar en horizontal o en vertical, sin comprometer el resultado final de tu trabajo.<\/p>\n<p> <strong>Ligero y port\u00e1til<\/strong><br \/>Gracias a su peso ligero y tama\u00f1o compacto, puede montarlo y desmontarlo en solo unos segundos.<\/p>\n<p> <strong>Contenido del paquete:<\/strong><br \/>1x Walimex Pro Roundlight &#8211; Anillo Softbox para Flash Compacto<\/p>\n","protected":false},"excerpt":{"rendered":"<p>Walimex Pro Roundlight &#8211; Caja de luz de anillo para flash compacto 46cm de di\u00e1metroNo se requiere soporte ni cable<\/p>\n","protected":false},"featured_media":57092,"comment_status":"closed","ping_status":"open","template":"","meta":{"_acf_changed":false},"product_brand":[2553],"product_cat":[1023],"product_tag":[],"class_list":{"0":"post-75506","1":"product","2":"type-product","3":"status-publish","4":"has-post-thumbnail","6":"product_brand-walimex-es","7":"product_cat-modificadores-de-luz-es","9":"first","10":"instock","11":"taxable","12":"shipping-taxable","13":"purchasable","14":"product-type-simple"},"bundled_by":[],"bundle_stock_status":"instock","bundle_stock_quantity":1,"bundle_virtual":false,"bundle_layout":"","bundle_add_to_cart_form_location":"","bundle_editable_in_cart":false,"bundle_sold_individually_context":"","bundle_item_grouping":"","bundle_min_size":"","bundle_max_size":"","bundle_price":[],"bundled_items":[],"bundle_sell_ids":[],"acf":[],"_links":{"self":[{"href":"https:\/\/hi-techwonder.com\/es\/wp-json\/wp\/v2\/product\/75506","targetHints":{"allow":["GET"]}}],"collection":[{"href":"https:\/\/hi-techwonder.com\/es\/wp-json\/wp\/v2\/product"}],"about":[{"href":"https:\/\/hi-techwonder.com\/es\/wp-json\/wp\/v2\/types\/product"}],"replies":[{"embeddable":true,"href":"https:\/\/hi-techwonder.com\/es\/wp-json\/wp\/v2\/comments?post=75506"}],"wp:featuredmedia":[{"embeddable":true,"href":"https:\/\/hi-techwonder.com\/es\/wp-json\/wp\/v2\/media\/57092"}],"wp:attachment":[{"href":"https:\/\/hi-techwonder.com\/es\/wp-json\/wp\/v2\/media?parent=75506"}],"wp:term":[{"taxonomy":"product_brand","embeddable":true,"href":"https:\/\/hi-techwonder.com\/es\/wp-json\/wp\/v2\/product_brand?post=75506"},{"taxonomy":"product_cat","embeddable":true,"href":"https:\/\/hi-techwonder.com\/es\/wp-json\/wp\/v2\/product_cat?post=75506"},{"taxonomy":"product_tag","embeddable":true,"href":"https:\/\/hi-techwonder.com\/es\/wp-json\/wp\/v2\/product_tag?post=75506"}],"curies":[{"name":"wp","href":"https:\/\/api.w.org\/{rel}","templated":true}]}}