{"id":75508,"date":"2025-07-29T10:11:03","date_gmt":"2025-07-29T10:11:03","guid":{"rendered":"https:\/\/fv6qoy3ls0.wpdns.site\/product\/smallrig-4893-cob-led-rc100b\/"},"modified":"2025-07-29T10:11:03","modified_gmt":"2025-07-29T10:11:03","slug":"smallrig-4893-cob-led-rc100b","status":"publish","type":"product","link":"https:\/\/hi-techwonder.com\/es\/producto\/smallrig-4893-cob-led-rc100b\/","title":{"rendered":"SMALLRIG 4893 COB LED RC100B"},"content":{"rendered":"<h3 data-start=\"0\" data-end=\"67\"><strong data-start=\"4\" data-end=\"67\">SmallRig 4893 RC100B COB LED<\/strong><\/h3>\n<hr data-start=\"69\" data-end=\"72\">\n<h3 data-start=\"74\" data-end=\"104\"><strong data-start=\"78\" data-end=\"104\">Caracter\u00edsticas de la luz<\/strong><\/h3>\n<ul data-start=\"106\" data-end=\"2161\">\n<li data-start=\"106\" data-end=\"361\">\n<p data-start=\"108\" data-end=\"361\"><strong data-start=\"108\" data-end=\"138\">Dise\u00f1o port\u00e1til y compacto<\/strong><br data-start=\"138\" data-end=\"141\">Dise\u00f1ado para ser un tercio del tama\u00f1o de los focos LED tradicionales de la misma potencia, con una dimensi\u00f3n de solo 115 x 95 x 95 mm y un peso de aproximadamente 700 g. Ideal para moverse o disparar en diferentes ubicaciones. <\/p>\n<\/li>\n<li data-start=\"363\" data-end=\"651\">\n<p data-start=\"365\" data-end=\"651\"><strong data-start=\"365\" data-end=\"400\">Sistema de alimentaci\u00f3n flexible<\/strong><br data-start=\"400\" data-end=\"403\">Admite una variedad de opciones de alimentaci\u00f3n: por adaptador de CA (hasta 130 W), por USB-C con PD (entrada de hasta 110 W) o mediante el uso de bater\u00edas V-Mount (VB99, VB155, etc.) y NP-F970 para operaciones inal\u00e1mbricas. Por lo tanto, garantiza un funcionamiento continuo sin interrupciones. <\/p>\n<\/li>\n<li data-start=\"653\" data-end=\"855\">\n<p data-start=\"655\" data-end=\"855\"><strong data-start=\"655\" data-end=\"681\">Bicolor 2700K a 6500K<\/strong><br data-start=\"681\" data-end=\"684\">Cubre un amplio rango de temperatura de color, ajustable entre 2700K (tonos c\u00e1lidos) y 6500K (tonos fr\u00edos), lo que le permite reproducir la luz del d\u00eda y crear diferentes estados de \u00e1nimo.<\/p>\n<\/li>\n<li data-start=\"857\" data-end=\"1080\">\n<p data-start=\"859\" data-end=\"1080\"><strong data-start=\"859\" data-end=\"886\">Alta precisi\u00f3n de color<\/strong><br data-start=\"886\" data-end=\"889\">Con CRI = 97+, TLCI = 98+ y SSI (3200K) de 91, la RC100B garantiza una reproducci\u00f3n fiel del color. Alcanza hasta 4610 Lux a 1 m (sin reflector, 5600K) y 20100 Lux a 1 m con mini hiperrreflector de 45\u00b0. <\/p>\n<\/li>\n<li data-start=\"1082\" data-end=\"1372\">\n<p data-start=\"1084\" data-end=\"1372\"><strong data-start=\"1084\" data-end=\"1137\">Ajuste personalizado, efectos especiales y ajustes preestablecidos<\/strong><br data-start=\"1137\" data-end=\"1140\">Ofrece doce efectos especiales (como flash, pulso, rel\u00e1mpago, etc.) y le permite configurar hasta cuatro conjuntos de par\u00e1metros para un acceso r\u00e1pido. Integra el control de intensidad y la variaci\u00f3n de color de una manera f\u00e1cil e intuitiva. <\/p>\n<\/li>\n<li data-start=\"1374\" data-end=\"1642\">\n<p data-start=\"1376\" data-end=\"1642\"><strong data-start=\"1376\" data-end=\"1406\">Operaci\u00f3n inal\u00e1mbrica y manual<\/strong><br data-start=\"1406\" data-end=\"1409\">Adem\u00e1s de una pantalla LCD de 1,3&#8243; y dos botones de ajuste, el RC100B se puede controlar a trav\u00e9s de la aplicaci\u00f3n SmallGoGo a trav\u00e9s de Bluetooth o Wi-Fi, y acepta DMX (con adaptador opcional). As\u00ed, se adapta a los flujos de trabajo en el estudio o al aire libre. <\/p>\n<\/li>\n<li data-start=\"1644\" data-end=\"1924\">\n<p data-start=\"1646\" data-end=\"1924\"><strong data-start=\"1646\" data-end=\"1683\">Sistema de enfriamiento eficiente<\/strong><br data-start=\"1683\" data-end=\"1686\">Equipa un sistema de enfriamiento independiente desarrollado por SmallRig, lo que garantiza la estabilidad incluso en sesiones largas. Las entradas y salidas de aire bien distribuidas aumentan la disipaci\u00f3n, lo que reduce el riesgo de sobrecalentamiento. <\/p>\n<\/li>\n<li data-start=\"1926\" data-end=\"2161\">\n<p data-start=\"1928\" data-end=\"2161\"><strong data-start=\"1928\" data-end=\"1956\">Ecosistema de accesorios<\/strong><br data-start=\"1956\" data-end=\"1959\">Compatible con el SmallRig Mini Mount, sirve para cajas de luz (RA-D30, RA-D60, RA-R4545), as\u00ed como para una variedad de bater\u00edas, adaptadores y soportes, ofreciendo una soluci\u00f3n integral de iluminaci\u00f3n port\u00e1til.<\/p>\n<p data-start=\"1928\" data-end=\"2161\"><iframe loading=\"lazy\" frameborder=\"0\" src=\"https:\/\/www.youtube.com\/embed\/SLM0ZA2ahmY?start=1\" width=\"640\" height=\"360\" class=\"note-video-clip\" referrerpolicy=\"strict-origin-when-cross-origin\"><\/iframe><\/p>\n<\/li>\n<\/ul>\n<hr data-start=\"2163\" data-end=\"2166\">\n<h3 data-start=\"2168\" data-end=\"2197\"><strong data-start=\"2172\" data-end=\"2197\">Contenido del paquete<\/strong><\/h3>\n<ol data-start=\"2199\" data-end=\"2424\">\n<li data-start=\"2199\" data-end=\"2220\"><strong data-start=\"2202\" data-end=\"2210\">1Un.<\/strong>  RC 100B<\/li>\n<li data-start=\"2221\" data-end=\"2249\"><strong data-start=\"2224\" data-end=\"2232\">1Un.<\/strong>  Mini Reflector<\/li>\n<li data-start=\"2250\" data-end=\"2316\"><strong data-start=\"2253\" data-end=\"2261\">1Un.<\/strong>  Adaptador de soporte de luz<\/li>\n<li data-start=\"2317\" data-end=\"2350\"><strong data-start=\"2320\" data-end=\"2328\">1Un.<\/strong>  Difusor de silicona<\/li>\n<li data-start=\"2351\" data-end=\"2391\"><strong data-start=\"2354\" data-end=\"2362\">1Un.<\/strong>  Cable USB-C a USB-C (3 m)<\/li>\n<li data-start=\"2392\" data-end=\"2424\"><strong data-start=\"2395\" data-end=\"2403\">1Un.<\/strong>  Manual de usuario<\/li>\n<\/ol>\n<p data-start=\"2426\" data-end=\"2541\"><em data-start=\"2426\" data-end=\"2541\">(Otros accesorios como bater\u00edas, adaptadores Bowens o cables de alimentaci\u00f3n se pueden comprar por separado).<\/em><\/p>\n<hr data-start=\"2543\" data-end=\"2546\">\n<h3 data-start=\"2548\" data-end=\"2575\"><strong data-start=\"2552\" data-end=\"2575\">Descripci\u00f3n detallada<\/strong><\/h3>\n<p data-start=\"2577\" data-end=\"2904\">El <strong data-start=\"2579\" data-end=\"2598\">SmallRig RC100B<\/strong> (versi\u00f3n est\u00e1ndar) es un LED COB compacto y potente dise\u00f1ado para creadores de contenido, fot\u00f3grafos y vide\u00f3grafos que necesitan iluminaci\u00f3n de alta calidad en cualquier lugar. Con solo 115 x 95 x 95 mm y un peso de alrededor de 700 g, ofrece una movilidad extrema, cabiendo f\u00e1cilmente en bolsos o mochilas. <\/p>\n<p data-start=\"2906\" data-end=\"3197\">El sistema de alimentaci\u00f3n personalizable, a trav\u00e9s de un adaptador de CA o bater\u00edas (V-Mount\/NP-F), permite una grabaci\u00f3n continua sin interrupciones, incluso en exteriores. La entrada USB-C compatible con PD 3.1 admite una entrada de hasta 110 W, lo que garantiza recargas r\u00e1pidas y comodidad durante la grabaci\u00f3n. <\/p>\n<p data-start=\"3199\" data-end=\"3813\">La temperatura de color ajustable entre 2700K y 6500K, combinada con el alto \u00edndice de reproducci\u00f3n crom\u00e1tica (CRI = 97+) y TLCI = 98+, garantiza resultados profesionales, mientras que el mini reflector incorporado de 45\u00b0 eleva la potencia de la luz de 4610 Lux a 20100 Lux a 1m (5600K). Varios modos de efectos especiales y la capacidad de memorizar hasta cuatro ajustes preestablecidos le brindan una mayor libertad creativa. El cuerpo de PC+ABS (V-0 ign\u00edfugo) y los refuerzos met\u00e1licos garantizan la resistencia, adem\u00e1s de optimizar la disipaci\u00f3n del calor. El conjunto de accesorios oficiales y de terceros incluye cajas de luz, empu\u00f1aduras de bater\u00eda, adaptadores y m\u00e1s.   <\/p>\n<hr data-start=\"3815\" data-end=\"3818\">\n<h3 data-start=\"3820\" data-end=\"3851\"><strong data-start=\"3824\" data-end=\"3851\">Especificaciones t\u00e9cnicas<\/strong><\/h3>\n<ul data-start=\"3853\" data-end=\"4572\">\n<li data-start=\"3853\" data-end=\"3899\"><strong data-start=\"3855\" data-end=\"3880\">Tipo de fuente de luz:<\/strong> COB LED bicolor<\/li>\n<li data-start=\"3900\" data-end=\"3928\"><strong data-start=\"3902\" data-end=\"3915\">Potencia:<\/strong> 100 W m\u00e1x.<\/li>\n<li data-start=\"3929\" data-end=\"3979\"><strong data-start=\"3931\" data-end=\"3963\">Rango de temperatura de color:<\/strong> 2700K &#8211; 6500K<\/li>\n<li data-start=\"3980\" data-end=\"4023\"><strong data-start=\"3982\" data-end=\"4001\">\u00cdndices de color:<\/strong> CRI = 97, TLCI = 98<\/li>\n<li data-start=\"4024\" data-end=\"4110\"><strong data-start=\"4026\" data-end=\"4060\">Iluminaci\u00f3n (Lux a 1 m, 5600K):<\/strong> ~4610 (sin reflector), ~20100 (con reflector de 45\u00b0)<\/li>\n<li data-start=\"4111\" data-end=\"4280\"><strong data-start=\"4113\" data-end=\"4145\">Modos de entrada de energ\u00eda:<\/strong>\n<ul data-start=\"4150\" data-end=\"4280\">\n<li data-start=\"4150\" data-end=\"4179\">BP \/ mini XLR (m\u00e1x. 110W)<\/li>\n<li data-start=\"4182\" data-end=\"4244\">USB-C PD (hasta 28 V\/5 A, m\u00e1x. 140 W) [entrada real de hasta 110 W]<\/li>\n<li data-start=\"4247\" data-end=\"4280\">QC 2.0 \/ AFC \/ FCP (m\u00e1x. 18 W)<\/li>\n<\/ul>\n<\/li>\n<li data-start=\"4281\" data-end=\"4323\"><strong data-start=\"4283\" data-end=\"4297\">Dimensiones:<\/strong> Aprox. 115 \u00d7 95 \u00d7 95 mm <\/li>\n<li data-start=\"4324\" data-end=\"4373\"><strong data-start=\"4326\" data-end=\"4352\">Peso (sin accesorios):<\/strong> Aprox. 700 g \u00b120 g <\/li>\n<li data-start=\"4374\" data-end=\"4436\"><strong data-start=\"4376\" data-end=\"4404\">Temperatura de funcionamiento:<\/strong> (verifique los l\u00edmites en el manual)<\/li>\n<li data-start=\"4437\" data-end=\"4572\"><strong data-start=\"4439\" data-end=\"4459\">Compatibilidad:<\/strong> Cajas de luz de montaje mini, adaptador Bowens Mount (ID 4476), bater\u00edas V-Mount o NP-F, DMX (se requiere adaptador)<\/li>\n<\/ul>\n<p data-start=\"4574\" data-end=\"4658\"><em data-start=\"4574\" data-end=\"4658\">(Para obtener datos de seguridad espec\u00edficos y l\u00edmites de uso, consulte el manual oficial).<\/em><\/p>\n<hr data-start=\"4660\" data-end=\"4663\">\n<h3 data-start=\"4665\" data-end=\"4697\"><strong data-start=\"4669\" data-end=\"4695\">Informaci\u00f3n adicional<\/strong><\/h3>\n<p data-start=\"4698\" data-end=\"4837\">Nota: Im\u00e1genes ilustrativas. Equipo adicional no incluido. Consulte el contenido y las especificaciones del paquete para obtener m\u00e1s detalles.  <\/p>\n","protected":false},"excerpt":{"rendered":"<p>SmallRig 4893 RC100B COB LED Caracter\u00edsticas de la luz Dise\u00f1o port\u00e1til y compactoDise\u00f1ado para ser un tercio del tama\u00f1o de<\/p>\n","protected":false},"featured_media":59551,"comment_status":"closed","ping_status":"open","template":"","meta":{"_acf_changed":false},"product_brand":[2550],"product_cat":[997],"product_tag":[],"class_list":{"0":"post-75508","1":"product","2":"type-product","3":"status-publish","4":"has-post-thumbnail","6":"product_brand-smallrig-es","7":"product_cat-focos","9":"first","10":"onbackorder","11":"taxable","12":"shipping-taxable","13":"purchasable","14":"product-type-simple"},"bundled_by":[],"bundle_stock_status":"onbackorder","bundle_stock_quantity":0,"bundle_virtual":false,"bundle_layout":"","bundle_add_to_cart_form_location":"","bundle_editable_in_cart":false,"bundle_sold_individually_context":"","bundle_item_grouping":"","bundle_min_size":"","bundle_max_size":"","bundle_price":[],"bundled_items":[],"bundle_sell_ids":[],"acf":[],"_links":{"self":[{"href":"https:\/\/hi-techwonder.com\/es\/wp-json\/wp\/v2\/product\/75508","targetHints":{"allow":["GET"]}}],"collection":[{"href":"https:\/\/hi-techwonder.com\/es\/wp-json\/wp\/v2\/product"}],"about":[{"href":"https:\/\/hi-techwonder.com\/es\/wp-json\/wp\/v2\/types\/product"}],"replies":[{"embeddable":true,"href":"https:\/\/hi-techwonder.com\/es\/wp-json\/wp\/v2\/comments?post=75508"}],"wp:featuredmedia":[{"embeddable":true,"href":"https:\/\/hi-techwonder.com\/es\/wp-json\/wp\/v2\/media\/59551"}],"wp:attachment":[{"href":"https:\/\/hi-techwonder.com\/es\/wp-json\/wp\/v2\/media?parent=75508"}],"wp:term":[{"taxonomy":"product_brand","embeddable":true,"href":"https:\/\/hi-techwonder.com\/es\/wp-json\/wp\/v2\/product_brand?post=75508"},{"taxonomy":"product_cat","embeddable":true,"href":"https:\/\/hi-techwonder.com\/es\/wp-json\/wp\/v2\/product_cat?post=75508"},{"taxonomy":"product_tag","embeddable":true,"href":"https:\/\/hi-techwonder.com\/es\/wp-json\/wp\/v2\/product_tag?post=75508"}],"curies":[{"name":"wp","href":"https:\/\/api.w.org\/{rel}","templated":true}]}}