{"id":75520,"date":"2025-07-29T09:41:40","date_gmt":"2025-07-29T09:41:40","guid":{"rendered":"https:\/\/fv6qoy3ls0.wpdns.site\/product\/sigma-30mm-f-1-4-dc-dn-contemporaneo-nikon-z\/"},"modified":"2026-04-08T18:02:40","modified_gmt":"2026-04-08T17:02:40","slug":"sigma-30mm-f-1-4-dc-dn-contemporaneo-nikon-z","status":"publish","type":"product","link":"https:\/\/hi-techwonder.com\/es\/producto\/sigma-30mm-f-1-4-dc-dn-contemporaneo-nikon-z\/","title":{"rendered":"SIGMA 30mm f\/1.4 DC DN Contempor\u00e1neo Nikon Z"},"content":{"rendered":"<p><strong>Sigma 30mm f\/1.4 DC DN Contempor\u00e1neo para Nikon Z<\/strong><\/p>\n<p><strong>Caracter\u00edsticas principales:<\/strong><\/p>\n<ul>\n<li>APS-C | f\/1.4 a f\/16.<\/li>\n<li>45 mm (equivalente a fotograma completo).<\/li>\n<li>Diafragma redondeado de 9 hojas.<\/li>\n<li>Sistema AF de motor paso a paso.<\/li>\n<li>Recubrimiento Super Multicapa.<\/li>\n<li>Dos elementos asf\u00e9ricos.<\/li>\n<li>Un elemento de alto \u00edndice de refracci\u00f3n.<\/li>\n<\/ul>\n<p><strong>Contenido del paquete:<\/strong><\/p>\n<ul>\n<li>Lente Sigma 30mm f\/1.4 DC DN (Nikon Z) Contempor\u00e1neo.<\/li>\n<li>Tapa de lente Sigma LCF-52 III de 52mm.<\/li>\n<li>Tapa de lente trasera.<\/li>\n<li>Parasol Sigma para lente contempor\u00e1neo 30mm f\/1.4 DC DN.<\/li>\n<\/ul>\n<p style=\"text-align: justify;\">Un objetivo fijo r\u00e1pido y vers\u00e1til, este objetivo Sigma Contemporary 30mm f\/1.4 DC DN est\u00e1 dise\u00f1ado para su uso con c\u00e1maras sin espejo de formato APS-C con montura Z de Nikon. La apertura m\u00e1xima brillante de f\/1.4 beneficia el trabajo en condiciones de poca luz y tambi\u00e9n le brinda un amplio control sobre la profundidad de campo para el uso de t\u00e9cnicas de enfoque selectivo. El dise\u00f1o \u00f3ptico presenta un par de elementos asf\u00e9ricos, junto con un elemento de alto \u00edndice de refracci\u00f3n, que reduce significativamente las aberraciones esf\u00e9ricas y la distorsi\u00f3n para una mayor claridad y definici\u00f3n, y para una calidad de imagen notablemente n\u00edtida. Adem\u00e1s, se ha aplicado un recubrimiento s\u00faper multicapa para controlar el destello de la lente y las im\u00e1genes fantasma en condiciones de iluminaci\u00f3n brillante. Adem\u00e1s, beneficiando tanto la captura de im\u00e1genes fijas como la grabaci\u00f3n de video, este prime compacto tambi\u00e9n incorpora un motor AF paso a paso para un rendimiento de enfoque autom\u00e1tico suave y casi silencioso.    <\/p>\n<ul>\n<li style=\"text-align: justify;\">Como parte de la l\u00ednea contempor\u00e1nea de la serie Global Vision de Sigma, este objetivo ha sido dise\u00f1ado para lograr un equilibrio entre comodidad y rendimiento y combina una construcci\u00f3n compacta y ligera y un manejo vers\u00e1til con notables atributos \u00f3pticos.<\/li>\n<li style=\"text-align: justify;\">El prime de longitud completa est\u00e1 dise\u00f1ado para c\u00e1maras sin espejo de formato APS-C con montura Z de Nikon y proporciona una distancia focal equivalente a 45 mm.<\/li>\n<li style=\"text-align: justify;\">La brillante apertura m\u00e1xima de f\/1.4 sobresale en condiciones de poca luz y tambi\u00e9n le brinda un mayor control sobre la profundidad de campo para lograr efectos de enfoque selectivos.<\/li>\n<li style=\"text-align: justify;\">Se utilizan dos elementos asf\u00e9ricos y un elemento de alto \u00edndice de refracci\u00f3n ?? para limitar la distorsi\u00f3n y las aberraciones esf\u00e9ricas, y tambi\u00e9n contribuir a una mayor nitidez general y una representaci\u00f3n precisa.<\/li>\n<li style=\"text-align: justify;\">Se ha aplicado un revestimiento s\u00faper multicapa a los elementos de la lente para minimizar los destellos y las im\u00e1genes fantasma y contribuir a la producci\u00f3n de im\u00e1genes de colores neutros y ricos en contraste, incluso en condiciones de contraluz.<\/li>\n<li style=\"text-align: justify;\">Un motor AF paso a paso beneficia a los fot\u00f3grafos y vide\u00f3grafos con su rendimiento r\u00e1pido, preciso y casi silencioso.<\/li>\n<li style=\"text-align: justify;\">El diafragma redondeado de nueve hojas contribuye a una calidad de bokeh suave y agradable.<\/li>\n<li style=\"text-align: justify;\">Construido con un material compuesto t\u00e9rmicamente estable (TSC) para una mayor precisi\u00f3n y uso en amplios rangos de temperatura. Adem\u00e1s, una bayoneta de lat\u00f3n ofrece una mayor precisi\u00f3n y rigidez de montaje. <\/li>\n<\/ul>\n<p><strong>Especificaciones Sigma 30mm f\/1.4 DC DN Contemporary para Nikon Z<\/strong><\/p>\n<table style=\"border-collapse: collapse; width: 99.9795%;\" border=\"1\">\n<tbody>\n<tr>\n<td style=\"width: 49.1758%;\">Distancia focal<\/td>\n<td style=\"width: 49.1758%;\">30 mm (distancia focal equivalente a 35 mm: 45 mm)<\/td>\n<\/tr>\n<tr>\n<td style=\"width: 49.1758%;\">Apertura<\/td>\n<p> m\u00e1xima<\/p>\n<td style=\"width: 49.1758%;\">f\/1.4<\/td>\n<\/tr>\n<tr>\n<td style=\"width: 49.1758%;\">Apertura<\/td>\n<p> m\u00ednima<\/p>\n<td style=\"width: 49.1758%;\">f\/16<\/td>\n<\/tr>\n<tr>\n<td style=\"width: 49.1758%;\">Montura de lente<\/td>\n<td style=\"width: 49.1758%;\">Nikon Z<\/td>\n<\/tr>\n<tr>\n<td style=\"width: 49.1758%;\">Cobertura de la forma de<\/td>\n<p> la lente<\/p>\n<td style=\"width: 49.1758%;\">APS-C<\/td>\n<\/tr>\n<tr>\n<td style=\"width: 49.1758%;\">\u00c1ngulo de visi\u00f3n<\/td>\n<td style=\"width: 49.1758%;\">50,7\u00b0<\/td>\n<\/tr>\n<tr>\nDistancia <\/p>\n<td style=\"width: 49.1758%;\">m\u00ednima de enfoque<\/td>\n<td style=\"width: 49.1758%;\">30 cm<\/td>\n<\/tr>\n<tr>\n<td style=\"width: 49.1758%;\">Aumento<\/td>\n<p> m\u00e1ximo<\/p>\n<td style=\"width: 49.1758%;\">0,14 veces<\/td>\n<\/tr>\n<tr>\n<td style=\"width: 49.1758%;\">Dise\u00f1o \u00f3ptico<\/td>\n<td style=\"width: 49.1758%;\">9 elementos en 7 grupos<\/td>\n<\/tr>\n<tr>\n<td style=\"width: 49.1758%;\">Hojas de diafragma<\/td>\n<td style=\"width: 49.1758%;\">9, redondeado<\/td>\n<\/tr>\n<tr>\n<td style=\"width: 49.1758%;\">Tipo de<\/td>\n<p> enfoque<\/p>\n<td style=\"width: 49.1758%;\">Autom\u00e1tico<\/td>\n<\/tr>\n<tr>\n<td style=\"width: 49.1758%;\">Estabilizaci\u00f3n de imagen<\/td>\n<td style=\"width: 49.1758%;\">No<\/td>\n<\/tr>\n<tr>\n<td style=\"width: 49.1758%;\">Tama\u00f1o del filtro <\/td>\n<td style=\"width: 49.1758%;\">52 mm (Frontal)<\/td>\n<\/tr>\n<tr>\n<td style=\"width: 49.1758%;\">Dimensiones (\u00f8 x L)<\/td>\n<td style=\"width: 49.1758%;\">64,8 x 73,3 mil\u00edmetros<\/td>\n<\/tr>\n<tr>\n<td style=\"width: 49.1758%;\">Peso<\/td>\n<td style=\"width: 49.1758%;\">265 gramos<\/td>\n<\/tr>\n<\/tbody>\n<\/table>\n","protected":false},"excerpt":{"rendered":"<p>Sigma 30mm f\/1.4 DC DN Contempor\u00e1neo para Nikon Z Caracter\u00edsticas principales: APS-C | f\/1.4 a f\/16. 45 mm (equivalente a<\/p>\n","protected":false},"featured_media":52454,"comment_status":"closed","ping_status":"open","template":"","meta":{"_acf_changed":false},"product_brand":[2647],"product_cat":[1062],"product_tag":[],"class_list":{"0":"post-75520","1":"product","2":"type-product","3":"status-publish","4":"has-post-thumbnail","6":"product_brand-sigma-es","7":"product_cat-mirrorless-objectivos","8":"pa_abertura-maxima-f-1-4-es","10":"first","11":"pre-order","12":"taxable","13":"shipping-taxable","14":"purchasable","15":"product-type-simple"},"bundled_by":[],"bundle_stock_status":"pre-order","bundle_stock_quantity":null,"bundle_virtual":false,"bundle_layout":"","bundle_add_to_cart_form_location":"","bundle_editable_in_cart":false,"bundle_sold_individually_context":"","bundle_item_grouping":"","bundle_min_size":"","bundle_max_size":"","bundle_price":[],"bundled_items":[],"bundle_sell_ids":[],"acf":[],"_links":{"self":[{"href":"https:\/\/hi-techwonder.com\/es\/wp-json\/wp\/v2\/product\/75520","targetHints":{"allow":["GET"]}}],"collection":[{"href":"https:\/\/hi-techwonder.com\/es\/wp-json\/wp\/v2\/product"}],"about":[{"href":"https:\/\/hi-techwonder.com\/es\/wp-json\/wp\/v2\/types\/product"}],"replies":[{"embeddable":true,"href":"https:\/\/hi-techwonder.com\/es\/wp-json\/wp\/v2\/comments?post=75520"}],"wp:featuredmedia":[{"embeddable":true,"href":"https:\/\/hi-techwonder.com\/es\/wp-json\/wp\/v2\/media\/52454"}],"wp:attachment":[{"href":"https:\/\/hi-techwonder.com\/es\/wp-json\/wp\/v2\/media?parent=75520"}],"wp:term":[{"taxonomy":"product_brand","embeddable":true,"href":"https:\/\/hi-techwonder.com\/es\/wp-json\/wp\/v2\/product_brand?post=75520"},{"taxonomy":"product_cat","embeddable":true,"href":"https:\/\/hi-techwonder.com\/es\/wp-json\/wp\/v2\/product_cat?post=75520"},{"taxonomy":"product_tag","embeddable":true,"href":"https:\/\/hi-techwonder.com\/es\/wp-json\/wp\/v2\/product_tag?post=75520"}],"curies":[{"name":"wp","href":"https:\/\/api.w.org\/{rel}","templated":true}]}}