{"id":75525,"date":"2025-07-29T09:41:33","date_gmt":"2025-07-29T09:41:33","guid":{"rendered":"https:\/\/fv6qoy3ls0.wpdns.site\/product\/sigma-50mm-f-2-dc-dn-contemporaneo-sony-e\/"},"modified":"2026-04-08T18:02:35","modified_gmt":"2026-04-08T17:02:35","slug":"sigma-50mm-f-2-dc-dn-contemporaneo-sony-e","status":"publish","type":"product","link":"https:\/\/hi-techwonder.com\/es\/producto\/sigma-50mm-f-2-dc-dn-contemporaneo-sony-e\/","title":{"rendered":"SIGMA 50mm f\/2 DC DN Contempor\u00e1neo Sony E"},"content":{"rendered":"<p><strong>SIGMA <\/strong><strong>50mm f\/2 DC DN <\/strong><strong>Contempor\u00e1neo<\/strong><strong> para Sony E<\/strong><\/p>\n<p><strong>Caracter\u00edsticas principales:<\/strong><\/p>\n<ul>\n<li>Imagen completa | f\/2 a f\/22.<\/li>\n<li>Sharp Compact Prime.<\/li>\n<li>Sistema de enfoque interno r\u00e1pido.<\/li>\n<li>Diafragma redondeado de 9 hojas.<\/li>\n<li>Cuerpo de lente totalmente met\u00e1lico.<\/li>\n<li>Dise\u00f1o resistente al polvo y a las salpicaduras.<\/li>\n<\/ul>\n<p><strong>Contenido del paquete:<\/strong><\/p>\n<ul>\n<li>Objetivo contempor\u00e1neo Sigma 50mm f\/2 DG DN (Sony E).<\/li>\n<li>Parasol.<\/li>\n<li>Tapa de lente Sigma LCF-58 III de 58 mm.<\/li>\n<li>Tapa de lente de metal magn\u00e9tico Sigma LCF5801M.<\/li>\n<li>Tapa de lente trasera Sigma LCR II para Sony E.<\/li>\n<\/ul>\n<p style=\"text-align: justify;\">Ofreciendo una distancia focal ideal para retratos, escenas callejeras y tomas de uso m\u00faltiple, el lente contempor\u00e1neo Sigma 50mm f\/2 DG DN ofrece un rendimiento \u00f3ptico sofisticado y un enfoque autom\u00e1tico r\u00e1pido en un dise\u00f1o compacto y liviano. Disponible en el modelo Sony E-Mount, este objetivo cuenta con un interruptor AF\/MF de tipo arco y un anillo estilizado en un cilindro de metal. Un anillo de enfoque manual de metal dentado y un anillo de apertura brindan una experiencia t\u00e1ctil agradable, y tambi\u00e9n se incluye un parasol de lente de metal. Dise\u00f1ado con la \u00faltima tecnolog\u00eda \u00f3ptica, el objetivo incorpora 11 elementos en 9 grupos, con tres objetivos asf\u00e9ricos y un elemento de cristal SLD para eliminar aberraciones y reflejos, y el objetivo cuenta con un sistema de enfoque autom\u00e1tico impulsado por un potente motor paso a paso para un enfoque r\u00e1pido y preciso al tomar fotograf\u00edas y v\u00eddeos.   <\/p>\n<ul>\n<li style=\"text-align: justify;\">Lente principal de longitud est\u00e1ndar dise\u00f1ada para c\u00e1maras sin espejo Sony E-Mount de fotograma completo que tambi\u00e9n se puede usar en modelos APS-C, donde proporciona una distancia focal equivalente a 75 mm.<\/li>\n<li style=\"text-align: justify;\">La brillante apertura m\u00e1xima de f\/2 proporciona control sobre la profundidad de campo y es adecuada para trabajar en condiciones de poca luz.<\/li>\n<li style=\"text-align: justify;\">Sistema de enfoque interno con motor paso a paso para un AF r\u00e1pido y confiable para usar en fotograf\u00edas y videos.<\/li>\n<li style=\"text-align: justify;\">Equipado con un anillo de apertura, un interruptor de modo de enfoque AF\/MF tipo arco y un anillo de enfoque manual moleteado para una experiencia t\u00e1ctil agradable.<\/li>\n<li style=\"text-align: justify;\">El diafragma redondeado de 9 hojas contribuye a una calidad de bokeh suave y agradable mediante el empleo de t\u00e9cnicas de enfoque selectivo.<\/li>\n<li style=\"text-align: justify;\">Compatible con Sigma UD-11 USB Dock para Sony E.<\/li>\n<li style=\"text-align: justify;\">Construcci\u00f3n resistente al polvo y a las salpicaduras con montura de bayoneta de lat\u00f3n para garantizar la precisi\u00f3n y la durabilidad.<\/li>\n<\/ul>\n<p><strong>Dise\u00f1ado para su uso con:&nbsp;<\/strong><\/p>\n<ul>\n<li>Sony Alfa A1<\/li>\n<li>Sony Alpha A5000<\/li>\n<li>Sony Alpha A5100<\/li>\n<li>Sony Alpha A6000<\/li>\n<li>Sony Alpha A6100<\/li>\n<li>Sony Alpha A6300<\/li>\n<li>Sony Alpha A6400<\/li>\n<li>Sony Alpha A6500<\/li>\n<li>Sony Alpha A6600<\/li>\n<li>Sony Alpha A7<\/li>\n<li>Sony Alpha A7II<\/li>\n<li>Sony Alpha A7III<\/li>\n<li>Sony Alpha A7 IV<\/li>\n<li>Sony Alpha A7C<\/li>\n<li>Sony Alpha A7R<\/li>\n<li>Sony Alpha A7RII<\/li>\n<li>Sony Alpha A7R III<\/li>\n<li>Sony Alpha A7R IV<\/li>\n<li>Sony Alpha A7R V<\/li>\n<li>Sony Alpha A7S<\/li>\n<li>Sony Alpha A7SII<\/li>\n<li>Sony Alpha A7S III<\/li>\n<li>Sony Alfa A9<\/li>\n<li>Sony Alpha A9II<\/li>\n<li>Sony Alpha ZV-E10<\/li>\n<li>Sony FX3<\/li>\n<li>Sony FX30<\/li>\n<li>Sony FX6<\/li>\n<li>Sony ILME-FR7<\/li>\n<li>Sony NEX-EA50M<\/li>\n<li>Sony NEX-EA50UH<\/li>\n<li>Sony NEX-FS700R<\/li>\n<li>Sony NEX-FS700U<\/li>\n<li>Sony NEX-VG30<\/li>\n<li>Sony NEX-VG900<\/li>\n<li>Sony PXW-FS5<\/li>\n<li>Sony PXW-FS5M2<\/li>\n<li>Sony PXW-FS7<\/li>\n<li>Sony PXW-FS7M2<\/li>\n<li>Sony PXW-FX9<\/li>\n<li>C\u00e1mara de cine digital Sony VENICE 6K<\/li>\n<li>Sony ZV-E1<\/li>\n<li>Sony ZV-E10<\/li>\n<\/ul>\n<p><strong>Especificaciones contempor\u00e1neas de Sigma 50mm F\/2 DC DN<\/strong><\/p>\n<table style=\"border-collapse: collapse; width: 99.9795%; height: 223.958px;\" border=\"1\">\n<tbody>\n<tr style=\"height: 22.3958px;\">\n<td style=\"width: 49.1758%; height: 22.3958px;\">Distancia focal<\/td>\n<td style=\"width: 49.1758%; height: 22.3958px;\">50 mm<\/td>\n<\/tr>\n<tr style=\"height: 22.3958px;\">\n<td style=\"width: 49.1758%; height: 22.3958px;\">Apertura<\/td>\n<p> m\u00e1xima<\/p>\n<td style=\"width: 49.1758%; height: 22.3958px;\">f\/2<\/td>\n<\/tr>\n<tr style=\"height: 22.3958px;\">\n<td style=\"width: 49.1758%; height: 22.3958px;\">Apertura<\/td>\n<p> m\u00ednima<\/p>\n<td style=\"width: 49.1758%; height: 22.3958px;\">f\/22<\/td>\n<\/tr>\n<tr style=\"height: 22.3958px;\">\n<td style=\"width: 49.1758%; height: 22.3958px;\">Montura de lente<\/td>\n<td style=\"width: 49.1758%; height: 22.3958px;\">Sony E<\/td>\n<\/tr>\n<tr style=\"height: 22.3958px;\">\n<td style=\"width: 49.1758%; height: 22.3958px;\">Cobertura de la forma de<\/td>\n<p> la lente<\/p>\n<td style=\"width: 49.1758%; height: 22.3958px;\">Fotograma completo<\/td>\n<\/tr>\n<tr style=\"height: 22.3958px;\">\nDistancia <\/p>\n<td style=\"width: 49.1758%; height: 22.3958px;\">m\u00ednima de enfoque<\/td>\n<td style=\"width: 49.1758%; height: 22.3958px;\">45 cm<\/td>\n<\/tr>\n<tr style=\"height: 22.3958px;\">\n<td style=\"width: 49.1758%; height: 22.3958px;\">Tasa de reproducci\u00f3n<\/td>\n<p> macro <\/p>\n<td style=\"width: 49.1758%; height: 22.3958px;\">1:6.9 (196.9<\/td>\n<p>)<br \/>\n<\/tr>\n<tr style=\"height: 22.3958px;\">\n<td style=\"width: 49.1758%; height: 22.3958px;\">Dise\u00f1o \u00f3ptico<\/td>\n<td style=\"width: 49.1758%; height: 22.3958px;\">11 elementos en 9 grupos<\/td>\n<\/tr>\n<tr style=\"height: 22.3958px;\">\n<td style=\"width: 49.1758%; height: 22.3958px;\">Hojas de diafragma<\/td>\n<td style=\"width: 49.1758%; height: 22.3958px;\">9<\/td>\n<\/tr>\n<tr style=\"height: 22.3958px;\">\n<td style=\"width: 49.1758%; height: 22.3958px;\">Tipo de<\/td>\n<p> enfoque<\/p>\n<td style=\"width: 49.1758%; height: 22.3958px;\">Autom\u00e1tico<\/td>\n<\/tr>\n<tr>\n<td style=\"width: 49.1758%;\">Tama\u00f1o del filtro<\/td>\n<td style=\"width: 49.1758%;\">58 mm (delantero)<\/td>\n<\/tr>\n<tr>\n<td style=\"width: 49.1758%;\">Dimensiones (\u00f8 x L)<\/td>\n<td style=\"width: 49.1758%;\">70 x 68 mm<\/td>\n<\/tr>\n<tr>\n<td style=\"width: 49.1758%;\">Peso<\/td>\n<td style=\"width: 49.1758%;\">350 gramos<\/td>\n<\/tr>\n<\/tbody>\n<\/table>\n","protected":false},"excerpt":{"rendered":"<p>SIGMA 50mm f\/2 DC DN Contempor\u00e1neo para Sony E Caracter\u00edsticas principales: Imagen completa | f\/2 a f\/22. Sharp Compact Prime.<\/p>\n","protected":false},"featured_media":52432,"comment_status":"closed","ping_status":"open","template":"","meta":{"_acf_changed":false},"product_brand":[2647],"product_cat":[1062],"product_tag":[],"class_list":{"0":"post-75525","1":"product","2":"type-product","3":"status-publish","4":"has-post-thumbnail","6":"product_brand-sigma-es","7":"product_cat-mirrorless-objectivos","8":"pa_abertura-maxima-f-2-es","10":"first","11":"onbackorder","12":"taxable","13":"shipping-taxable","14":"purchasable","15":"product-type-simple"},"bundled_by":[],"bundle_stock_status":"onbackorder","bundle_stock_quantity":null,"bundle_virtual":false,"bundle_layout":"","bundle_add_to_cart_form_location":"","bundle_editable_in_cart":false,"bundle_sold_individually_context":"","bundle_item_grouping":"","bundle_min_size":"","bundle_max_size":"","bundle_price":[],"bundled_items":[],"bundle_sell_ids":[],"acf":[],"_links":{"self":[{"href":"https:\/\/hi-techwonder.com\/es\/wp-json\/wp\/v2\/product\/75525","targetHints":{"allow":["GET"]}}],"collection":[{"href":"https:\/\/hi-techwonder.com\/es\/wp-json\/wp\/v2\/product"}],"about":[{"href":"https:\/\/hi-techwonder.com\/es\/wp-json\/wp\/v2\/types\/product"}],"replies":[{"embeddable":true,"href":"https:\/\/hi-techwonder.com\/es\/wp-json\/wp\/v2\/comments?post=75525"}],"wp:featuredmedia":[{"embeddable":true,"href":"https:\/\/hi-techwonder.com\/es\/wp-json\/wp\/v2\/media\/52432"}],"wp:attachment":[{"href":"https:\/\/hi-techwonder.com\/es\/wp-json\/wp\/v2\/media?parent=75525"}],"wp:term":[{"taxonomy":"product_brand","embeddable":true,"href":"https:\/\/hi-techwonder.com\/es\/wp-json\/wp\/v2\/product_brand?post=75525"},{"taxonomy":"product_cat","embeddable":true,"href":"https:\/\/hi-techwonder.com\/es\/wp-json\/wp\/v2\/product_cat?post=75525"},{"taxonomy":"product_tag","embeddable":true,"href":"https:\/\/hi-techwonder.com\/es\/wp-json\/wp\/v2\/product_tag?post=75525"}],"curies":[{"name":"wp","href":"https:\/\/api.w.org\/{rel}","templated":true}]}}