{"id":75526,"date":"2025-07-29T09:41:08","date_gmt":"2025-07-29T09:41:08","guid":{"rendered":"https:\/\/fv6qoy3ls0.wpdns.site\/product\/sigma-30mm-f1-4-dc-dn-contemporaneo-fujifilm-x\/"},"modified":"2026-04-08T18:01:56","modified_gmt":"2026-04-08T17:01:56","slug":"sigma-30mm-f1-4-dc-dn-contemporaneo-fujifilm-x","status":"publish","type":"product","link":"https:\/\/hi-techwonder.com\/es\/producto\/sigma-30mm-f1-4-dc-dn-contemporaneo-fujifilm-x\/","title":{"rendered":"SIGMA 30mm F1.4 DC DN Contempor\u00e1neo Fujifilm X"},"content":{"rendered":"<p>Este objetivo fijo r\u00e1pido y vers\u00e1til de la serie contempor\u00e1nea 30mm f\/1.4 DC DN de Sigma est\u00e1 dise\u00f1ado para su uso con c\u00e1maras sin espejo con montura X de FUJIFILM en formato APS-C. La apertura m\u00e1xima brillante de f\/1.4 beneficia el trabajo en condiciones de poca luz y tambi\u00e9n le brinda un amplio control sobre la profundidad de campo para el uso de t\u00e9cnicas de enfoque selectivo. El dise\u00f1o \u00f3ptico presenta un par de elementos asf\u00e9ricos, junto con un elemento de alto \u00edndice de refracci\u00f3n, que reduce significativamente las aberraciones esf\u00e9ricas y la distorsi\u00f3n para mejorar la claridad y la definici\u00f3n para una calidad de imagen notablemente n\u00edtida. Adem\u00e1s, se ha aplicado un recubrimiento s\u00faper multicapa para controlar el destello de la lente y las im\u00e1genes fantasma en condiciones de iluminaci\u00f3n intensa. Adem\u00e1s, beneficiando tanto la captura de im\u00e1genes fijas como la grabaci\u00f3n de video, este prime compacto tambi\u00e9n incorpora un motor AF paso a paso para un rendimiento de enfoque autom\u00e1tico suave y silencioso.    <\/p>\n<h2 class=\"western\" style=\"font-style: normal; font-weight: normal;\"><strong><span style=\"font-family: OpenSans, Segoe UI, Helvetica, Roboto, Arial, sans-serif;\"><span style=\"font-size: medium;\">Sigma 30mm F\/1.4 DC DN Contemporary Ficha Tecnica<\/span><\/span><\/strong><\/h2>\n<table border=\"0\" width=\"483\" cellspacing=\"0\" cellpadding=\"2\">\n<colgroup>\n<col width=\"168\">\n<col width=\"307\"> <\/colgroup>\n<tbody>\n<tr>\n<td width=\"168\">\n<p style=\"border: none; padding: 0cm; font-weight: normal;\" align=\"LEFT\">Distancia focal<\/p>\n<\/td>\n<td width=\"307\">\n<p style=\"border: none; padding: 0cm; font-weight: normal;\">30 mm (distancia focal equivalente a 35 mm: 45 mm)<\/p>\n<\/td>\n<\/tr>\n<tr>\n<td width=\"168\">\n<p style=\"border: none; padding: 0cm; font-weight: normal;\" align=\"LEFT\">Apertura m\u00e1xima<\/p>\n<\/td>\n<td width=\"307\">\n<p style=\"border: none; padding: 0cm; font-weight: normal;\">f\/1.4<\/p>\n<\/td>\n<\/tr>\n<tr>\n<td width=\"168\">\n<p style=\"border: none; padding: 0cm; font-weight: normal;\" align=\"LEFT\">Apertura m\u00ednima<\/p>\n<\/td>\n<td width=\"307\">\n<p style=\"border: none; padding: 0cm; font-weight: normal;\">f\/16<\/p>\n<\/td>\n<\/tr>\n<tr>\n<td width=\"168\">\n<p style=\"border: none; padding: 0cm; font-weight: normal;\" align=\"LEFT\">Montura de lente<\/p>\n<\/td>\n<td width=\"307\">\n<p style=\"border: none; padding: 0cm; font-weight: normal;\">FUJIFILM X<\/p>\n<\/td>\n<\/tr>\n<tr>\n<td width=\"168\">\n<p style=\"border: none; padding: 0cm; font-weight: normal;\" align=\"LEFT\">Cobertura del formato de la lente<\/p>\n<\/td>\n<td width=\"307\">\n<p style=\"border: none; padding: 0cm; font-weight: normal;\">APS-C<\/p>\n<\/td>\n<\/tr>\n<tr>\n<td width=\"168\">\n<p style=\"border: none; padding: 0cm; font-weight: normal;\" align=\"LEFT\">\u00c1ngulo de visi\u00f3n<\/p>\n<\/td>\n<td width=\"307\">\n<p style=\"border: none; padding: 0cm; font-weight: normal;\">50.7\u00b0<\/p>\n<\/td>\n<\/tr>\n<tr>\n<td width=\"168\">\n<p style=\"border: none; padding: 0cm; font-weight: normal;\" align=\"LEFT\">Distancia m\u00ednima de enfoque<\/p>\n<\/td>\n<td width=\"307\">\n<p style=\"border: none; padding: 0cm; font-weight: normal;\">11,8&#8243; \/ 30 cm<\/p>\n<\/td>\n<\/tr>\n<tr>\n<td width=\"168\">\n<p style=\"border: none; padding: 0cm; font-weight: normal;\" align=\"LEFT\">Aumento m\u00e1ximo<\/p>\n<\/td>\n<td width=\"307\">\n<p style=\"border: none; padding: 0cm; font-weight: normal;\">0,14 veces<\/p>\n<\/td>\n<\/tr>\n<tr>\n<td width=\"168\">\n<p style=\"border: none; padding: 0cm; font-weight: normal;\" align=\"LEFT\">Dise\u00f1o \u00f3ptico<\/p>\n<\/td>\n<td width=\"307\">\n<p style=\"border: none; padding: 0cm; font-weight: normal;\">9 elementos en 7 grupos<\/p>\n<\/td>\n<\/tr>\n<tr>\n<td width=\"168\">\n<p style=\"border: none; padding: 0cm; font-weight: normal;\" align=\"LEFT\">Hojas de diafragma<\/p>\n<\/td>\n<td width=\"307\">\n<p style=\"border: none; padding: 0cm; font-weight: normal;\">9, redondeado<\/p>\n<\/td>\n<\/tr>\n<tr>\n<td width=\"168\">\n<p style=\"border: none; padding: 0cm; font-weight: normal;\" align=\"LEFT\">Tipo de enfoque<\/p>\n<\/td>\n<td width=\"307\">\n<p style=\"border: none; padding: 0cm; font-weight: normal;\">Enfoque autom\u00e1tico<\/p>\n<\/td>\n<\/tr>\n<tr>\n<td width=\"168\">\n<p style=\"border: none; padding: 0cm; font-weight: normal;\" align=\"LEFT\">Estabilizaci\u00f3n de imagen<\/p>\n<\/td>\n<td width=\"307\">\n<p style=\"border: none; padding: 0cm; font-weight: normal;\">En<\/p>\n<\/td>\n<\/tr>\n<tr>\n<td width=\"168\">\n<p style=\"border: none; padding: 0cm; font-weight: normal;\" align=\"LEFT\">Tama\u00f1o del filtro<\/p>\n<\/td>\n<td width=\"307\">\n<p style=\"border: none; padding: 0cm; font-weight: normal;\">52 mm (Frontal)<\/p>\n<\/td>\n<\/tr>\n<tr>\n<td width=\"168\">\n<p style=\"border: none; padding: 0cm; font-weight: normal;\" align=\"LEFT\">Dimensiones (\u00f8 x L)<\/p>\n<\/td>\n<td width=\"307\">\n<p style=\"border: none; padding: 0cm; font-weight: normal;\">2,6 x 2,9&#8243; \/ 64,8 x 73,6 mm<\/p>\n<\/td>\n<\/tr>\n<tr>\n<td width=\"168\">\n<p style=\"border: none; padding: 0cm; font-weight: normal;\" align=\"LEFT\">Peso<\/p>\n<\/td>\n<td width=\"307\">\n<p style=\"border: none; padding: 0cm; font-weight: normal;\">9.7 onzas \/ 275 g<\/p>\n<\/td>\n<\/tr>\n<\/tbody>\n<\/table>\n","protected":false},"excerpt":{"rendered":"<p>Este objetivo fijo r\u00e1pido y vers\u00e1til de la serie contempor\u00e1nea 30mm f\/1.4 DC DN de Sigma est\u00e1 dise\u00f1ado para su<\/p>\n","protected":false},"featured_media":52304,"comment_status":"closed","ping_status":"open","template":"","meta":{"_acf_changed":false},"product_brand":[2647],"product_cat":[1062],"product_tag":[],"class_list":{"0":"post-75526","1":"product","2":"type-product","3":"status-publish","4":"has-post-thumbnail","6":"product_brand-sigma-es","7":"product_cat-mirrorless-objectivos","8":"pa_abertura-maxima-f-1-4-es","10":"first","11":"pre-order","12":"taxable","13":"shipping-taxable","14":"purchasable","15":"product-type-simple"},"bundled_by":[],"bundle_stock_status":"pre-order","bundle_stock_quantity":null,"bundle_virtual":false,"bundle_layout":"","bundle_add_to_cart_form_location":"","bundle_editable_in_cart":false,"bundle_sold_individually_context":"","bundle_item_grouping":"","bundle_min_size":"","bundle_max_size":"","bundle_price":[],"bundled_items":[],"bundle_sell_ids":[],"acf":[],"_links":{"self":[{"href":"https:\/\/hi-techwonder.com\/es\/wp-json\/wp\/v2\/product\/75526","targetHints":{"allow":["GET"]}}],"collection":[{"href":"https:\/\/hi-techwonder.com\/es\/wp-json\/wp\/v2\/product"}],"about":[{"href":"https:\/\/hi-techwonder.com\/es\/wp-json\/wp\/v2\/types\/product"}],"replies":[{"embeddable":true,"href":"https:\/\/hi-techwonder.com\/es\/wp-json\/wp\/v2\/comments?post=75526"}],"wp:featuredmedia":[{"embeddable":true,"href":"https:\/\/hi-techwonder.com\/es\/wp-json\/wp\/v2\/media\/52304"}],"wp:attachment":[{"href":"https:\/\/hi-techwonder.com\/es\/wp-json\/wp\/v2\/media?parent=75526"}],"wp:term":[{"taxonomy":"product_brand","embeddable":true,"href":"https:\/\/hi-techwonder.com\/es\/wp-json\/wp\/v2\/product_brand?post=75526"},{"taxonomy":"product_cat","embeddable":true,"href":"https:\/\/hi-techwonder.com\/es\/wp-json\/wp\/v2\/product_cat?post=75526"},{"taxonomy":"product_tag","embeddable":true,"href":"https:\/\/hi-techwonder.com\/es\/wp-json\/wp\/v2\/product_tag?post=75526"}],"curies":[{"name":"wp","href":"https:\/\/api.w.org\/{rel}","templated":true}]}}