{"id":75528,"date":"2025-07-29T09:39:50","date_gmt":"2025-07-29T09:39:50","guid":{"rendered":"https:\/\/fv6qoy3ls0.wpdns.site\/product\/sigma-45mm-f-2-8-dg-dn-contemporaneo-sony-e\/"},"modified":"2026-04-20T15:07:24","modified_gmt":"2026-04-20T14:07:24","slug":"sigma-45mm-f-2-8-dg-dn-contemporaneo-sony-e","status":"publish","type":"product","link":"https:\/\/hi-techwonder.com\/es\/producto\/sigma-45mm-f-2-8-dg-dn-contemporaneo-sony-e\/","title":{"rendered":"SIGMA 45mm f\/2.8 DG DN Contempor\u00e1neo Sony E"},"content":{"rendered":"<p><strong>SIGMA 45mm f\/2.8 DG DN Contempor\u00e1neo Sony E<\/strong><\/p>\n<p><strong>Funciones:<\/strong><\/p>\n<ul>\n<li>Montura E Montagem<\/li>\n<li>Formato de fotograma completo<\/li>\n<li>Rango de apertura: f\/2.8 a f\/22<\/li>\n<li>AF de alta velocidad y alta precisi\u00f3n<\/li>\n<\/ul>\n<p><strong>Contenido del paquete:<\/strong><\/p>\n<ul>\n<li>Sigma 45mm f\/2.8 DG DN Contempor\u00e1neo Sony E<\/li>\n<li>Parasol LH577-01  <\/li>\n<li>LCF-55 III Cubierta frontal de 55 mm  <\/li>\n<li>Cubierta trasera LCR II para Sony E-Mount<\/li>\n<\/ul>\n<p>Este objetivo de alto rendimiento fue desarrollado para c\u00e1maras mirrorless de fotograma completo. Su hermoso ramo y representaci\u00f3n se pueden apreciar en cada escena. <\/p>\n<p>Cuenta con AF de alta velocidad y alta precisi\u00f3n, gran calidad de construcci\u00f3n y excelente operatividad.<\/p>\n<p>Con el mismo dise\u00f1o \u00f3ptico de alto rendimiento que el resto de los objetivos de la l\u00ednea Art, los modelos SONY EM cuentan con un algoritmo de control que optimiza la unidad de enfoque autom\u00e1tico y maximiza la velocidad de transmisi\u00f3n de datos.<\/p>\n<p><strong>Compatibilidades:  <\/strong><\/p>\n<ul>\n<li>Sony Alpha A5000<\/li>\n<li>Sony Alpha A5100<\/li>\n<li>Sony Alpha A6000<\/li>\n<li>Sony Alpha A6100<\/li>\n<li>Sony Alpha A6300<\/li>\n<li>Sony Alpha A6400<\/li>\n<li>Sony Alpha A6500<\/li>\n<li>Sony Alpha A6600<\/li>\n<li>Sony Alpha A7<\/li>\n<li>Sony Alpha A7 II<\/li>\n<li>Sony Alpha A7 III<\/li>\n<li>Sony Alpha A7R<\/li>\n<li>Sony Alpha A7R II<\/li>\n<li>Sony Alpha A7R III<\/li>\n<li>Sony Alpha A7R IV<\/li>\n<li>Sony Alpha A7S<\/li>\n<li>Sony Alpha A7S II<\/li>\n<li>Sony Alpha A9<\/li>\n<li>Sony Alpha A9 II<\/li>\n<li>Thom Alpha A6300<\/li>\n<\/ul>\n<p><strong>Caracter\u00edsticas t\u00e9cnicas:<\/strong><\/p>\n<table border=\"0\" width=\"546\" cellspacing=\"0\" cellpadding=\"2\">\n<colgroup>\n<col width=\"265\">\n<col width=\"273\"> <\/colgroup>\n<tbody>\n<tr>\n<td width=\"265\"> Distancia focal: <\/td>\n<td width=\"273\"> 45 mil\u00edmetros <\/td>\n<\/tr>\n<tr>\n<td width=\"265\"> Apertura m\u00e1xima: <\/td>\n<td width=\"273\"> f\/2.8 <\/td>\n<\/tr>\n<tr>\n<td width=\"265\"> Apertura m\u00ednima: <\/td>\n<td width=\"273\"> f\/22 <\/td>\n<\/tr>\n<tr>\n<td width=\"265\"> Tipo de montaje: <\/td>\n<td width=\"273\"> Sony E <\/td>\n<\/tr>\n<tr>\n<td width=\"265\"> Formato: <\/td>\n<td width=\"273\"> Fotograma completo <\/td>\n<\/tr>\n<tr>\n<td width=\"265\"> \u00c1ngulo: <\/td>\n<td width=\"273\"> 51,3\u00b0 <\/td>\n<\/tr>\n<tr>\n<td width=\"265\"> Aumento m\u00e1ximo: <\/td>\n<td width=\"273\"> 0,25 veces <\/td>\n<\/tr>\n<tr>\n<td width=\"265\"> Max. Relaci\u00f3n de aumento: <\/td>\n<td width=\"273\"> 1:4 <\/td>\n<\/tr>\n<tr>\n<td width=\"265\">  Distancia m\u00ednima. Centro de atenci\u00f3n:   <\/td>\n<td width=\"273\">  24 cm  <\/td>\n<\/tr>\n<tr>\n<td width=\"265\"> Dise\u00f1o \u00f3ptico: <\/td>\n<td width=\"273\"> 8 elementos en 7 grupos <\/td>\n<\/tr>\n<tr>\n<td width=\"265\"> Hojas de diafragma: <\/td>\n<td width=\"273\"> 7, redondeado <\/td>\n<\/tr>\n<tr>\n<td width=\"265\"> Tipo de enfoque: <\/td>\n<td width=\"273\"> Autom\u00e1tico <\/td>\n<\/tr>\n<tr>\n<td width=\"265\"> Estabilizador de imagen: <\/td>\n<td width=\"273\"> No <\/td>\n<\/tr>\n<tr>\n<td width=\"265\"> Tama\u00f1o del filtro: <\/td>\n<td width=\"273\"> 55 mm (delantero) <\/td>\n<\/tr>\n<tr>\n<td width=\"265\"> Dimensiones (\u00f8 x Longitud): <\/td>\n<td width=\"273\"> 64 x 46,2 mil\u00edmetros <\/td>\n<\/tr>\n<tr>\n<td width=\"265\"> Peso: <\/td>\n<td width=\"273\"> 215 gramos <\/td>\n<\/tr>\n<\/tbody>\n<\/table>\n","protected":false},"excerpt":{"rendered":"<p>SIGMA 45mm f\/2.8 DG DN Contempor\u00e1neo Sony E Funciones: Montura E Montagem Formato de fotograma completo Rango de apertura: f\/2.8<\/p>\n","protected":false},"featured_media":52042,"comment_status":"closed","ping_status":"open","template":"","meta":{"_acf_changed":false},"product_brand":[2647],"product_cat":[1062],"product_tag":[],"class_list":{"0":"post-75528","1":"product","2":"type-product","3":"status-publish","4":"has-post-thumbnail","6":"product_brand-sigma-es","7":"product_cat-mirrorless-objectivos","8":"pa_abertura-maxima-f-2-8-es","10":"first","11":"onbackorder","12":"sale","13":"taxable","14":"shipping-taxable","15":"purchasable","16":"product-type-simple"},"bundled_by":[],"bundle_stock_status":"onbackorder","bundle_stock_quantity":null,"bundle_virtual":false,"bundle_layout":"","bundle_add_to_cart_form_location":"","bundle_editable_in_cart":false,"bundle_sold_individually_context":"","bundle_item_grouping":"","bundle_min_size":"","bundle_max_size":"","bundle_price":[],"bundled_items":[],"bundle_sell_ids":[],"acf":[],"_links":{"self":[{"href":"https:\/\/hi-techwonder.com\/es\/wp-json\/wp\/v2\/product\/75528","targetHints":{"allow":["GET"]}}],"collection":[{"href":"https:\/\/hi-techwonder.com\/es\/wp-json\/wp\/v2\/product"}],"about":[{"href":"https:\/\/hi-techwonder.com\/es\/wp-json\/wp\/v2\/types\/product"}],"replies":[{"embeddable":true,"href":"https:\/\/hi-techwonder.com\/es\/wp-json\/wp\/v2\/comments?post=75528"}],"wp:featuredmedia":[{"embeddable":true,"href":"https:\/\/hi-techwonder.com\/es\/wp-json\/wp\/v2\/media\/52042"}],"wp:attachment":[{"href":"https:\/\/hi-techwonder.com\/es\/wp-json\/wp\/v2\/media?parent=75528"}],"wp:term":[{"taxonomy":"product_brand","embeddable":true,"href":"https:\/\/hi-techwonder.com\/es\/wp-json\/wp\/v2\/product_brand?post=75528"},{"taxonomy":"product_cat","embeddable":true,"href":"https:\/\/hi-techwonder.com\/es\/wp-json\/wp\/v2\/product_cat?post=75528"},{"taxonomy":"product_tag","embeddable":true,"href":"https:\/\/hi-techwonder.com\/es\/wp-json\/wp\/v2\/product_tag?post=75528"}],"curies":[{"name":"wp","href":"https:\/\/api.w.org\/{rel}","templated":true}]}}