{"id":75531,"date":"2025-07-29T09:40:08","date_gmt":"2025-07-29T09:40:08","guid":{"rendered":"https:\/\/fv6qoy3ls0.wpdns.site\/product\/montura-l-sigma-40mm-f-1-4-dg-hsm-art\/"},"modified":"2026-04-08T18:00:50","modified_gmt":"2026-04-08T17:00:50","slug":"sigma-montura-l-sigma-40mm-f-1-4-dg-hsm-art","status":"publish","type":"product","link":"https:\/\/hi-techwonder.com\/es\/producto\/sigma-montura-l-sigma-40mm-f-1-4-dg-hsm-art\/","title":{"rendered":"Montura L SIGMA 40mm f\/1.4 DG HSM Art"},"content":{"rendered":"<p>La lente de <strong>40 mm (Art) de SIGMA<\/strong> es la primera lente ultra gran angular F1.4 para c\u00e1maras sin espejo. Este objetivo ofrece un brillo incre\u00edble y una \u00abapertura de ramo\u00bb, ofreciendo experiencias visibles sin precedentes, lo que permite que el gran angular nivele la perspectiva y dispare desde la profundidad de campo gran angular de la gran apertura. Adem\u00e1s de paisajes panor\u00e1micos, este objetivo tambi\u00e9n es ideal para tomas instant\u00e1neas, tomas en interiores, retratos con un efecto de ramo natural y mucho m\u00e1s. <\/p>\n<p>  Esta lente incorpora una lente dual asf\u00e9rica de 59 mm de di\u00e1metro ancho. El dise\u00f1o \u00f3ptico avanzado de Sigma minimiza la distorsi\u00f3n, la aberraci\u00f3n transversal de la imagen y la reducci\u00f3n del deslumbramiento hacia los l\u00edmites. Cuenta con dos elementos de vidrio FLD (\u00abF\u00bb Low Dispersion) y SLD (Special Low Dispersion), minimizando la aberraci\u00f3n crom\u00e1tica. Ofrece una calidad de imagen superior, sin manchas de color, en todas las situaciones.   <\/p>\n<p>  Su rendimiento de renderizado es consistentemente n\u00edtido, con alto contraste. Su revestimiento s\u00faper multicapa tambi\u00e9n ayuda a reducir los destellos y las im\u00e1genes fantasma, ofreciendo im\u00e1genes contrastadas, incluso a contraluz.   <\/p>\n<p><iframe loading=\"lazy\" src=\"\/\/www.youtube.com\/embed\/q-8PEr3eKCM\" width=\"560\" height=\"314\" allowfullscreen=\"allowfullscreen\"><\/iframe><\/p>\n<p> <strong>Caracter\u00edsticas principales:<\/strong><\/p>\n<ul>\n<li>  Lente con montura L\/formato de fotograma completo<\/li>\n<li>  Rango de apertura: f\/1.4 a f\/16<\/li>\n<li>  Tres elementos FLD, tres elementos SLD<\/li>\n<li>  Un elemento asf\u00e9rico<\/li>\n<\/ul>\n<p>  Dise\u00f1ado dentro de las estrictas tolerancias de un objetivo de cine, el objetivo art\u00edstico Leica L-mount Sigma 40mm f\/1.4 DG HSM es un objetivo gran angular de cuerpo entero caracterizado por un dise\u00f1o brillante y un dise\u00f1o \u00f3ptico sofisticado. La r\u00e1pida apertura m\u00e1xima de f\/1.4 ayuda a lograr una profundidad de campo reducida y efectos de enfoque selectivo, y es muy adecuada para trabajar en condiciones de iluminaci\u00f3n dif\u00edciles. El dise\u00f1o \u00f3ptico incorpora una serie de elementos asf\u00e9ricos y de baja dispersi\u00f3n, que ayudan a mejorar la nitidez y la claridad al controlar las aberraciones esf\u00e9ricas y crom\u00e1ticas. Tambi\u00e9n se presenta un recubrimiento s\u00faper multicapa que ayuda a minimizar los destellos y las im\u00e1genes fantasma para aumentar el contraste y la precisi\u00f3n del color cuando se trabaja en condiciones de iluminaci\u00f3n intensa.   <\/p>\n<p>  Complementando las capacidades de imagen, el objetivo cuenta con un motor Hyper Sonic para producir un rendimiento de enfoque autom\u00e1tico r\u00e1pido, suave y silencioso con anulaci\u00f3n de enfoque manual a tiempo completo. El dise\u00f1o f\u00edsico cuenta con una montura de bayoneta de lat\u00f3n, que ofrece rigidez y precisi\u00f3n de montaje, junto con un sello para protecci\u00f3n contra el polvo y la humedad. Adem\u00e1s, un diafragma redondeado de nueve hojas contribuye a una agradable calidad de bokeh.  <\/p>\n<ul>\n<li>  Como parte de la l\u00ednea Art dentro de la serie Global Vision de Sigma, esta lente est\u00e1 dise\u00f1ada para lograr un rendimiento \u00f3ptico verdaderamente sobresaliente y es ideal para aplicaciones creativas y art\u00edsticas.<\/li>\n<li>  El prime normal corto est\u00e1 dise\u00f1ado para c\u00e1maras sin espejo Leica con montura L de fotograma completo, pero tambi\u00e9n es adecuado para los modelos APS-C, donde proporciona una distancia focal equivalente a 60 mm.<\/li>\n<li>  La impresionante apertura m\u00e1xima de f\/1.4 es adecuada para trabajar en condiciones de poca luz y tambi\u00e9n proporciona un mayor control sobre la posici\u00f3n de enfoque cuando se utilizan t\u00e9cnicas de poca profundidad de campo.<\/li>\n<li>  Tres elementos F de baja dispersi\u00f3n (FLD) y tres elementos especiales de baja dispersi\u00f3n (SLD) se presentan en el dise\u00f1o \u00f3ptico y ayudan a reducir las franjas de color y las aberraciones crom\u00e1ticas para mejorar la claridad y precisi\u00f3n del color.<\/li>\n<li>  Se utiliza un elemento asf\u00e9rico para ayudar a limitar la distorsi\u00f3n y las aberraciones esf\u00e9ricas, y tambi\u00e9n contribuye a una mayor nitidez general y una representaci\u00f3n precisa.<\/li>\n<li>  Se ha aplicado un recubrimiento s\u00faper multicapa a los elementos de la lente para minimizar los destellos y las im\u00e1genes fantasma de la lente y contribuir a la producci\u00f3n de im\u00e1genes ricas en contraste y de color neutro, incluso en condiciones de contraluz.<\/li>\n<li>  El diafragma redondeado de nueve hojas contribuye a una calidad de bokeh suave y agradable.<\/li>\n<li>  El HSM (motor hipers\u00f3nico) incorporado ofrece un enfoque autom\u00e1tico r\u00e1pido y silencioso, que se complementa con un algoritmo AF optimizado para producir un rendimiento de enfoque m\u00e1s suave. El HSM tambi\u00e9n permite el control de enfoque manual a tiempo completo simplemente girando el anillo de enfoque en cualquier momento. <\/li>\n<li>  El mecanismo de apertura electromagn\u00e9tico especializado proporciona una mayor estabilidad en el control de la exposici\u00f3n, lo que es especialmente beneficioso cuando se trabaja con velocidades de disparo continuo r\u00e1pidas.<\/li>\n<li>  La montura de bayoneta est\u00e1 construida de lat\u00f3n para garantizar precisi\u00f3n y durabilidad. Adem\u00e1s, el sello de goma est\u00e1 incorporado en el dise\u00f1o del soporte para hacerlo resistente al polvo y las salpicaduras. <\/li>\n<li>  La capa protectora se ha aplicado al elemento frontal y es repelente al agua y al aceite para ayudar con la limpieza.  <\/li>\n<\/ul>\n<h2 class=\"title_1tNQ83iPOOgJ6m5fVkxmSw\" style=\"margin: 0px;padding: 2.8125rem 0px;text-transform: capitalize;font-size: 2.125rem;font-weight: 400;color: #333333;line-height: 3.1875rem;font-family: OpenSans, 'Segoe UI', Helvetica, Roboto, Arial, sans-serif;background-color: #ffffff\" data-selenium=\"specsItemTitle\"> <strong><span style=\"font-size: 14pt\">Sigma 40mm F\/1.4 DG HSM Art Ficha Tecnica<\/strong><\/span> <\/h2>\n<div class=\"group_K7YrQottgVsRZ4B6zAaGG\" style=\"margin-bottom: 2.1875rem;font-family: OpenSans, 'Segoe UI', Helvetica, Roboto, Arial, sans-serif;font-size: 16px;background-color: #ffffff\">\n<table class=\"table_o418fscimQZEg1oshu4aX\" style=\"width: 726.667px\" data-selenium=\"specsItemGroupTable\">\n<tbody>\n<tr class=\"pair_3u9fnESIQrtuEu6ye_zM4k\" style=\"border-bottom: 0.0625rem solid #e7e7e7\" data-selenium=\"specsItemGroupTableRow\">\n<td class=\"label_3bLwbW8ibvYc5tUwpKVQsL firstSpecWhenNoGroupName_2L9ob5rxYHNpmiwoNrY0FE\" style=\"width: 275.556px;padding: 0px 0px 1.25rem;border-top: none;vertical-align: baseline;font-size: 1.125rem;color: #666666;line-height: 1.375rem\" data-selenium=\"specsItemGroupTableColumnLabel\"> Distancia focal <\/td>\n<td class=\"value_11Av1yGkVYn9TX48mQeu9v firstSpecWhenNoGroupName_2L9ob5rxYHNpmiwoNrY0FE\" style=\"padding: 0px 0px 1.25rem 2.5rem;vertical-align: baseline;font-size: 1.125rem;color: #666666;line-height: 1.375rem\" data-selenium=\"specsItemGroupTableColumnValue\"> 40 mm <\/td>\n<\/tr>\n<tr class=\"pair_3u9fnESIQrtuEu6ye_zM4k\" style=\"border-bottom: 0.0625rem solid #e7e7e7\" data-selenium=\"specsItemGroupTableRow\">\n<td class=\"label_3bLwbW8ibvYc5tUwpKVQsL\" style=\"width: 275.556px;padding: 1.25rem 0px;border-top: none;vertical-align: baseline;font-size: 1.125rem;color: #666666;line-height: 1.375rem\" data-selenium=\"specsItemGroupTableColumnLabel\"> Apertura m\u00e1xima <\/td>\n<td class=\"value_11Av1yGkVYn9TX48mQeu9v\" style=\"padding: 1.25rem 0px 1.25rem 2.5rem;vertical-align: baseline;font-size: 1.125rem;color: #666666;line-height: 1.375rem\" data-selenium=\"specsItemGroupTableColumnValue\"> f\/1.4 <\/td>\n<\/tr>\n<tr class=\"pair_3u9fnESIQrtuEu6ye_zM4k\" style=\"border-bottom: 0.0625rem solid #e7e7e7\" data-selenium=\"specsItemGroupTableRow\">\n<td class=\"label_3bLwbW8ibvYc5tUwpKVQsL\" style=\"width: 275.556px;padding: 1.25rem 0px;border-top: none;vertical-align: baseline;font-size: 1.125rem;color: #666666;line-height: 1.375rem\" data-selenium=\"specsItemGroupTableColumnLabel\"> Apertura m\u00ednima <\/td>\n<td class=\"value_11Av1yGkVYn9TX48mQeu9v\" style=\"padding: 1.25rem 0px 1.25rem 2.5rem;vertical-align: baseline;font-size: 1.125rem;color: #666666;line-height: 1.375rem\" data-selenium=\"specsItemGroupTableColumnValue\"> f\/16 <\/td>\n<\/tr>\n<tr class=\"pair_3u9fnESIQrtuEu6ye_zM4k\" style=\"border-bottom: 0.0625rem solid #e7e7e7\" data-selenium=\"specsItemGroupTableRow\">\n<td class=\"label_3bLwbW8ibvYc5tUwpKVQsL\" style=\"width: 275.556px;padding: 1.25rem 0px;border-top: none;vertical-align: baseline;font-size: 1.125rem;color: #666666;line-height: 1.375rem\" data-selenium=\"specsItemGroupTableColumnLabel\"> Montura de lente <\/td>\n<td class=\"value_11Av1yGkVYn9TX48mQeu9v\" style=\"padding: 1.25rem 0px 1.25rem 2.5rem;vertical-align: baseline;font-size: 1.125rem;color: #666666;line-height: 1.375rem\" data-selenium=\"specsItemGroupTableColumnValue\"> Leica L <\/td>\n<\/tr>\n<tr class=\"pair_3u9fnESIQrtuEu6ye_zM4k\" style=\"border-bottom: 0.0625rem solid #e7e7e7\" data-selenium=\"specsItemGroupTableRow\">\n<td class=\"label_3bLwbW8ibvYc5tUwpKVQsL\" style=\"width: 275.556px;padding: 1.25rem 0px;border-top: none;vertical-align: baseline;font-size: 1.125rem;color: #666666;line-height: 1.375rem\" data-selenium=\"specsItemGroupTableColumnLabel\"> Compatibilidad con formato <\/td>\n<td class=\"value_11Av1yGkVYn9TX48mQeu9v\" style=\"padding: 1.25rem 0px 1.25rem 2.5rem;vertical-align: baseline;font-size: 1.125rem;color: #666666;line-height: 1.375rem\" data-selenium=\"specsItemGroupTableColumnValue\"> de fotograma completo <\/td>\n<\/tr>\n<tr class=\"pair_3u9fnESIQrtuEu6ye_zM4k\" style=\"border-bottom: 0.0625rem solid #e7e7e7\" data-selenium=\"specsItemGroupTableRow\">\n<td class=\"label_3bLwbW8ibvYc5tUwpKVQsL\" style=\"width: 275.556px;padding: 1.25rem 0px;border-top: none;vertical-align: baseline;font-size: 1.125rem;color: #666666;line-height: 1.375rem\" data-selenium=\"specsItemGroupTableColumnLabel\"> \u00c1ngulo de visi\u00f3n <\/td>\n<td class=\"value_11Av1yGkVYn9TX48mQeu9v\" style=\"padding: 1.25rem 0px 1.25rem 2.5rem;vertical-align: baseline;font-size: 1.125rem;color: #666666;line-height: 1.375rem\" data-selenium=\"specsItemGroupTableColumnValue\"> 56,8\u00b0 <\/td>\n<\/tr>\n<tr class=\"pair_3u9fnESIQrtuEu6ye_zM4k\" style=\"border-bottom: 0.0625rem solid #e7e7e7\" data-selenium=\"specsItemGroupTableRow\">\n<td class=\"label_3bLwbW8ibvYc5tUwpKVQsL\" style=\"width: 275.556px;padding: 1.25rem 0px;border-top: none;vertical-align: baseline;font-size: 1.125rem;color: #666666;line-height: 1.375rem\" data-selenium=\"specsItemGroupTableColumnLabel\"> Aumento m\u00e1ximo <\/td>\n<td class=\"value_11Av1yGkVYn9TX48mQeu9v\" style=\"padding: 1.25rem 0px 1.25rem 2.5rem;vertical-align: baseline;font-size: 1.125rem;color: #666666;line-height: 1.375rem\" data-selenium=\"specsItemGroupTableColumnValue\"> 0.15x <\/td>\n<\/tr>\n<tr class=\"pair_3u9fnESIQrtuEu6ye_zM4k\" style=\"border-bottom: 0.0625rem solid #e7e7e7\" data-selenium=\"specsItemGroupTableRow\">\n<td class=\"label_3bLwbW8ibvYc5tUwpKVQsL\" style=\"width: 275.556px;padding: 1.25rem 0px;border-top: none;vertical-align: baseline;font-size: 1.125rem;color: #666666;line-height: 1.375rem\" data-selenium=\"specsItemGroupTableColumnLabel\"> Distancia m\u00ednima de enfoque <\/td>\n<td class=\"value_11Av1yGkVYn9TX48mQeu9v\" style=\"padding: 1.25rem 0px 1.25rem 2.5rem;vertical-align: baseline;font-size: 1.125rem;color: #666666;line-height: 1.375rem\" data-selenium=\"specsItemGroupTableColumnValue\"> 40 cm <\/td>\n<\/tr>\n<tr class=\"pair_3u9fnESIQrtuEu6ye_zM4k\" style=\"border-bottom: 0.0625rem solid #e7e7e7\" data-selenium=\"specsItemGroupTableRow\">\n<td class=\"label_3bLwbW8ibvYc5tUwpKVQsL\" style=\"width: 275.556px;padding: 1.25rem 0px;border-top: none;vertical-align: baseline;font-size: 1.125rem;color: #666666;line-height: 1.375rem\" data-selenium=\"specsItemGroupTableColumnLabel\"> Dise\u00f1o \u00f3ptico <\/td>\n<td class=\"value_11Av1yGkVYn9TX48mQeu9v\" style=\"padding: 1.25rem 0px 1.25rem 2.5rem;vertical-align: baseline;font-size: 1.125rem;color: #666666;line-height: 1.375rem\" data-selenium=\"specsItemGroupTableColumnValue\"> 16 elementos en 12 grupos <\/td>\n<\/tr>\n<tr class=\"pair_3u9fnESIQrtuEu6ye_zM4k\" style=\"border-bottom: 0.0625rem solid #e7e7e7\" data-selenium=\"specsItemGroupTableRow\">\n<td class=\"label_3bLwbW8ibvYc5tUwpKVQsL\" style=\"width: 275.556px;padding: 1.25rem 0px;border-top: none;vertical-align: baseline;font-size: 1.125rem;color: #666666;line-height: 1.375rem\" data-selenium=\"specsItemGroupTableColumnLabel\"> Hojas de diafragma <\/td>\n<td class=\"value_11Av1yGkVYn9TX48mQeu9v\" style=\"padding: 1.25rem 0px 1.25rem 2.5rem;vertical-align: baseline;font-size: 1.125rem;color: #666666;line-height: 1.375rem\" data-selenium=\"specsItemGroupTableColumnValue\"> 9, redondeadas <\/td>\n<\/tr>\n<tr class=\"pair_3u9fnESIQrtuEu6ye_zM4k\" style=\"border-bottom: 0.0625rem solid #e7e7e7\" data-selenium=\"specsItemGroupTableRow\">\n<td class=\"label_3bLwbW8ibvYc5tUwpKVQsL\" style=\"width: 275.556px;padding: 1.25rem 0px;border-top: none;vertical-align: baseline;font-size: 1.125rem;color: #666666;line-height: 1.375rem\" data-selenium=\"specsItemGroupTableColumnLabel\"> Tipo de enfoque <\/td>\n<td class=\"value_11Av1yGkVYn9TX48mQeu9v\" style=\"padding: 1.25rem 0px 1.25rem 2.5rem;vertical-align: baseline;font-size: 1.125rem;color: #666666;line-height: 1.375rem\" data-selenium=\"specsItemGroupTableColumnValue\"> Enfoque autom\u00e1tico <\/td>\n<\/tr>\n<tr class=\"pair_3u9fnESIQrtuEu6ye_zM4k\" style=\"border-bottom: 0.0625rem solid #e7e7e7\" data-selenium=\"specsItemGroupTableRow\">\n<td class=\"label_3bLwbW8ibvYc5tUwpKVQsL\" style=\"width: 275.556px;padding: 1.25rem 0px;border-top: none;vertical-align: baseline;font-size: 1.125rem;color: #666666;line-height: 1.375rem\" data-selenium=\"specsItemGroupTableColumnLabel\"> Estabilizaci\u00f3n de imagen <\/td>\n<td class=\"value_11Av1yGkVYn9TX48mQeu9v\" style=\"padding: 1.25rem 0px 1.25rem 2.5rem;vertical-align: baseline;font-size: 1.125rem;color: #666666;line-height: 1.375rem\" data-selenium=\"specsItemGroupTableColumnValue\"> <em>Ninguno<\/em> <\/td>\n<\/tr>\n<tr class=\"pair_3u9fnESIQrtuEu6ye_zM4k\" style=\"border-bottom: 0.0625rem solid #e7e7e7\" data-selenium=\"specsItemGroupTableRow\">\n<td class=\"label_3bLwbW8ibvYc5tUwpKVQsL\" style=\"width: 275.556px;padding: 1.25rem 0px;border-top: none;vertical-align: baseline;font-size: 1.125rem;color: #666666;line-height: 1.375rem\" data-selenium=\"specsItemGroupTableColumnLabel\"> Tama\u00f1o del filtro <\/td>\n<td class=\"value_11Av1yGkVYn9TX48mQeu9v\" style=\"padding: 1.25rem 0px 1.25rem 2.5rem;vertical-align: baseline;font-size: 1.125rem;color: #666666;line-height: 1.375rem\" data-selenium=\"specsItemGroupTableColumnValue\"> 82 mm (frontal) <\/td>\n<\/tr>\n<tr class=\"pair_3u9fnESIQrtuEu6ye_zM4k\" style=\"border-bottom: 0.0625rem solid #e7e7e7\" data-selenium=\"specsItemGroupTableRow\">\n<td class=\"label_3bLwbW8ibvYc5tUwpKVQsL\" style=\"width: 275.556px;padding: 1.25rem 0px;border-top: none;vertical-align: baseline;font-size: 1.125rem;color: #666666;line-height: 1.375rem\" data-selenium=\"specsItemGroupTableColumnLabel\"> Peso <\/td>\n<td class=\"value_11Av1yGkVYn9TX48mQeu9v\" style=\"padding: 1.25rem 0px 1.25rem 2.5rem;vertical-align: baseline;font-size: 1.125rem;color: #666666;line-height: 1.375rem\" data-selenium=\"specsItemGroupTableColumnValue\"> 1,2 kg<\/td>\n<\/tr>\n<\/tbody>\n<\/table>\n<\/div>\n<p> <strong>En la caja:<\/strong><\/p>\n<ul>\n<li>  Lente art\u00edstica Sigma 40mm f\/1.4 DG HSM para Leica L<\/li>\n<li>  Sigma LCF-82 III 82mm Tapa de Lente<\/li>\n<li>  Cubierta trasera LCR II para lentes Leica con montura L<\/li>\n<li>  Parasol Sigma LH878-01 para lente art\u00edstica 40mm f\/1.4 DG HSM<\/li>\n<li>  Estuche de lentes<\/li>\n<\/ul>\n","protected":false},"excerpt":{"rendered":"<p>La lente de 40 mm (Art) de SIGMA es la primera lente ultra gran angular F1.4 para c\u00e1maras sin espejo.<\/p>\n","protected":false},"featured_media":52088,"comment_status":"closed","ping_status":"open","template":"","meta":{"_acf_changed":false},"product_brand":[2647],"product_cat":[1062],"product_tag":[],"class_list":{"0":"post-75531","1":"product","2":"type-product","3":"status-publish","4":"has-post-thumbnail","6":"product_brand-sigma-es","7":"product_cat-mirrorless-objectivos","8":"pa_abertura-maxima-f-1-4-es","10":"first","11":"onbackorder","12":"taxable","13":"shipping-taxable","14":"purchasable","15":"product-type-simple"},"bundled_by":[],"bundle_stock_status":"onbackorder","bundle_stock_quantity":null,"bundle_virtual":false,"bundle_layout":"","bundle_add_to_cart_form_location":"","bundle_editable_in_cart":false,"bundle_sold_individually_context":"","bundle_item_grouping":"","bundle_min_size":"","bundle_max_size":"","bundle_price":[],"bundled_items":[],"bundle_sell_ids":[],"acf":[],"_links":{"self":[{"href":"https:\/\/hi-techwonder.com\/es\/wp-json\/wp\/v2\/product\/75531","targetHints":{"allow":["GET"]}}],"collection":[{"href":"https:\/\/hi-techwonder.com\/es\/wp-json\/wp\/v2\/product"}],"about":[{"href":"https:\/\/hi-techwonder.com\/es\/wp-json\/wp\/v2\/types\/product"}],"replies":[{"embeddable":true,"href":"https:\/\/hi-techwonder.com\/es\/wp-json\/wp\/v2\/comments?post=75531"}],"wp:featuredmedia":[{"embeddable":true,"href":"https:\/\/hi-techwonder.com\/es\/wp-json\/wp\/v2\/media\/52088"}],"wp:attachment":[{"href":"https:\/\/hi-techwonder.com\/es\/wp-json\/wp\/v2\/media?parent=75531"}],"wp:term":[{"taxonomy":"product_brand","embeddable":true,"href":"https:\/\/hi-techwonder.com\/es\/wp-json\/wp\/v2\/product_brand?post=75531"},{"taxonomy":"product_cat","embeddable":true,"href":"https:\/\/hi-techwonder.com\/es\/wp-json\/wp\/v2\/product_cat?post=75531"},{"taxonomy":"product_tag","embeddable":true,"href":"https:\/\/hi-techwonder.com\/es\/wp-json\/wp\/v2\/product_tag?post=75531"}],"curies":[{"name":"wp","href":"https:\/\/api.w.org\/{rel}","templated":true}]}}