{"id":75536,"date":"2025-07-29T09:39:47","date_gmt":"2025-07-29T09:39:47","guid":{"rendered":"https:\/\/fv6qoy3ls0.wpdns.site\/product\/sigma-28mm-f-1-4-dg-hsm-art-para-sony-e\/"},"modified":"2026-04-08T18:00:24","modified_gmt":"2026-04-08T17:00:24","slug":"sigma-28mm-f-1-4-dg-hsm-art-para-sony-e","status":"publish","type":"product","link":"https:\/\/hi-techwonder.com\/es\/producto\/sigma-28mm-f-1-4-dg-hsm-art-para-sony-e\/","title":{"rendered":"SIGMA 28mm f\/1.4 DG HSM Art para Sony E"},"content":{"rendered":"<p><span style=\"color: #000000;\">Un objetivo <strong>fijo1 gran angular para Sigma 2mm f\/8.4 DG HSM Art<\/strong> es una toma ajustable con un amplio campo de visi\u00f3n ajustable que se adapta a todo, desde fotograf\u00eda callejera hasta de paisajes. Impresionantemente brillante, la apertura m\u00e1xima de f\/1.4 es ideal para trabajar en condiciones de poca luz y tambi\u00e9n le brinda un mayor control sobre la profundidad de campo para aislar al sujeto. Con un dise\u00f1o avanzado, utiliza vidrio de baja dispersi\u00f3n y elementos asf\u00e9ricos para reducir las aberraciones crom\u00e1ticas y esf\u00e9ricas para una mayor claridad. Tambi\u00e9n se presenta un recubrimiento s\u00faper multicapa que elimina las im\u00e1genes fantasma y los destellos para mejorar el contraste y la precisi\u00f3n del color.   <\/span><\/p>\n<p><span style=\"color: #000000;\"><br \/><\/span><\/p>\n<p><span style=\"color: #000000;\"><br \/><\/span> <\/p>\n<div id=\"_mcePaste\" style=\"position: absolute; left: -10000px; top: 0px; width: 1px; height: 1px; overflow: hidden;\"> <span style=\"color: #000000;\">Productos destacados<\/span> <\/div>\n<div id=\"_mcePaste\" style=\"position: absolute; left: -10000px; top: 0px; width: 1px; height: 1px; overflow: hidden;\"> <span style=\"color: #000000;\">Lente con montura E\/formato de fotograma completo<\/span> <\/div>\n<div id=\"_mcePaste\" style=\"position: absolute; left: -10000px; top: 0px; width: 1px; height: 1px; overflow: hidden;\"> <span style=\"color: #000000;\">Rango de apertura: f\/1.4 a f\/16<\/span> <\/div>\n<div id=\"_mcePaste\" style=\"position: absolute; left: -10000px; top: 0px; width: 1px; height: 1px; overflow: hidden;\"> <span style=\"color: #000000;\">Dos elementos FLD, tres elementos SLD<\/span> <\/div>\n<div id=\"_mcePaste\" style=\"position: absolute; left: -10000px; top: 0px; width: 1px; height: 1px; overflow: hidden;\"> <span style=\"color: #000000;\">Tres elementos asf\u00e9ricos<\/span> <\/div>\n<div id=\"_mcePaste\" style=\"position: absolute; left: -10000px; top: 0px; width: 1px; height: 1px; overflow: hidden;\"> <span style=\"color: #000000;\">Recubrimiento s\u00faper multicapa<\/span> <\/div>\n<div id=\"_mcePaste\" style=\"position: absolute; left: -10000px; top: 0px; width: 1px; height: 1px; overflow: hidden;\"> <span style=\"color: #000000;\">Motor AF hipers\u00f3nico, anulaci\u00f3n manual<\/span> <\/div>\n<div id=\"_mcePaste\" style=\"position: absolute; left: -10000px; top: 0px; width: 1px; height: 1px; overflow: hidden;\"> <span style=\"color: #000000;\">Forro frontal protector resistente a la intemperie<\/span> <\/div>\n<div id=\"_mcePaste\" style=\"position: absolute; left: -10000px; top: 0px; width: 1px; height: 1px; overflow: hidden;\"> <span style=\"color: #000000;\">Diafragma redondeado de 9 hojas<\/span> <\/div>\n<div id=\"_mcePaste\" style=\"position: absolute; left: -10000px; top: 0px; width: 1px; height: 1px; overflow: hidden;\"> <span style=\"color: #000000;\">Un objetivo gran angular preferido, el objetivo Sony E-mount Sigma 28mm f\/1.4 DG HSM Art es un objetivo vers\u00e1til con un amplio campo de visi\u00f3n cl\u00e1sico que se adapta a todo, desde la fotograf\u00eda callejera hasta la fotograf\u00eda de paisajes. Impresionantemente brillante, la r\u00e1pida apertura m\u00e1xima de f\/1.4 es ideal para trabajar en condiciones de poca luz y tambi\u00e9n le brinda un mayor control sobre la profundidad de campo para aislar al sujeto. Se emplea un dise\u00f1o \u00f3ptico avanzado, que utiliza vidrio de baja dispersi\u00f3n y elementos asf\u00e9ricos para reducir las aberraciones crom\u00e1ticas y esf\u00e9ricas para una mayor claridad y nitidez. Tambi\u00e9n se presenta un recubrimiento s\u00faper multicapa que suprime las im\u00e1genes fantasma y los destellos para mejorar el contraste y la precisi\u00f3n del color.   <\/span> <\/div>\n<div id=\"_mcePaste\" style=\"position: absolute; left: -10000px; top: 0px; width: 1px; height: 1px; overflow: hidden;\"> <span style=\"color: #000000;\">Adem\u00e1s de sus m\u00e9ritos \u00f3pticos, este 28 mm f\/1.4 tambi\u00e9n cuenta con un motor Hyper Sonic para producir un rendimiento de enfoque autom\u00e1tico r\u00e1pido, suave y silencioso con anulaci\u00f3n de enfoque manual a tiempo completo. El dise\u00f1o f\u00edsico cuenta con una montura de bayoneta de lat\u00f3n, que ofrece rigidez y precisi\u00f3n de montaje, junto con un sello para protecci\u00f3n contra el polvo y la humedad. Adem\u00e1s, un diafragma redondeado de nueve hojas contribuye a una agradable calidad de bokeh.  <\/span> <\/div>\n<div id=\"_mcePaste\" style=\"position: absolute; left: -10000px; top: 0px; width: 1px; height: 1px; overflow: hidden;\"> <span style=\"color: #000000;\">Como parte de la l\u00ednea Art dentro de la serie Global Vision de Sigma, esta lente est\u00e1 dise\u00f1ada para lograr un rendimiento \u00f3ptico verdaderamente sobresaliente y es ideal para aplicaciones creativas y art\u00edsticas.<\/span> <\/div>\n<div id=\"_mcePaste\" style=\"position: absolute; left: -10000px; top: 0px; width: 1px; height: 1px; overflow: hidden;\"> <span style=\"color: #000000;\">El gran angular prime est\u00e1 dise\u00f1ado para c\u00e1maras sin espejo con montura E de Sony de fotograma completo, pero tambi\u00e9n es adecuado para su uso con modelos APS-C, donde proporciona una distancia focal equivalente a 44,8 mm.<\/span> <\/div>\n<div id=\"_mcePaste\" style=\"position: absolute; left: -10000px; top: 0px; width: 1px; height: 1px; overflow: hidden;\"> <span style=\"color: #000000;\">La impresionante apertura m\u00e1xima de f\/1.4 es adecuada para trabajar en condiciones de poca luz y tambi\u00e9n proporciona un mayor control sobre la posici\u00f3n de enfoque cuando se utilizan t\u00e9cnicas de poca profundidad de campo.<\/span> <\/div>\n<div id=\"_mcePaste\" style=\"position: absolute; left: -10000px; top: 0px; width: 1px; height: 1px; overflow: hidden;\"> <span style=\"color: #000000;\">Dos elementos F de baja dispersi\u00f3n (FLD) y tres elementos especiales de baja dispersi\u00f3n (SLD) se presentan en el dise\u00f1o \u00f3ptico y ayudan a reducir las franjas de color y las aberraciones crom\u00e1ticas para mejorar la claridad y la precisi\u00f3n del color.<\/span> <\/div>\n<div id=\"_mcePaste\" style=\"position: absolute; left: -10000px; top: 0px; width: 1px; height: 1px; overflow: hidden;\"> <span style=\"color: #000000;\">Se utilizan tres elementos asf\u00e9ricos para ayudar a limitar la distorsi\u00f3n y las aberraciones esf\u00e9ricas, y tambi\u00e9n contribuyen a una mayor nitidez general y una representaci\u00f3n precisa.<\/span> <\/div>\n<div id=\"_mcePaste\" style=\"position: absolute; left: -10000px; top: 0px; width: 1px; height: 1px; overflow: hidden;\"> <span style=\"color: #000000;\">Se ha aplicado un recubrimiento s\u00faper multicapa a los elementos de la lente para minimizar los destellos y las im\u00e1genes fantasma de la lente y contribuir a la producci\u00f3n de im\u00e1genes ricas en contraste y de color neutro, incluso en condiciones de contraluz.<\/span> <\/div>\n<div id=\"_mcePaste\" style=\"position: absolute; left: -10000px; top: 0px; width: 1px; height: 1px; overflow: hidden;\"> <span style=\"color: #000000;\">El diafragma redondeado de nueve hojas contribuye a una calidad de bokeh suave y agradable.<\/span> <\/div>\n<div id=\"_mcePaste\" style=\"position: absolute; left: -10000px; top: 0px; width: 1px; height: 1px; overflow: hidden;\"> <span style=\"color: #000000;\">El HSM (motor hipers\u00f3nico) incorporado ofrece un enfoque autom\u00e1tico r\u00e1pido y silencioso, que se complementa con un algoritmo AF optimizado para producir un rendimiento de enfoque m\u00e1s suave. El HSM tambi\u00e9n permite el control de enfoque manual a tiempo completo simplemente girando el anillo de enfoque en cualquier momento. <\/span> <\/div>\n<div id=\"_mcePaste\" style=\"position: absolute; left: -10000px; top: 0px; width: 1px; height: 1px; overflow: hidden;\"> <span style=\"color: #000000;\">El mecanismo de apertura electromagn\u00e9tico especializado proporciona una mayor estabilidad en el control de la exposici\u00f3n, lo que es especialmente beneficioso cuando se trabaja con velocidades de disparo continuo r\u00e1pidas.<\/span> <\/div>\n<div id=\"_mcePaste\" style=\"position: absolute; left: -10000px; top: 0px; width: 1px; height: 1px; overflow: hidden;\"> <span style=\"color: #000000;\">La montura de bayoneta est\u00e1 construida de lat\u00f3n para garantizar precisi\u00f3n y durabilidad. Adem\u00e1s, el sello de goma est\u00e1 incorporado en el dise\u00f1o del soporte para hacerlo resistente al polvo y las salpicaduras. <\/span> <\/div>\n<div id=\"_mcePaste\" style=\"position: absolute; left: -10000px; top: 0px; width: 1px; height: 1px; overflow: hidden;\"> <span style=\"color: #000000;\">La capa protectora se ha aplicado al elemento frontal y es repelente al agua y al aceite para ayudar con la limpieza.<\/span><\/div>\n<p> <strong><span style=\"color: #000000;\">Productos destacados:<\/span><\/strong><\/p>\n<ul>\n<li> <span style=\"color: #000000;\">Lente con montura E\/formato de fotograma completo<\/span><\/li>\n<li> <span style=\"color: #000000;\">Rango de apertura: f\/1.4 a f\/16<\/span><\/li>\n<li> <span style=\"color: #000000;\">Dos elementos FLD, tres elementos SLD<\/span><\/li>\n<li> <span style=\"color: #000000;\">Tres elementos asf\u00e9ricos<\/span><\/li>\n<li> <span style=\"color: #000000;\">Recubrimiento s\u00faper multicapa<\/span><\/li>\n<li> <span style=\"color: #000000;\">Motor AF hipers\u00f3nico, anulaci\u00f3n manual<\/span><\/li>\n<li> <span style=\"color: #000000;\">Forro frontal protector resistente a la intemperie<\/span><\/li>\n<li> <span style=\"color: #000000;\">Diafragma redondeado de 9 hojas<\/span><\/li>\n<\/ul>\n<p><span style=\"color: #000000;\"><br \/><\/span><\/p>\n<p> <span style=\"color: #000000;\">Un objetivo gran angular preferido, el objetivo Sony E-mount Sigma 28mm f\/1.4 DG HSM Art es un objetivo vers\u00e1til con un amplio campo de visi\u00f3n cl\u00e1sico que se adapta a todo, desde la fotograf\u00eda callejera hasta la fotograf\u00eda de paisajes. Impresionantemente brillante, la r\u00e1pida apertura m\u00e1xima de f\/1.4 es ideal para trabajar en condiciones de poca luz y tambi\u00e9n le brinda un mayor control sobre la profundidad de campo para aislar al sujeto. Se emplea un dise\u00f1o \u00f3ptico avanzado, que utiliza vidrio de baja dispersi\u00f3n y elementos asf\u00e9ricos para reducir las aberraciones crom\u00e1ticas y esf\u00e9ricas para una mayor claridad y nitidez. Tambi\u00e9n se presenta un recubrimiento s\u00faper multicapa que suprime las im\u00e1genes fantasma y los destellos para mejorar el contraste y la precisi\u00f3n del color.   <\/span><\/p>\n<p><span style=\"color: #000000;\"><br \/><\/span><\/p>\n<p> <span style=\"color: #000000;\">Adem\u00e1s de sus m\u00e9ritos \u00f3pticos, este 28 mm f\/1.4 tambi\u00e9n cuenta con un motor Hyper Sonic para producir un rendimiento de enfoque autom\u00e1tico r\u00e1pido, suave y silencioso con anulaci\u00f3n de enfoque manual a tiempo completo. El dise\u00f1o f\u00edsico cuenta con una montura de bayoneta de lat\u00f3n, que ofrece rigidez y precisi\u00f3n de montaje, junto con un sello para protecci\u00f3n contra el polvo y la humedad. Adem\u00e1s, un diafragma redondeado de nueve hojas contribuye a una agradable calidad de bokeh.  <\/span><\/p>\n<p><span style=\"color: #000000;\"><br \/><\/span><\/p>\n<ul>\n<li> <span style=\"color: #000000;\">Como parte de la l\u00ednea Art dentro de la serie Global Vision de Sigma, esta lente est\u00e1 dise\u00f1ada para lograr un rendimiento \u00f3ptico verdaderamente sobresaliente y es ideal para aplicaciones creativas y art\u00edsticas.<\/span><\/li>\n<li> <span style=\"color: #000000;\">El gran angular prime est\u00e1 dise\u00f1ado para c\u00e1maras sin espejo con montura E de Sony de fotograma completo, pero tambi\u00e9n es adecuado para su uso con modelos APS-C, donde proporciona una distancia focal equivalente a 44,8 mm.<\/span><\/li>\n<li> <span style=\"color: #000000;\">La impresionante apertura m\u00e1xima de f\/1.4 es adecuada para trabajar en condiciones de poca luz y tambi\u00e9n proporciona un mayor control sobre la posici\u00f3n de enfoque cuando se utilizan t\u00e9cnicas de poca profundidad de campo.<\/span><\/li>\n<li> <span style=\"color: #000000;\">Dos elementos F de baja dispersi\u00f3n (FLD) y tres elementos especiales de baja dispersi\u00f3n (SLD) se presentan en el dise\u00f1o \u00f3ptico y ayudan a reducir las franjas de color y las aberraciones crom\u00e1ticas para mejorar la claridad y la precisi\u00f3n del color.<\/span><\/li>\n<li> <span style=\"color: #000000;\">Se utilizan tres elementos asf\u00e9ricos para ayudar a limitar la distorsi\u00f3n y las aberraciones esf\u00e9ricas, y tambi\u00e9n contribuyen a una mayor nitidez general y una representaci\u00f3n precisa.<\/span><\/li>\n<li> <span style=\"color: #000000;\">Se ha aplicado un recubrimiento s\u00faper multicapa a los elementos de la lente para minimizar los destellos y las im\u00e1genes fantasma de la lente y contribuir a la producci\u00f3n de im\u00e1genes ricas en contraste y de color neutro, incluso en condiciones de contraluz.<\/span><\/li>\n<li> <span style=\"color: #000000;\">El diafragma redondeado de nueve hojas contribuye a una calidad de bokeh suave y agradable.<\/span><\/li>\n<li> <span style=\"color: #000000;\">El HSM (motor hipers\u00f3nico) incorporado ofrece un enfoque autom\u00e1tico r\u00e1pido y silencioso, que se complementa con un algoritmo AF optimizado para producir un rendimiento de enfoque m\u00e1s suave. El HSM tambi\u00e9n permite el control de enfoque manual a tiempo completo simplemente girando el anillo de enfoque en cualquier momento. <\/span><\/li>\n<li> <span style=\"color: #000000;\">El mecanismo de apertura electromagn\u00e9tico especializado proporciona una mayor estabilidad en el control de la exposici\u00f3n, lo que es especialmente beneficioso cuando se trabaja con velocidades de disparo continuo r\u00e1pidas.<\/span><\/li>\n<li> <span style=\"color: #000000;\">La montura de bayoneta est\u00e1 construida de lat\u00f3n para garantizar precisi\u00f3n y durabilidad. Adem\u00e1s, el sello de goma est\u00e1 incorporado en el dise\u00f1o del soporte para hacerlo resistente al polvo y las salpicaduras. <\/span><\/li>\n<li> <span style=\"color: #000000;\">La capa protectora se ha aplicado al elemento frontal y es repelente al agua y al aceite para ayudar con la limpieza.<\/span><\/li>\n<\/ul>\n<p><span style=\"color: #000000;\"><br \/><\/span><\/p>\n<h2 class=\"western\" style=\"font-style: normal; font-weight: normal;\"><span style=\"font-size: small;\"><span style=\"color: #000000;\">Especificaciones del Sigma 28mm f\/1.4<\/span><\/span> <\/h2>\n<table style=\"width: 597px;\" border=\"0\" cellspacing=\"0\" cellpadding=\"2\">\n<colgroup>\n<col width=\"258\"><\/col>\n<col width=\"330\"><\/col>\n<\/colgroup>\n<tbody>\n<tr>\n<th colspan=\"2\" width=\"593\">\n<p class=\"western\" style=\"border: none; padding: 0cm; font-style: normal; font-weight: normal;\"> <span style=\"color: #000000;\"><a name=\"11011\"><\/a><span style=\"font-size: x-large;\">interino<\/span><\/span> <\/p>\n<\/th>\n<\/tr>\n<tr>\n<td width=\"258\">\n<p style=\"border-top: none; border-bottom: 1px solid #e6e7e8; border-left: none; border-right: none; padding-top: 0cm; padding-bottom: 0.53cm; padding-left: 0cm; padding-right: 0cm;\"> <span style=\"color: #000000;\">Distancia focal<\/span> <\/p>\n<\/td>\n<td width=\"330\">\n<p style=\"border-top: none; border-bottom: 1px solid #e6e7e8; border-left: none; border-right: none; padding-top: 0cm; padding-bottom: 0.53cm; padding-left: 0cm; padding-right: 0cm;\"> <span style=\"color: #000000;\">28 mil\u00edmetros<\/span> <\/p>\n<\/td>\n<\/tr>\n<tr>\n<td width=\"258\">\n<p style=\"border-top: none; border-bottom: 1px solid #e6e7e8; border-left: none; border-right: none; padding-top: 0cm; padding-bottom: 0.53cm; padding-left: 0cm; padding-right: 0cm;\"> <span style=\"color: #000000;\">Abertura<\/span> <\/p>\n<\/td>\n<td width=\"330\">\n<p style=\"border-top: none; border-bottom: 1px solid #e6e7e8; border-left: none; border-right: none; padding-top: 0cm; padding-bottom: 0.53cm; padding-left: 0cm; padding-right: 0cm;\"> <span style=\"color: #000000;\">M\u00e1ximo: f\/1.4<br \/> M\u00ednimo: f\/16<\/span> <\/p>\n<\/td>\n<\/tr>\n<tr>\n<td width=\"258\">\n<p style=\"border-top: none; border-bottom: 1px solid #e6e7e8; border-left: none; border-right: none; padding-top: 0cm; padding-bottom: 0.53cm; padding-left: 0cm; padding-right: 0cm;\"> <span style=\"color: #000000;\">Tipo de montaje de la c\u00e1mara<\/span> <\/p>\n<\/td>\n<td width=\"330\">\n<p style=\"border-top: none; border-bottom: 1px solid #e6e7e8; border-left: none; border-right: none; padding-top: 0cm; padding-bottom: 0.53cm; padding-left: 0cm; padding-right: 0cm;\"> <span style=\"color: #000000;\">Sony E<\/span> <\/p>\n<\/td>\n<\/tr>\n<tr>\n<td width=\"258\">\n<p style=\"border-top: none; border-bottom: 1px solid #e6e7e8; border-left: none; border-right: none; padding-top: 0cm; padding-bottom: 0.53cm; padding-left: 0cm; padding-right: 0cm;\"> <span style=\"color: #000000;\">Compatibilidad de formatos<\/span> <\/p>\n<\/td>\n<td width=\"330\">\n<p style=\"border-top: none; border-bottom: 1px solid #e6e7e8; border-left: none; border-right: none; padding-top: 0cm; padding-bottom: 0.53cm; padding-left: 0cm; padding-right: 0cm;\"> <span style=\"color: #000000;\">Pel\u00edcula de 35 mm \/ sensor digital de fotograma completo<\/span> <\/p>\n<\/td>\n<\/tr>\n<tr>\n<td width=\"258\">\n<p style=\"border-top: none; border-bottom: 1px solid #e6e7e8; border-left: none; border-right: none; padding-top: 0cm; padding-bottom: 0.53cm; padding-left: 0cm; padding-right: 0cm;\"> <span style=\"color: #000000;\">\u00c1ngulo<\/span> <\/p>\n<\/td>\n<td width=\"330\">\n<p style=\"border-top: none; border-bottom: 1px solid #e6e7e8; border-left: none; border-right: none; padding-top: 0cm; padding-bottom: 0.53cm; padding-left: 0cm; padding-right: 0cm;\"> <span style=\"color: #000000;\">75,4\u00b0<\/span> <\/p>\n<\/td>\n<\/tr>\n<tr>\n<td width=\"258\">\n<p style=\"border-top: none; border-bottom: 1px solid #e6e7e8; border-left: none; border-right: none; padding-top: 0cm; padding-bottom: 0.53cm; padding-left: 0cm; padding-right: 0cm;\"> <span style=\"color: #000000;\">Distancia m\u00ednima de enfoque<\/span> <\/p>\n<\/td>\n<td width=\"330\">\n<p style=\"border-top: none; border-bottom: 1px solid #e6e7e8; border-left: none; border-right: none; padding-top: 0cm; padding-bottom: 0.53cm; padding-left: 0cm; padding-right: 0cm;\"> <span style=\"color: #000000;\">11,02&#8243; \/ 28 cm<\/span> <\/p>\n<\/td>\n<\/tr>\n<tr>\n<td width=\"258\">\n<p style=\"border-top: none; border-bottom: 1px solid #e6e7e8; border-left: none; border-right: none; padding-top: 0cm; padding-bottom: 0.53cm; padding-left: 0cm; padding-right: 0cm;\"> <span style=\"color: #000000;\">Ampliaci\u00f3n<\/span> <\/p>\n<\/td>\n<td width=\"330\">\n<p style=\"border-top: none; border-bottom: 1px solid #e6e7e8; border-left: none; border-right: none; padding-top: 0cm; padding-bottom: 0.53cm; padding-left: 0cm; padding-right: 0cm;\"> <span style=\"color: #000000;\">0.185x<\/span> <\/p>\n<\/td>\n<\/tr>\n<tr>\n<td width=\"258\">\n<p style=\"border-top: none; border-bottom: 1px solid #e6e7e8; border-left: none; border-right: none; padding-top: 0cm; padding-bottom: 0.53cm; padding-left: 0cm; padding-right: 0cm;\"> <span style=\"color: #000000;\">Velocidad m\u00e1xima de reproducci\u00f3n<\/span> <\/p>\n<\/td>\n<td width=\"330\">\n<p style=\"border-top: none; border-bottom: 1px solid #e6e7e8; border-left: none; border-right: none; padding-top: 0cm; padding-bottom: 0.53cm; padding-left: 0cm; padding-right: 0cm;\"> <span style=\"color: #000000;\">1:5.4<\/span> <\/p>\n<\/td>\n<\/tr>\n<tr>\n<td width=\"258\">\n<p style=\"border-top: none; border-bottom: 1px solid #e6e7e8; border-left: none; border-right: none; padding-top: 0cm; padding-bottom: 0.53cm; padding-left: 0cm; padding-right: 0cm;\"> <span style=\"color: #000000;\">Dise\u00f1o \u00f3ptico<\/span> <\/p>\n<\/td>\n<td width=\"330\">\n<p style=\"border-top: none; border-bottom: 1px solid #e6e7e8; border-left: none; border-right: none; padding-top: 0cm; padding-bottom: 0.53cm; padding-left: 0cm; padding-right: 0cm;\"> <span style=\"color: #000000;\">17 elementos en 12 grupos<\/span> <\/p>\n<\/td>\n<\/tr>\n<tr>\n<td width=\"258\">\n<p style=\"border-top: none; border-bottom: 1px solid #e6e7e8; border-left: none; border-right: none; padding-top: 0cm; padding-bottom: 0.53cm; padding-left: 0cm; padding-right: 0cm;\"> <span style=\"color: #000000;\">Hojas de diafragma<\/span> <\/p>\n<\/td>\n<td width=\"330\">\n<p style=\"border-top: none; border-bottom: 1px solid #e6e7e8; border-left: none; border-right: none; padding-top: 0cm; padding-bottom: 0.53cm; padding-left: 0cm; padding-right: 0cm;\"> <span style=\"color: #000000;\">9, redondeado<\/span> <\/p>\n<\/td>\n<\/tr>\n<\/tbody>\n<\/table>\n<table style=\"width: 229px;\" border=\"0\" cellspacing=\"0\" cellpadding=\"2\">\n<colgroup>\n<col width=\"177\"><\/col>\n<col width=\"44\"><\/col>\n<\/colgroup>\n<tbody>\n<tr>\n<th colspan=\"2\" width=\"225\">\n<p class=\"western\" style=\"border: none; padding: 0cm; font-style: normal; font-weight: normal;\"> <span style=\"color: #000000;\"><a name=\"23001\"><\/a><span style=\"font-size: x-large;\">Recursos<\/span><\/span> <\/p>\n<\/th>\n<\/tr>\n<tr>\n<td width=\"177\">\n<p style=\"border-top: none; border-bottom: 1px solid #e6e7e8; border-left: none; border-right: none; padding-top: 0cm; padding-bottom: 0.53cm; padding-left: 0cm; padding-right: 0cm;\"> <span style=\"color: #000000;\">Estabilizaci\u00f3n de imagen<\/span><\/p>\n<\/td>\n<td width=\"44\">\n<p style=\"border: none; padding: 0cm;\"> <em><span style=\"color: #000000;\">Ninguno<\/em><\/span> <\/p>\n<\/td>\n<\/tr>\n<tr>\n<td width=\"177\">\n<p style=\"border-top: none; border-bottom: 1px solid #e6e7e8; border-left: none; border-right: none; padding-top: 0cm; padding-bottom: 0.53cm; padding-left: 0cm; padding-right: 0cm;\"> <span style=\"color: #000000;\">Autom\u00e1tico<\/span> <\/p>\n<\/td>\n<td width=\"44\">\n<p style=\"border-top: none; border-bottom: 1px solid #e6e7e8; border-left: none; border-right: none; padding-top: 0cm; padding-bottom: 0.53cm; padding-left: 0cm; padding-right: 0cm;\"> <span style=\"color: #000000;\">S\u00ed<\/span> <\/p>\n<\/td>\n<\/tr>\n<\/tbody>\n<\/table>\n<table style=\"width: 459px;\" border=\"0\" cellspacing=\"0\" cellpadding=\"2\">\n<colgroup>\n<col width=\"163\"><\/col>\n<col width=\"288\"><\/col>\n<\/colgroup>\n<tbody>\n<tr>\n<th colspan=\"2\" width=\"455\">\n<p class=\"western\" style=\"border: none; padding: 0cm; font-style: normal; font-weight: normal;\"> <span style=\"color: #000000;\"><a name=\"11501\"><\/a><span style=\"font-size: x-large;\">F\u00edsico<\/span><\/span> <\/p>\n<\/th>\n<\/tr>\n<tr>\n<td width=\"163\">\n<p style=\"border-top: none; border-bottom: 1px solid #e6e7e8; border-left: none; border-right: none; padding-top: 0cm; padding-bottom: 0.53cm; padding-left: 0cm; padding-right: 0cm;\"> <span style=\"color: #000000;\">Tema de filtro<\/span> <\/p>\n<\/td>\n<td width=\"288\">\n<p style=\"border-top: none; border-bottom: 1px solid #e6e7e8; border-left: none; border-right: none; padding-top: 0cm; padding-bottom: 0.53cm; padding-left: 0cm; padding-right: 0cm;\"> <span style=\"color: #000000;\">Frontal: 77 mm<\/span> <\/p>\n<\/td>\n<\/tr>\n<tr>\n<td width=\"163\">\n<p style=\"border-top: none; border-bottom: 1px solid #e6e7e8; border-left: none; border-right: none; padding-top: 0cm; padding-bottom: 0.53cm; padding-left: 0cm; padding-right: 0cm;\"> <span style=\"color: #000000;\">Dimensiones (DxL)<\/span> <\/p>\n<\/td>\n<td width=\"288\">\n<p style=\"border-top: none; border-bottom: 1px solid #e6e7e8; border-left: none; border-right: none; padding-top: 0cm; padding-bottom: 0.53cm; padding-left: 0cm; padding-right: 0cm;\"> <span style=\"color: #000000;\">82,8 x 107,7 mil\u00edmetros<\/span><\/p>\n<\/td>\n<\/tr>\n<\/tbody>\n<\/table>\n<p> <strong><span style=\"color: #000000;\">En la caja:<\/span><\/strong><\/p>\n<ul>\n<li> <span style=\"color: #000000;\">Lente Sigma 28mm f\/1.4 DG HSM Art para Sony E<\/span><\/li>\n<li> <span style=\"color: #000000;\">LCF-77 III Tapa de lente de 77 mm<\/span><\/li>\n<li> <span style=\"color: #000000;\">Cubierta trasera LCR II para objetivos con montura E de Sony<\/span><\/li>\n<li> <span style=\"color: #000000;\">LH828-01 Parasol<\/span><\/li>\n<li> <span style=\"color: #000000;\">Estuche de lentes<\/span><\/li>\n<\/ul>\n","protected":false},"excerpt":{"rendered":"<p>Un objetivo fijo1 gran angular para Sigma 2mm f\/8.4 DG HSM Art es una toma ajustable con un amplio campo<\/p>\n","protected":false},"featured_media":52026,"comment_status":"closed","ping_status":"open","template":"","meta":{"_acf_changed":false},"product_brand":[2647],"product_cat":[1062],"product_tag":[],"class_list":{"0":"post-75536","1":"product","2":"type-product","3":"status-publish","4":"has-post-thumbnail","6":"product_brand-sigma-es","7":"product_cat-mirrorless-objectivos","8":"pa_abertura-maxima-f-1-4-es","10":"first","11":"onbackorder","12":"taxable","13":"shipping-taxable","14":"purchasable","15":"product-type-simple"},"bundled_by":[],"bundle_stock_status":"onbackorder","bundle_stock_quantity":null,"bundle_virtual":false,"bundle_layout":"","bundle_add_to_cart_form_location":"","bundle_editable_in_cart":false,"bundle_sold_individually_context":"","bundle_item_grouping":"","bundle_min_size":"","bundle_max_size":"","bundle_price":[],"bundled_items":[],"bundle_sell_ids":[],"acf":[],"_links":{"self":[{"href":"https:\/\/hi-techwonder.com\/es\/wp-json\/wp\/v2\/product\/75536","targetHints":{"allow":["GET"]}}],"collection":[{"href":"https:\/\/hi-techwonder.com\/es\/wp-json\/wp\/v2\/product"}],"about":[{"href":"https:\/\/hi-techwonder.com\/es\/wp-json\/wp\/v2\/types\/product"}],"replies":[{"embeddable":true,"href":"https:\/\/hi-techwonder.com\/es\/wp-json\/wp\/v2\/comments?post=75536"}],"wp:featuredmedia":[{"embeddable":true,"href":"https:\/\/hi-techwonder.com\/es\/wp-json\/wp\/v2\/media\/52026"}],"wp:attachment":[{"href":"https:\/\/hi-techwonder.com\/es\/wp-json\/wp\/v2\/media?parent=75536"}],"wp:term":[{"taxonomy":"product_brand","embeddable":true,"href":"https:\/\/hi-techwonder.com\/es\/wp-json\/wp\/v2\/product_brand?post=75536"},{"taxonomy":"product_cat","embeddable":true,"href":"https:\/\/hi-techwonder.com\/es\/wp-json\/wp\/v2\/product_cat?post=75536"},{"taxonomy":"product_tag","embeddable":true,"href":"https:\/\/hi-techwonder.com\/es\/wp-json\/wp\/v2\/product_tag?post=75536"}],"curies":[{"name":"wp","href":"https:\/\/api.w.org\/{rel}","templated":true}]}}