{"id":75539,"date":"2025-07-29T09:18:38","date_gmt":"2025-07-29T09:18:38","guid":{"rendered":"https:\/\/fv6qoy3ls0.wpdns.site\/product\/parasol-tamron-para-10-24mm-f-3-5-4-5\/"},"modified":"2026-03-02T17:09:28","modified_gmt":"2026-03-02T17:09:28","slug":"tamron-parasol-tamron-para-10-24mm-f-3-5-4-5","status":"publish","type":"product","link":"https:\/\/hi-techwonder.com\/es\/producto\/tamron-parasol-tamron-para-10-24mm-f-3-5-4-5\/","title":{"rendered":"Parasol TAMRON para 10-24mm f\/3.5-4.5"},"content":{"rendered":"<p><span style=\"font-size: small\">Este parasol dedicado de Tamron est\u00e1 dise\u00f1ado espec\u00edficamente para su uso con el objetivo SP 10-24mm f\/3.5-4.5 Di-II LD Asf\u00e9rico (IF).<\/span><\/p>\n<p><span style=\"font-size: small\"><br \/>Los parasoles est\u00e1n dise\u00f1ados principalmente para evitar que la luz par\u00e1sita no deseada entre en la lente extendiendo y sombreando el extremo de la lente. Adem\u00e1s, debido a que el extremo de la lente est\u00e1 extendido, tambi\u00e9n obtiene el beneficio adicional de protecci\u00f3n adicional contra impactos accidentales.<br \/>La forma de &#8220;p\u00e9talo&#8221; de esta sombrilla maximiza la cantidad de cobertura de la sombrilla para la cantidad m\u00ednima de peso y \u00e1rea de la sombrilla. Este parasol espec\u00edfico est\u00e1 dise\u00f1ado para adaptarse a la distancia focal espec\u00edfica del objetivo para el que est\u00e1 dise\u00f1ado.  <\/span><\/p>\n","protected":false},"excerpt":{"rendered":"<p>Este parasol dedicado de Tamron est\u00e1 dise\u00f1ado espec\u00edficamente para su uso con el objetivo SP 10-24mm f\/3.5-4.5 Di-II LD Asf\u00e9rico<\/p>\n","protected":false},"featured_media":47332,"comment_status":"closed","ping_status":"open","template":"","meta":{"_acf_changed":false},"product_brand":[2681],"product_cat":[1039],"product_tag":[],"class_list":{"0":"post-75539","1":"product","2":"type-product","3":"status-publish","4":"has-post-thumbnail","6":"product_brand-tamron-es","7":"product_cat-parasoles","9":"first","10":"instock","11":"taxable","12":"shipping-taxable","13":"purchasable","14":"product-type-simple"},"bundled_by":[],"bundle_stock_status":"instock","bundle_stock_quantity":1,"bundle_virtual":false,"bundle_layout":"","bundle_add_to_cart_form_location":"","bundle_editable_in_cart":false,"bundle_sold_individually_context":"","bundle_item_grouping":"","bundle_min_size":"","bundle_max_size":"","bundle_price":[],"bundled_items":[],"bundle_sell_ids":[],"acf":[],"_links":{"self":[{"href":"https:\/\/hi-techwonder.com\/es\/wp-json\/wp\/v2\/product\/75539","targetHints":{"allow":["GET"]}}],"collection":[{"href":"https:\/\/hi-techwonder.com\/es\/wp-json\/wp\/v2\/product"}],"about":[{"href":"https:\/\/hi-techwonder.com\/es\/wp-json\/wp\/v2\/types\/product"}],"replies":[{"embeddable":true,"href":"https:\/\/hi-techwonder.com\/es\/wp-json\/wp\/v2\/comments?post=75539"}],"wp:featuredmedia":[{"embeddable":true,"href":"https:\/\/hi-techwonder.com\/es\/wp-json\/wp\/v2\/media\/47332"}],"wp:attachment":[{"href":"https:\/\/hi-techwonder.com\/es\/wp-json\/wp\/v2\/media?parent=75539"}],"wp:term":[{"taxonomy":"product_brand","embeddable":true,"href":"https:\/\/hi-techwonder.com\/es\/wp-json\/wp\/v2\/product_brand?post=75539"},{"taxonomy":"product_cat","embeddable":true,"href":"https:\/\/hi-techwonder.com\/es\/wp-json\/wp\/v2\/product_cat?post=75539"},{"taxonomy":"product_tag","embeddable":true,"href":"https:\/\/hi-techwonder.com\/es\/wp-json\/wp\/v2\/product_tag?post=75539"}],"curies":[{"name":"wp","href":"https:\/\/api.w.org\/{rel}","templated":true}]}}