{"id":75547,"date":"2025-07-29T09:42:30","date_gmt":"2025-07-29T09:42:30","guid":{"rendered":"https:\/\/fv6qoy3ls0.wpdns.site\/product\/sigma-28-45mm-f-1-8-dg-dn-art-sony-e\/"},"modified":"2026-04-08T17:59:41","modified_gmt":"2026-04-08T16:59:41","slug":"sigma-28-45mm-f-1-8-dg-dn-art-sony-e","status":"publish","type":"product","link":"https:\/\/hi-techwonder.com\/es\/producto\/sigma-28-45mm-f-1-8-dg-dn-art-sony-e\/","title":{"rendered":"SIGMA 28-45mm f\/1.8 DG DN Art Sony E"},"content":{"rendered":"<p><strong>SIGMA 28-45mm f\/1.8 DG DN Art Sony E<\/strong><\/p>\n<p><strong>Funciones:<\/strong><\/p>\n<ul>\n<li>Montura Sony E<\/li>\n<li>Fotograma completo<\/li>\n<li>Apertura: f\/1.8 a f\/16<\/li>\n<li>Gran angular s\u00faper r\u00e1pido a zoom normal<\/li>\n<li>Enfoque autom\u00e1tico HLA<\/li>\n<li>Distancia m\u00ednima de enfoque de 30,2 cm<\/li>\n<li>Anillo de apertura con interruptores Click &amp; Lock<\/li>\n<li>SLD y elementos asf\u00e9ricos<\/li>\n<li>Recubrimientos nanoporosos y s\u00faper multicapa<\/li>\n<li>Resistente al polvo y a las salpicaduras<\/li>\n<\/ul>\n<p><strong>Contenido del paquete:<\/strong><\/p>\n<ul>\n<li>SIGMA 28-45mm f\/1.8 DG DN Art Sony E<\/li>\n<li>Sombrilla<\/li>\n<li>LCF-82 III Cubierta frontal (82 mm)<\/li>\n<li>Cubierta trasera LCR II para montura Sony E<\/li>\n<\/ul>\n<p><strong>El zoom de fotograma completo m\u00e1s brillante del mundo<\/strong><\/p>\n<p>Sigma presenta el objetivo art\u00edstico Sony E-mount 28-45mm f\/1.8 DG DN, el primer objetivo zoom del mundo para c\u00e1maras mirrorless de fotograma completo con una apertura de f\/1.8 en todo el rango de zoom. Con un rendimiento \u00f3ptico de primera l\u00ednea y un dise\u00f1o y funcionalidad compatibles con video, su rango focal amplio a normal significa un kit m\u00e1s liviano sin comprometer la calidad de la imagen. <\/p>\n<p><strong>Dise\u00f1o y rendimiento<\/strong><\/p>\n<p>La lente tiene un total de 18 elementos en 15 grupos, con tres elementos asf\u00e9ricos y cinco elementos especiales de baja dispersi\u00f3n para minimizar los destellos y las im\u00e1genes fantasma y suprimir varias aberraciones. Esto da como resultado un rendimiento \u00f3ptico que iguala o supera al de otros lentes Sigma Art, incluidos los lentes fijos. Junto con su diafragma redondeado de 11 hojas, el dise\u00f1o promueve la nitidez y un bokeh grande y suave cuando se usa completamente abierto.  <\/p>\n<p>Adem\u00e1s de la apertura m\u00e1xima de f\/1.8, la lente tambi\u00e9n mantiene una distancia m\u00ednima de enfoque de 11.9&#8243; en todo el rango de zoom. Logra una relaci\u00f3n de aumento m\u00e1xima de 1:4 en su distancia focal m\u00e1s larga, lo que aumenta la profundidad de campo y la versatilidad en entornos reducidos. Espacios.  <\/p>\n<p><strong>Producci\u00f3n de video<\/strong><\/p>\n<p>Dise\u00f1ado pensando en la creaci\u00f3n de v\u00eddeos, la brillante apertura de f\/1,8 del objetivo y el rango de zoom de amplio a normal lo convierten en una herramienta vers\u00e1til, ideal tanto para configuraciones de disparo \u00fanico como de ejecuci\u00f3n y disparo. Un dise\u00f1o de zoom interno mantiene toda la longitud durante el uso, lo que facilita el equilibrio en los cardanes. El dise\u00f1o tambi\u00e9n suprime la respiraci\u00f3n enfocada para un movimiento suave en todo el rango focal. El enfoque autom\u00e1tico del actuador lineal de alta velocidad y alta respuesta de Sigma permanece silencioso y preciso, mientras que el enfoque manual se mejora con mecanismos de clic y bloqueo.   <\/p>\n<ul>\n<li>Dos botones AFL<\/li>\n<li>Interruptor de modo de enfoque<\/li>\n<li>Recubrimientos s\u00faper multicapa y nanoporosos<\/li>\n<li>&#8211; Revestimiento repelente al agua y al aceite en el elemento frontal<\/li>\n<li>Dise\u00f1o resistente al polvo y las salpicaduras<\/li>\n<li>Montura de bayoneta de lat\u00f3n duradera<\/li>\n<\/ul>\n<p><strong>Compatibilidad:<\/strong><\/p>\n<ul>\n<li>Sony Alpha A7S II<\/li>\n<li>Sony Alpha A7S III<\/li>\n<li>Sony Alpha A9<\/li>\n<li>Sony Alpha A9 II<\/li>\n<li>Sony Alpha A9 III<\/li>\n<li>Sony Alpha ZV-E10<\/li>\n<li>Thom Alpha A6300<\/li>\n<li>Sony Alpha A7R V<\/li>\n<li>Sony Alpha A7R IV<\/li>\n<li>Sony Alpha A7R III<\/li>\n<li>Sony Alpha A7R II<\/li>\n<li>Sony Alpha A7R<\/li>\n<li>Sony Alpha A7CR<\/li>\n<li>Sony Alpha A7C II<\/li>\n<li>Sony Alpha A7C<\/li>\n<li>Sony Alpha A7 IV<\/li>\n<li>Sony Alpha A7 III<\/li>\n<li>Sony Alpha A7 II<\/li>\n<li>Sony Alpha A7<\/li>\n<li>Sony Alpha A6700<\/li>\n<li>Sony Alpha A6600<\/li>\n<li>Sony Alpha A6500<\/li>\n<li>Sony Alpha A6400<\/li>\n<li>Sony Alpha A6300<\/li>\n<li>Sony Alpha A6100<\/li>\n<li>Sony Alpha A6000<\/li>\n<li>Sony FX6<\/li>\n<li>Sony FX30<\/li>\n<li>Sony FX3<\/li>\n<li>Sony Alpha A5100<\/li>\n<li>Sony Alpha A5000<\/li>\n<li>Sony Alpha A1<\/li>\n<li>Sony Alpha A7S<\/li>\n<li>Sony ZV-E1<\/li>\n<\/ul>\n<p><strong>Caracter\u00edsticas t\u00e9cnicas:<\/strong><\/p>\n<table class=\"table_fDXOr6EpR9\" style=\"box-sizing: inherit; width: 936.662px; font-family: OpenSans, 'Segoe UI', Helvetica, Roboto, Arial, sans-serif; font-size: 16px; background-color: #ffffff;\" data-selenium=\"specsItemGroupTable\">\n<tbody style=\"box-sizing: inherit;\">\n<tr class=\"pair_KqJ3Q3GPKv\" style=\"box-sizing: inherit; border-bottom: 0.0625rem solid #e5e5e5;\" data-selenium=\"specsItemGroupTableRow\">\n<td class=\"label_KqJ3Q3GPKv \" style=\"box-sizing: inherit; border-top: none; padding: 1.25rem 0px; width: 355.923px; color: #666666; font-size: 1.125rem; line-height: 1.375rem; vertical-align: baseline;\" data-selenium=\"specsItemGroupTableColumnLabel\"><span style=\"box-sizing: inherit; vertical-align: inherit;\">Apertura m\u00e1xima<\/span><\/td>\n<td class=\"value_KqJ3Q3GPKv \" style=\"box-sizing: inherit; color: #666666; font-size: 1.125rem; line-height: 1.375rem; vertical-align: baseline; padding: 1.25rem 0px 1.25rem 2.5rem;\" data-selenium=\"specsItemGroupTableColumnValue\">\n<div class=\"expandableValue_KqJ3Q3GPKv\" style=\"box-sizing: inherit;\">f\/1.8<\/div>\n<\/td>\n<\/tr>\n<tr class=\"pair_KqJ3Q3GPKv\" style=\"box-sizing: inherit; border-bottom: 0.0625rem solid #e5e5e5;\" data-selenium=\"specsItemGroupTableRow\">\n<td class=\"label_KqJ3Q3GPKv\" style=\"box-sizing: inherit; border-top: none; padding: 1.25rem 0px; width: 355.923px; color: #666666; font-size: 1.125rem; line-height: 1.375rem; vertical-align: baseline;\" data-selenium=\"specsItemGroupTableColumnLabel\"><span style=\"box-sizing: inherit; vertical-align: inherit;\">Apertura m\u00ednima<\/span><\/td>\n<td class=\"value_KqJ3Q3GPKv\" style=\"box-sizing: inherit; color: #666666; font-size: 1.125rem; line-height: 1.375rem; vertical-align: baseline; padding: 1.25rem 0px 1.25rem 2.5rem;\" data-selenium=\"specsItemGroupTableColumnValue\">\n<div class=\"expandableValue_KqJ3Q3GPKv\" style=\"box-sizing: inherit;\">f\/16<\/div>\n<\/td>\n<\/tr>\n<tr class=\"pair_KqJ3Q3GPKv\" style=\"box-sizing: inherit; border-bottom: 0.0625rem solid #e5e5e5;\" data-selenium=\"specsItemGroupTableRow\">\n<td class=\"label_KqJ3Q3GPKv\" style=\"box-sizing: inherit; border-top: none; padding: 1.25rem 0px; width: 355.923px; color: #666666; font-size: 1.125rem; line-height: 1.375rem; vertical-align: baseline;\" data-selenium=\"specsItemGroupTableColumnLabel\"><span style=\"box-sizing: inherit; vertical-align: inherit;\">Montura de lente<\/span><\/td>\n<td class=\"value_KqJ3Q3GPKv\" style=\"box-sizing: inherit; color: #666666; font-size: 1.125rem; line-height: 1.375rem; vertical-align: baseline; padding: 1.25rem 0px 1.25rem 2.5rem;\" data-selenium=\"specsItemGroupTableColumnValue\">\n<div class=\"expandableValue_KqJ3Q3GPKv\" style=\"box-sizing: inherit;\">Sony E<\/div>\n<\/td>\n<\/tr>\n<tr class=\"pair_KqJ3Q3GPKv\" style=\"box-sizing: inherit; border-bottom: 0.0625rem solid #e5e5e5;\" data-selenium=\"specsItemGroupTableRow\">\n<td class=\"label_KqJ3Q3GPKv\" style=\"box-sizing: inherit; border-top: none; padding: 1.25rem 0px; width: 355.923px; color: #666666; font-size: 1.125rem; line-height: 1.375rem; vertical-align: baseline;\" data-selenium=\"specsItemGroupTableColumnLabel\"><span style=\"box-sizing: inherit; vertical-align: inherit;\">Cobertura de la forma de la lente<\/span><\/td>\n<td class=\"value_KqJ3Q3GPKv\" style=\"box-sizing: inherit; color: #666666; font-size: 1.125rem; line-height: 1.375rem; vertical-align: baseline; padding: 1.25rem 0px 1.25rem 2.5rem;\" data-selenium=\"specsItemGroupTableColumnValue\">\n<div class=\"expandableValue_KqJ3Q3GPKv\" style=\"box-sizing: inherit;\">Fotograma completo<\/div>\n<\/td>\n<\/tr>\n<tr class=\"pair_KqJ3Q3GPKv\" style=\"box-sizing: inherit; border-bottom: 0.0625rem solid #e5e5e5;\" data-selenium=\"specsItemGroupTableRow\">\n<td class=\"label_KqJ3Q3GPKv\" style=\"box-sizing: inherit; border-top: none; padding: 1.25rem 0px; width: 355.923px; color: #666666; font-size: 1.125rem; line-height: 1.375rem; vertical-align: baseline;\" data-selenium=\"specsItemGroupTableColumnLabel\"><span style=\"box-sizing: inherit; vertical-align: inherit;\">\u00c1ngulo<\/span><\/td>\n<td class=\"value_KqJ3Q3GPKv\" style=\"box-sizing: inherit; color: #666666; font-size: 1.125rem; line-height: 1.375rem; vertical-align: baseline; padding: 1.25rem 0px 1.25rem 2.5rem;\" data-selenium=\"specsItemGroupTableColumnValue\">\n<div class=\"expandableValue_KqJ3Q3GPKv\" style=\"box-sizing: inherit;\">De 75,4\u00b0 a 51,3\u00b0<\/div>\n<\/td>\n<\/tr>\n<tr class=\"pair_KqJ3Q3GPKv\" style=\"box-sizing: inherit; border-bottom: 0.0625rem solid #e5e5e5;\" data-selenium=\"specsItemGroupTableRow\">\n<td class=\"label_KqJ3Q3GPKv\" style=\"box-sizing: inherit; border-top: none; padding: 1.25rem 0px; width: 355.923px; color: #666666; font-size: 1.125rem; line-height: 1.375rem; vertical-align: baseline;\" data-selenium=\"specsItemGroupTableColumnLabel\"><span style=\"box-sizing: inherit; vertical-align: inherit;\">Distancia m\u00ednima de enfoque<\/span><\/td>\n<td class=\"value_KqJ3Q3GPKv\" style=\"box-sizing: inherit; color: #666666; font-size: 1.125rem; line-height: 1.375rem; vertical-align: baseline; padding: 1.25rem 0px 1.25rem 2.5rem;\" data-selenium=\"specsItemGroupTableColumnValue\">\n<div class=\"expandableValue_KqJ3Q3GPKv\" style=\"box-sizing: inherit;\">11,9&#8243;\/30,2 cm<\/div>\n<\/td>\n<\/tr>\n<tr class=\"pair_KqJ3Q3GPKv\" style=\"box-sizing: inherit; border-bottom: 0.0625rem solid #e5e5e5;\" data-selenium=\"specsItemGroupTableRow\">\n<td class=\"label_KqJ3Q3GPKv\" style=\"box-sizing: inherit; border-top: none; padding: 1.25rem 0px; width: 355.923px; color: #666666; font-size: 1.125rem; line-height: 1.375rem; vertical-align: baseline;\" data-selenium=\"specsItemGroupTableColumnLabel\"><span style=\"box-sizing: inherit; vertical-align: inherit;\">Tasa de reproducci\u00f3n macro<\/span><\/td>\n<td class=\"value_KqJ3Q3GPKv\" style=\"box-sizing: inherit; color: #666666; font-size: 1.125rem; line-height: 1.375rem; vertical-align: baseline; padding: 1.25rem 0px 1.25rem 2.5rem;\" data-selenium=\"specsItemGroupTableColumnValue\">\n<div class=\"expandableValue_KqJ3Q3GPKv\" style=\"box-sizing: inherit;\">1:4<\/div>\n<\/td>\n<\/tr>\n<tr class=\"pair_KqJ3Q3GPKv\" style=\"box-sizing: inherit; border-bottom: 0.0625rem solid #e5e5e5;\" data-selenium=\"specsItemGroupTableRow\">\n<td class=\"label_KqJ3Q3GPKv\" style=\"box-sizing: inherit; border-top: none; padding: 1.25rem 0px; width: 355.923px; color: #666666; font-size: 1.125rem; line-height: 1.375rem; vertical-align: baseline;\" data-selenium=\"specsItemGroupTableColumnLabel\"><span style=\"box-sizing: inherit; vertical-align: inherit;\">Dise\u00f1o \u00f3ptico<\/span><\/td>\n<td class=\"value_KqJ3Q3GPKv\" style=\"box-sizing: inherit; color: #666666; font-size: 1.125rem; line-height: 1.375rem; vertical-align: baseline; padding: 1.25rem 0px 1.25rem 2.5rem;\" data-selenium=\"specsItemGroupTableColumnValue\">\n<div class=\"expandableValue_KqJ3Q3GPKv\" style=\"box-sizing: inherit;\">18 elementos en 15 grupos<\/div>\n<\/td>\n<\/tr>\n<tr class=\"pair_KqJ3Q3GPKv\" style=\"box-sizing: inherit; border-bottom: 0.0625rem solid #e5e5e5;\" data-selenium=\"specsItemGroupTableRow\">\n<td class=\"label_KqJ3Q3GPKv\" style=\"box-sizing: inherit; border-top: none; padding: 1.25rem 0px; width: 355.923px; color: #666666; font-size: 1.125rem; line-height: 1.375rem; vertical-align: baseline;\" data-selenium=\"specsItemGroupTableColumnLabel\"><span style=\"box-sizing: inherit; vertical-align: inherit;\">Hojas de diafragma<\/span><\/td>\n<td class=\"value_KqJ3Q3GPKv\" style=\"box-sizing: inherit; color: #666666; font-size: 1.125rem; line-height: 1.375rem; vertical-align: baseline; padding: 1.25rem 0px 1.25rem 2.5rem;\" data-selenium=\"specsItemGroupTableColumnValue\">\n<div class=\"expandableValue_KqJ3Q3GPKv\" style=\"box-sizing: inherit;\">11, redondeado<\/div>\n<\/td>\n<\/tr>\n<tr class=\"pair_KqJ3Q3GPKv\" style=\"box-sizing: inherit; border-bottom: 0.0625rem solid #e5e5e5;\" data-selenium=\"specsItemGroupTableRow\">\n<td class=\"label_KqJ3Q3GPKv\" style=\"box-sizing: inherit; border-top: none; padding: 1.25rem 0px; width: 355.923px; color: #666666; font-size: 1.125rem; line-height: 1.375rem; vertical-align: baseline;\" data-selenium=\"specsItemGroupTableColumnLabel\"><span style=\"box-sizing: inherit; vertical-align: inherit;\">Tipo de enfoque<\/span><\/td>\n<td class=\"value_KqJ3Q3GPKv\" style=\"box-sizing: inherit; color: #666666; font-size: 1.125rem; line-height: 1.375rem; vertical-align: baseline; padding: 1.25rem 0px 1.25rem 2.5rem;\" data-selenium=\"specsItemGroupTableColumnValue\">\n<div class=\"expandableValue_KqJ3Q3GPKv\" style=\"box-sizing: inherit;\">Autom\u00e1tico<\/div>\n<\/td>\n<\/tr>\n<tr class=\"pair_KqJ3Q3GPKv\" style=\"box-sizing: inherit; border-bottom: 0.0625rem solid #e5e5e5;\" data-selenium=\"specsItemGroupTableRow\">\n<td class=\"label_KqJ3Q3GPKv\" style=\"box-sizing: inherit; border-top: none; padding: 1.25rem 0px; width: 355.923px; color: #666666; font-size: 1.125rem; line-height: 1.375rem; vertical-align: baseline;\" data-selenium=\"specsItemGroupTableColumnLabel\"><span style=\"box-sizing: inherit; vertical-align: inherit;\">Estabilizaci\u00f3n de imagen<\/span><\/td>\n<td class=\"value_KqJ3Q3GPKv\" style=\"box-sizing: inherit; color: #666666; font-size: 1.125rem; line-height: 1.375rem; vertical-align: baseline; padding: 1.25rem 0px 1.25rem 2.5rem;\" data-selenium=\"specsItemGroupTableColumnValue\">\n<div class=\"expandableValue_KqJ3Q3GPKv\" style=\"box-sizing: inherit;\">No<\/div>\n<\/td>\n<\/tr>\n<tr class=\"pair_KqJ3Q3GPKv\" style=\"box-sizing: inherit; border-bottom: 0.0625rem solid #e5e5e5;\" data-selenium=\"specsItemGroupTableRow\">\n<td class=\"label_KqJ3Q3GPKv\" style=\"box-sizing: inherit; border-top: none; padding: 1.25rem 0px; width: 355.923px; color: #666666; font-size: 1.125rem; line-height: 1.375rem; vertical-align: baseline;\" data-selenium=\"specsItemGroupTableColumnLabel\"><span style=\"box-sizing: inherit; vertical-align: inherit;\">Tama\u00f1o del filtro<\/span><\/td>\n<td class=\"value_KqJ3Q3GPKv\" style=\"box-sizing: inherit; color: #666666; font-size: 1.125rem; line-height: 1.375rem; vertical-align: baseline; padding: 1.25rem 0px 1.25rem 2.5rem;\" data-selenium=\"specsItemGroupTableColumnValue\">\n<div class=\"expandableValue_KqJ3Q3GPKv\" style=\"box-sizing: inherit;\">82 mm (frontal)<\/div>\n<\/td>\n<\/tr>\n<tr class=\"pair_KqJ3Q3GPKv\" style=\"box-sizing: inherit; border-bottom: 0.0625rem solid #e5e5e5;\" data-selenium=\"specsItemGroupTableRow\">\n<td class=\"label_KqJ3Q3GPKv\" style=\"box-sizing: inherit; border-top: none; padding: 1.25rem 0px; width: 355.923px; color: #666666; font-size: 1.125rem; line-height: 1.375rem; vertical-align: baseline;\" data-selenium=\"specsItemGroupTableColumnLabel\"><span style=\"box-sizing: inherit; vertical-align: inherit;\">Dimensiones (\u00f8 x L)<\/span><\/td>\n<td class=\"value_KqJ3Q3GPKv\" style=\"box-sizing: inherit; color: #666666; font-size: 1.125rem; line-height: 1.375rem; vertical-align: baseline; padding: 1.25rem 0px 1.25rem 2.5rem;\" data-selenium=\"specsItemGroupTableColumnValue\">\n<div class=\"expandableValue_KqJ3Q3GPKv\" style=\"box-sizing: inherit;\">87,8 x 153,4 mil\u00edmetros<\/div>\n<\/td>\n<\/tr>\n<tr class=\"pair_KqJ3Q3GPKv\" style=\"box-sizing: inherit; border-bottom: 0.0625rem solid #e5e5e5;\" data-selenium=\"specsItemGroupTableRow\">\n<td class=\"label_KqJ3Q3GPKv\" style=\"box-sizing: inherit; border-top: none; padding: 1.25rem 0px; width: 355.923px; color: #666666; font-size: 1.125rem; line-height: 1.375rem; vertical-align: baseline;\" data-selenium=\"specsItemGroupTableColumnLabel\"><span style=\"box-sizing: inherit; vertical-align: inherit;\">Peso<\/span><\/td>\n<td class=\"value_KqJ3Q3GPKv\" style=\"box-sizing: inherit; color: #666666; font-size: 1.125rem; line-height: 1.375rem; vertical-align: baseline; padding: 1.25rem 0px 1.25rem 2.5rem;\" data-selenium=\"specsItemGroupTableColumnValue\">\n<div class=\"expandableValue_KqJ3Q3GPKv\" style=\"box-sizing: inherit;\">950 gramos<\/div>\n<\/td>\n<\/tr>\n<\/tbody>\n<\/table>\n","protected":false},"excerpt":{"rendered":"<p>SIGMA 28-45mm f\/1.8 DG DN Art Sony E Funciones: Montura Sony E Fotograma completo Apertura: f\/1.8 a f\/16 Gran angular<\/p>\n","protected":false},"featured_media":52715,"comment_status":"closed","ping_status":"open","template":"","meta":{"_acf_changed":false},"product_brand":[2647],"product_cat":[1062],"product_tag":[],"class_list":{"0":"post-75547","1":"product","2":"type-product","3":"status-publish","4":"has-post-thumbnail","6":"product_brand-sigma-es","7":"product_cat-mirrorless-objectivos","8":"pa_abertura-maxima-f-1-8-es","10":"first","11":"instock","12":"taxable","13":"shipping-taxable","14":"purchasable","15":"product-type-simple"},"bundled_by":[],"bundle_stock_status":"instock","bundle_stock_quantity":1,"bundle_virtual":false,"bundle_layout":"","bundle_add_to_cart_form_location":"","bundle_editable_in_cart":false,"bundle_sold_individually_context":"","bundle_item_grouping":"","bundle_min_size":"","bundle_max_size":"","bundle_price":[],"bundled_items":[],"bundle_sell_ids":[],"acf":[],"_links":{"self":[{"href":"https:\/\/hi-techwonder.com\/es\/wp-json\/wp\/v2\/product\/75547","targetHints":{"allow":["GET"]}}],"collection":[{"href":"https:\/\/hi-techwonder.com\/es\/wp-json\/wp\/v2\/product"}],"about":[{"href":"https:\/\/hi-techwonder.com\/es\/wp-json\/wp\/v2\/types\/product"}],"replies":[{"embeddable":true,"href":"https:\/\/hi-techwonder.com\/es\/wp-json\/wp\/v2\/comments?post=75547"}],"wp:featuredmedia":[{"embeddable":true,"href":"https:\/\/hi-techwonder.com\/es\/wp-json\/wp\/v2\/media\/52715"}],"wp:attachment":[{"href":"https:\/\/hi-techwonder.com\/es\/wp-json\/wp\/v2\/media?parent=75547"}],"wp:term":[{"taxonomy":"product_brand","embeddable":true,"href":"https:\/\/hi-techwonder.com\/es\/wp-json\/wp\/v2\/product_brand?post=75547"},{"taxonomy":"product_cat","embeddable":true,"href":"https:\/\/hi-techwonder.com\/es\/wp-json\/wp\/v2\/product_cat?post=75547"},{"taxonomy":"product_tag","embeddable":true,"href":"https:\/\/hi-techwonder.com\/es\/wp-json\/wp\/v2\/product_tag?post=75547"}],"curies":[{"name":"wp","href":"https:\/\/api.w.org\/{rel}","templated":true}]}}