{"id":75549,"date":"2025-07-29T09:42:57","date_gmt":"2025-07-29T09:42:57","guid":{"rendered":"https:\/\/fv6qoy3ls0.wpdns.site\/product\/sigma-300-600mm-f-4-dg-os-deportes-sony-e\/"},"modified":"2026-04-20T15:07:26","modified_gmt":"2026-04-20T14:07:26","slug":"sigma-300-600mm-f-4-dg-os-deportes-sony-e","status":"publish","type":"product","link":"https:\/\/hi-techwonder.com\/es\/producto\/sigma-300-600mm-f-4-dg-os-deportes-sony-e\/","title":{"rendered":"SIGMA 300-600mm f\/4 DG OS | Deportes &#8211; Sony E"},"content":{"rendered":"<h3 data-start=\"0\" data-end=\"49\">Sistema operativo Sigma 300-600mm f\/4 DG | Deportes (Sony E)<\/h3>\n<p data-start=\"50\" data-end=\"146\"><strong data-start=\"50\" data-end=\"146\">Potencia de zoom ultrateleobjetivo con la versatilidad de un zoom y la calidad de un prime<\/strong><\/p>\n<p data-start=\"50\" data-end=\"146\"><iframe loading=\"lazy\" frameborder=\"0\" src=\"https:\/\/www.youtube.com\/embed\/bMb4IWvK2Dw\" width=\"640\" height=\"360\" class=\"note-video-clip\" referrerpolicy=\"strict-origin-when-cross-origin\"><\/iframe><strong data-start=\"50\" data-end=\"146\"><br \/><\/strong><\/p>\n<hr data-start=\"148\" data-end=\"151\">\n<h4 data-start=\"153\" data-end=\"177\">Descripci\u00f3n detallada<\/h4>\n<p data-start=\"178\" data-end=\"789\">El <strong data-start=\"180\" data-end=\"218\">sistema operativo Sigma 300-600mm f\/4 DG | Sports<\/strong> para Sony E es un objetivo de gran apertura (f\/4 constante) que combina la versatilidad de un zoom con el rendimiento \u00f3ptico de un teleobjetivo fijo. Con un rango de 300 a 600 mm y la posibilidad de extenderse hasta 1200 mm con teleconvertidores, este lente est\u00e1 dise\u00f1ado para uso profesional en deportes, vida silvestre, fotoperiodismo y escenarios de acci\u00f3n trepidante. La incorporaci\u00f3n del motor lineal de alta respuesta (HLA) garantiza un AF r\u00e1pido y silencioso, mientras que el sistema de estabilizaci\u00f3n OS2 ofrece hasta 5,5 paradas (600 mm) de compensaci\u00f3n, alcanzando 7,0 paradas en IS sincronizado.  <\/p>\n<p data-start=\"791\" data-end=\"1407\">La construcci\u00f3n de aleaci\u00f3n de magnesio, junto con un dise\u00f1o de zoom interno, proporciona equilibrio y un manejo c\u00f3modo, lo que reduce las variaciones de peso al hacer zoom. Seis lentes FLD, un SLD y elementos de vidrio de alto \u00edndice de refracci\u00f3n minimizan las aberraciones crom\u00e1ticas, lo que garantiza un alto nivel de nitidez y contraste en todo el rango del zoom. Sellado contra el polvo y las salpicaduras, revestimiento t\u00e9rmico externo, anillo de funci\u00f3n para Focus Preset\/Power Focus y montura de filtro drop-in, este es el objetivo insignia de la l\u00ednea Sports de Sigma, hecho para soportar condiciones extremas sin sacrificar la calidad de la imagen.  <\/p>\n<p data-start=\"791\" data-end=\"1407\"><img decoding=\"async\" src=\"https:\/\/www.sigma-global.com\/en\/lenses\/s025_300_600_4\/images\/s025_300_600_4_point.jpg\" style=\"width: 50%;\" alt=\"\"><\/p>\n<hr data-start=\"1409\" data-end=\"1412\">\n<h4 data-start=\"1414\" data-end=\"1445\">Caracter\u00edsticas principales<\/h4>\n<ul data-start=\"1447\" data-end=\"2826\">\n<li data-start=\"1447\" data-end=\"1614\">\n<p data-start=\"1449\" data-end=\"1614\"><strong data-start=\"1449\" data-end=\"1526\">Rango de 300 a 600 mm (equivalente a 600 a 1200 mm con teleconvertidores)<\/strong><br data-start=\"1526\" data-end=\"1529\">Ideal para deportes, vida silvestre y aplicaciones que requieren una gran distancia focal.<\/p>\n<\/li>\n<li data-start=\"1616\" data-end=\"1741\">\n<p data-start=\"1618\" data-end=\"1741\"><strong data-start=\"1618\" data-end=\"1644\">Apertura constante f\/4<\/strong><br data-start=\"1644\" data-end=\"1647\">Ofrece una exposici\u00f3n constante y un excelente control de la profundidad de campo en todo el rango.<\/p>\n<\/li>\n<li data-start=\"1743\" data-end=\"1914\">\n<p data-start=\"1745\" data-end=\"1914\"><strong data-start=\"1745\" data-end=\"1804\">Enfoque autom\u00e1tico r\u00e1pido con HLA (actuador lineal de alta respuesta)<\/strong><br data-start=\"1804\" data-end=\"1807\">Enfoque preciso y de alta velocidad, incluida la detecci\u00f3n mejorada por IA para el seguimiento del sujeto.<\/p>\n<\/li>\n<li data-start=\"1916\" data-end=\"2080\">\n<p data-start=\"1918\" data-end=\"2080\"><strong data-start=\"1918\" data-end=\"1961\">Estabilizaci\u00f3n \u00f3ptica avanzada (OS) (OS2)<\/strong><br data-start=\"1961\" data-end=\"1964\">Compensaci\u00f3n de hasta 5,5 pasos a 600 mm (seg\u00fan CIPA), con modos OS para uso general (Modo 1) y barrido (Modo 2).<\/p>\n<\/li>\n<li data-start=\"2082\" data-end=\"2238\">\n<p data-start=\"2084\" data-end=\"2238\"><strong data-start=\"2084\" data-end=\"2110\">Construcci\u00f3n robusta<\/strong><br data-start=\"2110\" data-end=\"2113\">Cuerpos de magnesio y fibra de carbono, sellados contra el agua y el polvo, y revestimiento t\u00e9rmico que evita el sobrecalentamiento.<\/p>\n<\/li>\n<li data-start=\"2240\" data-end=\"2384\">\n<p data-start=\"2242\" data-end=\"2384\"><strong data-start=\"2242\" data-end=\"2268\">Dise\u00f1o de zoom interno<\/strong><br data-start=\"2268\" data-end=\"2271\">El rango focal var\u00eda sin cambiar la distancia externa, lo que garantiza el equilibrio y la estabilidad en el manejo.<\/p>\n<\/li>\n<li data-start=\"2386\" data-end=\"2549\">\n<p data-start=\"2388\" data-end=\"2549\"><strong data-start=\"2388\" data-end=\"2436\">Anillo de funci\u00f3n (Preajuste de enfoque y enfoque de potencia)<\/strong><br data-start=\"2436\" data-end=\"2439\">Ajustes de enfoque preestablecidos instant\u00e1neos y transiciones de enfoque suaves para video, con velocidades variables.<\/p>\n<\/li>\n<li data-start=\"2551\" data-end=\"2682\">\n<p data-start=\"2553\" data-end=\"2682\"><strong data-start=\"2553\" data-end=\"2588\">Ranura para filtro drop-in (40,5 mm)<\/strong><br data-start=\"2588\" data-end=\"2591\">Posibilidad de insertar filtros ND, polarizadores o variables (se venden por separado).<\/p>\n<\/li>\n<li data-start=\"2684\" data-end=\"2826\">\n<p data-start=\"2686\" data-end=\"2826\"><strong data-start=\"2686\" data-end=\"2720\">Compatible con teleconvertidores<\/strong><br data-start=\"2720\" data-end=\"2723\">Se ampli\u00f3 el rango a 420-840 mm (1,4x) o 600-1200 mm (2,0x) mientras se mantiene el AF en los cuerpos seleccionados.<\/p>\n<\/li>\n<\/ul>\n<hr data-start=\"2828\" data-end=\"2831\">\n<h4 data-start=\"2833\" data-end=\"2847\"><img decoding=\"async\" src=\"https:\/\/www.sigma-global.com\/en\/lenses\/s025_300_600_4\/images\/AndrewJames_ImpressionPhoto_018_small.jpg\" style=\"width: 50%;\" alt=\"\"><br \/><\/h4>\n<h4 data-start=\"2833\" data-end=\"2847\">Contenido<\/h4>\n<ul data-start=\"2849\" data-end=\"3166\">\n<li data-start=\"2849\" data-end=\"2906\">1 Un.  <strong data-start=\"2857\" data-end=\"2904\">Sistema operativo Sigma 300-600mm f\/4 DG | Deportes (Sony E)<\/strong><\/li>\n<li data-start=\"2907\" data-end=\"2944\">1 Un.  <strong data-start=\"2915\" data-end=\"2942\">Cubierta frontal (LC-598E)<\/strong><\/li>\n<li data-start=\"2945\" data-end=\"2983\">1 Un.  <strong data-start=\"2953\" data-end=\"2981\">Contraportada (LCR III)<\/strong><\/li>\n<li data-start=\"2984\" data-end=\"3023\">1 Un.  <strong data-start=\"2992\" data-end=\"3021\">Estuche y bandolera<\/strong><\/li>\n<li data-start=\"3024\" data-end=\"3070\">1 Un.  <strong data-start=\"3032\" data-end=\"3068\">Tipo de parasol (LH1615-01)<\/strong><\/li>\n<li data-start=\"3071\" data-end=\"3118\">1 Un.  <strong data-start=\"3079\" data-end=\"3116\">Soporte de tr\u00edpode extra\u00edble TS-161<\/strong><\/li>\n<li data-start=\"3119\" data-end=\"3166\">1 Un.  <strong data-start=\"3127\" data-end=\"3164\">Portafiltros Drop-In (RFH-21)<\/strong><\/li>\n<\/ul>\n<p data-start=\"3168\" data-end=\"3245\"><em data-start=\"3168\" data-end=\"3245\">(Nota: Los teleconvertidores, los filtros directos y la base USB se venden por separado).<\/em><\/p>\n<p data-start=\"3168\" data-end=\"3245\"><img decoding=\"async\" src=\"https:\/\/www.sigma-global.com\/en\/lenses\/s025_300_600_4\/images\/AdamKlingeteg_ImpressionPhoto_006_small.jpg\" style=\"width: 50%;\" alt=\"\"><em data-start=\"3168\" data-end=\"3245\"><br \/><\/em><\/p>\n<hr data-start=\"3247\" data-end=\"3250\">\n<h4 data-start=\"3252\" data-end=\"3280\">Especificaciones t\u00e9cnicas<\/h4>\n<ul data-start=\"3282\" data-end=\"3883\">\n<li data-start=\"3282\" data-end=\"3305\"><strong data-start=\"3284\" data-end=\"3295\">Montaje<\/strong>: Sony E<\/li>\n<li data-start=\"3306\" data-end=\"3344\"><strong data-start=\"3308\" data-end=\"3330\">Formato compatible<\/strong>: Fotograma completo<\/li>\n<li data-start=\"3345\" data-end=\"3383\"><strong data-start=\"3347\" data-end=\"3369\">Apertura m\u00e1xima \/ m\u00ednima<\/strong>: f \/ 4 &#8211; f \/ 16<\/li>\n<li data-start=\"3384\" data-end=\"3450\"><strong data-start=\"3386\" data-end=\"3406\">Elementos\/Grupos<\/strong>: 28 elementos en 21 grupos (6 FLD, 1 SLD)<\/li>\n<li data-start=\"3451\" data-end=\"3487\"><strong data-start=\"3453\" data-end=\"3472\">\u00c1ngulo de visi\u00f3n<\/strong>: 8,2\u00b0 \u2013 4,1\u00b0<\/li>\n<li data-start=\"3488\" data-end=\"3547\"><strong data-start=\"3490\" data-end=\"3516\">Distancia m\u00ednima. Focalizaci\u00f3n <\/strong>: 2,8 m (ancho) \u2013 4,5 m (teleobjetivo)<\/li>\n<li data-start=\"3548\" data-end=\"3577\"><strong data-start=\"3550\" data-end=\"3568\">Aumento m\u00e1ximo<\/strong>: 0.17x<\/li>\n<li data-start=\"3578\" data-end=\"3620\"><strong data-start=\"3580\" data-end=\"3593\">Diafragma<\/strong>: 13 hojas redondeadas<\/li>\n<li data-start=\"3621\" data-end=\"3685\"><strong data-start=\"3623\" data-end=\"3640\">Estabilizaci\u00f3n<\/strong>: OS2 (hasta 5,5 paradas; 7,0 paradas en IS sincronizado)<\/li>\n<li data-start=\"3686\" data-end=\"3727\"><strong data-start=\"3688\" data-end=\"3706\">Filtro frontal<\/strong>: 40,5 mm (drop-in)<\/li>\n<li data-start=\"3728\" data-end=\"3787\"><strong data-start=\"3730\" data-end=\"3759\">Dimensiones (di\u00e1metro x largo):<\/strong> 167 x 469,9 mm (montura E)<\/li>\n<li data-start=\"3788\" data-end=\"3819\"><strong data-start=\"3790\" data-end=\"3798\">Peso<\/strong>: 3,97 kg (8,75 lb)<\/li>\n<li data-start=\"3820\" data-end=\"3883\"><strong data-start=\"3822\" data-end=\"3833\">Sellado<\/strong>: Resistente al polvo y a las salpicaduras (no sumergible)<\/li>\n<\/ul>\n","protected":false},"excerpt":{"rendered":"<p>Sistema operativo Sigma 300-600mm f\/4 DG | Deportes (Sony E) Potencia de zoom ultrateleobjetivo con la versatilidad de un zoom<\/p>\n","protected":false},"featured_media":52849,"comment_status":"closed","ping_status":"open","template":"","meta":{"_acf_changed":false},"product_brand":[2647],"product_cat":[1062],"product_tag":[],"class_list":{"0":"post-75549","1":"product","2":"type-product","3":"status-publish","4":"has-post-thumbnail","6":"product_brand-sigma-es","7":"product_cat-mirrorless-objectivos","8":"pa_abertura-maxima-f-4-es","10":"first","11":"onbackorder","12":"sale","13":"taxable","14":"shipping-taxable","15":"purchasable","16":"product-type-simple"},"bundled_by":[],"bundle_stock_status":"onbackorder","bundle_stock_quantity":null,"bundle_virtual":false,"bundle_layout":"","bundle_add_to_cart_form_location":"","bundle_editable_in_cart":false,"bundle_sold_individually_context":"","bundle_item_grouping":"","bundle_min_size":"","bundle_max_size":"","bundle_price":[],"bundled_items":[],"bundle_sell_ids":[],"acf":[],"_links":{"self":[{"href":"https:\/\/hi-techwonder.com\/es\/wp-json\/wp\/v2\/product\/75549","targetHints":{"allow":["GET"]}}],"collection":[{"href":"https:\/\/hi-techwonder.com\/es\/wp-json\/wp\/v2\/product"}],"about":[{"href":"https:\/\/hi-techwonder.com\/es\/wp-json\/wp\/v2\/types\/product"}],"replies":[{"embeddable":true,"href":"https:\/\/hi-techwonder.com\/es\/wp-json\/wp\/v2\/comments?post=75549"}],"wp:featuredmedia":[{"embeddable":true,"href":"https:\/\/hi-techwonder.com\/es\/wp-json\/wp\/v2\/media\/52849"}],"wp:attachment":[{"href":"https:\/\/hi-techwonder.com\/es\/wp-json\/wp\/v2\/media?parent=75549"}],"wp:term":[{"taxonomy":"product_brand","embeddable":true,"href":"https:\/\/hi-techwonder.com\/es\/wp-json\/wp\/v2\/product_brand?post=75549"},{"taxonomy":"product_cat","embeddable":true,"href":"https:\/\/hi-techwonder.com\/es\/wp-json\/wp\/v2\/product_cat?post=75549"},{"taxonomy":"product_tag","embeddable":true,"href":"https:\/\/hi-techwonder.com\/es\/wp-json\/wp\/v2\/product_tag?post=75549"}],"curies":[{"name":"wp","href":"https:\/\/api.w.org\/{rel}","templated":true}]}}