{"id":75553,"date":"2025-07-29T09:42:51","date_gmt":"2025-07-29T09:42:51","guid":{"rendered":"https:\/\/fv6qoy3ls0.wpdns.site\/product\/sigma-30mm-f-1-4-dc-dn-contemporaneo-canon-rf\/"},"modified":"2026-04-20T15:07:25","modified_gmt":"2026-04-20T14:07:25","slug":"sigma-30mm-f-1-4-dc-dn-contemporaneo-canon-rf","status":"publish","type":"product","link":"https:\/\/hi-techwonder.com\/es\/producto\/sigma-30mm-f-1-4-dc-dn-contemporaneo-canon-rf\/","title":{"rendered":"SIGMA 30mm f\/1.4 DC DN Contempor\u00e1neo Canon RF"},"content":{"rendered":"<h3 data-start=\"0\" data-end=\"54\"><strong data-start=\"4\" data-end=\"54\">Sigma 30mm f\/1.4 DC DN Contempor\u00e1neo Canon RF<\/strong><\/h3>\n<hr data-start=\"56\" data-end=\"59\">\n<h3 data-start=\"61\" data-end=\"84\"><strong data-start=\"65\" data-end=\"84\">Funciones<\/strong><\/h3>\n<ul data-start=\"86\" data-end=\"1291\">\n<li data-start=\"86\" data-end=\"345\">\n<p data-start=\"88\" data-end=\"345\"><strong data-start=\"88\" data-end=\"130\">Distancia focal principal de 30 mm (APS-C)<\/strong><br data-start=\"130\" data-end=\"133\">Dise\u00f1ado para c\u00e1maras sin espejo con sensor APS-C con montura RF. En t\u00e9rminos de equivalencia aproximada (factor de recorte ~1,6\u00d7), corresponde a unos 48 mm, ideal para retratos, fotograf\u00eda callejera y uso diario. <\/p>\n<\/li>\n<li data-start=\"347\" data-end=\"507\">\n<p data-start=\"349\" data-end=\"507\"><strong data-start=\"349\" data-end=\"374\">Apertura m\u00e1xima f\/1.4<\/strong><br data-start=\"374\" data-end=\"377\">Permite un rendimiento \u00f3ptimo en condiciones de poca luz, adem\u00e1s de producir fondos borrosos y suaves, mejorando el sujeto resaltado.<\/p>\n<\/li>\n<li data-start=\"509\" data-end=\"683\">\n<p data-start=\"511\" data-end=\"683\"><strong data-start=\"511\" data-end=\"541\">Serie \u00abDC DN Contemporary\u00bb<\/strong><br data-start=\"541\" data-end=\"544\">Equilibra el tama\u00f1o compacto, la construcci\u00f3n s\u00f3lida y la alta calidad \u00f3ptica, lo que garantiza nitidez y versatilidad sin agregar demasiado peso al kit.<\/p>\n<\/li>\n<li data-start=\"685\" data-end=\"872\">\n<p data-start=\"687\" data-end=\"872\"><strong data-start=\"687\" data-end=\"718\">Enfoque r\u00e1pido y silencioso<\/strong><br data-start=\"718\" data-end=\"721\">El motor paso a paso garantiza un enfoque suave y pr\u00e1cticamente silencioso, lo que es ventajoso tanto para fotograf\u00edas como para v\u00eddeos.<\/p>\n<\/li>\n<li data-start=\"874\" data-end=\"1053\">\n<p data-start=\"876\" data-end=\"1053\"><strong data-start=\"876\" data-end=\"901\">Dise\u00f1o \u00f3ptico avanzado<\/strong><br data-start=\"901\" data-end=\"904\">Incorpora elementos asf\u00e9ricos y de baja dispersi\u00f3n para minimizar las aberraciones crom\u00e1ticas y conseguir una mejor nitidez y contraste en todo el encuadre.<\/p>\n<\/li>\n<li data-start=\"1055\" data-end=\"1291\">\n<p data-start=\"1057\" data-end=\"1291\"><strong data-start=\"1057\" data-end=\"1106\">Compatibilidad con montura RF de Canon (APS-C)<\/strong><br data-start=\"1106\" data-end=\"1109\">Optimizado para c\u00e1maras mirrorless de Canon con un sensor APS-C en el sistema de RF (por ejemplo, EOS R7, EOS R50, etc.). En las c\u00e1maras RF de fotograma completo, se habilitar\u00e1 el modo de recorte APS-C. <\/p>\n<p data-start=\"1057\" data-end=\"1291\"><iframe loading=\"lazy\" frameborder=\"0\" src=\"https:\/\/www.youtube.com\/embed\/hk8RVms9x4Q\" width=\"640\" height=\"360\" class=\"note-video-clip\" referrerpolicy=\"strict-origin-when-cross-origin\"><\/iframe><\/p>\n<\/li>\n<\/ul>\n<hr data-start=\"1293\" data-end=\"1296\">\n<h3 data-start=\"1298\" data-end=\"1327\"><strong data-start=\"1302\" data-end=\"1327\">Contenido del paquete<\/strong><\/h3>\n<ul data-start=\"1329\" data-end=\"1532\">\n<li data-start=\"1329\" data-end=\"1394\">1 <strong data-start=\"1335\" data-end=\"1394\">\u00d7 Lente Sigma 30mm f\/1.4 DC DN Contemporary (Canon RF)<\/strong><\/li>\n<li data-start=\"1395\" data-end=\"1430\">1 \u00d7 <strong data-start=\"1401\" data-end=\"1430\">Tapa frontal del objetivo<\/strong><\/li>\n<li data-start=\"1431\" data-end=\"1460\">1 \u00d7 <strong data-start=\"1437\" data-end=\"1460\">Contraportada (RF)<\/strong><\/li>\n<li data-start=\"1461\" data-end=\"1490\">1 \u00d7 <strong data-start=\"1467\" data-end=\"1479\">Parasol<\/strong> (bayoneta)<\/li>\n<li data-start=\"1491\" data-end=\"1532\">1 \u00d7 Manual de usuario \/ Documentaci\u00f3n<\/li>\n<\/ul>\n<p data-start=\"1534\" data-end=\"1596\"><em data-start=\"1534\" data-end=\"1596\">(Algunos art\u00edculos pueden variar seg\u00fan la regi\u00f3n o las promociones).<\/em><\/p>\n<hr data-start=\"1598\" data-end=\"1601\">\n<h3 data-start=\"1603\" data-end=\"1630\"><strong data-start=\"1607\" data-end=\"1630\">Descripci\u00f3n detallada<\/strong><\/h3>\n<p data-start=\"1632\" data-end=\"2047\">El <strong data-start=\"1634\" data-end=\"1684\">Sigma 30mm f\/1.4 DC DN Contemporary (Canon RF)<\/strong> es un objetivo fijo dise\u00f1ado para usuarios que buscan un equilibrio entre rendimiento y portabilidad, con una gran apertura y un campo de visi\u00f3n vers\u00e1til en c\u00e1maras APS-C. La amplia apertura de f\/1.4 no solo le permite disparar en escenarios con poca luz, sino que tambi\u00e9n proporciona poca profundidad de campo para resaltar el sujeto en retratos o detalles en escenas urbanas. <\/p>\n<p data-start=\"2049\" data-end=\"2553\">A trav\u00e9s de la gama \u00abContemporary\u00bb, Sigma se centra en el dise\u00f1o de objetivos ligeros, manteniendo la calidad de construcci\u00f3n y la \u00f3ptica. La inclusi\u00f3n de elementos especiales (asf\u00e9ricos y de baja dispersi\u00f3n) contribuye a im\u00e1genes m\u00e1s n\u00edtidas y a la minimizaci\u00f3n de las aberraciones. El motor paso a paso (STM) proporciona transiciones suaves y casi silenciosas, ideales para videograf\u00eda. Gracias a su dise\u00f1o compacto, se convierte en un complemento pr\u00e1ctico para viajes, fotograf\u00eda callejera y proyectos de arte cotidianos.   <\/p>\n<hr data-start=\"2555\" data-end=\"2558\">\n<h3 data-start=\"2560\" data-end=\"2591\"><strong data-start=\"2564\" data-end=\"2591\">Especificaciones t\u00e9cnicas<\/strong><\/h3>\n<ul data-start=\"2593\" data-end=\"3189\">\n<li data-start=\"2593\" data-end=\"2624\"><strong data-start=\"2595\" data-end=\"2607\">Mortaja:<\/strong> RF de Canon (APS-C)<\/li>\n<li data-start=\"2625\" data-end=\"2681\"><strong data-start=\"2627\" data-end=\"2647\">Distancia focal:<\/strong> 30 mm (aprox. 48 mm a 35 mm eq.)<\/li>\n<li data-start=\"2682\" data-end=\"2710\"><strong data-start=\"2684\" data-end=\"2704\">Apertura m\u00e1xima:<\/strong> f\/1.4<\/li>\n<li data-start=\"2711\" data-end=\"2738\"><strong data-start=\"2713\" data-end=\"2733\">Apertura m\u00ednima:<\/strong> f\/16<\/li>\n<li data-start=\"2739\" data-end=\"2825\"><strong data-start=\"2741\" data-end=\"2762\">Construcci\u00f3n \u00f3ptica:<\/strong> [N\u00ba de elementos\/grupos], incluidos elementos asf\u00e9ricos y SLD<\/li>\n<li data-start=\"2826\" data-end=\"2886\"><strong data-start=\"2828\" data-end=\"2856\">\u00c1ngulo de visi\u00f3n (APS-C):<\/strong> ~50,7\u00b0 (dependiendo del sensor)<\/li>\n<li data-start=\"2887\" data-end=\"2935\"><strong data-start=\"2889\" data-end=\"2912\">Sistema de enfoque:<\/strong> Motor paso a paso (AF\/MF)<\/li>\n<li data-start=\"2936\" data-end=\"2977\"><strong data-start=\"2938\" data-end=\"2970\">Distancia m\u00ednima de enfoque:<\/strong> ~30 cm<\/li>\n<li data-start=\"2978\" data-end=\"3006\"><strong data-start=\"2980\" data-end=\"2999\">Aumento m\u00e1ximo:<\/strong> ~0,14\u00d7<\/li>\n<li data-start=\"3007\" data-end=\"3054\"><strong data-start=\"3009\" data-end=\"3041\">N\u00ba de hojas de diafragma:<\/strong> 9 (circular)<\/li>\n<li data-start=\"3055\" data-end=\"3085\"><strong data-start=\"3057\" data-end=\"3079\">Tama\u00f1o del filtro:<\/strong> 52 mm<\/li>\n<li data-start=\"3086\" data-end=\"3150\"><strong data-start=\"3088\" data-end=\"3118\">Dimensiones (di\u00e1metro \u00d7 longitud):<\/strong> ~66 \u00d7 73 mm* (valor aproximado)<\/li>\n<li data-start=\"3151\" data-end=\"3189\"><strong data-start=\"3153\" data-end=\"3162\">Peso:<\/strong> ~265 g* (valor aproximado)<\/li>\n<\/ul>\n<p data-start=\"3191\" data-end=\"3249\"><em data-start=\"3191\" data-end=\"3249\">(Consulte los datos espec\u00edficos en el sitio web o manual oficial).<\/em><\/p>\n<hr data-start=\"3251\" data-end=\"3254\">\n<h3 data-start=\"3256\" data-end=\"3286\"><strong data-start=\"3260\" data-end=\"3286\">Informaci\u00f3n adicional<\/strong><\/h3>\n<p data-start=\"3287\" data-end=\"3426\">Nota: Im\u00e1genes ilustrativas. Equipo adicional no incluido. Consulte el contenido y las especificaciones del paquete para obtener m\u00e1s detalles.  <\/p>\n","protected":false},"excerpt":{"rendered":"<p>Sigma 30mm f\/1.4 DC DN Contempor\u00e1neo Canon RF Funciones Distancia focal principal de 30 mm (APS-C)Dise\u00f1ado para c\u00e1maras sin espejo<\/p>\n","protected":false},"featured_media":52829,"comment_status":"closed","ping_status":"open","template":"","meta":{"_acf_changed":false},"product_brand":[2647],"product_cat":[1062],"product_tag":[],"class_list":{"0":"post-75553","1":"product","2":"type-product","3":"status-publish","4":"has-post-thumbnail","6":"product_brand-sigma-es","7":"product_cat-mirrorless-objectivos","8":"pa_abertura-maxima-f-1-4-es","10":"first","11":"pre-order","12":"sale","13":"taxable","14":"shipping-taxable","15":"purchasable","16":"product-type-simple"},"bundled_by":[],"bundle_stock_status":"pre-order","bundle_stock_quantity":null,"bundle_virtual":false,"bundle_layout":"","bundle_add_to_cart_form_location":"","bundle_editable_in_cart":false,"bundle_sold_individually_context":"","bundle_item_grouping":"","bundle_min_size":"","bundle_max_size":"","bundle_price":[],"bundled_items":[],"bundle_sell_ids":[],"acf":[],"_links":{"self":[{"href":"https:\/\/hi-techwonder.com\/es\/wp-json\/wp\/v2\/product\/75553","targetHints":{"allow":["GET"]}}],"collection":[{"href":"https:\/\/hi-techwonder.com\/es\/wp-json\/wp\/v2\/product"}],"about":[{"href":"https:\/\/hi-techwonder.com\/es\/wp-json\/wp\/v2\/types\/product"}],"replies":[{"embeddable":true,"href":"https:\/\/hi-techwonder.com\/es\/wp-json\/wp\/v2\/comments?post=75553"}],"wp:featuredmedia":[{"embeddable":true,"href":"https:\/\/hi-techwonder.com\/es\/wp-json\/wp\/v2\/media\/52829"}],"wp:attachment":[{"href":"https:\/\/hi-techwonder.com\/es\/wp-json\/wp\/v2\/media?parent=75553"}],"wp:term":[{"taxonomy":"product_brand","embeddable":true,"href":"https:\/\/hi-techwonder.com\/es\/wp-json\/wp\/v2\/product_brand?post=75553"},{"taxonomy":"product_cat","embeddable":true,"href":"https:\/\/hi-techwonder.com\/es\/wp-json\/wp\/v2\/product_cat?post=75553"},{"taxonomy":"product_tag","embeddable":true,"href":"https:\/\/hi-techwonder.com\/es\/wp-json\/wp\/v2\/product_tag?post=75553"}],"curies":[{"name":"wp","href":"https:\/\/api.w.org\/{rel}","templated":true}]}}