{"id":75559,"date":"2025-07-29T08:51:32","date_gmt":"2025-07-29T08:51:32","guid":{"rendered":"https:\/\/fv6qoy3ls0.wpdns.site\/product\/yi-technology-arnes-de-camara-de-accion-para-animales-pequenos\/"},"modified":"2026-03-02T17:36:08","modified_gmt":"2026-03-02T17:36:08","slug":"yi-technology-arnes-de-camara-de-accion-para-animales-pequenos","status":"publish","type":"product","link":"https:\/\/hi-techwonder.com\/es\/producto\/yi-technology-arnes-de-camara-de-accion-para-animales-pequenos\/","title":{"rendered":"YI TECHNOLOGY Arn\u00e9s de c\u00e1mara de acci\u00f3n para animales peque\u00f1os"},"content":{"rendered":"<p><strong>YI TECHNOLOGY Arn\u00e9s de c\u00e1mara de acci\u00f3n para animales peque\u00f1os<\/strong><\/p>\n<p>El arn\u00e9s para mascotas Yi Action no solo es c\u00f3modo sino tambi\u00e9n muy duradero. Este arn\u00e9s tiene una ranura gen\u00e9rica donde puedes acomodar la acci\u00f3n de tu videoc\u00e1mara o compatible con un tornillo de 1\/4&#8243; unido a tu compa\u00f1ero para experimentar tus aventuras o disfrutar de tu vista mientras te acompa\u00f1a. <\/p>\n<p>Comparte esta experiencia con tu compa\u00f1ero m\u00e1s fiel.<\/p>\n<p><strong>Caracter\u00edsticas<\/strong>:<\/p>\n<p>Nombre de la marca: Yi<\/p>\n<p>Modelo: Arn\u00e9s Animal<\/p>\n<p>Adaptaci\u00f3n para pecho y espalda.<\/p>\n<p>Animales de 3,5 kg a 7 kg.<\/p>\n<p>No incluye c\u00e1mara.<\/p>\n","protected":false},"excerpt":{"rendered":"<p>YI TECHNOLOGY Arn\u00e9s de c\u00e1mara de acci\u00f3n para animales peque\u00f1os El arn\u00e9s para mascotas Yi Action no solo es c\u00f3modo<\/p>\n","protected":false},"featured_media":41874,"comment_status":"closed","ping_status":"open","template":"","meta":{"_acf_changed":false},"product_brand":[2660],"product_cat":[926],"product_tag":[],"class_list":{"0":"post-75559","1":"product","2":"type-product","3":"status-publish","4":"has-post-thumbnail","6":"product_brand-yi-technology-es","7":"product_cat-acessorios-accion-360o","9":"first","10":"instock","11":"taxable","12":"shipping-taxable","13":"purchasable","14":"product-type-simple"},"bundled_by":[],"bundle_stock_status":"instock","bundle_stock_quantity":3,"bundle_virtual":false,"bundle_layout":"","bundle_add_to_cart_form_location":"","bundle_editable_in_cart":false,"bundle_sold_individually_context":"","bundle_item_grouping":"","bundle_min_size":"","bundle_max_size":"","bundle_price":[],"bundled_items":[],"bundle_sell_ids":[],"acf":[],"_links":{"self":[{"href":"https:\/\/hi-techwonder.com\/es\/wp-json\/wp\/v2\/product\/75559","targetHints":{"allow":["GET"]}}],"collection":[{"href":"https:\/\/hi-techwonder.com\/es\/wp-json\/wp\/v2\/product"}],"about":[{"href":"https:\/\/hi-techwonder.com\/es\/wp-json\/wp\/v2\/types\/product"}],"replies":[{"embeddable":true,"href":"https:\/\/hi-techwonder.com\/es\/wp-json\/wp\/v2\/comments?post=75559"}],"wp:featuredmedia":[{"embeddable":true,"href":"https:\/\/hi-techwonder.com\/es\/wp-json\/wp\/v2\/media\/41874"}],"wp:attachment":[{"href":"https:\/\/hi-techwonder.com\/es\/wp-json\/wp\/v2\/media?parent=75559"}],"wp:term":[{"taxonomy":"product_brand","embeddable":true,"href":"https:\/\/hi-techwonder.com\/es\/wp-json\/wp\/v2\/product_brand?post=75559"},{"taxonomy":"product_cat","embeddable":true,"href":"https:\/\/hi-techwonder.com\/es\/wp-json\/wp\/v2\/product_cat?post=75559"},{"taxonomy":"product_tag","embeddable":true,"href":"https:\/\/hi-techwonder.com\/es\/wp-json\/wp\/v2\/product_tag?post=75559"}],"curies":[{"name":"wp","href":"https:\/\/api.w.org\/{rel}","templated":true}]}}