{"id":75561,"date":"2025-07-29T08:56:17","date_gmt":"2025-07-29T08:56:17","guid":{"rendered":"https:\/\/fv6qoy3ls0.wpdns.site\/product\/smallrig-3461-protector-lcd-lumix-gh7-g9-ii-s5-ii-x\/"},"modified":"2026-04-01T11:54:17","modified_gmt":"2026-04-01T10:54:17","slug":"smallrig-3461-protector-lcd-lumix-gh7-g9-ii-s5-ii-x","status":"publish","type":"product","link":"https:\/\/hi-techwonder.com\/es\/producto\/smallrig-3461-protector-lcd-lumix-gh7-g9-ii-s5-ii-x\/","title":{"rendered":"SMALLRIG 3461 Protector LCD Lumix GH7 \/ G9 II \/ S5 II X"},"content":{"rendered":"<p><strong>SMALLRIG 3461 Lumix GH6 Protector de vidrio templado LCD (paquete de 2)&nbsp;<\/strong><\/p>\n<p><strong>Funciones:<\/strong><\/p>\n<ul>\n<li>Resistente al agua, antiaceite y antihuellas.&nbsp;<\/li>\n<li>Bordes redondeados de arco 2.5D y control t\u00e1ctil preciso de 0.4 mm.<\/li>\n<li>Ajustado por nanoadsorci\u00f3n electrost\u00e1tica, Antichoque: est\u00e1ndar IK03.<\/li>\n<\/ul>\n<div><\/div>\n<p><strong>Compatibilidad:<\/strong><\/p>\n<p>El protector LCD SmallRig 3461 para Panasonic LUMIX GH6 est\u00e1 dise\u00f1ado para proteger la pantalla de huellas dactilares, salpicaduras de agua, polvo y ara\u00f1azos. Puedes colocar f\u00e1cilmente el protector en la pantalla mediante adsorci\u00f3n electrost\u00e1tica despu\u00e9s de alinearlo con los bordes sin dejar burbujas. Con un dise\u00f1o ultrafino de 0,4 mm, que permite un control natural y preciso al tacto. El protector LCD tiene bordes redondeados en arco 2.5D que permiten un aspecto m\u00e1s nativo. Adem\u00e1s, el paquete incluye pel\u00edculas de vidrio, pa\u00f1o de microfibra, toallitas con alcohol y adhesivo antipolvo. Este protector de pantalla ofrece la mejor protecci\u00f3n con su patr\u00f3n a prueba de golpes IK03.     <\/p>\n<p><strong>Contenido del paquete:<\/strong><\/p>\n<p><font color=\"#666666\" face=\"Coda, Helvetica, sans-serif\">2 x Protector de pantalla<\/font><\/p>\n<p><font color=\"#666666\" face=\"Coda, Helvetica, sans-serif\">2 x Toallitas h\u00famedas con alcohol (h\u00famedas y secas)<\/font><\/p>\n<p><font color=\"#666666\" face=\"Coda, Helvetica, sans-serif\">2 x Pa\u00f1o de fibra<\/font><\/p>\n<p><font color=\"#666666\" face=\"Coda, Helvetica, sans-serif\">2 x Absorbedor de polvo<\/font><\/p>\n<div><\/div>\n<p><strong>Caracter\u00edsticas t\u00e9cnicas:<\/strong><\/p>\n<p><strong><br \/><\/strong><\/p>\n<table class=\"table_fDXOr6EpR9\" data-selenium=\"specsItemGroupTable\" style=\"box-sizing: inherit; width: 936.66px; font-family: OpenSans, \"Segoe UI\", Helvetica, Roboto, Arial, sans-serif; font-size: 16px; background-color: rgb(255, 255, 255);\">\n<tbody style=\"box-sizing: inherit;\">\n<tr class=\"pair_KqJ3Q3GPKv\" data-selenium=\"specsItemGroupTableRow\" style=\"box-sizing: inherit; border-bottom: 0.0625rem solid rgb(229, 229, 229);\">\n<td class=\"label_KqJ3Q3GPKv firstSpecWhenNoGroupName_KqJ3Q3GPKv\" data-selenium=\"specsItemGroupTableColumnLabel\" style=\"box-sizing: inherit; border-top: none; padding: 0px 0px 1.25rem; width: 355.918px; color: rgb(102, 102, 102); font-size: 1.125rem; line-height: 1.375rem; vertical-align: baseline;\"><font style=\"box-sizing: inherit; vertical-align: inherit;\">Material<\/font><\/td>\n<td class=\"value_KqJ3Q3GPKv firstSpecWhenNoGroupName_KqJ3Q3GPKv\" data-selenium=\"specsItemGroupTableColumnValue\" style=\"box-sizing: inherit; color: rgb(102, 102, 102); font-size: 1.125rem; line-height: 1.375rem; vertical-align: baseline; padding: 0px 0px 1.25rem 2.5rem;\">\n<div class=\"expandableValue_KqJ3Q3GPKv\" style=\"box-sizing: inherit;\">Vidrio<\/div>\n<\/td>\n<\/tr>\n<tr class=\"pair_KqJ3Q3GPKv\" data-selenium=\"specsItemGroupTableRow\" style=\"box-sizing: inherit; border-bottom: 0.0625rem solid rgb(229, 229, 229);\">\n<td class=\"label_KqJ3Q3GPKv\" data-selenium=\"specsItemGroupTableColumnLabel\" style=\"box-sizing: inherit; border-top: none; padding: 1.25rem 0px; width: 355.918px; color: rgb(102, 102, 102); font-size: 1.125rem; line-height: 1.375rem; vertical-align: baseline;\"><font style=\"box-sizing: inherit; vertical-align: inherit;\">Tipo de adhesi\u00f3n<\/font><\/td>\n<td class=\"value_KqJ3Q3GPKv\" data-selenium=\"specsItemGroupTableColumnValue\" style=\"box-sizing: inherit; color: rgb(102, 102, 102); font-size: 1.125rem; line-height: 1.375rem; vertical-align: baseline; padding: 1.25rem 0px 1.25rem 2.5rem;\">\n<div class=\"expandableValue_KqJ3Q3GPKv\" style=\"box-sizing: inherit;\">Est\u00e1tico<\/div>\n<\/td>\n<\/tr>\n<tr class=\"pair_KqJ3Q3GPKv\" data-selenium=\"specsItemGroupTableRow\" style=\"box-sizing: inherit; border-bottom: 0.0625rem solid rgb(229, 229, 229);\">\n<td class=\"label_KqJ3Q3GPKv\" data-selenium=\"specsItemGroupTableColumnLabel\" style=\"box-sizing: inherit; border-top: none; padding: 1.25rem 0px; width: 355.918px; color: rgb(102, 102, 102); font-size: 1.125rem; line-height: 1.375rem; vertical-align: baseline;\"><font style=\"box-sizing: inherit; vertical-align: inherit;\">Espesor<\/font><\/td>\n<td class=\"value_KqJ3Q3GPKv\" data-selenium=\"specsItemGroupTableColumnValue\" style=\"box-sizing: inherit; color: rgb(102, 102, 102); font-size: 1.125rem; line-height: 1.375rem; vertical-align: baseline; padding: 1.25rem 0px 1.25rem 2.5rem;\">\n<div class=\"expandableValue_KqJ3Q3GPKv\" style=\"box-sizing: inherit;\">15,7 mil \/ 0,4 mm<\/div>\n<\/td>\n<\/tr>\n<tr class=\"pair_KqJ3Q3GPKv\" data-selenium=\"specsItemGroupTableRow\" style=\"box-sizing: inherit; border-bottom: 0.0625rem solid rgb(229, 229, 229);\">\n<td class=\"label_KqJ3Q3GPKv\" data-selenium=\"specsItemGroupTableColumnLabel\" style=\"box-sizing: inherit; border-top: none; padding: 1.25rem 0px; width: 355.918px; color: rgb(102, 102, 102); font-size: 1.125rem; line-height: 1.375rem; vertical-align: baseline;\"><font style=\"box-sizing: inherit; vertical-align: inherit;\">Dimensiones (ancho x alto)<\/font><\/td>\n<td class=\"value_KqJ3Q3GPKv\" data-selenium=\"specsItemGroupTableColumnValue\" style=\"box-sizing: inherit; color: rgb(102, 102, 102); font-size: 1.125rem; line-height: 1.375rem; vertical-align: baseline; padding: 1.25rem 0px 1.25rem 2.5rem;\">\n<div class=\"expandableValue_KqJ3Q3GPKv\" style=\"box-sizing: inherit;\">74,3 x 50,6 mil\u00edmetros<\/div>\n<\/td>\n<\/tr>\n<\/tbody>\n<\/table>\n<p><\/p>\n","protected":false},"excerpt":{"rendered":"<p>SMALLRIG 3461 Lumix GH6 Protector de vidrio templado LCD (paquete de 2)&nbsp; Funciones: Resistente al agua, antiaceite y antihuellas.&nbsp; Bordes<\/p>\n","protected":false},"featured_media":42989,"comment_status":"closed","ping_status":"closed","template":"","meta":{"_acf_changed":false},"product_brand":[2550],"product_cat":[2859],"product_tag":[],"class_list":{"0":"post-75561","1":"product","2":"type-product","3":"status-publish","4":"has-post-thumbnail","6":"product_brand-smallrig-es","7":"product_cat-protectores-pantalla","9":"first","10":"onbackorder","11":"taxable","12":"shipping-taxable","13":"purchasable","14":"product-type-simple"},"bundled_by":[],"bundle_stock_status":"onbackorder","bundle_stock_quantity":null,"bundle_virtual":false,"bundle_layout":"","bundle_add_to_cart_form_location":"","bundle_editable_in_cart":false,"bundle_sold_individually_context":"","bundle_item_grouping":"","bundle_min_size":"","bundle_max_size":"","bundle_price":[],"bundled_items":[],"bundle_sell_ids":[],"acf":[],"_links":{"self":[{"href":"https:\/\/hi-techwonder.com\/es\/wp-json\/wp\/v2\/product\/75561","targetHints":{"allow":["GET"]}}],"collection":[{"href":"https:\/\/hi-techwonder.com\/es\/wp-json\/wp\/v2\/product"}],"about":[{"href":"https:\/\/hi-techwonder.com\/es\/wp-json\/wp\/v2\/types\/product"}],"replies":[{"embeddable":true,"href":"https:\/\/hi-techwonder.com\/es\/wp-json\/wp\/v2\/comments?post=75561"}],"wp:featuredmedia":[{"embeddable":true,"href":"https:\/\/hi-techwonder.com\/es\/wp-json\/wp\/v2\/media\/42989"}],"wp:attachment":[{"href":"https:\/\/hi-techwonder.com\/es\/wp-json\/wp\/v2\/media?parent=75561"}],"wp:term":[{"taxonomy":"product_brand","embeddable":true,"href":"https:\/\/hi-techwonder.com\/es\/wp-json\/wp\/v2\/product_brand?post=75561"},{"taxonomy":"product_cat","embeddable":true,"href":"https:\/\/hi-techwonder.com\/es\/wp-json\/wp\/v2\/product_cat?post=75561"},{"taxonomy":"product_tag","embeddable":true,"href":"https:\/\/hi-techwonder.com\/es\/wp-json\/wp\/v2\/product_tag?post=75561"}],"curies":[{"name":"wp","href":"https:\/\/api.w.org\/{rel}","templated":true}]}}