{"id":75563,"date":"2025-07-29T08:55:12","date_gmt":"2025-07-29T08:55:12","guid":{"rendered":"https:\/\/fv6qoy3ls0.wpdns.site\/product\/toallitas-humedas-zeiss-para-limpieza-optica\/"},"modified":"2026-04-01T18:58:30","modified_gmt":"2026-04-01T17:58:30","slug":"zeiss-toallitas-humedas-zeiss-para-limpieza-optica","status":"publish","type":"product","link":"https:\/\/hi-techwonder.com\/es\/producto\/zeiss-toallitas-humedas-zeiss-para-limpieza-optica\/","title":{"rendered":"Toallitas h\u00famedas ZEISS para limpieza \u00f3ptica"},"content":{"rendered":"<p>Este paquete de 20 toallitas de limpieza en h\u00famedo de <strong>ZEISS<\/strong> proporciona una forma eficaz de limpiar y conservar lentes de c\u00e1maras, gafas, telescopios o telescopios.<\/p>\n<p><span style=\"color: #000000\">&nbsp;<\/span><\/p>\n<ul>\n<li><span style=\"color: #000000\">Prehumedecido<\/span><\/li>\n<li><span style=\"color: #000000\">Envuelto individualmente<\/span><\/li>\n<li><span style=\"color: #000000\">No abrasivo<\/span><\/li>\n<li><span style=\"color: #000000\">Incluye pa\u00f1o de microfibra<\/span><\/li>\n<\/ul>\n","protected":false},"excerpt":{"rendered":"<p>Este paquete de 20 toallitas de limpieza en h\u00famedo de ZEISS proporciona una forma eficaz de limpiar y conservar lentes<\/p>\n","protected":false},"featured_media":42787,"comment_status":"closed","ping_status":"open","template":"","meta":{"_acf_changed":false},"product_brand":[2669],"product_cat":[920],"product_tag":[],"class_list":{"0":"post-75563","1":"product","2":"type-product","3":"status-publish","4":"has-post-thumbnail","6":"product_brand-zeiss-es","7":"product_cat-limpieza","9":"first","10":"instock","11":"taxable","12":"shipping-taxable","13":"purchasable","14":"product-type-simple"},"bundled_by":[],"bundle_stock_status":"instock","bundle_stock_quantity":6,"bundle_virtual":false,"bundle_layout":"","bundle_add_to_cart_form_location":"","bundle_editable_in_cart":false,"bundle_sold_individually_context":"","bundle_item_grouping":"","bundle_min_size":"","bundle_max_size":"","bundle_price":[],"bundled_items":[],"bundle_sell_ids":[],"acf":[],"_links":{"self":[{"href":"https:\/\/hi-techwonder.com\/es\/wp-json\/wp\/v2\/product\/75563","targetHints":{"allow":["GET"]}}],"collection":[{"href":"https:\/\/hi-techwonder.com\/es\/wp-json\/wp\/v2\/product"}],"about":[{"href":"https:\/\/hi-techwonder.com\/es\/wp-json\/wp\/v2\/types\/product"}],"replies":[{"embeddable":true,"href":"https:\/\/hi-techwonder.com\/es\/wp-json\/wp\/v2\/comments?post=75563"}],"wp:featuredmedia":[{"embeddable":true,"href":"https:\/\/hi-techwonder.com\/es\/wp-json\/wp\/v2\/media\/42787"}],"wp:attachment":[{"href":"https:\/\/hi-techwonder.com\/es\/wp-json\/wp\/v2\/media?parent=75563"}],"wp:term":[{"taxonomy":"product_brand","embeddable":true,"href":"https:\/\/hi-techwonder.com\/es\/wp-json\/wp\/v2\/product_brand?post=75563"},{"taxonomy":"product_cat","embeddable":true,"href":"https:\/\/hi-techwonder.com\/es\/wp-json\/wp\/v2\/product_cat?post=75563"},{"taxonomy":"product_tag","embeddable":true,"href":"https:\/\/hi-techwonder.com\/es\/wp-json\/wp\/v2\/product_tag?post=75563"}],"curies":[{"name":"wp","href":"https:\/\/api.w.org\/{rel}","templated":true}]}}