{"id":75568,"date":"2025-07-29T00:05:26","date_gmt":"2025-07-29T00:05:26","guid":{"rendered":"https:\/\/fv6qoy3ls0.wpdns.site\/product\/think-tank-airport-advantage-xt-trolley-bag-negro\/"},"modified":"2026-03-17T10:41:38","modified_gmt":"2026-03-17T10:41:38","slug":"think-tank-airport-advantage-xt-trolley-bag-negro","status":"publish","type":"product","link":"https:\/\/hi-techwonder.com\/es\/producto\/think-tank-airport-advantage-xt-trolley-bag-negro\/","title":{"rendered":"THINK TANK Airport Advantage XT Trolley Bag\u2122 &#8211; Negro"},"content":{"rendered":"<p>Con un peso de solo 3,4 kg, la bolsa con ruedas para c\u00e1mara Airport Advantage XT cumple con los requisitos cada vez m\u00e1s restrictivos de las aerol\u00edneas internacionales, pero a\u00fan ofrece la amplia calidad y protecci\u00f3n que espera de Think Tank.<\/p>\n<p>El Airport Advantage XT cuenta con dos cuerpos de c\u00e1mara DSLR y m\u00faltiples lentes, lo que permite a los fot\u00f3grafos acomodar la m\u00e1xima cantidad de equipo en el avi\u00f3n. Nuestra tela patentada de dos toneladas crea una apariencia elegante, pero no muestra que la bolsa est\u00e9 llena de costosos equipos fotogr\u00e1ficos. <\/p>\n<p><strong>CARACTER\u00cdSTICAS PRINCIPALES:<\/strong><\/p>\n<ul>\n<li>Interior especialmente dise\u00f1ado para maximizar el equipaje de mano. Cumple con la mayor\u00eda de los requisitos de equipaje de mano de aerol\u00edneas estadounidenses e internacionales* <\/li>\n<li>El dise\u00f1o ultraligero pesa solo 7.5 libras. (3,4 kg), mantener su maleta bajo restricciones de peso <\/li>\n<li>El bolsillo frontal tiene capacidad para una computadora port\u00e1til de hasta 17 \u00aby una tableta de 10 pulgadas\u2020<\/li>\n<\/ul>\n<p>*Consulte con su aerol\u00ednea los requisitos actuales de equipaje de mano<\/p>\n<p>\u2020La computadora port\u00e1til puede expandir las dimensiones externas del rollo<\/p>\n<p><strong>CARACTER\u00cdSTICAS ADICIONALES<\/strong><\/p>\n<ul>\n<li>El mango retr\u00e1ctil dise\u00f1ado a medida con canal insertado en el tubo de aluminio agrega resistencia y durabilidad<\/li>\n<li>Bolsillo lateral para montaje en tr\u00edpode (correas adicionales incluidas para tr\u00edpodes m\u00e1s grandes)<\/li>\n<li>La altura extra alta de la correa mantiene la bolsa alejada de tus pies al rodar<\/li>\n<li>Las cremalleras YKK\u00ae RC Fuse y la espuma de PU de celda cerrada son los materiales de la m\u00e1s alta calidad en la industria<\/li>\n<li>Se adapta a hasta dos cuerpos de c\u00e1mara de agarre con lentes acoplados<\/li>\n<li>Deslizadores de cremallera bloqueables (candado no incluido)<\/li>\n<li>Bolsillos internos con cremallera para bater\u00edas, tarjetas CF, filtros y accesorios<\/li>\n<li>Asa, ruedas, pasos de rueda y pie delantero retr\u00e1ctiles reemplazables por el usuario<\/li>\n<li>Ruedas s\u00faper silenciosas de 80 mm de alto rendimiento dise\u00f1adas a medida con rodamientos sellados<\/li>\n<li>Cubierta de lluvia sellada con costuras incluidas<\/li>\n<li>Agarre las asas en tres lados para levantar la bolsa en el compartimento superior<\/li>\n<li>Los divisores de espuma de celda cerrada soportan equipos pesados y mantienen la resistencia a lo largo del tiempo<\/li>\n<li>Las esquinas traseras reforzadas con Hypalon aumentan la durabilidad<\/li>\n<li>Tarjetero de visita en la parte superior para identificaci\u00f3n<\/li>\n<\/ul>\n<p><strong>LO QUE ENCAJA<\/strong><\/p>\n<ul>\n<li>Tiene capacidad para dos DSLR con pinzas con lentes acoplados, adem\u00e1s de 5-8 lentes adicionales y una computadora port\u00e1til de hasta 17&#8243;<\/li>\n<li>Kit de video sin espejo con lentes, bater\u00edas, DJI Ronin-S y DJI Mavic Pro<\/li>\n<\/ul>\n<p><strong style=\"color: #333333; font-size: 2rem; background-color: #ffffff; font-family: OpenSans, 'Segoe UI', Helvetica, Roboto, Arial, sans-serif; text-transform: capitalize;\">Especificaciones del Think Tank Photo Advantage XT<\/strong><\/p>\n<div class=\"group_K7YrQottgVsRZ4B6zAaGG\" style=\"box-sizing: inherit; margin-bottom: 2.1875rem; font-family: OpenSans, 'Segoe UI', Helvetica, Roboto, Arial, sans-serif; font-size: 16px; background-color: #ffffff;\">\n<table class=\"table_o418fscimQZEg1oshu4aX\" style=\"box-sizing: inherit; width: 981px;\" data-selenium=\"specsItemGroupTable\">\n<tbody style=\"box-sizing: inherit;\">\n<tr class=\"pair_3u9fnESIQrtuEu6ye_zM4k\" style=\"box-sizing: inherit; border-bottom: 0.0625rem solid #e7e7e7;\" data-selenium=\"specsItemGroupTableRow\">\n<td class=\"label_3bLwbW8ibvYc5tUwpKVQsL firstSpecWhenNoGroupName_2L9ob5rxYHNpmiwoNrY0FE\" style=\"box-sizing: inherit; width: 372px; padding: 0px 0px 1.25rem; border-top: none; vertical-align: baseline; font-size: 1.125rem; color: #666666; line-height: 1.375rem;\" data-selenium=\"specsItemGroupTableColumnLabel\">Material<\/td>\n<td class=\"value_11Av1yGkVYn9TX48mQeu9v firstSpecWhenNoGroupName_2L9ob5rxYHNpmiwoNrY0FE\" style=\"box-sizing: inherit; padding: 0px 0px 1.25rem 2.5rem; vertical-align: baseline; font-size: 1.125rem; color: #666666; line-height: 1.375rem;\" data-selenium=\"specsItemGroupTableColumnValue\">\n<p>Exterior:<\/p>\n<ul>\n<li>Revestimiento repelente al agua duradero (DWR)<\/li>\n<li>Recubrimiento de poliuretano<\/li>\n<li>500D 2 Tone Poly Tech-Weave<\/li>\n<li>Cremalleras YKK\u00ae RC Fuse (resistentes a la abrasi\u00f3n)<\/li>\n<li>Ruedas de 80 mm de alto rendimiento s\u00faper silenciosas con rodamientos sellados<\/li>\n<li>Refuerzo laminado de goma<\/li>\n<li>Correa de nailon<\/li>\n<li>Hilo de nailon unido de 3 capas<\/li>\n<\/ul>\n<p>Interior:<\/p>\n<ul>\n<li>Nylon plateado 210D<\/li>\n<li>Forro de nailex y separadores con soporte de poliuretano<\/li>\n<li>2x Cubierta de lluvia sellada con costuras de nailon 210T recubiertas de poliuretano<\/li>\n<li>Divisores de espuma de celda cerrada reforzados<\/li>\n<li>Bolsillos de malla<\/li>\n<li>Hilo de nailon unido de 3 capas<\/li>\n<\/ul>\n<\/td>\n<\/tr>\n<tr class=\"pair_3u9fnESIQrtuEu6ye_zM4k\" style=\"box-sizing: inherit; border-bottom: 0.0625rem solid #e7e7e7;\" data-selenium=\"specsItemGroupTableRow\">\n<td class=\"label_3bLwbW8ibvYc5tUwpKVQsL\" style=\"box-sizing: inherit; width: 372px; padding: 1.25rem 0px; border-top: none; vertical-align: baseline; font-size: 1.125rem; color: #666666; line-height: 1.375rem;\" data-selenium=\"specsItemGroupTableColumnLabel\">Tipo de cierre<\/td>\n<td class=\"value_11Av1yGkVYn9TX48mQeu9v\" style=\"box-sizing: inherit; padding: 1.25rem 0px 1.25rem 2.5rem; vertical-align: baseline; font-size: 1.125rem; color: #666666; line-height: 1.375rem;\" data-selenium=\"specsItemGroupTableColumnValue\">Cremallera<\/td>\n<\/tr>\n<tr class=\"pair_3u9fnESIQrtuEu6ye_zM4k\" style=\"box-sizing: inherit; border-bottom: 0.0625rem solid #e7e7e7;\" data-selenium=\"specsItemGroupTableRow\">\n<td class=\"label_3bLwbW8ibvYc5tUwpKVQsL\" style=\"box-sizing: inherit; width: 372px; padding: 1.25rem 0px; border-top: none; vertical-align: baseline; font-size: 1.125rem; color: #666666; line-height: 1.375rem;\" data-selenium=\"specsItemGroupTableColumnLabel\">Dimensiones<\/td>\n<p> externas<\/p>\n<td class=\"value_11Av1yGkVYn9TX48mQeu9v\" style=\"box-sizing: inherit; padding: 1.25rem 0px 1.25rem 2.5rem; vertical-align: baseline; font-size: 1.125rem; color: #666666; line-height: 1.375rem;\" data-selenium=\"specsItemGroupTableColumnValue\">35,6 x 53,3 x 20,3 cm<\/td>\n<\/tr>\n<tr class=\"pair_3u9fnESIQrtuEu6ye_zM4k\" style=\"box-sizing: inherit; border-bottom: 0.0625rem solid #e7e7e7;\" data-selenium=\"specsItemGroupTableRow\">\n<td class=\"label_3bLwbW8ibvYc5tUwpKVQsL\" style=\"box-sizing: inherit; width: 372px; padding: 1.25rem 0px; border-top: none; vertical-align: baseline; font-size: 1.125rem; color: #666666; line-height: 1.375rem;\" data-selenium=\"specsItemGroupTableColumnLabel\">Dimensiones<\/td>\n<p> interiores<\/p>\n<td class=\"value_11Av1yGkVYn9TX48mQeu9v\" style=\"box-sizing: inherit; padding: 1.25rem 0px 1.25rem 2.5rem; vertical-align: baseline; font-size: 1.125rem; color: #666666; line-height: 1.375rem;\" data-selenium=\"specsItemGroupTableColumnValue\">33,8 x 45,7 x 16,5\u201319,1 cm<\/td>\n<\/tr>\n<tr class=\"pair_3u9fnESIQrtuEu6ye_zM4k\" style=\"box-sizing: inherit; border-bottom: 0.0625rem solid #e7e7e7;\" data-selenium=\"specsItemGroupTableRow\">\n<td class=\"label_3bLwbW8ibvYc5tUwpKVQsL\" style=\"box-sizing: inherit; width: 372px; padding: 1.25rem 0px; border-top: none; vertical-align: baseline; font-size: 1.125rem; color: #666666; line-height: 1.375rem;\" data-selenium=\"specsItemGroupTableColumnLabel\">Compartimento para port\u00e1til<\/td>\n<td class=\"value_11Av1yGkVYn9TX48mQeu9v\" style=\"box-sizing: inherit; padding: 1.25rem 0px 1.25rem 2.5rem; vertical-align: baseline; font-size: 1.125rem; color: #666666; line-height: 1.375rem;\" data-selenium=\"specsItemGroupTableColumnValue\">35x44x5cm<\/td>\n<\/tr>\n<tr class=\"pair_3u9fnESIQrtuEu6ye_zM4k\" style=\"box-sizing: inherit; border-bottom: 0.0625rem solid #e7e7e7;\" data-selenium=\"specsItemGroupTableRow\">\n<td class=\"label_3bLwbW8ibvYc5tUwpKVQsL\" style=\"box-sizing: inherit; width: 372px; padding: 1.25rem 0px; border-top: none; vertical-align: baseline; font-size: 1.125rem; color: #666666; line-height: 1.375rem;\" data-selenium=\"specsItemGroupTableColumnLabel\">Opciones de env\u00edo \/ transporte<\/td>\n<td class=\"value_11Av1yGkVYn9TX48mQeu9v\" style=\"box-sizing: inherit; padding: 1.25rem 0px 1.25rem 2.5rem; vertical-align: baseline; font-size: 1.125rem; color: #666666; line-height: 1.375rem;\" data-selenium=\"specsItemGroupTableColumnValue\">Asa superior telesc\u00f3pica<br style=\"box-sizing: inherit;\">Asa superior no telesc\u00f3pica<br style=\"box-sizing: inherit;\">Asa lateral<br style=\"box-sizing: inherit;\">Bolsillo para tr\u00edpode y correas para accesorios<\/td>\n<\/tr>\n<tr class=\"pair_3u9fnESIQrtuEu6ye_zM4k\" style=\"box-sizing: inherit; border-bottom: 0.0625rem solid #e7e7e7;\" data-selenium=\"specsItemGroupTableRow\">\n<td class=\"label_3bLwbW8ibvYc5tUwpKVQsL\" style=\"box-sizing: inherit; width: 372px; padding: 1.25rem 0px; border-top: none; vertical-align: baseline; font-size: 1.125rem; color: #666666; line-height: 1.375rem;\" data-selenium=\"specsItemGroupTableColumnLabel\">Peso<\/td>\n<td class=\"value_11Av1yGkVYn9TX48mQeu9v\" style=\"box-sizing: inherit; padding: 1.25rem 0px 1.25rem 2.5rem; vertical-align: baseline; font-size: 1.125rem; color: #666666; line-height: 1.375rem;\" data-selenium=\"specsItemGroupTableColumnValue\">3,59 kg<\/td>\n<\/tr>\n<\/tbody>\n<\/table>\n<\/div>\n","protected":false},"excerpt":{"rendered":"<p>Con un peso de solo 3,4 kg, la bolsa con ruedas para c\u00e1mara Airport Advantage XT cumple con los requisitos<\/p>\n","protected":false},"featured_media":33421,"comment_status":"closed","ping_status":"open","template":"","meta":{"_acf_changed":false},"product_brand":[2645],"product_cat":[915],"product_tag":[],"class_list":{"0":"post-75568","1":"product","2":"type-product","3":"status-publish","4":"has-post-thumbnail","6":"product_brand-think-tank-es","7":"product_cat-trolleys-es","9":"first","10":"onbackorder","11":"taxable","12":"shipping-taxable","13":"purchasable","14":"product-type-simple"},"bundled_by":[],"bundle_stock_status":"onbackorder","bundle_stock_quantity":null,"bundle_virtual":false,"bundle_layout":"","bundle_add_to_cart_form_location":"","bundle_editable_in_cart":false,"bundle_sold_individually_context":"","bundle_item_grouping":"","bundle_min_size":"","bundle_max_size":"","bundle_price":[],"bundled_items":[],"bundle_sell_ids":[],"acf":[],"_links":{"self":[{"href":"https:\/\/hi-techwonder.com\/es\/wp-json\/wp\/v2\/product\/75568","targetHints":{"allow":["GET"]}}],"collection":[{"href":"https:\/\/hi-techwonder.com\/es\/wp-json\/wp\/v2\/product"}],"about":[{"href":"https:\/\/hi-techwonder.com\/es\/wp-json\/wp\/v2\/types\/product"}],"replies":[{"embeddable":true,"href":"https:\/\/hi-techwonder.com\/es\/wp-json\/wp\/v2\/comments?post=75568"}],"wp:featuredmedia":[{"embeddable":true,"href":"https:\/\/hi-techwonder.com\/es\/wp-json\/wp\/v2\/media\/33421"}],"wp:attachment":[{"href":"https:\/\/hi-techwonder.com\/es\/wp-json\/wp\/v2\/media?parent=75568"}],"wp:term":[{"taxonomy":"product_brand","embeddable":true,"href":"https:\/\/hi-techwonder.com\/es\/wp-json\/wp\/v2\/product_brand?post=75568"},{"taxonomy":"product_cat","embeddable":true,"href":"https:\/\/hi-techwonder.com\/es\/wp-json\/wp\/v2\/product_cat?post=75568"},{"taxonomy":"product_tag","embeddable":true,"href":"https:\/\/hi-techwonder.com\/es\/wp-json\/wp\/v2\/product_tag?post=75568"}],"curies":[{"name":"wp","href":"https:\/\/api.w.org\/{rel}","templated":true}]}}