{"id":75573,"date":"2025-07-29T00:05:43","date_gmt":"2025-07-29T00:05:43","guid":{"rendered":"https:\/\/fv6qoy3ls0.wpdns.site\/product\/think-tank-maleta-con-ruedas-para-aeropuerto-take-off-v2-0\/"},"modified":"2026-03-25T10:30:24","modified_gmt":"2026-03-25T10:30:24","slug":"think-tank-maleta-con-ruedas-para-aeropuerto-take-off-v2-0","status":"publish","type":"product","link":"https:\/\/hi-techwonder.com\/es\/producto\/think-tank-maleta-con-ruedas-para-aeropuerto-take-off-v2-0\/","title":{"rendered":"THINK TANK Maleta con ruedas para aeropuerto Take Off \u2122 v2.0"},"content":{"rendered":"<p>Nueva versi\u00f3n de TAKE OFF, un referente en cuanto a bolsa fotogr\u00e1fica port\u00e1til y rodante.  Este bolso fue dise\u00f1ado de tal manera que combinaba el aspecto pr\u00e1ctico de una mochila y el lado agradable de un bolso con ruedas.<\/p>\n<p>El sistema port\u00e1til en modo mochila est\u00e1 integrado en la bolsa. Las correas de los hombros est\u00e1n acolchadas y brindan una enorme comodidad. <\/p>\n<p>La maleta TAKE OFF V2 tiene una gran capacidad. Puede contener hasta uno o dos cuerpos digitales profesionales montados o no con una lente est\u00e1ndar, as\u00ed como un 400 mm f\/2.8 (o equivalente) y otras lentes de todo tipo. <\/p>\n<p>Tambi\u00e9n le permite llevar una computadora port\u00e1til de 43,18 cm (17&#8243;) y una tableta de 25,4 cm (10&#8243;).<\/p>\n<p><strong>Capacidad:<\/strong><\/p>\n<p>2 DSLR con lentes montados m\u00e1s 2-4 \u00f3pticas adicionales, computadora port\u00e1til de 17 \u00aby tableta de 10\u00bb (lente m\u00e1xima: 400 mm f\/2.8 montada (parasol no montado).<\/p>\n<p>O<\/p>\n<p>2 DSLR con empu\u00f1adura y lentes desmontadas, adem\u00e1s de 4-6 \u00f3pticas complementarias, computadora port\u00e1til de 17&#8243; y tableta de 10&#8243;<\/p>\n<p><strong>Caracter\u00edsticas principales:<\/strong><\/p>\n<ul>\n<li>Bandolera integrada con arn\u00e9s c\u00f3modo, panel trasero acolchado.<\/li>\n<li>Amplio bolsillo frontal adaptado para un port\u00e1til de 17\u00bb y una tablet de 10, con bolsillo para smartphone y peque\u00f1os accesorios.<\/li>\n<li>Mango de aluminio retr\u00e1ctil con tubos ranurados para reforzar la rigidez y la durabilidad, reemplazable por el usuario.<\/li>\n<li>Bolsa para tr\u00edpode o botella de agua en el lateral (correas adicionales incluidas para tr\u00edpodes m\u00e1s grandes).<\/li>\n<li>Candados de combinaci\u00f3n con cable de seguridad para bloquear cremalleras YKK RC, nylon bal\u00edstico, vex de alta densidad y PU de celda cerrada (la espuma utilizada es un material de la m\u00e1s alta calidad).<\/li>\n<li>Bolsillos interiores con cremallera para bater\u00edas, tarjetas CF, filtros y accesorios.<\/li>\n<li>Ruedas eficientes de 80 mm con calidad ABEC (rodamientos silenciosos) &#8211; reemplazables por el usuario.<\/li>\n<li>2 Mini pies \/ soportes para garantizar una perfecta estabilidad de la caja en posici\u00f3n vertical.<\/li>\n<li>Revestimiento protector en la parte inferior trasera de la caja contra ara\u00f1azos y ara\u00f1azos<\/li>\n<li>Impermeable<\/li>\n<li>Asas (2 acolchados) en tres lados del estuche para facilitar el manejo.<\/li>\n<li>Separadores reforzados para la seguridad de objetos pesados durante el transporte.<\/li>\n<\/ul>\n<p><strong>Caracter\u00edsticas t\u00e9cnicas:<\/strong><\/p>\n<p><strong>Materiales:<\/strong><\/p>\n<p><strong>Exterior&nbsp;<\/strong><\/p>\n<p>Revestimiento repelente al agua (DWR), fondo de tela con revestimiento de poliuretano.<\/p>\n<p>Nylon bal\u00edstico 1680D.<\/p>\n<p>Cremalleras YKK RC Cremalleras YKK RC Resistentes a la abrasi\u00f3n.<\/p>\n<p>Placas de protecci\u00f3n extra alta.<\/p>\n<p>Ruedas de 80 mm con rodamientos estancos.<\/p>\n<p>Bolsillo delantero Kodra.<\/p>\n<p>Refuerzo de caucho laminado.<\/p>\n<p>Hilo de nylon unido con tres capas.<\/p>\n<p><strong>Interior<\/strong><\/p>\n<p>Nylon plateado 210D.<\/p>\n<p>Revestimiento Velex y divisores con revestimiento de poliuretano.<\/p>\n<p>2x Funda para la lluvia con costuras selladas en nailon 210T, recubierta de poliuretano.<\/p>\n<p>Divisores de cart\u00f3n pluma de celda cerrada y PE reforzado.<\/p>\n<p>Bolsillos de malla transparente.<\/p>\n<p>Hilo de nylon con tres pliegues.<\/p>\n<p>Tipo de cierre: cremallera.<\/p>\n<p>Opciones de transporte: asas acolchadas superiores y laterales, asa retr\u00e1ctil trolley; Ruedas.<\/p>\n<p>Accesorio tr\u00edpode: Bolsillo lateral con correas.<\/p>\n<p>Dimensiones interiores: 33,0 x 47 x 13-17 cm<\/p>\n<p>Dimensiones exteriores: 35,5 x 53 x 22 cm&nbsp;<\/p>\n<p>Dimensiones del bolsillo para port\u00e1til: 29 x 41,5 x 3,6 cm<\/p>\n<p>Peso: 3,2-3,9 kg<\/p>\n","protected":false},"excerpt":{"rendered":"<p>Nueva versi\u00f3n de TAKE OFF, un referente en cuanto a bolsa fotogr\u00e1fica port\u00e1til y rodante. Este bolso fue dise\u00f1ado de<\/p>\n","protected":false},"featured_media":33592,"comment_status":"closed","ping_status":"open","template":"","meta":{"_acf_changed":false},"product_brand":[2645],"product_cat":[915],"product_tag":[],"class_list":{"0":"post-75573","1":"product","2":"type-product","3":"status-publish","4":"has-post-thumbnail","6":"product_brand-think-tank-es","7":"product_cat-trolleys-es","9":"first","10":"pre-order","11":"taxable","12":"shipping-taxable","13":"purchasable","14":"product-type-simple"},"bundled_by":[],"bundle_stock_status":"pre-order","bundle_stock_quantity":null,"bundle_virtual":false,"bundle_layout":"","bundle_add_to_cart_form_location":"","bundle_editable_in_cart":false,"bundle_sold_individually_context":"","bundle_item_grouping":"","bundle_min_size":"","bundle_max_size":"","bundle_price":[],"bundled_items":[],"bundle_sell_ids":[],"acf":[],"_links":{"self":[{"href":"https:\/\/hi-techwonder.com\/es\/wp-json\/wp\/v2\/product\/75573","targetHints":{"allow":["GET"]}}],"collection":[{"href":"https:\/\/hi-techwonder.com\/es\/wp-json\/wp\/v2\/product"}],"about":[{"href":"https:\/\/hi-techwonder.com\/es\/wp-json\/wp\/v2\/types\/product"}],"replies":[{"embeddable":true,"href":"https:\/\/hi-techwonder.com\/es\/wp-json\/wp\/v2\/comments?post=75573"}],"wp:featuredmedia":[{"embeddable":true,"href":"https:\/\/hi-techwonder.com\/es\/wp-json\/wp\/v2\/media\/33592"}],"wp:attachment":[{"href":"https:\/\/hi-techwonder.com\/es\/wp-json\/wp\/v2\/media?parent=75573"}],"wp:term":[{"taxonomy":"product_brand","embeddable":true,"href":"https:\/\/hi-techwonder.com\/es\/wp-json\/wp\/v2\/product_brand?post=75573"},{"taxonomy":"product_cat","embeddable":true,"href":"https:\/\/hi-techwonder.com\/es\/wp-json\/wp\/v2\/product_cat?post=75573"},{"taxonomy":"product_tag","embeddable":true,"href":"https:\/\/hi-techwonder.com\/es\/wp-json\/wp\/v2\/product_tag?post=75573"}],"curies":[{"name":"wp","href":"https:\/\/api.w.org\/{rel}","templated":true}]}}