{"id":75581,"date":"2025-07-29T00:11:20","date_gmt":"2025-07-29T00:11:20","guid":{"rendered":"https:\/\/fv6qoy3ls0.wpdns.site\/product\/peak-design-mochila-everyday-zip-20l-v2-negro\/"},"modified":"2026-04-01T16:04:53","modified_gmt":"2026-04-01T15:04:53","slug":"peak-design-mochila-everyday-zip-20l-v2-negro","status":"publish","type":"product","link":"https:\/\/hi-techwonder.com\/es\/producto\/peak-design-mochila-everyday-zip-20l-v2-negro\/","title":{"rendered":"PEAK DESIGN Mochila Everyday Zip 20L v2 Negro"},"content":{"rendered":"<p><strong>PEAK DESIGN Mochila Everyday 20L Zip v2 Negra<\/strong><\/p>\n<p><strong>Contenido del paquete:<\/strong><\/p>\n<ul>\n<li>1 x Mochila (Mochila de uso diario con cremallera 20L v2 &#8211; Negro)<\/li>\n<li>2 x Divisores Flexfold<\/li>\n<li>1 x Correa externa<\/li>\n<li>1 x Eslabones de anclaje con sujetador y conector para llaves<\/li>\n<li>2 x Correas de transporte externas con gancho para cables<\/li>\n<\/ul>\n<p><iframe loading=\"lazy\" style=\"min-height: 500px; width: 100%; height: auto;\" src=\"\/\/www.youtube.com\/embed\/wvH0Q1XvT_I?feature=emb_title\" width=\"560\" height=\"314\" allowfullscreen=\"allowfullscreen\"><\/iframe><\/p>\n<p>Una versi\u00f3n aerodin\u00e1mica y extremadamente funcional de la ic\u00f3nica mochila Everyday. Su dise\u00f1o simple y limpio hace que la mochila Everyday Backpack Zip sea la mochila ideal para la vida urbana.<br \/>Es accesible desde la parte superior y los lados a trav\u00e9s de una sola cremallera.<br \/>Los divisores mantienen las piezas organizadas, protegidas y no agrupadas en el fondo de su bolsa. Contiene una funda dedicada para computadora port\u00e1til o tableta de hasta 15 \u00ab, adem\u00e1s de una variedad de bolsillos internos para art\u00edculos peque\u00f1os y accesorios.<br \/>La carcasa 400D, 100% reciclada y resistente a la intemperie, mantiene todo seguro. Herrajes totalmente personalizados con correas disponibles.   <\/p>\n<p><strong><span style=\"color: #4b4b4b;\"><span style=\"font-family: arial, helvetica, sans-serif;\"><span style=\"font-size: medium;\"><span style=\"font-style: normal;\">Caracter\u00edsticas t\u00e9cnicas:<\/span><\/span><\/span><\/strong><\/span><\/p>\n<table border=\"0\" width=\"627\" cellspacing=\"0\" cellpadding=\"2\">\n<colgroup>\n<col width=\"268\">\n<col width=\"351\"> <\/colgroup>\n<tbody>\n<tr>\n<td width=\"268\"><span style=\"font-family: arial, helvetica, sans-serif;\"><span style=\"font-size: medium;\">Capacidad: <\/span> <\/span><\/td>\n<td width=\"351\"> 20<span style=\"font-family: arial, helvetica, sans-serif;\"><span style=\"font-size: medium;\">L<\/span> <\/span><\/td>\n<\/tr>\n<tr>\n<td width=\"268\"><span style=\"font-family: arial, helvetica, sans-serif;\"><span style=\"font-size: medium;\">Dimensiones externas: <\/span> <\/span><\/td>\n<td width=\"351\"> <span style=\"font-family: arial, helvetica, sans-serif;\"><span style=\"font-size: medium;\">48 cm x 31,5 cm x 23,5 cm<\/span> <\/span><\/td>\n<\/tr>\n<tr>\n<td width=\"268\"><span style=\"font-family: arial, helvetica, sans-serif;\"><span style=\"font-size: medium;\">Dimensiones internas: <\/span> <\/span><\/td>\n<td width=\"351\"> <span style=\"font-family: arial, helvetica, sans-serif;\"><span style=\"font-size: medium;\">45 cm x 28,5 cm x 20 cm<\/span> <\/span><\/td>\n<\/tr>\n<tr>\n<td width=\"268\"><span style=\"font-family: arial, helvetica, sans-serif;\"><span style=\"font-size: medium;\">Dimensiones de la computadora port\u00e1til: <\/span> <\/span><\/td>\n<td width=\"351\"> <span style=\"font-family: arial, helvetica, sans-serif;\"><span style=\"font-size: medium;\">38,1 cm x 25,4 cm x 2,5 cm \/ Hasta 15&#8243;<\/span> <\/span><\/td>\n<\/tr>\n<tr>\n<td width=\"268\"><span style=\"font-family: arial, helvetica, sans-serif;\"><span style=\"font-size: medium;\">Peso: <\/span> <\/span><\/td>\n<td width=\"351\"> <span style=\"font-family: arial, helvetica, sans-serif;\"><span style=\"font-size: medium;\">Sin separadores: 1,32 kg \/ Con separadores: 1,55 kg <\/span> <\/span><\/td>\n<\/tr>\n<\/tbody>\n<\/table>\n","protected":false},"excerpt":{"rendered":"<p>PEAK DESIGN Mochila Everyday 20L Zip v2 Negra Contenido del paquete: 1 x Mochila (Mochila de uso diario con cremallera<\/p>\n","protected":false},"featured_media":35080,"comment_status":"closed","ping_status":"closed","template":"","meta":{"_acf_changed":false},"product_brand":[2640],"product_cat":[907],"product_tag":[],"class_list":{"0":"post-75581","1":"product","2":"type-product","3":"status-publish","4":"has-post-thumbnail","6":"product_brand-peak-design-es","7":"product_cat-mochilas-es","9":"first","10":"instock","11":"taxable","12":"shipping-taxable","13":"purchasable","14":"product-type-simple"},"bundled_by":[],"bundle_stock_status":"instock","bundle_stock_quantity":1,"bundle_virtual":false,"bundle_layout":"","bundle_add_to_cart_form_location":"","bundle_editable_in_cart":false,"bundle_sold_individually_context":"","bundle_item_grouping":"","bundle_min_size":"","bundle_max_size":"","bundle_price":[],"bundled_items":[],"bundle_sell_ids":[],"acf":[],"_links":{"self":[{"href":"https:\/\/hi-techwonder.com\/es\/wp-json\/wp\/v2\/product\/75581","targetHints":{"allow":["GET"]}}],"collection":[{"href":"https:\/\/hi-techwonder.com\/es\/wp-json\/wp\/v2\/product"}],"about":[{"href":"https:\/\/hi-techwonder.com\/es\/wp-json\/wp\/v2\/types\/product"}],"replies":[{"embeddable":true,"href":"https:\/\/hi-techwonder.com\/es\/wp-json\/wp\/v2\/comments?post=75581"}],"wp:featuredmedia":[{"embeddable":true,"href":"https:\/\/hi-techwonder.com\/es\/wp-json\/wp\/v2\/media\/35080"}],"wp:attachment":[{"href":"https:\/\/hi-techwonder.com\/es\/wp-json\/wp\/v2\/media?parent=75581"}],"wp:term":[{"taxonomy":"product_brand","embeddable":true,"href":"https:\/\/hi-techwonder.com\/es\/wp-json\/wp\/v2\/product_brand?post=75581"},{"taxonomy":"product_cat","embeddable":true,"href":"https:\/\/hi-techwonder.com\/es\/wp-json\/wp\/v2\/product_cat?post=75581"},{"taxonomy":"product_tag","embeddable":true,"href":"https:\/\/hi-techwonder.com\/es\/wp-json\/wp\/v2\/product_tag?post=75581"}],"curies":[{"name":"wp","href":"https:\/\/api.w.org\/{rel}","templated":true}]}}