{"id":75586,"date":"2025-07-29T00:12:40","date_gmt":"2025-07-29T00:12:40","guid":{"rendered":"https:\/\/fv6qoy3ls0.wpdns.site\/product\/think-tank-mochila-retrospectiva-pinestone-15\/"},"modified":"2026-02-18T16:19:54","modified_gmt":"2026-02-18T16:19:54","slug":"think-tank-mochila-retrospectiva-pinestone-15","status":"publish","type":"product","link":"https:\/\/hi-techwonder.com\/es\/producto\/think-tank-mochila-retrospectiva-pinestone-15\/","title":{"rendered":"THINK TANK Mochila retrospectiva Pinestone 15"},"content":{"rendered":"<p>La primera mochila de la gama Retrospective.<\/p>\n<p>Esta mochila de estilo cl\u00e1sico cuenta con una lona resistente pero ajustada que est\u00e1 tratada con DWR para repeler los elementos.<\/p>\n<p>Una solapa con cremallera debajo de la tapa se abre para proporcionar acceso r\u00e1pido a la parte superior, mientras que el panel de seguridad le brinda acceso completo a su equipo, incluida una computadora port\u00e1til de 15 pulgadas.<\/p>\n<p>La construcci\u00f3n superior, el arn\u00e9s c\u00f3modo y la calidad prestada de Think Tank inspiran confianza para que puedas concentrarte en tu trabajo.<\/p>\n<p><iframe loading=\"lazy\" style=\"min-height: 500px; width: 100%; height: auto;\" src=\"https:\/\/www.youtube.com\/embed\/pIYznfwvtKk\" width=\"560\" height=\"314\" allowfullscreen=\"allowfullscreen\"><\/iframe><iframe loading=\"lazy\" style=\"min-height: 500px; width: 100%; height: auto;\" src=\"https:\/\/www.youtube.com\/embed\/OsGWBw9gDT8\" width=\"560\" height=\"314\" allowfullscreen=\"allowfullscreen\"><\/iframe><\/p>\n<p><strong>Caracter\u00edsticas principales:<\/strong><\/p>\n<ul>\n<li>Suave y ajustado con un aspecto exterior minimalista<\/li>\n<li>Acceso al panel superior y trasero al equipo de la c\u00e1mara<\/li>\n<li>Bolsillo dedicado para una computadora port\u00e1til de hasta 15 \u00ab<\/li>\n<\/ul>\n<p>Ya sea en el monte o a caballo en el Salvaje Oeste, la mochila retrospectiva 15 est\u00e1 dise\u00f1ada para viajes de aventura por caminos rurales.<\/p>\n<p>Esta mochila de estilo cl\u00e1sico cuenta con una lona resistente y ajustada que est\u00e1 tratada con DWR para repeler los elementos. Una solapa de seguridad con cremallera debajo de la tapa se pliega para proporcionar un acceso superior r\u00e1pido, mientras que el panel trasero le brinda acceso completo a su equipo, incluida una computadora port\u00e1til de 15 pulgadas. La construcci\u00f3n superior, el c\u00f3modo casco y la calidad legendaria del Think Tank inspiran confianza para que puedas concentrarte en la toma.  <\/p>\n<p><strong>Caracter\u00edsticas adicionales:<\/strong><\/p>\n<ul>\n<li>20L de almacenamiento total: 15L de espacio cerrado m\u00e1s 5L adicionales para equipo personal en el bolsillo delantero<\/li>\n<li>Compartimento principal configurable para equipo de c\u00e1mara o equipo personal<\/li>\n<li>Fijaci\u00f3n del tr\u00edpode al panel lateral o frontal<\/li>\n<li>Dos bolsillos para botellas de agua plegables<\/li>\n<li>Compatible con bolsas modulares Think Tank<\/li>\n<li>Bolsillo organizador<\/li>\n<li>Bolsillo con cremallera para objetos de valor y art\u00edculos peque\u00f1os<\/li>\n<li>Deslizador de estern\u00f3n ajustable<\/li>\n<li>Cintur\u00f3n extra\u00edble<\/li>\n<li>Cubierta de lluvia sellada con costuras incluidas<\/li>\n<\/ul>\n<p><strong>Lo que encaja:<\/strong><\/p>\n<ul>\n<li>Cuerpo DSLR est\u00e1ndar<\/li>\n<li>Sistema mirrorless<\/li>\n<li>Cuaderno de 15&#8243;<\/li>\n<li>70-200 mm f\/2.8 acoplado<\/li>\n<li>24\u201370 mm f\/2.8<\/li>\n<li>100 mm o 105 mm f\/2.8 macro<\/li>\n<li>50 mm f\/1.4<\/li>\n<li>Instant\u00e1nea<\/li>\n<\/ul>\n<p><strong>Ejemplos:<\/strong><\/p>\n<ul>\n<li>Fuji X-T3 con 50-140 mm f\/2.8, 35 mm f\/1.4, 14 mm f\/2.8, 60 mm f\/2.4, 23 mm f\/1.4, 56 mm f\/1.2, 16 mm f\/1.4 y flash<\/li>\n<li>Sony A7rIII con 70-200 mm f\/2.8 acoplado (parasol extendido), 16-35 mm f\/4, 24-70 mm f\/2.8 y flash<\/li>\n<\/ul>\n<p><strong>Caracter\u00edsticas t\u00e9cnicas<\/strong><\/p>\n<p><strong>Dimensiones internas:<\/strong> 29 W x 35 H x 14 cm D<\/p>\n<p><strong>Dimensiones externas:<\/strong> 30 W x 40,5 H x 18 cm D<\/p>\n<p><strong>Bolsillo para port\u00e1til (con capacidad para port\u00e1til de hasta 15&#8243;):<\/strong> 25 W x 36 H x 2,5 cm D<\/p>\n<p><strong>Peso:<\/strong> 1,8 kg incluyendo todos los accesorios<\/p>\n<p><strong>Materiales<\/strong><\/p>\n<p><strong>Exterior:<\/strong><\/p>\n<ul>\n<li>Revestimiento repelente al agua duradero (DWR)<\/li>\n<li>Recubrimiento de poliuretano<\/li>\n<li>Lona 100% algod\u00f3n lavada con arena<\/li>\n<li>Cremalleras YKK\u00ae RC Fuse (resistentes a la abrasi\u00f3n)<\/li>\n<li>Herrajes de lat\u00f3n chapado antiguo<\/li>\n<li>Correa de nailon<\/li>\n<li>Hilo de nailon unido de 3 capas<\/li>\n<\/ul>\n<p><strong>Interior:<\/strong><\/p>\n<ul>\n<li>Divisores reforzados con espuma de celda cerrada y tablero de PE<\/li>\n<li>Nylon plateado 210D<\/li>\n<li>Forro ripstop de sarga de poli\u00e9ster 300D de dos tonos<\/li>\n<li>Forro y separadores Velex con soporte de poliuretano<\/li>\n<li>2x Cubierta de lluvia sellada con costuras de nailon 210T recubiertas de poliuretano<\/li>\n<li>Hilo de nailon unido de 3 capas<\/li>\n<\/ul>\n","protected":false},"excerpt":{"rendered":"<p>La primera mochila de la gama Retrospective. Esta mochila de estilo cl\u00e1sico cuenta con una lona resistente pero ajustada que<\/p>\n","protected":false},"featured_media":35490,"comment_status":"closed","ping_status":"open","template":"","meta":{"_acf_changed":false},"product_brand":[2645],"product_cat":[907],"product_tag":[],"class_list":{"0":"post-75586","1":"product","2":"type-product","3":"status-publish","4":"has-post-thumbnail","6":"product_brand-think-tank-es","7":"product_cat-mochilas-es","9":"first","10":"instock","11":"taxable","12":"shipping-taxable","13":"purchasable","14":"product-type-simple"},"bundled_by":[],"bundle_stock_status":"instock","bundle_stock_quantity":1,"bundle_virtual":false,"bundle_layout":"","bundle_add_to_cart_form_location":"","bundle_editable_in_cart":false,"bundle_sold_individually_context":"","bundle_item_grouping":"","bundle_min_size":"","bundle_max_size":"","bundle_price":[],"bundled_items":[],"bundle_sell_ids":[],"acf":[],"_links":{"self":[{"href":"https:\/\/hi-techwonder.com\/es\/wp-json\/wp\/v2\/product\/75586","targetHints":{"allow":["GET"]}}],"collection":[{"href":"https:\/\/hi-techwonder.com\/es\/wp-json\/wp\/v2\/product"}],"about":[{"href":"https:\/\/hi-techwonder.com\/es\/wp-json\/wp\/v2\/types\/product"}],"replies":[{"embeddable":true,"href":"https:\/\/hi-techwonder.com\/es\/wp-json\/wp\/v2\/comments?post=75586"}],"wp:featuredmedia":[{"embeddable":true,"href":"https:\/\/hi-techwonder.com\/es\/wp-json\/wp\/v2\/media\/35490"}],"wp:attachment":[{"href":"https:\/\/hi-techwonder.com\/es\/wp-json\/wp\/v2\/media?parent=75586"}],"wp:term":[{"taxonomy":"product_brand","embeddable":true,"href":"https:\/\/hi-techwonder.com\/es\/wp-json\/wp\/v2\/product_brand?post=75586"},{"taxonomy":"product_cat","embeddable":true,"href":"https:\/\/hi-techwonder.com\/es\/wp-json\/wp\/v2\/product_cat?post=75586"},{"taxonomy":"product_tag","embeddable":true,"href":"https:\/\/hi-techwonder.com\/es\/wp-json\/wp\/v2\/product_tag?post=75586"}],"curies":[{"name":"wp","href":"https:\/\/api.w.org\/{rel}","templated":true}]}}