{"id":75596,"date":"2025-07-29T00:12:54","date_gmt":"2025-07-29T00:12:54","guid":{"rendered":"https:\/\/fv6qoy3ls0.wpdns.site\/product\/think-tank-mochila-mindshift-rotation-34l\/"},"modified":"2025-09-30T09:25:12","modified_gmt":"2025-09-30T09:25:12","slug":"think-tank-mochila-mindshift-rotation-34l","status":"publish","type":"product","link":"https:\/\/hi-techwonder.com\/es\/producto\/think-tank-mochila-mindshift-rotation-34l\/","title":{"rendered":"THINK TANK Mochila MindShift Rotation 34L"},"content":{"rendered":"<p><strong>Think Tank MindShift Mochila Rotation 34 L<\/strong><\/p>\n<p><strong>Caracter\u00edsticas principales:<\/strong><\/p>\n<ul>\n<li>Mochila de 25,5 L con bolsa de c\u00e1mara giratoria de 8,5 L.<\/li>\n<li>Acceda a la bolsa de la c\u00e1mara sin quitar la mochila.<\/li>\n<li>Tiene capacidad para 1 c\u00e1mara y de 3 a 5 lentes.<\/li>\n<li>Usa el paquete de c\u00e1mara como una bolsa independiente.<\/li>\n<li>&#8211; Varios bolsillos con trabillas de sujeci\u00f3n.<\/li>\n<li>Tr\u00edpode, botella de agua y bolsillos para computadora port\u00e1til.<\/li>\n<li>Revestimiento de nailon resistente al agua y al desgaste.<\/li>\n<li>Recubrimientos de poliuretano resistentes al agua.<\/li>\n<li>Correas de mochila con arn\u00e9s ajustable.<\/li>\n<li>Cremalleras YKK AquaGuard y RC Fuse.<\/li>\n<\/ul>\n<p>La forma se une a la funci\u00f3n con la innovadora mochila fotogr\u00e1fica Think Tank Photo Rotation 180 34L. Dise\u00f1ado espec\u00edficamente para la fotograf\u00eda de aventuras, te da acceso casi instant\u00e1neo a tu c\u00e1mara para que puedas disparar y correr sin perder un paso. <\/p>\n<p><iframe loading=\"lazy\" src=\"https:\/\/www.youtube.com\/embed\/mZ7GgKq2PXE\" width=\"1728\" height=\"498\" allowfullscreen=\"allowfullscreen\"><\/iframe><\/p>\n<p>La parte inferior de la mochila, la bolsa de la c\u00e1mara, gira independientemente de la parte superior para acceder instant\u00e1neamente a su interior de 8.5L que puede contener un kit sin espejo o DSLR, con tres a cinco lentes o una c\u00e1mara sin agarre con un 70-200 mm f \/ 2.8 adjunto m\u00e1s una tableta de 10 \u00ab. La parte superior de 25.5L acomoda art\u00edculos personales como comida y ropa. Una variedad de bolsillos internos y externos brindan un amplio espacio para organizar todo. Desde tus llaves hasta una botella de agua, un tr\u00edpode o un port\u00e1til. Un sistema de arn\u00e9s de 10 puntos le permite ajustarse para una comodidad \u00f3ptima. Otros detalles de dise\u00f1o incluyen materiales de nailon resistentes al desgaste y al agua, revestimientos de poliuretano y cremalleras YKK duraderas.     <\/p>\n<p><strong>Bolsa de correa giratoria<\/strong><\/p>\n<ul>\n<li>Dise\u00f1ado para la fotograf\u00eda de aventuras al aire libre.<\/li>\n<li>Dimensiones: 28 x 19,5 x 18 cm, 8,5L volumen<\/li>\n<li>Divisores acolchados ajustables.<\/li>\n<li>Tiene capacidad para un kit sin espejo o DSLR con 3-5 lentes o una c\u00e1mara sin agarre con 70-200 mm f\/2.8 adjunto.<\/li>\n<li>Espacio para una tableta de 10&#8243;.<\/li>\n<li>El paquete gira hacia adelante para dar acceso inmediato a la c\u00e1mara.<\/li>\n<li>Dos bolsillos en uno para que puedas separar tu cintur\u00f3n de tu mochila y usarlo como bolso independiente cuando quieras ir a\u00fan m\u00e1s ligero.<\/li>\n<li>Apertura magn\u00e9tica con una sola mano para una reacci\u00f3n r\u00e1pida con cierre de cremallera para una seguridad total.<\/li>\n<\/ul>\n<p><strong>\u00bfQu\u00e9 hay en la mochila?<\/strong><\/p>\n<ul>\n<li>El interior mide 28,5 x 34 x 18 cm y tiene una capacidad de 25,5 L para equipos personales como comida y ropa.<\/li>\n<li>El tr\u00edpode se acopla f\u00e1cilmente a los paneles frontal o lateral.<\/li>\n<li>M\u00faltiples bolsillos internos y externos para art\u00edculos personales como comida, capas de ropa y equipo para actividades al aire libre.<\/li>\n<li>Bolsillos delanteros con cremallera.<\/li>\n<li>La funda interior no acolchada mide 24 x 34 x 2,5 cm para acomodar un port\u00e1til de 10&#8243;.<\/li>\n<li>Bolsillo superior para recoger objetos peque\u00f1os r\u00e1pidamente.<\/li>\n<li>El bolsillo de la botella de agua tiene capacidad para un recipiente de 750 ml.<\/li>\n<li>Bolsas modulares Think Tank opcionales unidas al ala del cintur\u00f3n.<\/li>\n<\/ul>\n<p><strong>Construcci\u00f3n<\/strong><\/p>\n<ul>\n<li>Tejidos de nailon recubiertos de poliuretano repelentes al agua por dentro y por fuera.<\/li>\n<li>La barrera de elementos protege su equipo de la humedad, la suciedad y m\u00e1s.<\/li>\n<li>Correas de compresi\u00f3n de carga interna y externa.<\/li>\n<li>El forro es de poli\u00e9ster 200D con relleno de espuma reticulada de celda cerrada.<\/li>\n<li>Cremalleras YKK AquaGuard y RC Fuse con solapas para mantener seco el compartimento superior.<\/li>\n<li>El panel inferior es de nailon bal\u00edstico 1680D para resistencia al desgaste.<\/li>\n<li>Pesa menos de 5 libras vac\u00edo.<\/li>\n<li>Correas ajustables para mochila, correa para el estern\u00f3n y cintur\u00f3n.<\/li>\n<li>Ajusta tu carga a tu gusto con el arn\u00e9s ajustable de 10 puntos.<\/li>\n<li>El ajuste de altura del torso se adapta a una amplia gama de tama\u00f1os corporales.<\/li>\n<li>Panel trasero de espuma en \u00e1ngulo perforado para un mayor flujo de aire y un secado r\u00e1pido.<\/li>\n<li>Asa superior.<\/li>\n<\/ul>\n<p><strong>Especificaciones Think Tank Mochila MindShift Rotation 34 L<\/strong><\/p>\n<table style=\"border-collapse: collapse; width: 99.9795%; height: 223.958px;\" border=\"1\">\n<tbody>\n<tr style=\"height: 22.3958px;\">\n<td style=\"width: 50.0035%; height: 22.3958px;\">Opciones de carga\/transporte<\/td>\n<td style=\"width: 50.0035%; height: 22.3958px;\">Correas de mochila con correa de estern\u00f3n, correa, cintur\u00f3n, ri\u00f1onera<\/td>\n<\/tr>\n<tr style=\"height: 22.3958px;\">\n<td style=\"width: 50.0035%; height: 22.3958px;\">Color <\/td>\n<td style=\"width: 50.0035%; height: 22.3958px;\">Gris<\/td>\n<\/tr>\n<tr style=\"height: 22.3958px;\">\n<td style=\"width: 50.0035%; height: 22.3958px;\">Tipo de cierre<\/td>\n<td style=\"width: 50.0035%; height: 22.3958px;\">Cremallera<\/td>\n<\/tr>\n<tr style=\"height: 22.3958px;\">\n<td style=\"width: 50.0035%; height: 22.3958px;\">Compartimento para ordenador port\u00e1til\/tableta<\/td>\n<td style=\"width: 50.0035%; height: 22.3958px;\">Compartimento \u00fanico: capacidad para port\u00e1til de 10&#8243; de 24 x 34 x 2,5 cm<\/td>\n<\/tr>\n<tr style=\"height: 22.3958px;\">\n<td style=\"width: 50.0035%; height: 22.3958px;\">Tipo de interior<\/td>\n<td style=\"width: 50.0035%; height: 22.3958px;\">Compartimento de la c\u00e1mara: Inserto con divisores ajustables ?? (gancho y bucle)<\/td>\n<\/tr>\n<tr style=\"height: 22.3958px;\">\n<td style=\"width: 50.0035%; height: 22.3958px;\">Montura de monopi\u00e9 \/ tr\u00edpode <\/td>\n<td style=\"width: 50.0035%; height: 22.3958px;\">S\u00ed<\/td>\n<\/tr>\n<tr style=\"height: 22.3958px;\">\n<td style=\"width: 50.0035%; height: 22.3958px;\">Bloqueo<\/td>\n<p> de seguridad<\/p>\n<td style=\"width: 50.0035%; height: 22.3958px;\">No<\/td>\n<\/tr>\n<tr style=\"height: 22.3958px;\">\n<td style=\"width: 50.0035%; height: 22.3958px;\">Accesorios<\/td>\n<td style=\"width: 50.0035%; height: 22.3958px;\">Bucles para accesorios, bolsillo para botellas, compatible con vejiga de hidrataci\u00f3n<\/td>\n<\/tr>\n<tr style=\"height: 22.3958px;\">\n<td style=\"width: 50.0035%; height: 22.3958px;\">Resistencia al agua<\/td>\n<td style=\"width: 50.0035%; height: 22.3958px;\">S\u00ed<\/td>\n<\/tr>\n<tr style=\"height: 22.3958px;\">\nClasificaci\u00f3n <\/p>\n<td style=\"width: 50.0035%; height: 22.3958px;\">IP<\/td>\n<td style=\"width: 50.0035%; height: 22.3958px;\">Ninguno<\/td>\n<\/tr>\n<tr>\n<td style=\"width: 50.0035%;\">Volumen m\u00e1ximo<\/td>\n<td style=\"width: 50.0035%;\">34 litros \/ 1150 onzas l\u00edquidas<\/td>\n<\/tr>\n<tr>\n<td style=\"width: 50.0035%;\">Materiales  <\/td>\n<td style=\"width: 50.0035%;\">\n<p><strong>Exterior:<\/strong>  Nylon [con nylon bal\u00edstico, espuma, detalles de sarga]<\/p>\n<p><strong>Interior: espuma<\/strong> , nailon, poli\u00e9ster<\/p>\n<\/td>\n<\/tr>\n<tr>\n<td style=\"width: 50.0035%;\">Interior acolchado<\/td>\n<td style=\"width: 50.0035%;\">S\u00ed<\/td>\n<\/tr>\n<tr>\n<td style=\"width: 50.0035%;\">Dimensiones<\/td>\n<td style=\"width: 50.0035%;\">\n<p>Exterior<\/p>\n<p>57,9 x 34 x 25,9 cm<\/p>\n<p>Interior<\/p>\n<p>&nbsp;34 x 28,4 x 18 cm<\/p>\n<\/td>\n<\/tr>\n<tr>\n<td style=\"width: 50.0035%;\">Bolsillo para<\/td>\n<p> accesorios<\/p>\n<td style=\"width: 50.0035%;\">27,9 x 19,6 x 18 cm (interior de la ri\u00f1onera)<\/td>\n<\/tr>\n<tr>\n<td style=\"width: 50.0035%;\">Peso<\/td>\n<td style=\"width: 50.0035%;\"> 2,2 kg<\/td>\n<\/tr>\n<\/tbody>\n<\/table>\n","protected":false},"excerpt":{"rendered":"<p>Think Tank MindShift Mochila Rotation 34 L Caracter\u00edsticas principales: Mochila de 25,5 L con bolsa de c\u00e1mara giratoria de 8,5<\/p>\n","protected":false},"featured_media":35593,"comment_status":"closed","ping_status":"closed","template":"","meta":{"_acf_changed":false},"product_brand":[2645],"product_cat":[907],"product_tag":[],"class_list":{"0":"post-75596","1":"product","2":"type-product","3":"status-publish","4":"has-post-thumbnail","6":"product_brand-think-tank-es","7":"product_cat-mochilas-es","9":"first","10":"onbackorder","11":"taxable","12":"shipping-taxable","13":"purchasable","14":"product-type-simple"},"bundled_by":[],"bundle_stock_status":"onbackorder","bundle_stock_quantity":null,"bundle_virtual":false,"bundle_layout":"","bundle_add_to_cart_form_location":"","bundle_editable_in_cart":false,"bundle_sold_individually_context":"","bundle_item_grouping":"","bundle_min_size":"","bundle_max_size":"","bundle_price":[],"bundled_items":[],"bundle_sell_ids":[],"acf":[],"_links":{"self":[{"href":"https:\/\/hi-techwonder.com\/es\/wp-json\/wp\/v2\/product\/75596","targetHints":{"allow":["GET"]}}],"collection":[{"href":"https:\/\/hi-techwonder.com\/es\/wp-json\/wp\/v2\/product"}],"about":[{"href":"https:\/\/hi-techwonder.com\/es\/wp-json\/wp\/v2\/types\/product"}],"replies":[{"embeddable":true,"href":"https:\/\/hi-techwonder.com\/es\/wp-json\/wp\/v2\/comments?post=75596"}],"wp:featuredmedia":[{"embeddable":true,"href":"https:\/\/hi-techwonder.com\/es\/wp-json\/wp\/v2\/media\/35593"}],"wp:attachment":[{"href":"https:\/\/hi-techwonder.com\/es\/wp-json\/wp\/v2\/media?parent=75596"}],"wp:term":[{"taxonomy":"product_brand","embeddable":true,"href":"https:\/\/hi-techwonder.com\/es\/wp-json\/wp\/v2\/product_brand?post=75596"},{"taxonomy":"product_cat","embeddable":true,"href":"https:\/\/hi-techwonder.com\/es\/wp-json\/wp\/v2\/product_cat?post=75596"},{"taxonomy":"product_tag","embeddable":true,"href":"https:\/\/hi-techwonder.com\/es\/wp-json\/wp\/v2\/product_tag?post=75596"}],"curies":[{"name":"wp","href":"https:\/\/api.w.org\/{rel}","templated":true}]}}