{"id":75597,"date":"2025-07-29T00:13:15","date_gmt":"2025-07-29T00:13:15","guid":{"rendered":"https:\/\/fv6qoy3ls0.wpdns.site\/product\/think-tank-mochila-mindshift-rotation-50l\/"},"modified":"2025-09-30T09:27:20","modified_gmt":"2025-09-30T09:27:20","slug":"think-tank-mochila-mindshift-rotation-50l","status":"publish","type":"product","link":"https:\/\/hi-techwonder.com\/es\/producto\/think-tank-mochila-mindshift-rotation-50l\/","title":{"rendered":"THINK TANK Mochila MindShift Rotation 50L"},"content":{"rendered":"<p><strong>Think Tank Mochila MindShift Rotation 50 L<\/strong><\/p>\n<p><strong>Caracter\u00edsticas principales:<\/strong><\/p>\n<ul>\n<li>Mochila de 40L, bolsa de c\u00e1mara giratoria de 10L.<\/li>\n<li>Acceda a la bolsa de la c\u00e1mara sin quitar la mochila.<\/li>\n<li>Sostiene 1 c\u00e1mara con 3 a 5 lentes.<\/li>\n<li>Usa el paquete de c\u00e1mara como una bolsa independiente.<\/li>\n<li>Ampliable para una mayor capacidad de almacenamiento.<\/li>\n<li>&#8211; Varios bolsillos con trabillas de sujeci\u00f3n.<\/li>\n<li>Tr\u00edpode, botella de agua y bolsillos para computadora port\u00e1til.<\/li>\n<li>Revestimiento de nailon resistente al agua y al desgaste.<\/li>\n<li>Correas de mochila con arn\u00e9s ajustable.<\/li>\n<li>Cremalleras YKK AquaGuard y RC Fuse.<\/li>\n<\/ul>\n<p>La forma se une a la funci\u00f3n con la innovadora mochila fotogr\u00e1fica Think Tank Photo Rotation 180 50L+. Dise\u00f1ada espec\u00edficamente para ser tu mochila de fotograf\u00eda de aventura, ofrece acceso casi instant\u00e1neo a tu c\u00e1mara para que puedas disparar y seguir movi\u00e9ndote al mismo tiempo. <\/p>\n<p><iframe loading=\"lazy\" src=\"https:\/\/www.youtube.com\/embed\/Y4UPJaC4rzM\" width=\"1728\" height=\"498\" allowfullscreen=\"allowfullscreen\"><\/iframe><\/p>\n<p>La parte inferior de la mochila, la bolsa de la c\u00e1mara, gira independientemente de la parte superior, para un acceso instant\u00e1neo a su espacioso interior de 10L que contiene un kit sin espejo o DSLR con tres a cinco lentes o una c\u00e1mara sin agarre con un 70-200 mm f \/ 2.8 adjunto, adem\u00e1s de espacio en la tableta<span style=\"font-size: 14px; background-color: #f4f6f9;\">&nbsp;<\/span>10,6&#8243;. La parte superior de 40L contiene art\u00edculos personales como comida y ropa, con una secci\u00f3n de cuello superior que se puede expandir para proporcionar seis litros adicionales de almacenamiento. Una variedad de bolsillos internos y externos le brindan un amplio espacio para organizar todo. Un sistema de arn\u00e9s de 10 puntos le permite ajustar c\u00f3mo y d\u00f3nde distribuir la carga para una comodidad \u00f3ptima.   <\/p>\n<p><strong>Bolsa de correa giratoria<\/strong><\/p>\n<ul>\n<li>Dise\u00f1ado para la fotograf\u00eda de aventuras al aire libre.<\/li>\n<li>Dimensiones: 31 x 19,5 x 18 cm, volumen de 10L.<\/li>\n<li>Divisores acolchados ajustables.<\/li>\n<li>Tiene capacidad para un kit sin espejo o DSLR con 3-5 lentes o una c\u00e1mara sin agarre con 70-200 mm f\/2.8 adjunto.<\/li>\n<li>Espacio para una tableta de 10,6&#8243;<\/li>\n<li>La bolsa gira hacia adelante para dar acceso inmediato a la c\u00e1mara.<\/li>\n<li>Dos bolsas en una para que puedas separar tu cintur\u00f3n de tu mochila y usarlo como una bolsa independiente cuando quieras ir a\u00fan m\u00e1s ligero.<\/li>\n<li>Apertura magn\u00e9tica con una sola mano para una reacci\u00f3n r\u00e1pida con cierre de cremallera para una seguridad total.<\/li>\n<\/ul>\n<p><strong>\u00bfQu\u00e9 hay en la mochila?<\/strong><\/p>\n<ul>\n<li>El interior mide 30 x 36-49 x 22 cm con un volumen de 40L, y la altura se puede ampliar a 6L adicionales de espacio.<\/li>\n<li>Compartimento principal para equipo personal como comida y ropa.<\/li>\n<li>El tr\u00edpode se acopla f\u00e1cilmente a los paneles frontal o lateral.<\/li>\n<li>M\u00faltiples bolsillos internos y externos para art\u00edculos personales como comida, capas de ropa y equipo para actividades al aire libre.<\/li>\n<li>El bolsillo superior flotante le permite atar una cuerda o una chaqueta debajo.<\/li>\n<li>Bolsillos delanteros con cremallera.<\/li>\n<li>La funda interior no acolchada le permite acomodar una computadora port\u00e1til de 15 &#8220;.<\/li>\n<li>Bolsillo superior para acceder r\u00e1pidamente a objetos peque\u00f1os.<\/li>\n<li>El bolsillo de la botella de agua tiene capacidad para un recipiente de 1,5 litros.<\/li>\n<li>Bolsas modulares Think Tank opcionales unidas al ala del cintur\u00f3n.<\/li>\n<li>Compatible con la carga superior Stash Master opcional para aumentar su capacidad de disparo y usar el compartimento superior para m\u00e1s equipo.<\/li>\n<\/ul>\n<p><strong>Construcci\u00f3n<\/strong><\/p>\n<ul>\n<li>Tejidos de nailon recubiertos de poliuretano repelentes al agua por dentro y por fuera.<\/li>\n<li>La barrera de elementos protege su equipo de la humedad, la suciedad y m\u00e1s.<\/li>\n<li>Correas de compresi\u00f3n de carga interna y externa.<\/li>\n<li>El forro es de poli\u00e9ster 200D con relleno de espuma reticulada de celda cerrada.<\/li>\n<li>Cremalleras YKK AquaGuard y RC Fuse con solapas para mantener seco el compartimento superior.<\/li>\n<li>El panel inferior es de nailon bal\u00edstico 1680D para resistencia al desgaste.<\/li>\n<li>Pesa poco m\u00e1s de 6 kilos vac\u00edo.<\/li>\n<li>Correas ajustables para mochila, correa para el estern\u00f3n y cintur\u00f3n.<\/li>\n<li>El ajuste de altura del torso se adapta a una amplia gama de tama\u00f1os corporales.<\/li>\n<li>Panel trasero de espuma en \u00e1ngulo perforado para un mayor flujo de aire y un secado r\u00e1pido.<\/li>\n<li>Asa superior.<\/li>\n<\/ul>\n<p><strong>Especificaciones Think Tank Mochila MindShift Rotation 50 L<\/strong><\/p>\n<table style=\"border-collapse: collapse; width: 99.9795%; height: 652.604px;\" border=\"1\">\n<tbody>\n<tr style=\"height: 22.3958px;\">\n<td style=\"width: 49.1758%; height: 22.3958px;\">Opciones de carga\/transporte<\/td>\n<td style=\"width: 49.1758%; height: 22.3958px;\">Correas de mochila con correa de estern\u00f3n, correa, cintur\u00f3n, ri\u00f1onera<\/td>\n<\/tr>\n<tr style=\"height: 22.3958px;\">\n<td style=\"width: 49.1758%; height: 22.3958px;\">Color<\/td>\n<td style=\"width: 49.1758%; height: 22.3958px;\">Gris<\/td>\n<\/tr>\n<tr style=\"height: 22.3958px;\">\n<td style=\"width: 49.1758%; height: 22.3958px;\">Tipo de cierre<\/td>\n<td style=\"width: 49.1758%; height: 22.3958px;\">Cremallera<\/td>\n<\/tr>\n<tr style=\"height: 22.3958px;\">\n<td style=\"width: 49.1758%; height: 22.3958px;\">Compartimento para ordenador port\u00e1til\/tableta<\/td>\n<td style=\"width: 49.1758%; height: 22.3958px;\">Compartimento \u00fanico: capacidad para port\u00e1til de 16&#8243; (37,6 x 26,9 x 2,5 cm)<\/td>\n<\/tr>\n<tr style=\"height: 22.3958px;\">\n<td style=\"width: 49.1758%; height: 22.3958px;\">Tipo de interior<\/td>\n<td style=\"width: 49.1758%; height: 22.3958px;\">Carcasa de la c\u00e1mara: Inserto con divisores ajustables ?? (gancho y bucle)<\/td>\n<\/tr>\n<tr style=\"height: 22.3958px;\">\n<td style=\"width: 49.1758%; height: 22.3958px;\">Montura de monopi\u00e9 \/ tr\u00edpode<\/td>\n<td style=\"width: 49.1758%; height: 22.3958px;\">S\u00ed<\/td>\n<\/tr>\n<tr style=\"height: 22.3958px;\">\n<td style=\"width: 49.1758%; height: 22.3958px;\">Bloqueo<\/td>\n<p> de seguridad<\/p>\n<td style=\"width: 49.1758%; height: 22.3958px;\">No<\/td>\n<\/tr>\n<tr style=\"height: 22.3958px;\">\n<td style=\"width: 49.1758%; height: 22.3958px;\">Accesorios<\/td>\n<td style=\"width: 49.1758%; height: 22.3958px;\">Bucles para accesorios, bolsillo para botellas, compatible con vejiga de hidrataci\u00f3n<\/td>\n<\/tr>\n<tr style=\"height: 22.3958px;\">\n<td style=\"width: 49.1758%; height: 22.3958px;\">Resistencia al agua<\/td>\n<td style=\"width: 49.1758%; height: 22.3958px;\">S\u00ed<\/td>\n<\/tr>\n<tr style=\"height: 22.3958px;\">\nClasificaci\u00f3n <\/p>\n<td style=\"width: 49.1758%; height: 22.3958px;\">IP<\/td>\n<td style=\"width: 49.1758%; height: 22.3958px;\">Ninguno<\/td>\n<\/tr>\n<tr style=\"height: 22.3958px;\">\n<td style=\"width: 49.1758%; height: 22.3958px;\">Volumen m\u00e1ximo<\/td>\n<td style=\"width: 49.1758%; height: 22.3958px;\">50 litros<\/td>\n<\/tr>\n<tr style=\"height: 92.7604px;\">\n<td style=\"width: 49.1758%; height: 92.7604px;\">Materiales<\/td>\n<td style=\"width: 49.1758%; height: 92.7604px;\">\n<p>Exterior: Nylon [con detalles de nailon bal\u00edstico, espuma, sarga]<\/p>\n<p>Interior: espuma, nailon, poli\u00e9ster<\/p>\n<\/td>\n<\/tr>\n<tr style=\"height: 22.3958px;\">\n<td style=\"width: 49.1758%; height: 22.3958px;\">Interior acolchado<\/td>\n<td style=\"width: 49.1758%; height: 22.3958px;\">S\u00ed<\/td>\n<\/tr>\n<tr style=\"height: 246.302px;\">\n<td style=\"width: 49.1758%; height: 246.302px;\">Dimensiones<\/td>\n<td style=\"width: 49.1758%; height: 246.302px;\">\n<p><strong>Exterior<\/strong><\/p>\n<p>61 x 35,1 x 30 cm (sin expandir)<\/p>\n<p>78,7 x 35,1 x 30 cm (expandido)<\/p>\n<p><strong>Interior<\/strong><\/p>\n<p>35,8 x 30 x 22,1 cm (sin expandir)<\/p>\n<p>49 x 30 x 22,1 cm (expandido)<\/p>\n<\/td>\n<\/tr>\n<tr style=\"height: 22.3958px;\">\n<td style=\"width: 49.1758%; height: 22.3958px;\">Bolsillo para<\/td>\n<p> accesorios<\/p>\n<td style=\"width: 49.1758%; height: 22.3958px;\"> 31 x 19,6 x 18 cm (interior de la ri\u00f1onera)<\/td>\n<\/tr>\n<tr style=\"height: 22.3958px;\">\n<td style=\"width: 49.1758%; height: 22.3958px;\">Peso<\/td>\n<td style=\"width: 49.1758%; height: 22.3958px;\">2,8 kg<\/td>\n<\/tr>\n<\/tbody>\n<\/table>\n","protected":false},"excerpt":{"rendered":"<p>Think Tank Mochila MindShift Rotation 50 L Caracter\u00edsticas principales: Mochila de 40L, bolsa de c\u00e1mara giratoria de 10L. Acceda a<\/p>\n","protected":false},"featured_media":35646,"comment_status":"closed","ping_status":"closed","template":"","meta":{"_acf_changed":false},"product_brand":[2645],"product_cat":[907],"product_tag":[],"class_list":{"0":"post-75597","1":"product","2":"type-product","3":"status-publish","4":"has-post-thumbnail","6":"product_brand-think-tank-es","7":"product_cat-mochilas-es","9":"first","10":"onbackorder","11":"taxable","12":"shipping-taxable","13":"purchasable","14":"product-type-simple"},"bundled_by":[],"bundle_stock_status":"onbackorder","bundle_stock_quantity":null,"bundle_virtual":false,"bundle_layout":"","bundle_add_to_cart_form_location":"","bundle_editable_in_cart":false,"bundle_sold_individually_context":"","bundle_item_grouping":"","bundle_min_size":"","bundle_max_size":"","bundle_price":[],"bundled_items":[],"bundle_sell_ids":[],"acf":[],"_links":{"self":[{"href":"https:\/\/hi-techwonder.com\/es\/wp-json\/wp\/v2\/product\/75597","targetHints":{"allow":["GET"]}}],"collection":[{"href":"https:\/\/hi-techwonder.com\/es\/wp-json\/wp\/v2\/product"}],"about":[{"href":"https:\/\/hi-techwonder.com\/es\/wp-json\/wp\/v2\/types\/product"}],"replies":[{"embeddable":true,"href":"https:\/\/hi-techwonder.com\/es\/wp-json\/wp\/v2\/comments?post=75597"}],"wp:featuredmedia":[{"embeddable":true,"href":"https:\/\/hi-techwonder.com\/es\/wp-json\/wp\/v2\/media\/35646"}],"wp:attachment":[{"href":"https:\/\/hi-techwonder.com\/es\/wp-json\/wp\/v2\/media?parent=75597"}],"wp:term":[{"taxonomy":"product_brand","embeddable":true,"href":"https:\/\/hi-techwonder.com\/es\/wp-json\/wp\/v2\/product_brand?post=75597"},{"taxonomy":"product_cat","embeddable":true,"href":"https:\/\/hi-techwonder.com\/es\/wp-json\/wp\/v2\/product_cat?post=75597"},{"taxonomy":"product_tag","embeddable":true,"href":"https:\/\/hi-techwonder.com\/es\/wp-json\/wp\/v2\/product_tag?post=75597"}],"curies":[{"name":"wp","href":"https:\/\/api.w.org\/{rel}","templated":true}]}}